{"id":8201,"date":"2026-03-10T12:30:21","date_gmt":"2026-03-10T09:30:21","guid":{"rendered":"https:\/\/cookking.online\/?post_type=product&#038;p=8201"},"modified":"2026-03-10T12:30:21","modified_gmt":"2026-03-10T09:30:21","slug":"suncraft-senzo-classic-duonos-virtuves-peilis-220mm-sz-14","status":"publish","type":"product","link":"https:\/\/cookking.online\/en\/katalogas\/peiliai\/suncraft-senzo-classic-duonos-virtuves-peilis-220mm-sz-14\/","title":{"rendered":"Suncraft SENZO CLASSIC Duonos virtuv\u0117s peilis 220mm SZ-14"},"content":{"rendered":"<h4 style=\"text-align: justify;\">Suncraft SENZO CLASSIC Duonos virtuv\u0117s peilis 220mm SZ-14<\/h4>\n<p style=\"text-align: justify;\"><span style=\"vertical-align: inherit;\"><span style=\"vertical-align: inherit;\">Jis bus naudingas ne tik pjaustant duonos riekeles, bet ir dirbant su kitais produktais su kieta odele &#8211; pomidorais, citrusiniais vaisiais ir pan.. Tinka ir \u0161okoladui pjaustyti. <\/span><span style=\"vertical-align: inherit;\">B\u016bdingi dantyti a\u0161menys puikiai susidoroja su i\u0161keptos duonos pluta, nesutrai\u0161kydami mink\u0161to vidaus.\u00a0<\/span><\/span><\/p>\n<p style=\"text-align: justify;\">\n<ul>\n<li><span style=\"vertical-align: inherit;\"><span style=\"vertical-align: inherit;\">duonos pjaustymas<\/span><\/span><\/li>\n<li><span style=\"vertical-align: inherit;\"><span style=\"vertical-align: inherit;\">pjaustyti visus produktus su kieta oda ir mink\u0161tu vidumi, pavyzd\u017eiui, pomidorus, paprikas, citrusinius vaisius<\/span><\/span><\/li>\n<li><span style=\"vertical-align: inherit;\"><span style=\"vertical-align: inherit;\">nokinamos m\u0117sos pjaustymas<\/span><\/span><\/li>\n<\/ul>\n<p style=\"text-align: justify;\"><strong><span style=\"vertical-align: inherit;\"><span style=\"vertical-align: inherit;\">SENZO CLASSIC<\/span><\/span><\/strong><span style=\"vertical-align: inherit;\"><span style=\"vertical-align: inherit;\"> linija, kurioje gausu produkt\u0173, <\/span><span style=\"vertical-align: inherit;\">sujungia geriausias Ryt\u0173 ir Vakar\u0173 peili\u0173 gamybos filosofijos savybes. <\/span><span style=\"vertical-align: inherit;\">Peili\u0173 formos ir paskirtis da\u017eniausiai vakarieti\u0161ka, o meistri\u0161kumas ir dizainas \u2013 rytieti\u0161ki. <\/span><span style=\"vertical-align: inherit;\">Serijoje yra skirting\u0173 a\u0161men\u0173 ir skirtingo svorio peiliai, kuri\u0173 Vakar\u0173 kult\u016broje reikalaujama i\u0161 virtuv\u0117s \u012franki\u0173. <\/span><span style=\"vertical-align: inherit;\">Paprastas, bet rafinuotas <\/span><\/span><strong><span style=\"vertical-align: inherit;\"><span style=\"vertical-align: inherit;\">SENZO CLASSIC<\/span><\/span><\/strong><span style=\"vertical-align: inherit;\"><span style=\"vertical-align: inherit;\"> linijos dizainas i\u0161lieka japoni\u0161ka dvasia.<\/span><\/span><\/p>\n<p style=\"text-align: justify;\"><strong><span style=\"vertical-align: inherit;\"><span style=\"vertical-align: inherit;\">SENZO CLASSIC<\/span><\/span><\/strong><span style=\"vertical-align: inherit;\"><span style=\"vertical-align: inherit;\"> peili\u0173 a\u0161menys <\/span><span style=\"vertical-align: inherit;\">pagaminti i\u0161 <\/span><\/span><strong><span style=\"vertical-align: inherit;\"><span style=\"vertical-align: inherit;\">33 sluoksni\u0173<\/span><\/span><\/strong><span style=\"vertical-align: inherit;\"><span style=\"vertical-align: inherit;\"> ner\u016bdijan\u010dio plieno. <\/span><\/span><strong><span style=\"vertical-align: inherit;\"><span style=\"vertical-align: inherit;\">Damasko plienas<\/span><\/span><\/strong><span style=\"vertical-align: inherit;\"><span style=\"vertical-align: inherit;\"> * sustiprintas <\/span><\/span><strong><span style=\"vertical-align: inherit;\"><span style=\"vertical-align: inherit;\">VG-10<\/span><\/span><\/strong><span style=\"vertical-align: inherit;\"><span style=\"vertical-align: inherit;\"> plienine \u0161erdimi **. <\/span><span style=\"vertical-align: inherit;\">\u0160i kompozicija itin patvari, o pats peiliukas atsparus naikinimo ir blukimo procesui. <\/span><span style=\"vertical-align: inherit;\">Stambiu planu pavaizduotas subtilus, banguotas ra\u0161tas, primenantis samuraj\u0173 kardus.<\/span><\/span><\/p>\n<p style=\"text-align: justify;\"><strong><span style=\"vertical-align: inherit;\"><span style=\"vertical-align: inherit;\">SENZO CLASSIC<\/span><\/span><\/strong><span style=\"vertical-align: inherit;\"><span style=\"vertical-align: inherit;\"> peiliai <\/span><span style=\"vertical-align: inherit;\">pasi\u017eymi labai \u012fmantriu dizainu. <\/span><span style=\"vertical-align: inherit;\">Ant rankenos pavir\u0161iaus pagaminta i\u0161 vadinamojo <\/span><\/span><strong><span style=\"vertical-align: inherit;\"><span style=\"vertical-align: inherit;\">Pakkawood<\/span><\/span><\/strong><span style=\"vertical-align: inherit;\"><span style=\"vertical-align: inherit;\"> *** juodos spalvos neturi knied\u017ei\u0173, tod\u0117l yra itin eleganti\u0161kas. <\/span><span style=\"vertical-align: inherit;\">Raudonas \u017eiedas prie a\u0161men\u0173 pagrindo patraukia d\u0117mes\u012f, o \u201e <\/span><\/span><strong><span style=\"vertical-align: inherit;\"><span style=\"vertical-align: inherit;\">Tsuchime<\/span><\/span><\/strong><span style=\"vertical-align: inherit;\"><span style=\"vertical-align: inherit;\"> \u201c a\u0161men\u0173 kalimas ne tik atrodo \u012fsp\u016bdingai \u2013 taip ir nupjauti gaminiai neprilimpa prie peilio ir lengvai nuslysta nuo a\u0161men\u0173.\u00a0<\/span><\/span><\/p>\n<p style=\"text-align: justify;\"><span style=\"vertical-align: inherit;\"><span style=\"vertical-align: inherit;\">* <\/span><\/span><strong><span style=\"vertical-align: inherit;\"><span style=\"vertical-align: inherit;\">Damasko plienas<\/span><\/span><\/strong><span style=\"vertical-align: inherit;\"><span style=\"vertical-align: inherit;\"> \u00a0\u2013 \u0161iuolaikinis vadinamasis <\/span><span style=\"vertical-align: inherit;\">Damasko plien\u0105 sudaro vienas ant kito einantys itin ploni ner\u016bdijan\u010dio plieno lak\u0161tai, kuri\u0173 viduriniai 25% lak\u0161t\u0173 vadinami \u0161erdimi, o likusieji 75% sudaro skirtingo kietumo lak\u0161tai \u2013 kintami \u0161velnaus ir kieto plieno sluoksniai. . <\/span><span style=\"vertical-align: inherit;\">D\u0117l to ant peilio pavir\u0161iaus sukuriamas \u201ebanguotas\u201c efektas.<\/span><\/span><\/p>\n<p style=\"text-align: justify;\"><span style=\"vertical-align: inherit;\"><span style=\"vertical-align: inherit;\">** <\/span><\/span><strong><span style=\"vertical-align: inherit;\"><span style=\"vertical-align: inherit;\">VG-10 plienas,<\/span><\/span><\/strong><span style=\"vertical-align: inherit;\"><span style=\"vertical-align: inherit;\"> \u0161is plieno tipas buvo laikomas vienu geriausi\u0173 virtuvini\u0173 peili\u0173 gamybai. <\/span><span style=\"vertical-align: inherit;\">Vir\u0117jai vertina ir gra\u017e\u0173 peili\u0173 i\u0161 VG-10 dizain\u0105, ir i\u0161skirtin\u012f j\u0173 patvarum\u0105. <\/span><span style=\"vertical-align: inherit;\">VG-10 yra didelio kietumo med\u017eiaga, pagal HRC skal\u0119 jos vert\u0117 yra <\/span><\/span><strong><span style=\"vertical-align: inherit;\"><span style=\"vertical-align: inherit;\">HRC 60<\/span><\/span><\/strong><span style=\"vertical-align: inherit;\"><span style=\"vertical-align: inherit;\"> . <\/span><span style=\"vertical-align: inherit;\">D\u0117l to i\u0161 jo pagaminti peiliai yra ne\u012ftik\u0117tinai a\u0161tr\u016bs ir labai atspar\u016bs trin\u010diai.<\/span><\/span><\/p>\n<p style=\"text-align: justify;\"><strong><span style=\"vertical-align: inherit;\"><span style=\"vertical-align: inherit;\">***Pakkawood<\/span><\/span><\/strong><span style=\"vertical-align: inherit;\"><span style=\"vertical-align: inherit;\"> \u2013 tai laminuota ber\u017eo arba klevo mediena, impregnuota derva. <\/span><span style=\"vertical-align: inherit;\">Jis pasi\u017eymi labai dideliu atsparumu kar\u0161\u010diui ir dr\u0117gmei ir buvo sukurtas specialiai peili\u0173 rankenoms.\u00a0<\/span><\/span><\/p>\n<h4><span style=\"vertical-align: inherit;\"><span style=\"vertical-align: inherit;\">Suncraft SENZO CLASSIC Duonos virtuv\u0117s peilis 220mm SZ-14 Techniniai duomenys:<\/span><\/span><\/h4>\n<p><strong><span style=\"vertical-align: inherit;\"><span style=\"vertical-align: inherit;\">A\u0161menys \u2013<\/span><\/span><\/strong><span style=\"vertical-align: inherit;\"><span style=\"vertical-align: inherit;\"> \u00a033 sluoksni\u0173 plienas, VG-10 \u0161erdis\u00a0<\/span><\/span><\/p>\n<p><strong><span style=\"vertical-align: inherit;\"><span style=\"vertical-align: inherit;\">Kietumas \u2013<\/span><\/span><\/strong><span style=\"vertical-align: inherit;\"><span style=\"vertical-align: inherit;\"> \u00a060 HRC +\/- 1<\/span><\/span><\/p>\n<p><strong><span style=\"vertical-align: inherit;\"><span style=\"vertical-align: inherit;\">Visas ilgis &#8211;<\/span><\/span><\/strong><span style=\"vertical-align: inherit;\"><span style=\"vertical-align: inherit;\"> \u00a0355 mm<\/span><\/span><\/p>\n<p><strong><span style=\"vertical-align: inherit;\"><span style=\"vertical-align: inherit;\">A\u0161men\u0173 ilgis &#8211;<\/span><\/span><\/strong><span style=\"vertical-align: inherit;\"><span style=\"vertical-align: inherit;\"> 220 mm<\/span><\/span><\/p>\n<p><strong><span style=\"vertical-align: inherit;\"><span style=\"vertical-align: inherit;\">Rankena &#8211;<\/span><\/span><\/strong><span style=\"vertical-align: inherit;\"><span style=\"vertical-align: inherit;\"> \u00a0Juoda Pakkawood su raudonu \u017eiedu<\/span><\/span><\/p>\n<p><strong><span style=\"vertical-align: inherit;\"><span style=\"vertical-align: inherit;\">Svoris &#8211;<\/span><\/span><\/strong><span style=\"vertical-align: inherit;\"><span style=\"vertical-align: inherit;\"> \u00a0apie 170 g<\/span><\/span><\/p>","protected":false},"excerpt":{"rendered":"<p><span style=\"vertical-align: inherit;\"><span style=\"vertical-align: inherit;\">Unikali Suncraft peili\u0173 serija, pasi\u017eyminti japoni\u0161ku stiliumi. <\/span><span style=\"vertical-align: inherit;\">Gra\u017eus 33 sluoksni\u0173 kalamas Damasko plienas su VG-10 plienine \u0161erdimi, kurios kietumas 60 HRC. <\/span><span style=\"vertical-align: inherit;\">Juoda pakkamed\u017eio rankena dekoruota raudonu \u017eiedu.<\/span><\/span><\/p>","protected":false},"featured_media":8202,"template":"","meta":[],"product_brand":[],"product_cat":[119],"product_tag":[121],"class_list":{"0":"post-8201","1":"product","2":"type-product","3":"status-publish","4":"has-post-thumbnail","6":"product_cat-peiliai","7":"product_tag-suncraft","9":"first","10":"outofstock","11":"taxable","12":"shipping-taxable","13":"purchasable","14":"product-type-simple"},"yoast_head":"<!-- This site is optimized with the Yoast SEO plugin v27.3 - https:\/\/yoast.com\/product\/yoast-seo-wordpress\/ -->\n<title>Suncraft SENZO CLASSIC Duonos virtuv\u0117s peilis 220mm SZ-14 - Cookking.online<\/title>\n<meta name=\"description\" content=\"Suncraft SENZO CLASSIC Duonos virtuv\u0117s peilis 220mm SZ-14 Auk\u0161\u010diausios kokyb\u0117s \u012franga gaminimui, kepimui ant groteli\u0173 ir r\u016bkymui lauke.\" \/>\n<meta name=\"robots\" content=\"index, follow, max-snippet:-1, max-image-preview:large, max-video-preview:-1\" \/>\n<link rel=\"canonical\" href=\"https:\/\/cookking.online\/en\/katalogas\/peiliai\/suncraft-senzo-classic-duonos-virtuves-peilis-220mm-sz-14\/\" \/>\n<meta property=\"og:locale\" content=\"en_US\" \/>\n<meta property=\"og:type\" content=\"article\" \/>\n<meta property=\"og:title\" content=\"Suncraft SENZO CLASSIC Duonos virtuv\u0117s peilis 220mm SZ-14 - Cookking.online\" \/>\n<meta property=\"og:description\" content=\"Suncraft SENZO CLASSIC Duonos virtuv\u0117s peilis 220mm SZ-14 Auk\u0161\u010diausios kokyb\u0117s \u012franga gaminimui, kepimui ant groteli\u0173 ir r\u016bkymui lauke.\" \/>\n<meta property=\"og:url\" content=\"https:\/\/cookking.online\/en\/katalogas\/peiliai\/suncraft-senzo-classic-duonos-virtuves-peilis-220mm-sz-14\/\" \/>\n<meta property=\"og:site_name\" content=\"Cookking.online\" \/>\n<meta property=\"og:image\" content=\"https:\/\/cookking.online\/wp-content\/uploads\/2024\/01\/3644_4.webp\" \/>\n\t<meta property=\"og:image:width\" content=\"1600\" \/>\n\t<meta property=\"og:image:height\" content=\"1600\" \/>\n\t<meta property=\"og:image:type\" content=\"image\/webp\" \/>\n<meta name=\"twitter:card\" content=\"summary_large_image\" \/>\n<meta name=\"twitter:label1\" content=\"Est. reading time\" \/>\n\t<meta name=\"twitter:data1\" content=\"3 minutes\" \/>\n<script type=\"application\/ld+json\" class=\"yoast-schema-graph\">{\"@context\":\"https:\\\/\\\/schema.org\",\"@graph\":[{\"@type\":\"WebPage\",\"@id\":\"https:\\\/\\\/cookking.online\\\/katalogas\\\/peiliai\\\/suncraft-senzo-classic-duonos-virtuves-peilis-220mm-sz-14\\\/\",\"url\":\"https:\\\/\\\/cookking.online\\\/katalogas\\\/peiliai\\\/suncraft-senzo-classic-duonos-virtuves-peilis-220mm-sz-14\\\/\",\"name\":\"Suncraft SENZO CLASSIC Duonos virtuv\u0117s peilis 220mm SZ-14 - Cookking.online\",\"isPartOf\":{\"@id\":\"https:\\\/\\\/cookking.online\\\/#website\"},\"primaryImageOfPage\":{\"@id\":\"https:\\\/\\\/cookking.online\\\/katalogas\\\/peiliai\\\/suncraft-senzo-classic-duonos-virtuves-peilis-220mm-sz-14\\\/#primaryimage\"},\"image\":{\"@id\":\"https:\\\/\\\/cookking.online\\\/katalogas\\\/peiliai\\\/suncraft-senzo-classic-duonos-virtuves-peilis-220mm-sz-14\\\/#primaryimage\"},\"thumbnailUrl\":\"https:\\\/\\\/cookking.online\\\/wp-content\\\/uploads\\\/2024\\\/01\\\/3644_4.webp\",\"datePublished\":\"2026-03-10T09:30:21+00:00\",\"description\":\"Suncraft SENZO CLASSIC Duonos virtuv\u0117s peilis 220mm SZ-14 Auk\u0161\u010diausios kokyb\u0117s \u012franga gaminimui, kepimui ant groteli\u0173 ir r\u016bkymui lauke.\",\"breadcrumb\":{\"@id\":\"https:\\\/\\\/cookking.online\\\/katalogas\\\/peiliai\\\/suncraft-senzo-classic-duonos-virtuves-peilis-220mm-sz-14\\\/#breadcrumb\"},\"inLanguage\":\"en-US\",\"potentialAction\":[{\"@type\":\"ReadAction\",\"target\":[\"https:\\\/\\\/cookking.online\\\/katalogas\\\/peiliai\\\/suncraft-senzo-classic-duonos-virtuves-peilis-220mm-sz-14\\\/\"]}]},{\"@type\":\"ImageObject\",\"inLanguage\":\"en-US\",\"@id\":\"https:\\\/\\\/cookking.online\\\/katalogas\\\/peiliai\\\/suncraft-senzo-classic-duonos-virtuves-peilis-220mm-sz-14\\\/#primaryimage\",\"url\":\"https:\\\/\\\/cookking.online\\\/wp-content\\\/uploads\\\/2024\\\/01\\\/3644_4.webp\",\"contentUrl\":\"https:\\\/\\\/cookking.online\\\/wp-content\\\/uploads\\\/2024\\\/01\\\/3644_4.webp\",\"width\":1600,\"height\":1600,\"caption\":\"Suncraft SENZO CLASSIC Duonos virtuv\u0117s peilis 220mm SZ-14\"},{\"@type\":\"BreadcrumbList\",\"@id\":\"https:\\\/\\\/cookking.online\\\/katalogas\\\/peiliai\\\/suncraft-senzo-classic-duonos-virtuves-peilis-220mm-sz-14\\\/#breadcrumb\",\"itemListElement\":[{\"@type\":\"ListItem\",\"position\":1,\"name\":\"Prad\u017eia\",\"item\":\"https:\\\/\\\/cookking.online\\\/\"},{\"@type\":\"ListItem\",\"position\":2,\"name\":\"Parduotuv\u0117\",\"item\":\"https:\\\/\\\/cookking.online\\\/parduotuve\\\/\"},{\"@type\":\"ListItem\",\"position\":3,\"name\":\"Suncraft SENZO CLASSIC Duonos virtuv\u0117s peilis 220mm SZ-14\"}]},{\"@type\":\"WebSite\",\"@id\":\"https:\\\/\\\/cookking.online\\\/#website\",\"url\":\"https:\\\/\\\/cookking.online\\\/\",\"name\":\"Cookking.online\",\"description\":\"\",\"publisher\":{\"@id\":\"https:\\\/\\\/cookking.online\\\/#organization\"},\"potentialAction\":[{\"@type\":\"SearchAction\",\"target\":{\"@type\":\"EntryPoint\",\"urlTemplate\":\"https:\\\/\\\/cookking.online\\\/?s={search_term_string}\"},\"query-input\":{\"@type\":\"PropertyValueSpecification\",\"valueRequired\":true,\"valueName\":\"search_term_string\"}}],\"inLanguage\":\"en-US\"},{\"@type\":\"Organization\",\"@id\":\"https:\\\/\\\/cookking.online\\\/#organization\",\"name\":\"Cookking.online\",\"url\":\"https:\\\/\\\/cookking.online\\\/\",\"logo\":{\"@type\":\"ImageObject\",\"inLanguage\":\"en-US\",\"@id\":\"https:\\\/\\\/cookking.online\\\/#\\\/schema\\\/logo\\\/image\\\/\",\"url\":\"https:\\\/\\\/cookking.online\\\/wp-content\\\/uploads\\\/2021\\\/11\\\/Logo.png\",\"contentUrl\":\"https:\\\/\\\/cookking.online\\\/wp-content\\\/uploads\\\/2021\\\/11\\\/Logo.png\",\"width\":291,\"height\":100,\"caption\":\"Cookking.online\"},\"image\":{\"@id\":\"https:\\\/\\\/cookking.online\\\/#\\\/schema\\\/logo\\\/image\\\/\"}}]}<\/script>\n<!-- \/ Yoast SEO plugin. -->","yoast_head_json":{"title":"Suncraft SENZO CLASSIC Duonos virtuv\u0117s peilis 220mm SZ-14 - Cookking.online","description":"Suncraft SENZO CLASSIC Duonos virtuv\u0117s peilis 220mm SZ-14 Auk\u0161\u010diausios kokyb\u0117s \u012franga gaminimui, kepimui ant groteli\u0173 ir r\u016bkymui lauke.","robots":{"index":"index","follow":"follow","max-snippet":"max-snippet:-1","max-image-preview":"max-image-preview:large","max-video-preview":"max-video-preview:-1"},"canonical":"https:\/\/cookking.online\/en\/katalogas\/peiliai\/suncraft-senzo-classic-duonos-virtuves-peilis-220mm-sz-14\/","og_locale":"en_US","og_type":"article","og_title":"Suncraft SENZO CLASSIC Duonos virtuv\u0117s peilis 220mm SZ-14 - Cookking.online","og_description":"Suncraft SENZO CLASSIC Duonos virtuv\u0117s peilis 220mm SZ-14 Auk\u0161\u010diausios kokyb\u0117s \u012franga gaminimui, kepimui ant groteli\u0173 ir r\u016bkymui lauke.","og_url":"https:\/\/cookking.online\/en\/katalogas\/peiliai\/suncraft-senzo-classic-duonos-virtuves-peilis-220mm-sz-14\/","og_site_name":"Cookking.online","og_image":[{"width":1600,"height":1600,"url":"https:\/\/cookking.online\/wp-content\/uploads\/2024\/01\/3644_4.webp","type":"image\/webp"}],"twitter_card":"summary_large_image","twitter_misc":{"Est. reading time":"3 minutes"},"schema":{"@context":"https:\/\/schema.org","@graph":[{"@type":"WebPage","@id":"https:\/\/cookking.online\/katalogas\/peiliai\/suncraft-senzo-classic-duonos-virtuves-peilis-220mm-sz-14\/","url":"https:\/\/cookking.online\/katalogas\/peiliai\/suncraft-senzo-classic-duonos-virtuves-peilis-220mm-sz-14\/","name":"Suncraft SENZO CLASSIC Duonos virtuv\u0117s peilis 220mm SZ-14 - Cookking.online","isPartOf":{"@id":"https:\/\/cookking.online\/#website"},"primaryImageOfPage":{"@id":"https:\/\/cookking.online\/katalogas\/peiliai\/suncraft-senzo-classic-duonos-virtuves-peilis-220mm-sz-14\/#primaryimage"},"image":{"@id":"https:\/\/cookking.online\/katalogas\/peiliai\/suncraft-senzo-classic-duonos-virtuves-peilis-220mm-sz-14\/#primaryimage"},"thumbnailUrl":"https:\/\/cookking.online\/wp-content\/uploads\/2024\/01\/3644_4.webp","datePublished":"2026-03-10T09:30:21+00:00","description":"Suncraft SENZO CLASSIC Duonos virtuv\u0117s peilis 220mm SZ-14 Auk\u0161\u010diausios kokyb\u0117s \u012franga gaminimui, kepimui ant groteli\u0173 ir r\u016bkymui lauke.","breadcrumb":{"@id":"https:\/\/cookking.online\/katalogas\/peiliai\/suncraft-senzo-classic-duonos-virtuves-peilis-220mm-sz-14\/#breadcrumb"},"inLanguage":"en-US","potentialAction":[{"@type":"ReadAction","target":["https:\/\/cookking.online\/katalogas\/peiliai\/suncraft-senzo-classic-duonos-virtuves-peilis-220mm-sz-14\/"]}]},{"@type":"ImageObject","inLanguage":"en-US","@id":"https:\/\/cookking.online\/katalogas\/peiliai\/suncraft-senzo-classic-duonos-virtuves-peilis-220mm-sz-14\/#primaryimage","url":"https:\/\/cookking.online\/wp-content\/uploads\/2024\/01\/3644_4.webp","contentUrl":"https:\/\/cookking.online\/wp-content\/uploads\/2024\/01\/3644_4.webp","width":1600,"height":1600,"caption":"Suncraft SENZO CLASSIC Duonos virtuv\u0117s peilis 220mm SZ-14"},{"@type":"BreadcrumbList","@id":"https:\/\/cookking.online\/katalogas\/peiliai\/suncraft-senzo-classic-duonos-virtuves-peilis-220mm-sz-14\/#breadcrumb","itemListElement":[{"@type":"ListItem","position":1,"name":"Prad\u017eia","item":"https:\/\/cookking.online\/"},{"@type":"ListItem","position":2,"name":"Parduotuv\u0117","item":"https:\/\/cookking.online\/parduotuve\/"},{"@type":"ListItem","position":3,"name":"Suncraft SENZO CLASSIC Duonos virtuv\u0117s peilis 220mm SZ-14"}]},{"@type":"WebSite","@id":"https:\/\/cookking.online\/#website","url":"https:\/\/cookking.online\/","name":"Cookking.online","description":"","publisher":{"@id":"https:\/\/cookking.online\/#organization"},"potentialAction":[{"@type":"SearchAction","target":{"@type":"EntryPoint","urlTemplate":"https:\/\/cookking.online\/?s={search_term_string}"},"query-input":{"@type":"PropertyValueSpecification","valueRequired":true,"valueName":"search_term_string"}}],"inLanguage":"en-US"},{"@type":"Organization","@id":"https:\/\/cookking.online\/#organization","name":"Cookking.online","url":"https:\/\/cookking.online\/","logo":{"@type":"ImageObject","inLanguage":"en-US","@id":"https:\/\/cookking.online\/#\/schema\/logo\/image\/","url":"https:\/\/cookking.online\/wp-content\/uploads\/2021\/11\/Logo.png","contentUrl":"https:\/\/cookking.online\/wp-content\/uploads\/2021\/11\/Logo.png","width":291,"height":100,"caption":"Cookking.online"},"image":{"@id":"https:\/\/cookking.online\/#\/schema\/logo\/image\/"}}]}},"_links":{"self":[{"href":"https:\/\/cookking.online\/en\/wp-json\/wp\/v2\/product\/8201","targetHints":{"allow":["GET"]}}],"collection":[{"href":"https:\/\/cookking.online\/en\/wp-json\/wp\/v2\/product"}],"about":[{"href":"https:\/\/cookking.online\/en\/wp-json\/wp\/v2\/types\/product"}],"wp:featuredmedia":[{"embeddable":true,"href":"https:\/\/cookking.online\/en\/wp-json\/wp\/v2\/media\/8202"}],"wp:attachment":[{"href":"https:\/\/cookking.online\/en\/wp-json\/wp\/v2\/media?parent=8201"}],"wp:term":[{"taxonomy":"product_brand","embeddable":true,"href":"https:\/\/cookking.online\/en\/wp-json\/wp\/v2\/product_brand?post=8201"},{"taxonomy":"product_cat","embeddable":true,"href":"https:\/\/cookking.online\/en\/wp-json\/wp\/v2\/product_cat?post=8201"},{"taxonomy":"product_tag","embeddable":true,"href":"https:\/\/cookking.online\/en\/wp-json\/wp\/v2\/product_tag?post=8201"}],"curies":[{"name":"wp","href":"https:\/\/api.w.org\/{rel}","templated":true}]}}