{"id":8247,"date":"2026-03-10T12:30:23","date_gmt":"2026-03-10T09:30:23","guid":{"rendered":"https:\/\/cookking.online\/?post_type=product&#038;p=8247"},"modified":"2026-03-10T12:30:23","modified_gmt":"2026-03-10T09:30:23","slug":"suncraft-senzo-twisted-octagon-chef-peilis-240-mm-to-06","status":"publish","type":"product","link":"https:\/\/cookking.online\/en\/katalogas\/peiliai\/suncraft-senzo-twisted-octagon-chef-peilis-240-mm-to-06\/","title":{"rendered":"Suncraft SENZO TWISTED OCTAGON Chef peilis 240 mm TO-06"},"content":{"rendered":"<h4><strong><span style=\"vertical-align: inherit;\"><span style=\"vertical-align: inherit;\">Suncraft SENZO TWISTED OCTAGON Chef peilis 240 mm TO-06<\/span><\/span><\/strong><\/h4>\n<p><strong><span style=\"vertical-align: inherit;\"><span style=\"vertical-align: inherit;\">Suncraft SENZO TWISTED OCTAGON virtuv\u0117s peilis 240 mm<\/span><\/span><\/strong><\/p>\n<p style=\"text-align: justify;\"><span style=\"vertical-align: inherit;\"><span style=\"vertical-align: inherit;\">Pranc\u016bzi\u0161kas peilis arba geriau \u017einomas kaip \u0161efo peilis yra vir\u0117j\u0173 da\u017eniausiai naudojamas peiliukas. <\/span><span style=\"vertical-align: inherit;\">Tiek profesionalams, tiek m\u0117g\u0117jams. <\/span><span style=\"vertical-align: inherit;\">Palyginti ilgas, platus gele\u017et\u0117 yra b\u016bdinga suapvalinta. <\/span><span style=\"vertical-align: inherit;\">Tai leid\u017eia naudoti \u0161\u012f peiliuk\u0105 beveik daugeliui pjovimo b\u016bd\u0173. <\/span><span style=\"vertical-align: inherit;\">Nuo smulkinimo, smulkinimo iki pjaustymo ir pjaustymo. <\/span><span style=\"vertical-align: inherit;\">D\u0117l \u0161i\u0173 savybi\u0173 jis yra peilis, kuris tur\u0117t\u0173 b\u016bti kiekvienoje virtuv\u0117je.<\/span><\/span><\/p>\n<h4><span style=\"vertical-align: inherit;\"><span style=\"vertical-align: inherit;\">Suncraft SENZO TWISTED OCTAGON Chef peilis 240 mm TO-06<\/span><\/span><\/h4>\n<p style=\"text-align: justify;\"><strong><span style=\"vertical-align: inherit;\"><span style=\"vertical-align: inherit;\">B\u016bdinga SENZO TWISTED OCTAGON<\/span><\/span><\/strong><span style=\"vertical-align: inherit;\"><span style=\"vertical-align: inherit;\"> serijos gamini\u0173\u00a0 rankenos forma <\/span><span style=\"vertical-align: inherit;\">\u00a0buvo \u012fkv\u0117pta Japonijos kult\u016brai svarbios a\u0161tuonkampio fig\u016bros. <\/span><span style=\"vertical-align: inherit;\">Naudotojo patogumui ir didesniam sukibimui, a\u0161tuonkamp\u0117 peilio rankena papildomai \u0161iek tiek pasukta. <\/span><span style=\"vertical-align: inherit;\">SENZO\u00a0 <\/span><strong><span style=\"vertical-align: inherit;\">TWISTED OCTAGON serijos <\/span><\/strong><\/span><strong><span style=\"vertical-align: inherit;\"><span style=\"vertical-align: inherit;\">Suncraft\u00a0<\/span><\/span><\/strong><span style=\"vertical-align: inherit;\"><span style=\"vertical-align: inherit;\"> peili\u0173\u00a0 a\u0161menys <\/span><span style=\"vertical-align: inherit;\">\u00a0pagaminti i\u0161\u00a0 <\/span><strong><span style=\"vertical-align: inherit;\">33 sluoksni\u0173<\/span><\/strong><span style=\"vertical-align: inherit;\"> \u00a0ner\u016bdijan\u010dio plieno, vadinamojo. <\/span><span style=\"vertical-align: inherit;\">Damasko plienas* sutvirtintas\u00a0 <\/span><strong><span style=\"vertical-align: inherit;\">VG-10<\/span><\/strong><span style=\"vertical-align: inherit;\"> plienu **. <\/span><span style=\"vertical-align: inherit;\">\u0160i kompozicija itin patvari, o pats peiliukas atsparus naikinimo ir blukimo procesui. <\/span><span style=\"vertical-align: inherit;\">Stambiu planu pavaizduotas subtilus, banguotas ra\u0161tas, primenantis samuraj\u0173 kardus. <\/span><span style=\"vertical-align: inherit;\">Japoni\u0161k\u0105 dizain\u0105 papildo rankena i\u0161 balto\u00a0 <\/span><strong><span style=\"vertical-align: inherit;\">Pakkawood<\/span><\/strong><span style=\"vertical-align: inherit;\"> *** ir raudonas \u017eiedas prie a\u0161men\u0173 pagrindo. <\/span><span style=\"vertical-align: inherit;\">Serij\u0105 sudaro: dviej\u0173 dyd\u017ei\u0173 \u0161efo peilis, pjaustymo peilis, smulkus peilis, Santoku ir Sashimi peiliai.<\/span><\/span><\/p>\n<p style=\"text-align: justify;\"><span style=\"vertical-align: inherit;\"><span style=\"vertical-align: inherit;\">* <\/span><\/span><strong><span style=\"vertical-align: inherit;\"><span style=\"vertical-align: inherit;\">Damasko plienas<\/span><\/span><\/strong><span style=\"vertical-align: inherit;\"><span style=\"vertical-align: inherit;\"> \u00a0\u2013 \u0161iuolaikinis vadinamasis <\/span><span style=\"vertical-align: inherit;\">Damasko plien\u0105 sudaro vienas ant kito einantys itin ploni ner\u016bdijan\u010dio plieno lak\u0161tai, kuri\u0173 viduriniai 25% lak\u0161t\u0173 vadinami \u0161erdimi, o likusieji 75% sudaro skirtingo kietumo lak\u0161tai \u2013 kintami \u0161velnaus ir kieto plieno sluoksniai. . <\/span><span style=\"vertical-align: inherit;\">D\u0117l to ant peilio pavir\u0161iaus sukuriamas \u201ebanguotas\u201c efektas.<\/span><\/span><\/p>\n<p style=\"text-align: justify;\"><strong><span style=\"vertical-align: inherit;\"><span style=\"vertical-align: inherit;\">**VG-10 plienas,<\/span><\/span><\/strong><span style=\"vertical-align: inherit;\"><span style=\"vertical-align: inherit;\"> \u00a0\u0161is plieno tipas buvo laikomas geriausiu virtuvini\u0173 peili\u0173 gamybai. <\/span><span style=\"vertical-align: inherit;\">Vir\u0117jai vertina ir gra\u017e\u0173 peili\u0173 i\u0161 VG-10 dizain\u0105, ir i\u0161skirtin\u012f j\u0173 patvarum\u0105. <\/span><span style=\"vertical-align: inherit;\">VG-10 yra didelio kietumo med\u017eiaga, pagal HRC skal\u0119 jos vert\u0117 yra\u00a0 <\/span><\/span><strong><span style=\"vertical-align: inherit;\"><span style=\"vertical-align: inherit;\">HRC 60<\/span><\/span><\/strong><span style=\"vertical-align: inherit;\"><span style=\"vertical-align: inherit;\"> . <\/span><span style=\"vertical-align: inherit;\">D\u0117l \u0161ios prie\u017easties i\u0161 jo pagaminti peiliai yra itin a\u0161tr\u016bs ir labai atspar\u016bs trin\u010diai.<\/span><\/span><\/p>\n<p style=\"text-align: justify;\"><strong><span style=\"vertical-align: inherit;\"><span style=\"vertical-align: inherit;\">***Pakkawood<\/span><\/span><\/strong><span style=\"vertical-align: inherit;\"><span style=\"vertical-align: inherit;\"> \u00a0\u2013 tai laminuota ber\u017eo arba klevo mediena, impregnuota derva. <\/span><span style=\"vertical-align: inherit;\">Jis pasi\u017eymi labai dideliu atsparumu kar\u0161\u010diui ir dr\u0117gmei ir buvo sukurtas specialiai peili\u0173 rankenoms.\u00a0<\/span><\/span><\/p>\n<p><span style=\"vertical-align: inherit;\"><span style=\"vertical-align: inherit;\">Techniniai duomenys:<\/span><\/span><\/p>\n<p><strong><span style=\"vertical-align: inherit;\"><span style=\"vertical-align: inherit;\">A\u0161menys \u2013<\/span><\/span><\/strong><span style=\"vertical-align: inherit;\"><span style=\"vertical-align: inherit;\"> \u00a033 sluoksni\u0173 plienas, VG-10 \u0161erdis\u00a0<\/span><\/span><\/p>\n<p><strong><span style=\"vertical-align: inherit;\"><span style=\"vertical-align: inherit;\">Kietumas \u2013<\/span><\/span><\/strong><span style=\"vertical-align: inherit;\"><span style=\"vertical-align: inherit;\"> \u00a060 HRC +\/- 1<\/span><\/span><\/p>\n<p><strong><span style=\"vertical-align: inherit;\"><span style=\"vertical-align: inherit;\">Visas ilgis &#8211;<\/span><\/span><\/strong><span style=\"vertical-align: inherit;\"><span style=\"vertical-align: inherit;\"> \u00a0370 mm<\/span><\/span><\/p>\n<p><strong><span style=\"vertical-align: inherit;\"><span style=\"vertical-align: inherit;\">A\u0161men\u0173 ilgis\u00a0<\/span><\/span><\/strong><span style=\"vertical-align: inherit;\"><span style=\"vertical-align: inherit;\"> &#8211; 240 mm<\/span><\/span><\/p>\n<p><strong><span style=\"vertical-align: inherit;\"><span style=\"vertical-align: inherit;\">Rankena &#8211;<\/span><\/span><\/strong><span style=\"vertical-align: inherit;\"><span style=\"vertical-align: inherit;\"> \u00a0Balta Pakkawood su raudonu \u017eiedu<\/span><\/span><\/p>\n<p><strong><span style=\"vertical-align: inherit;\"><span style=\"vertical-align: inherit;\">Svoris &#8211;<\/span><\/span><\/strong><span style=\"vertical-align: inherit;\"><span style=\"vertical-align: inherit;\"> \u00a0apie 190 g<\/span><\/span><\/p>","protected":false},"excerpt":{"rendered":"<p><span style=\"vertical-align: inherit;\"><span style=\"vertical-align: inherit;\">Gra\u017ei Suncraft peili\u0173 serija su unikalia a\u0161tuonkampe ir \u0161iek tiek susukta rankena, pagaminta i\u0161 lengvo pakamed\u017eio. <\/span><span style=\"vertical-align: inherit;\">Rankena dekoruota raudonu \u017eiedu. <\/span><span style=\"vertical-align: inherit;\">A\u0161men\u0173 \u0161erdis pagaminta i\u0161 VG-10 plieno ir padengta 33 sluoksniais Damasko plieno.<\/span><\/span><\/p>","protected":false},"featured_media":8248,"template":"","meta":[],"product_brand":[],"product_cat":[119],"product_tag":[121],"class_list":{"0":"post-8247","1":"product","2":"type-product","3":"status-publish","4":"has-post-thumbnail","6":"product_cat-peiliai","7":"product_tag-suncraft","9":"first","10":"instock","11":"taxable","12":"shipping-taxable","13":"purchasable","14":"product-type-simple"},"yoast_head":"<!-- This site is optimized with the Yoast SEO plugin v27.3 - https:\/\/yoast.com\/product\/yoast-seo-wordpress\/ -->\n<title>Suncraft SENZO TWISTED OCTAGON Chef peilis 240 mm TO-06 - Cookking.online<\/title>\n<meta name=\"description\" content=\"Suncraft SENZO TWISTED OCTAGON Chef peilis 240 mm TO-06 Auk\u0161\u010diausios kokyb\u0117s \u012franga gaminimui, kepimui ant groteli\u0173 ir r\u016bkymui lauke.\" \/>\n<meta name=\"robots\" content=\"index, follow, max-snippet:-1, max-image-preview:large, max-video-preview:-1\" \/>\n<link rel=\"canonical\" href=\"https:\/\/cookking.online\/en\/katalogas\/peiliai\/suncraft-senzo-twisted-octagon-chef-peilis-240-mm-to-06\/\" \/>\n<meta property=\"og:locale\" content=\"en_US\" \/>\n<meta property=\"og:type\" content=\"article\" \/>\n<meta property=\"og:title\" content=\"Suncraft SENZO TWISTED OCTAGON Chef peilis 240 mm TO-06 - Cookking.online\" \/>\n<meta property=\"og:description\" content=\"Suncraft SENZO TWISTED OCTAGON Chef peilis 240 mm TO-06 Auk\u0161\u010diausios kokyb\u0117s \u012franga gaminimui, kepimui ant groteli\u0173 ir r\u016bkymui lauke.\" \/>\n<meta property=\"og:url\" content=\"https:\/\/cookking.online\/en\/katalogas\/peiliai\/suncraft-senzo-twisted-octagon-chef-peilis-240-mm-to-06\/\" \/>\n<meta property=\"og:site_name\" content=\"Cookking.online\" \/>\n<meta property=\"og:image\" content=\"https:\/\/cookking.online\/wp-content\/uploads\/2024\/01\/3651_12.webp\" \/>\n\t<meta property=\"og:image:width\" content=\"1225\" \/>\n\t<meta property=\"og:image:height\" content=\"1225\" \/>\n\t<meta property=\"og:image:type\" content=\"image\/webp\" \/>\n<meta name=\"twitter:card\" content=\"summary_large_image\" \/>\n<meta name=\"twitter:label1\" content=\"Est. reading time\" \/>\n\t<meta name=\"twitter:data1\" content=\"2 minutes\" \/>\n<script type=\"application\/ld+json\" class=\"yoast-schema-graph\">{\"@context\":\"https:\\\/\\\/schema.org\",\"@graph\":[{\"@type\":\"WebPage\",\"@id\":\"https:\\\/\\\/cookking.online\\\/katalogas\\\/peiliai\\\/suncraft-senzo-twisted-octagon-chef-peilis-240-mm-to-06\\\/\",\"url\":\"https:\\\/\\\/cookking.online\\\/katalogas\\\/peiliai\\\/suncraft-senzo-twisted-octagon-chef-peilis-240-mm-to-06\\\/\",\"name\":\"Suncraft SENZO TWISTED OCTAGON Chef peilis 240 mm TO-06 - Cookking.online\",\"isPartOf\":{\"@id\":\"https:\\\/\\\/cookking.online\\\/#website\"},\"primaryImageOfPage\":{\"@id\":\"https:\\\/\\\/cookking.online\\\/katalogas\\\/peiliai\\\/suncraft-senzo-twisted-octagon-chef-peilis-240-mm-to-06\\\/#primaryimage\"},\"image\":{\"@id\":\"https:\\\/\\\/cookking.online\\\/katalogas\\\/peiliai\\\/suncraft-senzo-twisted-octagon-chef-peilis-240-mm-to-06\\\/#primaryimage\"},\"thumbnailUrl\":\"https:\\\/\\\/cookking.online\\\/wp-content\\\/uploads\\\/2024\\\/01\\\/3651_12.webp\",\"datePublished\":\"2026-03-10T09:30:23+00:00\",\"description\":\"Suncraft SENZO TWISTED OCTAGON Chef peilis 240 mm TO-06 Auk\u0161\u010diausios kokyb\u0117s \u012franga gaminimui, kepimui ant groteli\u0173 ir r\u016bkymui lauke.\",\"breadcrumb\":{\"@id\":\"https:\\\/\\\/cookking.online\\\/katalogas\\\/peiliai\\\/suncraft-senzo-twisted-octagon-chef-peilis-240-mm-to-06\\\/#breadcrumb\"},\"inLanguage\":\"en-US\",\"potentialAction\":[{\"@type\":\"ReadAction\",\"target\":[\"https:\\\/\\\/cookking.online\\\/katalogas\\\/peiliai\\\/suncraft-senzo-twisted-octagon-chef-peilis-240-mm-to-06\\\/\"]}]},{\"@type\":\"ImageObject\",\"inLanguage\":\"en-US\",\"@id\":\"https:\\\/\\\/cookking.online\\\/katalogas\\\/peiliai\\\/suncraft-senzo-twisted-octagon-chef-peilis-240-mm-to-06\\\/#primaryimage\",\"url\":\"https:\\\/\\\/cookking.online\\\/wp-content\\\/uploads\\\/2024\\\/01\\\/3651_12.webp\",\"contentUrl\":\"https:\\\/\\\/cookking.online\\\/wp-content\\\/uploads\\\/2024\\\/01\\\/3651_12.webp\",\"width\":1225,\"height\":1225,\"caption\":\"Suncraft SENZO TWISTED OCTAGON Chef peilis 240 mm TO-06\"},{\"@type\":\"BreadcrumbList\",\"@id\":\"https:\\\/\\\/cookking.online\\\/katalogas\\\/peiliai\\\/suncraft-senzo-twisted-octagon-chef-peilis-240-mm-to-06\\\/#breadcrumb\",\"itemListElement\":[{\"@type\":\"ListItem\",\"position\":1,\"name\":\"Prad\u017eia\",\"item\":\"https:\\\/\\\/cookking.online\\\/\"},{\"@type\":\"ListItem\",\"position\":2,\"name\":\"Parduotuv\u0117\",\"item\":\"https:\\\/\\\/cookking.online\\\/parduotuve\\\/\"},{\"@type\":\"ListItem\",\"position\":3,\"name\":\"Suncraft SENZO TWISTED OCTAGON Chef peilis 240 mm TO-06\"}]},{\"@type\":\"WebSite\",\"@id\":\"https:\\\/\\\/cookking.online\\\/#website\",\"url\":\"https:\\\/\\\/cookking.online\\\/\",\"name\":\"Cookking.online\",\"description\":\"\",\"publisher\":{\"@id\":\"https:\\\/\\\/cookking.online\\\/#organization\"},\"potentialAction\":[{\"@type\":\"SearchAction\",\"target\":{\"@type\":\"EntryPoint\",\"urlTemplate\":\"https:\\\/\\\/cookking.online\\\/?s={search_term_string}\"},\"query-input\":{\"@type\":\"PropertyValueSpecification\",\"valueRequired\":true,\"valueName\":\"search_term_string\"}}],\"inLanguage\":\"en-US\"},{\"@type\":\"Organization\",\"@id\":\"https:\\\/\\\/cookking.online\\\/#organization\",\"name\":\"Cookking.online\",\"url\":\"https:\\\/\\\/cookking.online\\\/\",\"logo\":{\"@type\":\"ImageObject\",\"inLanguage\":\"en-US\",\"@id\":\"https:\\\/\\\/cookking.online\\\/#\\\/schema\\\/logo\\\/image\\\/\",\"url\":\"https:\\\/\\\/cookking.online\\\/wp-content\\\/uploads\\\/2021\\\/11\\\/Logo.png\",\"contentUrl\":\"https:\\\/\\\/cookking.online\\\/wp-content\\\/uploads\\\/2021\\\/11\\\/Logo.png\",\"width\":291,\"height\":100,\"caption\":\"Cookking.online\"},\"image\":{\"@id\":\"https:\\\/\\\/cookking.online\\\/#\\\/schema\\\/logo\\\/image\\\/\"}}]}<\/script>\n<!-- \/ Yoast SEO plugin. -->","yoast_head_json":{"title":"Suncraft SENZO TWISTED OCTAGON Chef peilis 240 mm TO-06 - Cookking.online","description":"Suncraft SENZO TWISTED OCTAGON Chef peilis 240 mm TO-06 Auk\u0161\u010diausios kokyb\u0117s \u012franga gaminimui, kepimui ant groteli\u0173 ir r\u016bkymui lauke.","robots":{"index":"index","follow":"follow","max-snippet":"max-snippet:-1","max-image-preview":"max-image-preview:large","max-video-preview":"max-video-preview:-1"},"canonical":"https:\/\/cookking.online\/en\/katalogas\/peiliai\/suncraft-senzo-twisted-octagon-chef-peilis-240-mm-to-06\/","og_locale":"en_US","og_type":"article","og_title":"Suncraft SENZO TWISTED OCTAGON Chef peilis 240 mm TO-06 - Cookking.online","og_description":"Suncraft SENZO TWISTED OCTAGON Chef peilis 240 mm TO-06 Auk\u0161\u010diausios kokyb\u0117s \u012franga gaminimui, kepimui ant groteli\u0173 ir r\u016bkymui lauke.","og_url":"https:\/\/cookking.online\/en\/katalogas\/peiliai\/suncraft-senzo-twisted-octagon-chef-peilis-240-mm-to-06\/","og_site_name":"Cookking.online","og_image":[{"width":1225,"height":1225,"url":"https:\/\/cookking.online\/wp-content\/uploads\/2024\/01\/3651_12.webp","type":"image\/webp"}],"twitter_card":"summary_large_image","twitter_misc":{"Est. reading time":"2 minutes"},"schema":{"@context":"https:\/\/schema.org","@graph":[{"@type":"WebPage","@id":"https:\/\/cookking.online\/katalogas\/peiliai\/suncraft-senzo-twisted-octagon-chef-peilis-240-mm-to-06\/","url":"https:\/\/cookking.online\/katalogas\/peiliai\/suncraft-senzo-twisted-octagon-chef-peilis-240-mm-to-06\/","name":"Suncraft SENZO TWISTED OCTAGON Chef peilis 240 mm TO-06 - Cookking.online","isPartOf":{"@id":"https:\/\/cookking.online\/#website"},"primaryImageOfPage":{"@id":"https:\/\/cookking.online\/katalogas\/peiliai\/suncraft-senzo-twisted-octagon-chef-peilis-240-mm-to-06\/#primaryimage"},"image":{"@id":"https:\/\/cookking.online\/katalogas\/peiliai\/suncraft-senzo-twisted-octagon-chef-peilis-240-mm-to-06\/#primaryimage"},"thumbnailUrl":"https:\/\/cookking.online\/wp-content\/uploads\/2024\/01\/3651_12.webp","datePublished":"2026-03-10T09:30:23+00:00","description":"Suncraft SENZO TWISTED OCTAGON Chef peilis 240 mm TO-06 Auk\u0161\u010diausios kokyb\u0117s \u012franga gaminimui, kepimui ant groteli\u0173 ir r\u016bkymui lauke.","breadcrumb":{"@id":"https:\/\/cookking.online\/katalogas\/peiliai\/suncraft-senzo-twisted-octagon-chef-peilis-240-mm-to-06\/#breadcrumb"},"inLanguage":"en-US","potentialAction":[{"@type":"ReadAction","target":["https:\/\/cookking.online\/katalogas\/peiliai\/suncraft-senzo-twisted-octagon-chef-peilis-240-mm-to-06\/"]}]},{"@type":"ImageObject","inLanguage":"en-US","@id":"https:\/\/cookking.online\/katalogas\/peiliai\/suncraft-senzo-twisted-octagon-chef-peilis-240-mm-to-06\/#primaryimage","url":"https:\/\/cookking.online\/wp-content\/uploads\/2024\/01\/3651_12.webp","contentUrl":"https:\/\/cookking.online\/wp-content\/uploads\/2024\/01\/3651_12.webp","width":1225,"height":1225,"caption":"Suncraft SENZO TWISTED OCTAGON Chef peilis 240 mm TO-06"},{"@type":"BreadcrumbList","@id":"https:\/\/cookking.online\/katalogas\/peiliai\/suncraft-senzo-twisted-octagon-chef-peilis-240-mm-to-06\/#breadcrumb","itemListElement":[{"@type":"ListItem","position":1,"name":"Prad\u017eia","item":"https:\/\/cookking.online\/"},{"@type":"ListItem","position":2,"name":"Parduotuv\u0117","item":"https:\/\/cookking.online\/parduotuve\/"},{"@type":"ListItem","position":3,"name":"Suncraft SENZO TWISTED OCTAGON Chef peilis 240 mm TO-06"}]},{"@type":"WebSite","@id":"https:\/\/cookking.online\/#website","url":"https:\/\/cookking.online\/","name":"Cookking.online","description":"","publisher":{"@id":"https:\/\/cookking.online\/#organization"},"potentialAction":[{"@type":"SearchAction","target":{"@type":"EntryPoint","urlTemplate":"https:\/\/cookking.online\/?s={search_term_string}"},"query-input":{"@type":"PropertyValueSpecification","valueRequired":true,"valueName":"search_term_string"}}],"inLanguage":"en-US"},{"@type":"Organization","@id":"https:\/\/cookking.online\/#organization","name":"Cookking.online","url":"https:\/\/cookking.online\/","logo":{"@type":"ImageObject","inLanguage":"en-US","@id":"https:\/\/cookking.online\/#\/schema\/logo\/image\/","url":"https:\/\/cookking.online\/wp-content\/uploads\/2021\/11\/Logo.png","contentUrl":"https:\/\/cookking.online\/wp-content\/uploads\/2021\/11\/Logo.png","width":291,"height":100,"caption":"Cookking.online"},"image":{"@id":"https:\/\/cookking.online\/#\/schema\/logo\/image\/"}}]}},"_links":{"self":[{"href":"https:\/\/cookking.online\/en\/wp-json\/wp\/v2\/product\/8247","targetHints":{"allow":["GET"]}}],"collection":[{"href":"https:\/\/cookking.online\/en\/wp-json\/wp\/v2\/product"}],"about":[{"href":"https:\/\/cookking.online\/en\/wp-json\/wp\/v2\/types\/product"}],"wp:featuredmedia":[{"embeddable":true,"href":"https:\/\/cookking.online\/en\/wp-json\/wp\/v2\/media\/8248"}],"wp:attachment":[{"href":"https:\/\/cookking.online\/en\/wp-json\/wp\/v2\/media?parent=8247"}],"wp:term":[{"taxonomy":"product_brand","embeddable":true,"href":"https:\/\/cookking.online\/en\/wp-json\/wp\/v2\/product_brand?post=8247"},{"taxonomy":"product_cat","embeddable":true,"href":"https:\/\/cookking.online\/en\/wp-json\/wp\/v2\/product_cat?post=8247"},{"taxonomy":"product_tag","embeddable":true,"href":"https:\/\/cookking.online\/en\/wp-json\/wp\/v2\/product_tag?post=8247"}],"curies":[{"name":"wp","href":"https:\/\/api.w.org\/{rel}","templated":true}]}}