{"id":8282,"date":"2026-03-10T12:30:24","date_gmt":"2026-03-10T09:30:24","guid":{"rendered":"https:\/\/cookking.online\/?post_type=product&#038;p=8282"},"modified":"2026-03-10T12:30:24","modified_gmt":"2026-03-10T09:30:24","slug":"suncraft-senzo-universal-virtuvinis-peilis-240mm-ft-05","status":"publish","type":"product","link":"https:\/\/cookking.online\/en\/katalogas\/peiliai\/suncraft-senzo-universal-virtuvinis-peilis-240mm-ft-05\/","title":{"rendered":"Suncraft SENZO UNIVERSAL virtuvinis peilis 240mm FT-05"},"content":{"rendered":"<h4>Suncraft SENZO UNIVERSAL virtuvinis peilis 240mm FT-05<\/h4>\n<p><span style=\"vertical-align: inherit;\"><span style=\"vertical-align: inherit;\">Pjaustymo peilis yra didesnis porcijavimo peilio brolis. <\/span><span style=\"vertical-align: inherit;\">Jis naudojamas tiek porcijoms, tiek grie\u017ein\u0117li\u0173 pjaustymui. <\/span><span style=\"vertical-align: inherit;\">Dirbant su juo reik\u0117t\u0173 naudoti traukimo grie\u017ein\u0117lio technik\u0105 (sau sau), kuri suteikia esteti\u0161kiausi\u0105 efekt\u0105.<\/span><\/span><\/p>\n<p style=\"text-align: justify;\"><strong><span style=\"vertical-align: inherit;\"><span style=\"vertical-align: inherit;\">SENZO Universal<\/span><\/span><\/strong><span style=\"vertical-align: inherit;\"><span style=\"vertical-align: inherit;\"> peili\u0173 linija\u00a0 <\/span><span style=\"vertical-align: inherit;\">\u00a0buvo sukurta atsi\u017evelgiant \u012f poreikius, kuriuos\u00a0 <\/span><\/span><strong><span style=\"vertical-align: inherit;\"><span style=\"vertical-align: inherit;\">SUNCRAFT<\/span><\/span><\/strong><span style=\"vertical-align: inherit;\"><span style=\"vertical-align: inherit;\"> prane\u0161\u0117 \u00a0profesional\u016bs vir\u0117jai, ypa\u010d Europos. <\/span><span style=\"vertical-align: inherit;\">Jie yra priprat\u0119 prie tam tikr\u0173 iki \u0161iol naudot\u0173 peili\u0173 savybi\u0173. <\/span><span style=\"vertical-align: inherit;\">Daugelio Senojo \u017eemyno restoran\u0173 \u0161efai prisid\u0117jo prie specialios\u00a0 <\/span><\/span><strong><span style=\"vertical-align: inherit;\"><span style=\"vertical-align: inherit;\">SENZO<\/span><\/span><\/strong><span style=\"vertical-align: inherit;\"><span style=\"vertical-align: inherit;\"> gamini\u0173 serijos suk\u016brimo \u00a0\u2013 su peiliukais su pilnu tang (full tang), \u012ftaisytu rankenoje su knied\u0117mis. <\/span><span style=\"vertical-align: inherit;\">D\u0117l \u0161ios konstrukcijos peilis yra labai gerai subalansuotas ir tvirtai laikosi rankoje, o svarbiausia \u2013 itin patvarus. <\/span><span style=\"vertical-align: inherit;\">\u201eSuncraft\u00a0 <\/span><\/span><strong><span style=\"vertical-align: inherit;\"><span style=\"vertical-align: inherit;\">SENZO UNIVERSAL\u201c<\/span><\/span><\/strong><span style=\"vertical-align: inherit;\"><span style=\"vertical-align: inherit;\"> \u00a0naudoja geriausius Vakar\u0173 pasaulio ra\u0161tus, o papildomai d\u0117l\u00a0 <\/span><\/span><strong><span style=\"vertical-align: inherit;\"><span style=\"vertical-align: inherit;\">33 sluoksni\u0173<\/span><\/span><\/strong><span style=\"vertical-align: inherit;\"><span style=\"vertical-align: inherit;\"> \u00a0plieno panaudojimo, taip vadinama. <\/span><span style=\"vertical-align: inherit;\">Damaskas*, kurio \u0161erdis yra\u00a0 <\/span><\/span><strong><span style=\"vertical-align: inherit;\"><span style=\"vertical-align: inherit;\">VG-10<\/span><\/span><\/strong><span style=\"vertical-align: inherit;\"><span style=\"vertical-align: inherit;\"> plienas ** \u0161ios serijos peiliai yra i\u0161skirtinai patvar\u016bs, o j\u0173 a\u0161menys atspar\u016bs dilimui. <\/span><span style=\"vertical-align: inherit;\">A\u0161men\u0173 stambiu planu matomas \u201esvyravimo\u201c efektas siejamas su samuraj\u0173 kardais. <\/span><span style=\"vertical-align: inherit;\">Kaltas ra\u0161tas ne tik atrodo patraukliai, bet ir neleid\u017eia nupjautiems gaminiams prilipti prie a\u0161men\u0173. <\/span><span style=\"vertical-align: inherit;\">Kaip ir kit\u0173\u00a0 <\/span><\/span><strong><span style=\"vertical-align: inherit;\"><span style=\"vertical-align: inherit;\">SUNCRAFT SENZO peili\u0173 , <\/span><\/span><\/strong><strong><span style=\"vertical-align: inherit;\"><span style=\"vertical-align: inherit;\">UNIVERSAL<\/span><\/span><\/strong><span style=\"vertical-align: inherit;\"><span style=\"vertical-align: inherit;\"> linijos rankenos\u00a0 pagamintos i\u0161 <\/span><span style=\"vertical-align: inherit;\">rudos spalvos <\/span><\/span><strong><span style=\"vertical-align: inherit;\"><span style=\"vertical-align: inherit;\">Pakkawood<\/span><\/span><\/strong><span style=\"vertical-align: inherit;\"><span style=\"vertical-align: inherit;\"> *** \u00a0, kuris yra itin atsparus virtuv\u0117s s\u0105lygoms\u00a0 .<\/span><\/span><\/p>\n<p style=\"text-align: justify;\"><span style=\"vertical-align: inherit;\"><span style=\"vertical-align: inherit;\">* <\/span><\/span><strong><span style=\"vertical-align: inherit;\"><span style=\"vertical-align: inherit;\">Damasko plienas<\/span><\/span><\/strong><span style=\"vertical-align: inherit;\"><span style=\"vertical-align: inherit;\"> \u00a0\u2013 \u0161iuolaikinis vadinamasis <\/span><span style=\"vertical-align: inherit;\">Damasko plien\u0105 sudaro vienas ant kito einantys itin ploni ner\u016bdijan\u010dio plieno lak\u0161tai, kuri\u0173 viduriniai 25% lak\u0161t\u0173 vadinami \u0161erdimi, o likusieji 75% sudaro skirtingo kietumo lak\u0161tai \u2013 kintami \u0161velnaus ir kieto plieno sluoksniai. . <\/span><span style=\"vertical-align: inherit;\">D\u0117l to ant peilio pavir\u0161iaus sukuriamas \u201ebanguotas\u201c efektas.<\/span><\/span><\/p>\n<p style=\"text-align: justify;\"><strong><span style=\"vertical-align: inherit;\"><span style=\"vertical-align: inherit;\">**VG-10 plienas,<\/span><\/span><\/strong><span style=\"vertical-align: inherit;\"><span style=\"vertical-align: inherit;\"> \u00a0\u0161is plieno tipas buvo laikomas geriausiu virtuvini\u0173 peili\u0173 gamybai. <\/span><span style=\"vertical-align: inherit;\">Vir\u0117jai vertina ir gra\u017e\u0173 peili\u0173 i\u0161 VG-10 dizain\u0105, ir i\u0161skirtin\u012f j\u0173 patvarum\u0105. <\/span><span style=\"vertical-align: inherit;\">VG-10 yra didelio kietumo med\u017eiaga, pagal HRC skal\u0119 jos vert\u0117 yra\u00a0 <\/span><\/span><strong><span style=\"vertical-align: inherit;\"><span style=\"vertical-align: inherit;\">HRC 60<\/span><\/span><\/strong><span style=\"vertical-align: inherit;\"><span style=\"vertical-align: inherit;\"> . <\/span><span style=\"vertical-align: inherit;\">D\u0117l \u0161ios prie\u017easties i\u0161 jo pagaminti peiliai yra itin a\u0161tr\u016bs ir labai atspar\u016bs trin\u010diai.<\/span><\/span><\/p>\n<p style=\"text-align: justify;\"><strong><span style=\"vertical-align: inherit;\"><span style=\"vertical-align: inherit;\">***Pakkawood<\/span><\/span><\/strong><span style=\"vertical-align: inherit;\"><span style=\"vertical-align: inherit;\"> \u00a0\u2013 tai laminuota ber\u017eo arba klevo mediena, impregnuota derva. <\/span><span style=\"vertical-align: inherit;\">Jis pasi\u017eymi labai dideliu atsparumu kar\u0161\u010diui ir dr\u0117gmei ir buvo sukurtas specialiai peili\u0173 rankenoms.\u00a0<\/span><\/span><\/p>\n<h4><span style=\"vertical-align: inherit;\"><span style=\"vertical-align: inherit;\">Suncraft SENZO UNIVERSAL virtuvinis peilis 240mm FT-05 Techniniai duomenys:<\/span><\/span><\/h4>\n<p><strong><span style=\"vertical-align: inherit;\"><span style=\"vertical-align: inherit;\">A\u0161menys \u2013<\/span><\/span><\/strong><span style=\"vertical-align: inherit;\"><span style=\"vertical-align: inherit;\"> \u00a033 sluoksni\u0173 plienas, VG-10 \u0161erdis\u00a0<\/span><\/span><\/p>\n<p><strong><span style=\"vertical-align: inherit;\"><span style=\"vertical-align: inherit;\">Kietumas \u2013<\/span><\/span><\/strong><span style=\"vertical-align: inherit;\"><span style=\"vertical-align: inherit;\"> \u00a060 HRC +\/- 1<\/span><\/span><\/p>\n<p><strong><span style=\"vertical-align: inherit;\"><span style=\"vertical-align: inherit;\">Visas ilgis &#8211;<\/span><\/span><\/strong><span style=\"vertical-align: inherit;\"><span style=\"vertical-align: inherit;\"> \u00a0370 mm<\/span><\/span><\/p>\n<p><strong><span style=\"vertical-align: inherit;\"><span style=\"vertical-align: inherit;\">A\u0161men\u0173 ilgis\u00a0<\/span><\/span><\/strong><span style=\"vertical-align: inherit;\"><span style=\"vertical-align: inherit;\"> &#8211; 240 mm<\/span><\/span><\/p>\n<p><strong><span style=\"vertical-align: inherit;\"><span style=\"vertical-align: inherit;\">Rankena &#8211;<\/span><\/span><\/strong><span style=\"vertical-align: inherit;\"><span style=\"vertical-align: inherit;\"> \u00a0rudas pakkawood<\/span><\/span><\/p>\n<p><strong><span style=\"vertical-align: inherit;\"><span style=\"vertical-align: inherit;\">Svoris &#8211;<\/span><\/span><\/strong><span style=\"vertical-align: inherit;\"><span style=\"vertical-align: inherit;\"> \u00a0apie 170 g<\/span><\/span><\/p>","protected":false},"excerpt":{"rendered":"<p><span style=\"vertical-align: inherit;\"><span style=\"vertical-align: inherit;\">Sud\u0117tinga \u201eSuncraft\u201c peili\u0173 serija, kurioje tradicinis europieti\u0161kos rankenos dizainas derinamas su kalama gele\u017ete, pagaminta i\u0161 33 sluoksni\u0173 Damasko plieno. <\/span><span style=\"vertical-align: inherit;\">Peilio \u0161erdis yra puikus VG-10 plienas, gr\u016bdintas iki 60 HRC. <\/span><span style=\"vertical-align: inherit;\">\u0160ilta ruda pakamed\u017eio rankena.<\/span><\/span><\/p>","protected":false},"featured_media":8283,"template":"","meta":[],"product_brand":[],"product_cat":[119],"product_tag":[121],"class_list":{"0":"post-8282","1":"product","2":"type-product","3":"status-publish","4":"has-post-thumbnail","6":"product_cat-peiliai","7":"product_tag-suncraft","9":"first","10":"instock","11":"taxable","12":"shipping-taxable","13":"purchasable","14":"product-type-simple"},"yoast_head":"<!-- This site is optimized with the Yoast SEO plugin v27.3 - https:\/\/yoast.com\/product\/yoast-seo-wordpress\/ -->\n<title>Suncraft SENZO UNIVERSAL virtuvinis peilis 240mm FT-05 - Cookking.online<\/title>\n<meta name=\"description\" content=\"Suncraft SENZO UNIVERSAL virtuvinis peilis 240mm FT-05 Auk\u0161\u010diausios kokyb\u0117s \u012franga gaminimui, kepimui ant groteli\u0173 ir r\u016bkymui lauke.\" \/>\n<meta name=\"robots\" content=\"index, follow, max-snippet:-1, max-image-preview:large, max-video-preview:-1\" \/>\n<link rel=\"canonical\" href=\"https:\/\/cookking.online\/en\/katalogas\/peiliai\/suncraft-senzo-universal-virtuvinis-peilis-240mm-ft-05\/\" \/>\n<meta property=\"og:locale\" content=\"en_US\" \/>\n<meta property=\"og:type\" content=\"article\" \/>\n<meta property=\"og:title\" content=\"Suncraft SENZO UNIVERSAL virtuvinis peilis 240mm FT-05 - Cookking.online\" \/>\n<meta property=\"og:description\" content=\"Suncraft SENZO UNIVERSAL virtuvinis peilis 240mm FT-05 Auk\u0161\u010diausios kokyb\u0117s \u012franga gaminimui, kepimui ant groteli\u0173 ir r\u016bkymui lauke.\" \/>\n<meta property=\"og:url\" content=\"https:\/\/cookking.online\/en\/katalogas\/peiliai\/suncraft-senzo-universal-virtuvinis-peilis-240mm-ft-05\/\" \/>\n<meta property=\"og:site_name\" content=\"Cookking.online\" \/>\n<meta property=\"og:image\" content=\"https:\/\/cookking.online\/wp-content\/uploads\/2024\/01\/3657_7.webp\" \/>\n\t<meta property=\"og:image:width\" content=\"1080\" \/>\n\t<meta property=\"og:image:height\" content=\"1440\" \/>\n\t<meta property=\"og:image:type\" content=\"image\/webp\" \/>\n<meta name=\"twitter:card\" content=\"summary_large_image\" \/>\n<meta name=\"twitter:label1\" content=\"Est. reading time\" \/>\n\t<meta name=\"twitter:data1\" content=\"3 minutes\" \/>\n<script type=\"application\/ld+json\" class=\"yoast-schema-graph\">{\"@context\":\"https:\\\/\\\/schema.org\",\"@graph\":[{\"@type\":\"WebPage\",\"@id\":\"https:\\\/\\\/cookking.online\\\/katalogas\\\/peiliai\\\/suncraft-senzo-universal-virtuvinis-peilis-240mm-ft-05\\\/\",\"url\":\"https:\\\/\\\/cookking.online\\\/katalogas\\\/peiliai\\\/suncraft-senzo-universal-virtuvinis-peilis-240mm-ft-05\\\/\",\"name\":\"Suncraft SENZO UNIVERSAL virtuvinis peilis 240mm FT-05 - Cookking.online\",\"isPartOf\":{\"@id\":\"https:\\\/\\\/cookking.online\\\/#website\"},\"primaryImageOfPage\":{\"@id\":\"https:\\\/\\\/cookking.online\\\/katalogas\\\/peiliai\\\/suncraft-senzo-universal-virtuvinis-peilis-240mm-ft-05\\\/#primaryimage\"},\"image\":{\"@id\":\"https:\\\/\\\/cookking.online\\\/katalogas\\\/peiliai\\\/suncraft-senzo-universal-virtuvinis-peilis-240mm-ft-05\\\/#primaryimage\"},\"thumbnailUrl\":\"https:\\\/\\\/cookking.online\\\/wp-content\\\/uploads\\\/2024\\\/01\\\/3657_7.webp\",\"datePublished\":\"2026-03-10T09:30:24+00:00\",\"description\":\"Suncraft SENZO UNIVERSAL virtuvinis peilis 240mm FT-05 Auk\u0161\u010diausios kokyb\u0117s \u012franga gaminimui, kepimui ant groteli\u0173 ir r\u016bkymui lauke.\",\"breadcrumb\":{\"@id\":\"https:\\\/\\\/cookking.online\\\/katalogas\\\/peiliai\\\/suncraft-senzo-universal-virtuvinis-peilis-240mm-ft-05\\\/#breadcrumb\"},\"inLanguage\":\"en-US\",\"potentialAction\":[{\"@type\":\"ReadAction\",\"target\":[\"https:\\\/\\\/cookking.online\\\/katalogas\\\/peiliai\\\/suncraft-senzo-universal-virtuvinis-peilis-240mm-ft-05\\\/\"]}]},{\"@type\":\"ImageObject\",\"inLanguage\":\"en-US\",\"@id\":\"https:\\\/\\\/cookking.online\\\/katalogas\\\/peiliai\\\/suncraft-senzo-universal-virtuvinis-peilis-240mm-ft-05\\\/#primaryimage\",\"url\":\"https:\\\/\\\/cookking.online\\\/wp-content\\\/uploads\\\/2024\\\/01\\\/3657_7.webp\",\"contentUrl\":\"https:\\\/\\\/cookking.online\\\/wp-content\\\/uploads\\\/2024\\\/01\\\/3657_7.webp\",\"width\":1080,\"height\":1440,\"caption\":\"Suncraft SENZO UNIVERSAL virtuvinis peilis 240mm FT-05\"},{\"@type\":\"BreadcrumbList\",\"@id\":\"https:\\\/\\\/cookking.online\\\/katalogas\\\/peiliai\\\/suncraft-senzo-universal-virtuvinis-peilis-240mm-ft-05\\\/#breadcrumb\",\"itemListElement\":[{\"@type\":\"ListItem\",\"position\":1,\"name\":\"Prad\u017eia\",\"item\":\"https:\\\/\\\/cookking.online\\\/\"},{\"@type\":\"ListItem\",\"position\":2,\"name\":\"Parduotuv\u0117\",\"item\":\"https:\\\/\\\/cookking.online\\\/parduotuve\\\/\"},{\"@type\":\"ListItem\",\"position\":3,\"name\":\"Suncraft SENZO UNIVERSAL virtuvinis peilis 240mm FT-05\"}]},{\"@type\":\"WebSite\",\"@id\":\"https:\\\/\\\/cookking.online\\\/#website\",\"url\":\"https:\\\/\\\/cookking.online\\\/\",\"name\":\"Cookking.online\",\"description\":\"\",\"publisher\":{\"@id\":\"https:\\\/\\\/cookking.online\\\/#organization\"},\"potentialAction\":[{\"@type\":\"SearchAction\",\"target\":{\"@type\":\"EntryPoint\",\"urlTemplate\":\"https:\\\/\\\/cookking.online\\\/?s={search_term_string}\"},\"query-input\":{\"@type\":\"PropertyValueSpecification\",\"valueRequired\":true,\"valueName\":\"search_term_string\"}}],\"inLanguage\":\"en-US\"},{\"@type\":\"Organization\",\"@id\":\"https:\\\/\\\/cookking.online\\\/#organization\",\"name\":\"Cookking.online\",\"url\":\"https:\\\/\\\/cookking.online\\\/\",\"logo\":{\"@type\":\"ImageObject\",\"inLanguage\":\"en-US\",\"@id\":\"https:\\\/\\\/cookking.online\\\/#\\\/schema\\\/logo\\\/image\\\/\",\"url\":\"https:\\\/\\\/cookking.online\\\/wp-content\\\/uploads\\\/2021\\\/11\\\/Logo.png\",\"contentUrl\":\"https:\\\/\\\/cookking.online\\\/wp-content\\\/uploads\\\/2021\\\/11\\\/Logo.png\",\"width\":291,\"height\":100,\"caption\":\"Cookking.online\"},\"image\":{\"@id\":\"https:\\\/\\\/cookking.online\\\/#\\\/schema\\\/logo\\\/image\\\/\"}}]}<\/script>\n<!-- \/ Yoast SEO plugin. -->","yoast_head_json":{"title":"Suncraft SENZO UNIVERSAL virtuvinis peilis 240mm FT-05 - Cookking.online","description":"Suncraft SENZO UNIVERSAL virtuvinis peilis 240mm FT-05 Auk\u0161\u010diausios kokyb\u0117s \u012franga gaminimui, kepimui ant groteli\u0173 ir r\u016bkymui lauke.","robots":{"index":"index","follow":"follow","max-snippet":"max-snippet:-1","max-image-preview":"max-image-preview:large","max-video-preview":"max-video-preview:-1"},"canonical":"https:\/\/cookking.online\/en\/katalogas\/peiliai\/suncraft-senzo-universal-virtuvinis-peilis-240mm-ft-05\/","og_locale":"en_US","og_type":"article","og_title":"Suncraft SENZO UNIVERSAL virtuvinis peilis 240mm FT-05 - Cookking.online","og_description":"Suncraft SENZO UNIVERSAL virtuvinis peilis 240mm FT-05 Auk\u0161\u010diausios kokyb\u0117s \u012franga gaminimui, kepimui ant groteli\u0173 ir r\u016bkymui lauke.","og_url":"https:\/\/cookking.online\/en\/katalogas\/peiliai\/suncraft-senzo-universal-virtuvinis-peilis-240mm-ft-05\/","og_site_name":"Cookking.online","og_image":[{"width":1080,"height":1440,"url":"https:\/\/cookking.online\/wp-content\/uploads\/2024\/01\/3657_7.webp","type":"image\/webp"}],"twitter_card":"summary_large_image","twitter_misc":{"Est. reading time":"3 minutes"},"schema":{"@context":"https:\/\/schema.org","@graph":[{"@type":"WebPage","@id":"https:\/\/cookking.online\/katalogas\/peiliai\/suncraft-senzo-universal-virtuvinis-peilis-240mm-ft-05\/","url":"https:\/\/cookking.online\/katalogas\/peiliai\/suncraft-senzo-universal-virtuvinis-peilis-240mm-ft-05\/","name":"Suncraft SENZO UNIVERSAL virtuvinis peilis 240mm FT-05 - Cookking.online","isPartOf":{"@id":"https:\/\/cookking.online\/#website"},"primaryImageOfPage":{"@id":"https:\/\/cookking.online\/katalogas\/peiliai\/suncraft-senzo-universal-virtuvinis-peilis-240mm-ft-05\/#primaryimage"},"image":{"@id":"https:\/\/cookking.online\/katalogas\/peiliai\/suncraft-senzo-universal-virtuvinis-peilis-240mm-ft-05\/#primaryimage"},"thumbnailUrl":"https:\/\/cookking.online\/wp-content\/uploads\/2024\/01\/3657_7.webp","datePublished":"2026-03-10T09:30:24+00:00","description":"Suncraft SENZO UNIVERSAL virtuvinis peilis 240mm FT-05 Auk\u0161\u010diausios kokyb\u0117s \u012franga gaminimui, kepimui ant groteli\u0173 ir r\u016bkymui lauke.","breadcrumb":{"@id":"https:\/\/cookking.online\/katalogas\/peiliai\/suncraft-senzo-universal-virtuvinis-peilis-240mm-ft-05\/#breadcrumb"},"inLanguage":"en-US","potentialAction":[{"@type":"ReadAction","target":["https:\/\/cookking.online\/katalogas\/peiliai\/suncraft-senzo-universal-virtuvinis-peilis-240mm-ft-05\/"]}]},{"@type":"ImageObject","inLanguage":"en-US","@id":"https:\/\/cookking.online\/katalogas\/peiliai\/suncraft-senzo-universal-virtuvinis-peilis-240mm-ft-05\/#primaryimage","url":"https:\/\/cookking.online\/wp-content\/uploads\/2024\/01\/3657_7.webp","contentUrl":"https:\/\/cookking.online\/wp-content\/uploads\/2024\/01\/3657_7.webp","width":1080,"height":1440,"caption":"Suncraft SENZO UNIVERSAL virtuvinis peilis 240mm FT-05"},{"@type":"BreadcrumbList","@id":"https:\/\/cookking.online\/katalogas\/peiliai\/suncraft-senzo-universal-virtuvinis-peilis-240mm-ft-05\/#breadcrumb","itemListElement":[{"@type":"ListItem","position":1,"name":"Prad\u017eia","item":"https:\/\/cookking.online\/"},{"@type":"ListItem","position":2,"name":"Parduotuv\u0117","item":"https:\/\/cookking.online\/parduotuve\/"},{"@type":"ListItem","position":3,"name":"Suncraft SENZO UNIVERSAL virtuvinis peilis 240mm FT-05"}]},{"@type":"WebSite","@id":"https:\/\/cookking.online\/#website","url":"https:\/\/cookking.online\/","name":"Cookking.online","description":"","publisher":{"@id":"https:\/\/cookking.online\/#organization"},"potentialAction":[{"@type":"SearchAction","target":{"@type":"EntryPoint","urlTemplate":"https:\/\/cookking.online\/?s={search_term_string}"},"query-input":{"@type":"PropertyValueSpecification","valueRequired":true,"valueName":"search_term_string"}}],"inLanguage":"en-US"},{"@type":"Organization","@id":"https:\/\/cookking.online\/#organization","name":"Cookking.online","url":"https:\/\/cookking.online\/","logo":{"@type":"ImageObject","inLanguage":"en-US","@id":"https:\/\/cookking.online\/#\/schema\/logo\/image\/","url":"https:\/\/cookking.online\/wp-content\/uploads\/2021\/11\/Logo.png","contentUrl":"https:\/\/cookking.online\/wp-content\/uploads\/2021\/11\/Logo.png","width":291,"height":100,"caption":"Cookking.online"},"image":{"@id":"https:\/\/cookking.online\/#\/schema\/logo\/image\/"}}]}},"_links":{"self":[{"href":"https:\/\/cookking.online\/en\/wp-json\/wp\/v2\/product\/8282","targetHints":{"allow":["GET"]}}],"collection":[{"href":"https:\/\/cookking.online\/en\/wp-json\/wp\/v2\/product"}],"about":[{"href":"https:\/\/cookking.online\/en\/wp-json\/wp\/v2\/types\/product"}],"wp:featuredmedia":[{"embeddable":true,"href":"https:\/\/cookking.online\/en\/wp-json\/wp\/v2\/media\/8283"}],"wp:attachment":[{"href":"https:\/\/cookking.online\/en\/wp-json\/wp\/v2\/media?parent=8282"}],"wp:term":[{"taxonomy":"product_brand","embeddable":true,"href":"https:\/\/cookking.online\/en\/wp-json\/wp\/v2\/product_brand?post=8282"},{"taxonomy":"product_cat","embeddable":true,"href":"https:\/\/cookking.online\/en\/wp-json\/wp\/v2\/product_cat?post=8282"},{"taxonomy":"product_tag","embeddable":true,"href":"https:\/\/cookking.online\/en\/wp-json\/wp\/v2\/product_tag?post=8282"}],"curies":[{"name":"wp","href":"https:\/\/api.w.org\/{rel}","templated":true}]}}