{"id":8328,"date":"2026-03-10T12:30:26","date_gmt":"2026-03-10T09:30:26","guid":{"rendered":"https:\/\/cookking.online\/?post_type=product&#038;p=8328"},"modified":"2026-03-10T12:30:26","modified_gmt":"2026-03-10T09:30:26","slug":"suncraft-senzo-clad-paring-peilis-90mm-as-06","status":"publish","type":"product","link":"https:\/\/cookking.online\/en\/katalogas\/peiliai\/suncraft-senzo-clad-paring-peilis-90mm-as-06\/","title":{"rendered":"Suncraft SENZO CLAD Paring peilis 90mm AS-06"},"content":{"rendered":"<h4>Suncraft SENZO CLAD Paring peilis 90mm AS-06<\/h4>\n<p><span style=\"vertical-align: inherit;\"><span style=\"vertical-align: inherit;\">Pjovimas \u2013 tai lupimo peilis, bet ir smulkmen\u0173 bei kiek sud\u0117tingesni\u0173 darb\u0173 specialistas, praver\u010dia ten, kur reikia trumpo, a\u0161traus a\u0161men\u0173.\u00a0<\/span><\/span><\/p>\n<p><strong><span style=\"vertical-align: inherit;\"><span style=\"vertical-align: inherit;\">Likimas:<\/span><\/span><\/strong><\/p>\n<ul>\n<li><span style=\"vertical-align: inherit;\"><span style=\"vertical-align: inherit;\">smulkinimas<\/span><\/span><\/li>\n<li><span style=\"vertical-align: inherit;\"><span style=\"vertical-align: inherit;\">lupimasis<\/span><\/span><\/li>\n<li><span style=\"vertical-align: inherit;\"><span style=\"vertical-align: inherit;\">gr\u0119\u017eimas<\/span><\/span><\/li>\n<li><span style=\"vertical-align: inherit;\"><span style=\"vertical-align: inherit;\">pa\u0161alinti akis nuo bulvi\u0173<\/span><\/span><\/li>\n<\/ul>\n<p style=\"text-align: justify;\"><strong><span style=\"vertical-align: inherit;\"><span style=\"vertical-align: inherit;\">SENZO CLAD &#8211; unikali <\/span><\/span><\/strong><strong><span style=\"vertical-align: inherit;\"><span style=\"vertical-align: inherit;\">SUNCRAFT<\/span><\/span><\/strong><span style=\"vertical-align: inherit;\"><span style=\"vertical-align: inherit;\"> \u00a0produkt\u0173 linija\u00a0 <\/span><span style=\"vertical-align: inherit;\">. <\/span><span style=\"vertical-align: inherit;\">\u0160ios serijos peili\u0173 a\u0161menys pagaminti i\u0161 plakiruoto 3 sluoksni\u0173\u00a0 <\/span><\/span><strong><span style=\"vertical-align: inherit;\"><span style=\"vertical-align: inherit;\">AUS-10<\/span><\/span><\/strong><span style=\"vertical-align: inherit;\"><span style=\"vertical-align: inherit;\"> plieno . <\/span><span style=\"vertical-align: inherit;\">Tai kieta med\u017eiaga ( <\/span><\/span><strong><span style=\"vertical-align: inherit;\"><span style=\"vertical-align: inherit;\">HRC 58<\/span><\/span><\/strong><span style=\"vertical-align: inherit;\"><span style=\"vertical-align: inherit;\"> \u00a0+\/-1), kurios anglies kiekis yra toks pat kaip\u00a0 <\/span><\/span><strong><span style=\"vertical-align: inherit;\"><span style=\"vertical-align: inherit;\">440C<\/span><\/span><\/strong><span style=\"vertical-align: inherit;\"><span style=\"vertical-align: inherit;\"> plienas , bet ma\u017eiau chromo. <\/span><span style=\"vertical-align: inherit;\">D\u0117l to peiliai i\u0161\u00a0 <\/span><\/span><strong><span style=\"vertical-align: inherit;\"><span style=\"vertical-align: inherit;\">AUS-10<\/span><\/span><\/strong><span style=\"vertical-align: inherit;\"><span style=\"vertical-align: inherit;\"> plieno \u00a0yra atsparesni korozijai ir ilgaam\u017ei\u0161kesni. <\/span><span style=\"vertical-align: inherit;\">\u012e lydin\u012f prid\u0117jus vanad\u017eio,\u00a0 <\/span><span style=\"vertical-align: inherit;\">\u00a0suma\u017e\u0117jo <\/span><\/span><strong><span style=\"vertical-align: inherit;\"><span style=\"vertical-align: inherit;\">SENZO CLAD serijos peili\u0173 jautrumas dilimui.<\/span><\/span><\/strong><\/p>\n<p style=\"text-align: justify;\"><strong><span style=\"vertical-align: inherit;\"><span style=\"vertical-align: inherit;\">SENZO CLAD<\/span><\/span><\/strong><span style=\"vertical-align: inherit;\"><span style=\"vertical-align: inherit;\"> linijos a\u0161menys\u00a0 <\/span><span style=\"vertical-align: inherit;\">, pana\u0161iai kaip\u00a0 <\/span><\/span><strong><span style=\"vertical-align: inherit;\"><span style=\"vertical-align: inherit;\">SENZO UNIVERSAL<\/span><\/span><\/strong><span style=\"vertical-align: inherit;\"><span style=\"vertical-align: inherit;\"> , turi piln\u0105 \u012ftamp\u0105, \u012fterpt\u0105 \u012f peilio ranken\u0105 su knied\u0117mis. <\/span><span style=\"vertical-align: inherit;\">D\u0117l to \u012frankio rankena yra saugi ir puikiai subalansuota, pjaunant, pjaustant ir \u0161lifuojant produktus j\u0117ga, kuri puikiai atitinka vir\u0117jo rankos spaudim\u0105.<\/span><\/span><\/p>\n<p style=\"text-align: justify;\"><span style=\"vertical-align: inherit;\"><span style=\"vertical-align: inherit;\">\u0160ios serijos gamini\u0173 rankenos pagamintos i\u0161\u00a0 <\/span><span style=\"vertical-align: inherit;\">juodmed\u017eio spalvos\u00a0 <\/span><\/span><strong><span style=\"vertical-align: inherit;\"><span style=\"vertical-align: inherit;\">Pakkawood *.<\/span><\/span><\/strong><\/p>\n<p style=\"text-align: justify;\"><strong><span style=\"vertical-align: inherit;\"><span style=\"vertical-align: inherit;\">*Pakkawood<\/span><\/span><\/strong><span style=\"vertical-align: inherit;\"><span style=\"vertical-align: inherit;\"> \u00a0\u2013 tai laminuota ber\u017eo arba klevo mediena, impregnuota derva. <\/span><span style=\"vertical-align: inherit;\">Jis pasi\u017eymi labai dideliu atsparumu kar\u0161\u010diui ir dr\u0117gmei ir buvo sukurtas specialiai peili\u0173 rankenoms.\u00a0\u00a0<\/span><\/span><\/p>\n<h4><span style=\"vertical-align: inherit;\"><span style=\"vertical-align: inherit;\">Suncraft SENZO CLAD Paring peilis 90mm AS-06 Techniniai duomenys:<\/span><\/span><\/h4>\n<p><strong><span style=\"vertical-align: inherit;\"><span style=\"vertical-align: inherit;\">A\u0161menys &#8211;<\/span><\/span><\/strong><span style=\"vertical-align: inherit;\"><span style=\"vertical-align: inherit;\"> \u00a0\u00a0AUS-10 plieno<\/span><\/span><\/p>\n<p><strong><span style=\"vertical-align: inherit;\"><span style=\"vertical-align: inherit;\">Kietumas \u2013<\/span><\/span><\/strong><span style=\"vertical-align: inherit;\"><span style=\"vertical-align: inherit;\"> \u00a058 HRC +\/- 1<\/span><\/span><\/p>\n<p><strong><span style=\"vertical-align: inherit;\"><span style=\"vertical-align: inherit;\">Visas ilgis &#8211;<\/span><\/span><\/strong><span style=\"vertical-align: inherit;\"><span style=\"vertical-align: inherit;\"> \u00a0203 mm<\/span><\/span><\/p>\n<p><strong><span style=\"vertical-align: inherit;\"><span style=\"vertical-align: inherit;\">A\u0161men\u0173 ilgis\u00a0<\/span><\/span><\/strong><span style=\"vertical-align: inherit;\"><span style=\"vertical-align: inherit;\"> &#8211; 90 mm<\/span><\/span><\/p>\n<p><strong><span style=\"vertical-align: inherit;\"><span style=\"vertical-align: inherit;\">Rankena &#8211;<\/span><\/span><\/strong><span style=\"vertical-align: inherit;\"><span style=\"vertical-align: inherit;\"> \u00a0rudas pakkawood<\/span><\/span><\/p>\n<p><strong><span style=\"vertical-align: inherit;\"><span style=\"vertical-align: inherit;\">Svoris &#8211;<\/span><\/span><\/strong><span style=\"vertical-align: inherit;\"><span style=\"vertical-align: inherit;\"> \u00a0apie 78 g<\/span><\/span><\/p>","protected":false},"excerpt":{"rendered":"<p><span style=\"vertical-align: inherit;\"><span style=\"vertical-align: inherit;\">Eleganti\u0161ka Suncraft peili\u0173 serija, jungianti tradicin\u012f, europieti\u0161k\u0105 rankenos dizain\u0105 su 3 sluoksni\u0173 dekoratyviniu peiliuku, ant kurio kra\u0161to matosi linija, vadinama Katana-edge. <\/span><span style=\"vertical-align: inherit;\">\u0160erdis pagamintas i\u0161 AUS-10 plieno ir gr\u016bdintas iki 58 HRC.<\/span><\/span><\/p>","protected":false},"featured_media":8329,"template":"","meta":[],"product_brand":[],"product_cat":[119],"product_tag":[121],"class_list":{"0":"post-8328","1":"product","2":"type-product","3":"status-publish","4":"has-post-thumbnail","6":"product_cat-peiliai","7":"product_tag-suncraft","9":"first","10":"instock","11":"taxable","12":"shipping-taxable","13":"purchasable","14":"product-type-simple"},"yoast_head":"<!-- This site is optimized with the Yoast SEO plugin v27.3 - https:\/\/yoast.com\/product\/yoast-seo-wordpress\/ -->\n<title>Suncraft SENZO CLAD Paring peilis 90mm AS-06 - Cookking.online<\/title>\n<meta name=\"description\" content=\"Suncraft SENZO CLAD Paring peilis 90mm AS-06 Auk\u0161\u010diausios kokyb\u0117s \u012franga gaminimui, kepimui ant groteli\u0173 ir r\u016bkymui lauke. Lau\u017eaviet\u0117s, Trikojai griliui, KETAUS Puodai, Stovai malkoms\" \/>\n<meta name=\"robots\" content=\"index, follow, max-snippet:-1, max-image-preview:large, max-video-preview:-1\" \/>\n<link rel=\"canonical\" href=\"https:\/\/cookking.online\/en\/katalogas\/peiliai\/suncraft-senzo-clad-paring-peilis-90mm-as-06\/\" \/>\n<meta property=\"og:locale\" content=\"en_US\" \/>\n<meta property=\"og:type\" content=\"article\" \/>\n<meta property=\"og:title\" content=\"Suncraft SENZO CLAD Paring peilis 90mm AS-06 - Cookking.online\" \/>\n<meta property=\"og:description\" content=\"Suncraft SENZO CLAD Paring peilis 90mm AS-06 Auk\u0161\u010diausios kokyb\u0117s \u012franga gaminimui, kepimui ant groteli\u0173 ir r\u016bkymui lauke. Lau\u017eaviet\u0117s, Trikojai griliui, KETAUS Puodai, Stovai malkoms\" \/>\n<meta property=\"og:url\" content=\"https:\/\/cookking.online\/en\/katalogas\/peiliai\/suncraft-senzo-clad-paring-peilis-90mm-as-06\/\" \/>\n<meta property=\"og:site_name\" content=\"Cookking.online\" \/>\n<meta property=\"og:image\" content=\"https:\/\/cookking.online\/wp-content\/uploads\/2024\/01\/3665_1.webp\" \/>\n\t<meta property=\"og:image:width\" content=\"1600\" \/>\n\t<meta property=\"og:image:height\" content=\"1600\" \/>\n\t<meta property=\"og:image:type\" content=\"image\/webp\" \/>\n<meta name=\"twitter:card\" content=\"summary_large_image\" \/>\n<meta name=\"twitter:label1\" content=\"Est. reading time\" \/>\n\t<meta name=\"twitter:data1\" content=\"2 minutes\" \/>\n<script type=\"application\/ld+json\" class=\"yoast-schema-graph\">{\"@context\":\"https:\\\/\\\/schema.org\",\"@graph\":[{\"@type\":\"WebPage\",\"@id\":\"https:\\\/\\\/cookking.online\\\/katalogas\\\/peiliai\\\/suncraft-senzo-clad-paring-peilis-90mm-as-06\\\/\",\"url\":\"https:\\\/\\\/cookking.online\\\/katalogas\\\/peiliai\\\/suncraft-senzo-clad-paring-peilis-90mm-as-06\\\/\",\"name\":\"Suncraft SENZO CLAD Paring peilis 90mm AS-06 - Cookking.online\",\"isPartOf\":{\"@id\":\"https:\\\/\\\/cookking.online\\\/#website\"},\"primaryImageOfPage\":{\"@id\":\"https:\\\/\\\/cookking.online\\\/katalogas\\\/peiliai\\\/suncraft-senzo-clad-paring-peilis-90mm-as-06\\\/#primaryimage\"},\"image\":{\"@id\":\"https:\\\/\\\/cookking.online\\\/katalogas\\\/peiliai\\\/suncraft-senzo-clad-paring-peilis-90mm-as-06\\\/#primaryimage\"},\"thumbnailUrl\":\"https:\\\/\\\/cookking.online\\\/wp-content\\\/uploads\\\/2024\\\/01\\\/3665_1.webp\",\"datePublished\":\"2026-03-10T09:30:26+00:00\",\"description\":\"Suncraft SENZO CLAD Paring peilis 90mm AS-06 Auk\u0161\u010diausios kokyb\u0117s \u012franga gaminimui, kepimui ant groteli\u0173 ir r\u016bkymui lauke. Lau\u017eaviet\u0117s, Trikojai griliui, KETAUS Puodai, Stovai malkoms\",\"breadcrumb\":{\"@id\":\"https:\\\/\\\/cookking.online\\\/katalogas\\\/peiliai\\\/suncraft-senzo-clad-paring-peilis-90mm-as-06\\\/#breadcrumb\"},\"inLanguage\":\"en-US\",\"potentialAction\":[{\"@type\":\"ReadAction\",\"target\":[\"https:\\\/\\\/cookking.online\\\/katalogas\\\/peiliai\\\/suncraft-senzo-clad-paring-peilis-90mm-as-06\\\/\"]}]},{\"@type\":\"ImageObject\",\"inLanguage\":\"en-US\",\"@id\":\"https:\\\/\\\/cookking.online\\\/katalogas\\\/peiliai\\\/suncraft-senzo-clad-paring-peilis-90mm-as-06\\\/#primaryimage\",\"url\":\"https:\\\/\\\/cookking.online\\\/wp-content\\\/uploads\\\/2024\\\/01\\\/3665_1.webp\",\"contentUrl\":\"https:\\\/\\\/cookking.online\\\/wp-content\\\/uploads\\\/2024\\\/01\\\/3665_1.webp\",\"width\":1600,\"height\":1600,\"caption\":\"Suncraft SENZO CLAD Paring peilis 90mm AS-06\"},{\"@type\":\"BreadcrumbList\",\"@id\":\"https:\\\/\\\/cookking.online\\\/katalogas\\\/peiliai\\\/suncraft-senzo-clad-paring-peilis-90mm-as-06\\\/#breadcrumb\",\"itemListElement\":[{\"@type\":\"ListItem\",\"position\":1,\"name\":\"Prad\u017eia\",\"item\":\"https:\\\/\\\/cookking.online\\\/\"},{\"@type\":\"ListItem\",\"position\":2,\"name\":\"Parduotuv\u0117\",\"item\":\"https:\\\/\\\/cookking.online\\\/parduotuve\\\/\"},{\"@type\":\"ListItem\",\"position\":3,\"name\":\"Suncraft SENZO CLAD Paring peilis 90mm AS-06\"}]},{\"@type\":\"WebSite\",\"@id\":\"https:\\\/\\\/cookking.online\\\/#website\",\"url\":\"https:\\\/\\\/cookking.online\\\/\",\"name\":\"Cookking.online\",\"description\":\"\",\"publisher\":{\"@id\":\"https:\\\/\\\/cookking.online\\\/#organization\"},\"potentialAction\":[{\"@type\":\"SearchAction\",\"target\":{\"@type\":\"EntryPoint\",\"urlTemplate\":\"https:\\\/\\\/cookking.online\\\/?s={search_term_string}\"},\"query-input\":{\"@type\":\"PropertyValueSpecification\",\"valueRequired\":true,\"valueName\":\"search_term_string\"}}],\"inLanguage\":\"en-US\"},{\"@type\":\"Organization\",\"@id\":\"https:\\\/\\\/cookking.online\\\/#organization\",\"name\":\"Cookking.online\",\"url\":\"https:\\\/\\\/cookking.online\\\/\",\"logo\":{\"@type\":\"ImageObject\",\"inLanguage\":\"en-US\",\"@id\":\"https:\\\/\\\/cookking.online\\\/#\\\/schema\\\/logo\\\/image\\\/\",\"url\":\"https:\\\/\\\/cookking.online\\\/wp-content\\\/uploads\\\/2021\\\/11\\\/Logo.png\",\"contentUrl\":\"https:\\\/\\\/cookking.online\\\/wp-content\\\/uploads\\\/2021\\\/11\\\/Logo.png\",\"width\":291,\"height\":100,\"caption\":\"Cookking.online\"},\"image\":{\"@id\":\"https:\\\/\\\/cookking.online\\\/#\\\/schema\\\/logo\\\/image\\\/\"}}]}<\/script>\n<!-- \/ Yoast SEO plugin. -->","yoast_head_json":{"title":"Suncraft SENZO CLAD Paring peilis 90mm AS-06 - Cookking.online","description":"Suncraft SENZO CLAD Paring peilis 90mm AS-06 Auk\u0161\u010diausios kokyb\u0117s \u012franga gaminimui, kepimui ant groteli\u0173 ir r\u016bkymui lauke. Lau\u017eaviet\u0117s, Trikojai griliui, KETAUS Puodai, Stovai malkoms","robots":{"index":"index","follow":"follow","max-snippet":"max-snippet:-1","max-image-preview":"max-image-preview:large","max-video-preview":"max-video-preview:-1"},"canonical":"https:\/\/cookking.online\/en\/katalogas\/peiliai\/suncraft-senzo-clad-paring-peilis-90mm-as-06\/","og_locale":"en_US","og_type":"article","og_title":"Suncraft SENZO CLAD Paring peilis 90mm AS-06 - Cookking.online","og_description":"Suncraft SENZO CLAD Paring peilis 90mm AS-06 Auk\u0161\u010diausios kokyb\u0117s \u012franga gaminimui, kepimui ant groteli\u0173 ir r\u016bkymui lauke. Lau\u017eaviet\u0117s, Trikojai griliui, KETAUS Puodai, Stovai malkoms","og_url":"https:\/\/cookking.online\/en\/katalogas\/peiliai\/suncraft-senzo-clad-paring-peilis-90mm-as-06\/","og_site_name":"Cookking.online","og_image":[{"width":1600,"height":1600,"url":"https:\/\/cookking.online\/wp-content\/uploads\/2024\/01\/3665_1.webp","type":"image\/webp"}],"twitter_card":"summary_large_image","twitter_misc":{"Est. reading time":"2 minutes"},"schema":{"@context":"https:\/\/schema.org","@graph":[{"@type":"WebPage","@id":"https:\/\/cookking.online\/katalogas\/peiliai\/suncraft-senzo-clad-paring-peilis-90mm-as-06\/","url":"https:\/\/cookking.online\/katalogas\/peiliai\/suncraft-senzo-clad-paring-peilis-90mm-as-06\/","name":"Suncraft SENZO CLAD Paring peilis 90mm AS-06 - Cookking.online","isPartOf":{"@id":"https:\/\/cookking.online\/#website"},"primaryImageOfPage":{"@id":"https:\/\/cookking.online\/katalogas\/peiliai\/suncraft-senzo-clad-paring-peilis-90mm-as-06\/#primaryimage"},"image":{"@id":"https:\/\/cookking.online\/katalogas\/peiliai\/suncraft-senzo-clad-paring-peilis-90mm-as-06\/#primaryimage"},"thumbnailUrl":"https:\/\/cookking.online\/wp-content\/uploads\/2024\/01\/3665_1.webp","datePublished":"2026-03-10T09:30:26+00:00","description":"Suncraft SENZO CLAD Paring peilis 90mm AS-06 Auk\u0161\u010diausios kokyb\u0117s \u012franga gaminimui, kepimui ant groteli\u0173 ir r\u016bkymui lauke. Lau\u017eaviet\u0117s, Trikojai griliui, KETAUS Puodai, Stovai malkoms","breadcrumb":{"@id":"https:\/\/cookking.online\/katalogas\/peiliai\/suncraft-senzo-clad-paring-peilis-90mm-as-06\/#breadcrumb"},"inLanguage":"en-US","potentialAction":[{"@type":"ReadAction","target":["https:\/\/cookking.online\/katalogas\/peiliai\/suncraft-senzo-clad-paring-peilis-90mm-as-06\/"]}]},{"@type":"ImageObject","inLanguage":"en-US","@id":"https:\/\/cookking.online\/katalogas\/peiliai\/suncraft-senzo-clad-paring-peilis-90mm-as-06\/#primaryimage","url":"https:\/\/cookking.online\/wp-content\/uploads\/2024\/01\/3665_1.webp","contentUrl":"https:\/\/cookking.online\/wp-content\/uploads\/2024\/01\/3665_1.webp","width":1600,"height":1600,"caption":"Suncraft SENZO CLAD Paring peilis 90mm AS-06"},{"@type":"BreadcrumbList","@id":"https:\/\/cookking.online\/katalogas\/peiliai\/suncraft-senzo-clad-paring-peilis-90mm-as-06\/#breadcrumb","itemListElement":[{"@type":"ListItem","position":1,"name":"Prad\u017eia","item":"https:\/\/cookking.online\/"},{"@type":"ListItem","position":2,"name":"Parduotuv\u0117","item":"https:\/\/cookking.online\/parduotuve\/"},{"@type":"ListItem","position":3,"name":"Suncraft SENZO CLAD Paring peilis 90mm AS-06"}]},{"@type":"WebSite","@id":"https:\/\/cookking.online\/#website","url":"https:\/\/cookking.online\/","name":"Cookking.online","description":"","publisher":{"@id":"https:\/\/cookking.online\/#organization"},"potentialAction":[{"@type":"SearchAction","target":{"@type":"EntryPoint","urlTemplate":"https:\/\/cookking.online\/?s={search_term_string}"},"query-input":{"@type":"PropertyValueSpecification","valueRequired":true,"valueName":"search_term_string"}}],"inLanguage":"en-US"},{"@type":"Organization","@id":"https:\/\/cookking.online\/#organization","name":"Cookking.online","url":"https:\/\/cookking.online\/","logo":{"@type":"ImageObject","inLanguage":"en-US","@id":"https:\/\/cookking.online\/#\/schema\/logo\/image\/","url":"https:\/\/cookking.online\/wp-content\/uploads\/2021\/11\/Logo.png","contentUrl":"https:\/\/cookking.online\/wp-content\/uploads\/2021\/11\/Logo.png","width":291,"height":100,"caption":"Cookking.online"},"image":{"@id":"https:\/\/cookking.online\/#\/schema\/logo\/image\/"}}]}},"_links":{"self":[{"href":"https:\/\/cookking.online\/en\/wp-json\/wp\/v2\/product\/8328","targetHints":{"allow":["GET"]}}],"collection":[{"href":"https:\/\/cookking.online\/en\/wp-json\/wp\/v2\/product"}],"about":[{"href":"https:\/\/cookking.online\/en\/wp-json\/wp\/v2\/types\/product"}],"wp:featuredmedia":[{"embeddable":true,"href":"https:\/\/cookking.online\/en\/wp-json\/wp\/v2\/media\/8329"}],"wp:attachment":[{"href":"https:\/\/cookking.online\/en\/wp-json\/wp\/v2\/media?parent=8328"}],"wp:term":[{"taxonomy":"product_brand","embeddable":true,"href":"https:\/\/cookking.online\/en\/wp-json\/wp\/v2\/product_brand?post=8328"},{"taxonomy":"product_cat","embeddable":true,"href":"https:\/\/cookking.online\/en\/wp-json\/wp\/v2\/product_cat?post=8328"},{"taxonomy":"product_tag","embeddable":true,"href":"https:\/\/cookking.online\/en\/wp-json\/wp\/v2\/product_tag?post=8328"}],"curies":[{"name":"wp","href":"https:\/\/api.w.org\/{rel}","templated":true}]}}