{"id":8363,"date":"2026-03-10T12:30:27","date_gmt":"2026-03-10T09:30:27","guid":{"rendered":"https:\/\/cookking.online\/?post_type=product&#038;p=8363"},"modified":"2026-03-10T12:30:27","modified_gmt":"2026-03-10T09:30:27","slug":"suncraft-senzo-black-sashimi-virtuvinis-peilis-210-mm-bd-07","status":"publish","type":"product","link":"https:\/\/cookking.online\/en\/katalogas\/peiliai\/suncraft-senzo-black-sashimi-virtuvinis-peilis-210-mm-bd-07\/","title":{"rendered":"Suncraft SENZO BLACK Sashimi virtuvinis peilis 210 mm BD-07"},"content":{"rendered":"<h4><strong>Suncraft SENZO BLACK Sashimi virtuvinis peilis 210 mm BD-07<\/strong><\/h4>\n<p style=\"text-align: justify;\"><span style=\"vertical-align: inherit;\"><span style=\"vertical-align: inherit;\">\u0160is peilis turi plon\u0105, gana ilg\u0105 ir itin a\u0161tr\u0173 a\u0161men\u012f. <\/span><span style=\"vertical-align: inherit;\">Jis naudojamas ruo\u0161iant su\u0161ius ir sashimi, pjaustant plonus grie\u017ein\u0117lius ir kai kuri\u0173 r\u016b\u0161i\u0173 \u017euv\u0173 fil\u0117. <\/span><span style=\"vertical-align: inherit;\">Vienpusis galandimas leid\u017eia tiksliai nupjauti esteti\u0161kus grie\u017ein\u0117lius, kurie lengvai atsiskiria nuo peilio. <\/span><span style=\"vertical-align: inherit;\">Sashimi peilis ver\u010dia vir\u0117j\u0105 naudoti pjovimo b\u016bdus \u2013 j\u012f reikia pjauti tik viena kryptimi, link sav\u0119s. <\/span><span style=\"vertical-align: inherit;\">D\u0117l to pjaustyto gaminio pavir\u0161iuje nelieka zigzago \u017eymi\u0173, o grie\u017ein\u0117lio skerspj\u016bvis tobulas, nesutrai\u0161kytas ir nesuply\u0161\u0119s.<\/span><\/span><\/p>\n<p style=\"text-align: justify;\"><strong><span style=\"vertical-align: inherit;\"><span style=\"vertical-align: inherit;\">SENZO BLACK<\/span><\/span><\/strong><span style=\"vertical-align: inherit;\"><span style=\"vertical-align: inherit;\"> peili\u0173 kolekcija <\/span><span style=\"vertical-align: inherit;\">i\u0161 pirmo \u017evilgsnio i\u0161siskiria b\u016bdinga a\u0161tuonkampe rankena, pagaminta i\u0161 pakkamed\u017eio. <\/span><span style=\"vertical-align: inherit;\">Pa\u010diame a\u0161men\u0173 pagrinde yra juodas \u017eiedas, nuo \u0161viesesn\u0117s medienos atskirtas baltu \u017eiedu. <\/span><span style=\"vertical-align: inherit;\">Viena vertus, a\u0161tuonkamp\u0117 forma nurodo japon\u0173 tradicijas (a\u0161tuonkampis yra labai svarbus Tekan\u010dios saul\u0117s \u0161alies kult\u016broje), kita vertus, d\u0117l to peilis tvirtai laikosi vir\u0117jo rankoje, o tai skatina greit\u0105, tiksl\u016bs pjovimo, smulkinimo ir \u0161lifavimo produkt\u0173 judesiai.<\/span><\/span><\/p>\n<h4><strong>Suncraft SENZO BLACK Sashimi virtuvinis peilis 210 mm BD-07<\/strong><\/h4>\n<p><span style=\"vertical-align: inherit;\"><span style=\"vertical-align: inherit;\">Techniniai duomenys:<\/span><\/span><\/p>\n<p><strong><span style=\"vertical-align: inherit;\"><span style=\"vertical-align: inherit;\">A\u0161menys \u2013<\/span><\/span><\/strong><span style=\"vertical-align: inherit;\"><span style=\"vertical-align: inherit;\"> \u00a033 sluoksni\u0173 plienas, VG-10 \u0161erdis\u00a0<\/span><\/span><\/p>\n<p><strong><span style=\"vertical-align: inherit;\"><span style=\"vertical-align: inherit;\">Kietumas \u2013<\/span><\/span><\/strong><span style=\"vertical-align: inherit;\"><span style=\"vertical-align: inherit;\"> \u00a060 HRC +\/- 1<\/span><\/span><\/p>\n<p><strong><span style=\"vertical-align: inherit;\"><span style=\"vertical-align: inherit;\">Visas ilgis &#8211;<\/span><\/span><\/strong><span style=\"vertical-align: inherit;\"><span style=\"vertical-align: inherit;\"> \u00a0345 mm<\/span><\/span><\/p>\n<p><strong><span style=\"vertical-align: inherit;\"><span style=\"vertical-align: inherit;\">A\u0161men\u0173 ilgis\u00a0 <\/span><\/span><\/strong><span style=\"vertical-align: inherit;\"><span style=\"vertical-align: inherit;\"> &#8211; 210 mm<\/span><\/span><\/p>\n<p><strong><span style=\"vertical-align: inherit;\"><span style=\"vertical-align: inherit;\">Rankena &#8211;<\/span><\/span><\/strong><span style=\"vertical-align: inherit;\"><span style=\"vertical-align: inherit;\"> \u00a0Ruda Pakkawood su baltu \u017eiedu<\/span><\/span><\/p>\n<p><strong><span style=\"vertical-align: inherit;\"><span style=\"vertical-align: inherit;\">Svoris &#8211;<\/span><\/span><\/strong><span style=\"vertical-align: inherit;\"><span style=\"vertical-align: inherit;\"> \u00a0129 g<\/span><\/span><\/p>","protected":false},"excerpt":{"rendered":"<p><span style=\"vertical-align: inherit;\"><span style=\"vertical-align: inherit;\">Nuostabi tradicinio japoni\u0161ko dizaino Suncraft peili\u0173 serija. <\/span><span style=\"vertical-align: inherit;\">A\u0161tuonkamp\u0117 tamsaus rie\u0161utmed\u017eio pakkamed\u017eio rankena dekoruota baltu micarta \u017eiedu. <\/span><span style=\"vertical-align: inherit;\">A\u0161men\u0173 \u0161erdis pagaminta i\u0161 VG-10 plieno ir padengta 33 sluoksniais Damasko plieno.<\/span><\/span><\/p>","protected":false},"featured_media":8364,"template":"","meta":[],"product_brand":[],"product_cat":[119],"product_tag":[121],"class_list":{"0":"post-8363","1":"product","2":"type-product","3":"status-publish","4":"has-post-thumbnail","6":"product_cat-peiliai","7":"product_tag-suncraft","9":"first","10":"outofstock","11":"taxable","12":"shipping-taxable","13":"purchasable","14":"product-type-simple"},"yoast_head":"<!-- This site is optimized with the Yoast SEO plugin v27.3 - https:\/\/yoast.com\/product\/yoast-seo-wordpress\/ -->\n<title>Suncraft SENZO BLACK Sashimi virtuvinis peilis 210 mm BD-07 - Cookking.online<\/title>\n<meta name=\"description\" content=\"Suncraft SENZO BLACK Sashimi virtuvinis peilis 210 mm BD-07 Auk\u0161\u010diausios kokyb\u0117s \u012franga gaminimui, kepimui ant groteli\u0173 ir r\u016bkymui lauke.\" \/>\n<meta name=\"robots\" content=\"index, follow, max-snippet:-1, max-image-preview:large, max-video-preview:-1\" \/>\n<link rel=\"canonical\" href=\"https:\/\/cookking.online\/en\/katalogas\/peiliai\/suncraft-senzo-black-sashimi-virtuvinis-peilis-210-mm-bd-07\/\" \/>\n<meta property=\"og:locale\" content=\"en_US\" \/>\n<meta property=\"og:type\" content=\"article\" \/>\n<meta property=\"og:title\" content=\"Suncraft SENZO BLACK Sashimi virtuvinis peilis 210 mm BD-07 - Cookking.online\" \/>\n<meta property=\"og:description\" content=\"Suncraft SENZO BLACK Sashimi virtuvinis peilis 210 mm BD-07 Auk\u0161\u010diausios kokyb\u0117s \u012franga gaminimui, kepimui ant groteli\u0173 ir r\u016bkymui lauke.\" \/>\n<meta property=\"og:url\" content=\"https:\/\/cookking.online\/en\/katalogas\/peiliai\/suncraft-senzo-black-sashimi-virtuvinis-peilis-210-mm-bd-07\/\" \/>\n<meta property=\"og:site_name\" content=\"Cookking.online\" \/>\n<meta property=\"og:image\" content=\"https:\/\/cookking.online\/wp-content\/uploads\/2024\/01\/3673_4.webp\" \/>\n\t<meta property=\"og:image:width\" content=\"1600\" \/>\n\t<meta property=\"og:image:height\" content=\"1600\" \/>\n\t<meta property=\"og:image:type\" content=\"image\/webp\" \/>\n<meta name=\"twitter:card\" content=\"summary_large_image\" \/>\n<meta name=\"twitter:label1\" content=\"Est. reading time\" \/>\n\t<meta name=\"twitter:data1\" content=\"2 minutes\" \/>\n<script type=\"application\/ld+json\" class=\"yoast-schema-graph\">{\"@context\":\"https:\\\/\\\/schema.org\",\"@graph\":[{\"@type\":\"WebPage\",\"@id\":\"https:\\\/\\\/cookking.online\\\/katalogas\\\/peiliai\\\/suncraft-senzo-black-sashimi-virtuvinis-peilis-210-mm-bd-07\\\/\",\"url\":\"https:\\\/\\\/cookking.online\\\/katalogas\\\/peiliai\\\/suncraft-senzo-black-sashimi-virtuvinis-peilis-210-mm-bd-07\\\/\",\"name\":\"Suncraft SENZO BLACK Sashimi virtuvinis peilis 210 mm BD-07 - Cookking.online\",\"isPartOf\":{\"@id\":\"https:\\\/\\\/cookking.online\\\/#website\"},\"primaryImageOfPage\":{\"@id\":\"https:\\\/\\\/cookking.online\\\/katalogas\\\/peiliai\\\/suncraft-senzo-black-sashimi-virtuvinis-peilis-210-mm-bd-07\\\/#primaryimage\"},\"image\":{\"@id\":\"https:\\\/\\\/cookking.online\\\/katalogas\\\/peiliai\\\/suncraft-senzo-black-sashimi-virtuvinis-peilis-210-mm-bd-07\\\/#primaryimage\"},\"thumbnailUrl\":\"https:\\\/\\\/cookking.online\\\/wp-content\\\/uploads\\\/2024\\\/01\\\/3673_4.webp\",\"datePublished\":\"2026-03-10T09:30:27+00:00\",\"description\":\"Suncraft SENZO BLACK Sashimi virtuvinis peilis 210 mm BD-07 Auk\u0161\u010diausios kokyb\u0117s \u012franga gaminimui, kepimui ant groteli\u0173 ir r\u016bkymui lauke.\",\"breadcrumb\":{\"@id\":\"https:\\\/\\\/cookking.online\\\/katalogas\\\/peiliai\\\/suncraft-senzo-black-sashimi-virtuvinis-peilis-210-mm-bd-07\\\/#breadcrumb\"},\"inLanguage\":\"en-US\",\"potentialAction\":[{\"@type\":\"ReadAction\",\"target\":[\"https:\\\/\\\/cookking.online\\\/katalogas\\\/peiliai\\\/suncraft-senzo-black-sashimi-virtuvinis-peilis-210-mm-bd-07\\\/\"]}]},{\"@type\":\"ImageObject\",\"inLanguage\":\"en-US\",\"@id\":\"https:\\\/\\\/cookking.online\\\/katalogas\\\/peiliai\\\/suncraft-senzo-black-sashimi-virtuvinis-peilis-210-mm-bd-07\\\/#primaryimage\",\"url\":\"https:\\\/\\\/cookking.online\\\/wp-content\\\/uploads\\\/2024\\\/01\\\/3673_4.webp\",\"contentUrl\":\"https:\\\/\\\/cookking.online\\\/wp-content\\\/uploads\\\/2024\\\/01\\\/3673_4.webp\",\"width\":1600,\"height\":1600,\"caption\":\"Suncraft SENZO BLACK Sashimi virtuvinis peilis 210 mm BD-07\"},{\"@type\":\"BreadcrumbList\",\"@id\":\"https:\\\/\\\/cookking.online\\\/katalogas\\\/peiliai\\\/suncraft-senzo-black-sashimi-virtuvinis-peilis-210-mm-bd-07\\\/#breadcrumb\",\"itemListElement\":[{\"@type\":\"ListItem\",\"position\":1,\"name\":\"Prad\u017eia\",\"item\":\"https:\\\/\\\/cookking.online\\\/\"},{\"@type\":\"ListItem\",\"position\":2,\"name\":\"Parduotuv\u0117\",\"item\":\"https:\\\/\\\/cookking.online\\\/parduotuve\\\/\"},{\"@type\":\"ListItem\",\"position\":3,\"name\":\"Suncraft SENZO BLACK Sashimi virtuvinis peilis 210 mm BD-07\"}]},{\"@type\":\"WebSite\",\"@id\":\"https:\\\/\\\/cookking.online\\\/#website\",\"url\":\"https:\\\/\\\/cookking.online\\\/\",\"name\":\"Cookking.online\",\"description\":\"\",\"publisher\":{\"@id\":\"https:\\\/\\\/cookking.online\\\/#organization\"},\"potentialAction\":[{\"@type\":\"SearchAction\",\"target\":{\"@type\":\"EntryPoint\",\"urlTemplate\":\"https:\\\/\\\/cookking.online\\\/?s={search_term_string}\"},\"query-input\":{\"@type\":\"PropertyValueSpecification\",\"valueRequired\":true,\"valueName\":\"search_term_string\"}}],\"inLanguage\":\"en-US\"},{\"@type\":\"Organization\",\"@id\":\"https:\\\/\\\/cookking.online\\\/#organization\",\"name\":\"Cookking.online\",\"url\":\"https:\\\/\\\/cookking.online\\\/\",\"logo\":{\"@type\":\"ImageObject\",\"inLanguage\":\"en-US\",\"@id\":\"https:\\\/\\\/cookking.online\\\/#\\\/schema\\\/logo\\\/image\\\/\",\"url\":\"https:\\\/\\\/cookking.online\\\/wp-content\\\/uploads\\\/2021\\\/11\\\/Logo.png\",\"contentUrl\":\"https:\\\/\\\/cookking.online\\\/wp-content\\\/uploads\\\/2021\\\/11\\\/Logo.png\",\"width\":291,\"height\":100,\"caption\":\"Cookking.online\"},\"image\":{\"@id\":\"https:\\\/\\\/cookking.online\\\/#\\\/schema\\\/logo\\\/image\\\/\"}}]}<\/script>\n<!-- \/ Yoast SEO plugin. -->","yoast_head_json":{"title":"Suncraft SENZO BLACK Sashimi virtuvinis peilis 210 mm BD-07 - Cookking.online","description":"Suncraft SENZO BLACK Sashimi virtuvinis peilis 210 mm BD-07 Auk\u0161\u010diausios kokyb\u0117s \u012franga gaminimui, kepimui ant groteli\u0173 ir r\u016bkymui lauke.","robots":{"index":"index","follow":"follow","max-snippet":"max-snippet:-1","max-image-preview":"max-image-preview:large","max-video-preview":"max-video-preview:-1"},"canonical":"https:\/\/cookking.online\/en\/katalogas\/peiliai\/suncraft-senzo-black-sashimi-virtuvinis-peilis-210-mm-bd-07\/","og_locale":"en_US","og_type":"article","og_title":"Suncraft SENZO BLACK Sashimi virtuvinis peilis 210 mm BD-07 - Cookking.online","og_description":"Suncraft SENZO BLACK Sashimi virtuvinis peilis 210 mm BD-07 Auk\u0161\u010diausios kokyb\u0117s \u012franga gaminimui, kepimui ant groteli\u0173 ir r\u016bkymui lauke.","og_url":"https:\/\/cookking.online\/en\/katalogas\/peiliai\/suncraft-senzo-black-sashimi-virtuvinis-peilis-210-mm-bd-07\/","og_site_name":"Cookking.online","og_image":[{"width":1600,"height":1600,"url":"https:\/\/cookking.online\/wp-content\/uploads\/2024\/01\/3673_4.webp","type":"image\/webp"}],"twitter_card":"summary_large_image","twitter_misc":{"Est. reading time":"2 minutes"},"schema":{"@context":"https:\/\/schema.org","@graph":[{"@type":"WebPage","@id":"https:\/\/cookking.online\/katalogas\/peiliai\/suncraft-senzo-black-sashimi-virtuvinis-peilis-210-mm-bd-07\/","url":"https:\/\/cookking.online\/katalogas\/peiliai\/suncraft-senzo-black-sashimi-virtuvinis-peilis-210-mm-bd-07\/","name":"Suncraft SENZO BLACK Sashimi virtuvinis peilis 210 mm BD-07 - Cookking.online","isPartOf":{"@id":"https:\/\/cookking.online\/#website"},"primaryImageOfPage":{"@id":"https:\/\/cookking.online\/katalogas\/peiliai\/suncraft-senzo-black-sashimi-virtuvinis-peilis-210-mm-bd-07\/#primaryimage"},"image":{"@id":"https:\/\/cookking.online\/katalogas\/peiliai\/suncraft-senzo-black-sashimi-virtuvinis-peilis-210-mm-bd-07\/#primaryimage"},"thumbnailUrl":"https:\/\/cookking.online\/wp-content\/uploads\/2024\/01\/3673_4.webp","datePublished":"2026-03-10T09:30:27+00:00","description":"Suncraft SENZO BLACK Sashimi virtuvinis peilis 210 mm BD-07 Auk\u0161\u010diausios kokyb\u0117s \u012franga gaminimui, kepimui ant groteli\u0173 ir r\u016bkymui lauke.","breadcrumb":{"@id":"https:\/\/cookking.online\/katalogas\/peiliai\/suncraft-senzo-black-sashimi-virtuvinis-peilis-210-mm-bd-07\/#breadcrumb"},"inLanguage":"en-US","potentialAction":[{"@type":"ReadAction","target":["https:\/\/cookking.online\/katalogas\/peiliai\/suncraft-senzo-black-sashimi-virtuvinis-peilis-210-mm-bd-07\/"]}]},{"@type":"ImageObject","inLanguage":"en-US","@id":"https:\/\/cookking.online\/katalogas\/peiliai\/suncraft-senzo-black-sashimi-virtuvinis-peilis-210-mm-bd-07\/#primaryimage","url":"https:\/\/cookking.online\/wp-content\/uploads\/2024\/01\/3673_4.webp","contentUrl":"https:\/\/cookking.online\/wp-content\/uploads\/2024\/01\/3673_4.webp","width":1600,"height":1600,"caption":"Suncraft SENZO BLACK Sashimi virtuvinis peilis 210 mm BD-07"},{"@type":"BreadcrumbList","@id":"https:\/\/cookking.online\/katalogas\/peiliai\/suncraft-senzo-black-sashimi-virtuvinis-peilis-210-mm-bd-07\/#breadcrumb","itemListElement":[{"@type":"ListItem","position":1,"name":"Prad\u017eia","item":"https:\/\/cookking.online\/"},{"@type":"ListItem","position":2,"name":"Parduotuv\u0117","item":"https:\/\/cookking.online\/parduotuve\/"},{"@type":"ListItem","position":3,"name":"Suncraft SENZO BLACK Sashimi virtuvinis peilis 210 mm BD-07"}]},{"@type":"WebSite","@id":"https:\/\/cookking.online\/#website","url":"https:\/\/cookking.online\/","name":"Cookking.online","description":"","publisher":{"@id":"https:\/\/cookking.online\/#organization"},"potentialAction":[{"@type":"SearchAction","target":{"@type":"EntryPoint","urlTemplate":"https:\/\/cookking.online\/?s={search_term_string}"},"query-input":{"@type":"PropertyValueSpecification","valueRequired":true,"valueName":"search_term_string"}}],"inLanguage":"en-US"},{"@type":"Organization","@id":"https:\/\/cookking.online\/#organization","name":"Cookking.online","url":"https:\/\/cookking.online\/","logo":{"@type":"ImageObject","inLanguage":"en-US","@id":"https:\/\/cookking.online\/#\/schema\/logo\/image\/","url":"https:\/\/cookking.online\/wp-content\/uploads\/2021\/11\/Logo.png","contentUrl":"https:\/\/cookking.online\/wp-content\/uploads\/2021\/11\/Logo.png","width":291,"height":100,"caption":"Cookking.online"},"image":{"@id":"https:\/\/cookking.online\/#\/schema\/logo\/image\/"}}]}},"_links":{"self":[{"href":"https:\/\/cookking.online\/en\/wp-json\/wp\/v2\/product\/8363","targetHints":{"allow":["GET"]}}],"collection":[{"href":"https:\/\/cookking.online\/en\/wp-json\/wp\/v2\/product"}],"about":[{"href":"https:\/\/cookking.online\/en\/wp-json\/wp\/v2\/types\/product"}],"wp:featuredmedia":[{"embeddable":true,"href":"https:\/\/cookking.online\/en\/wp-json\/wp\/v2\/media\/8364"}],"wp:attachment":[{"href":"https:\/\/cookking.online\/en\/wp-json\/wp\/v2\/media?parent=8363"}],"wp:term":[{"taxonomy":"product_brand","embeddable":true,"href":"https:\/\/cookking.online\/en\/wp-json\/wp\/v2\/product_brand?post=8363"},{"taxonomy":"product_cat","embeddable":true,"href":"https:\/\/cookking.online\/en\/wp-json\/wp\/v2\/product_cat?post=8363"},{"taxonomy":"product_tag","embeddable":true,"href":"https:\/\/cookking.online\/en\/wp-json\/wp\/v2\/product_tag?post=8363"}],"curies":[{"name":"wp","href":"https:\/\/api.w.org\/{rel}","templated":true}]}}