{"id":8412,"date":"2026-03-10T12:37:11","date_gmt":"2026-03-10T09:37:11","guid":{"rendered":"https:\/\/cookking.online\/?post_type=product&#038;p=8412"},"modified":"2026-03-10T12:37:11","modified_gmt":"2026-03-10T09:37:11","slug":"suncraft-senzo-japanese-paring-peilis-80mm-wa-01","status":"publish","type":"product","link":"https:\/\/cookking.online\/en\/katalogas\/peiliai\/suncraft-senzo-japanese-paring-peilis-80mm-wa-01\/","title":{"rendered":"Suncraft SENZO JAPANESE Paring peilis 80mm WA-01"},"content":{"rendered":"<h4>Suncraft SENZO JAPANESE Paring peilis 80mm WA-01<\/h4>\n<p><span style=\"vertical-align: inherit;\"><span style=\"vertical-align: inherit;\">Pjovimas \u2013 tai lupimo peilis, bet ir smulkmen\u0173 bei kiek sud\u0117tingesni\u0173 darb\u0173 specialistas, praver\u010dia ten, kur reikia trumpo, a\u0161traus a\u0161men\u0173.\u00a0<\/span><\/span><\/p>\n<p><strong><span style=\"vertical-align: inherit;\"><span style=\"vertical-align: inherit;\">Likimas:<\/span><\/span><\/strong><\/p>\n<ul>\n<li><span style=\"vertical-align: inherit;\"><span style=\"vertical-align: inherit;\">smulkinimas<\/span><\/span><\/li>\n<li><span style=\"vertical-align: inherit;\"><span style=\"vertical-align: inherit;\">lupimasis<\/span><\/span><\/li>\n<li><span style=\"vertical-align: inherit;\"><span style=\"vertical-align: inherit;\">gr\u0119\u017eimas<\/span><\/span><\/li>\n<li><span style=\"vertical-align: inherit;\"><span style=\"vertical-align: inherit;\">pa\u0161alinti akis nuo bulvi\u0173<\/span><\/span><\/li>\n<\/ul>\n<p style=\"text-align: justify;\"><span style=\"vertical-align: inherit;\"><span style=\"vertical-align: inherit;\">Kiekvienas, ie\u0161kantis japoni\u0161ko stiliaus peili\u0173, tur\u0117t\u0173 atkreipti d\u0117mes\u012f \u012f\u00a0 <\/span><\/span><strong><span style=\"vertical-align: inherit;\"><span style=\"vertical-align: inherit;\">SENZO JAPANESE<\/span><\/span><\/strong><span style=\"vertical-align: inherit;\"><span style=\"vertical-align: inherit;\"> \u012franki\u0173 linij\u0105 . <\/span><span style=\"vertical-align: inherit;\">\u0160ios serijos peiliai pagaminti i\u0161 daug anglies turin\u010dio vanad\u017eio-molibdeno plieno, kuris idealiai tinka peili\u0173 gamybai. <\/span><span style=\"vertical-align: inherit;\">Jo naudojimas garantuoja, kad \u012frankis ilgai i\u0161liks a\u0161trus ir s\u0117kmingai tarnaus mums ilgus metus. <\/span><span style=\"vertical-align: inherit;\">Skirtingai nuo daugelio kit\u0173\u00a0 <\/span><\/span><strong><span style=\"vertical-align: inherit;\"><span style=\"vertical-align: inherit;\">SENZO gamini\u0173 linij\u0173, <\/span><\/span><\/strong><strong><span style=\"vertical-align: inherit;\"><span style=\"vertical-align: inherit;\">JAPANI\u0160K\u0172<\/span><\/span><\/strong><span style=\"vertical-align: inherit;\"><span style=\"vertical-align: inherit;\"> peili\u0173\u00a0 rankenos <\/span><span style=\"vertical-align: inherit;\">\u00a0yra pagamintos ne i\u0161 Pakkawood, o i\u0161 tipi\u0161kos japoni\u0161kos\u00a0 <\/span><\/span><strong><span style=\"vertical-align: inherit;\"><span style=\"vertical-align: inherit;\">magnolijos medienos<\/span><\/span><\/strong><span style=\"vertical-align: inherit;\"><span style=\"vertical-align: inherit;\"> , sutvirtintos ner\u016bdijan\u010dio plieno \u017eiedu. <\/span><span style=\"vertical-align: inherit;\">D\u0117l \u0161ios prie\u017easties \u0161ios linijos peiliai turi intriguojant\u012f, rytieti\u0161k\u0105 dizain\u0105.<\/span><\/span><\/p>\n<p style=\"text-align: justify;\"><span style=\"vertical-align: inherit;\"><span style=\"vertical-align: inherit;\">Serijoje yra peili\u0173, kurie pravers kiekvienuose namuose: lupimui, kepimui, \u0161efams ir ma\u017eesnis jo variantas universalaus peilio pavidalu, taip pat japon\u0173 virtuvei b\u016bdingi santoku, sashimi ir deba peiliai.<\/span><\/span><\/p>\n<h4><span style=\"vertical-align: inherit;\"><span style=\"vertical-align: inherit;\">Suncraft SENZO JAPANESE Paring peilis 80mm WA-01 Techniniai duomenys:<\/span><\/span><\/h4>\n<p><strong><span style=\"vertical-align: inherit;\"><span style=\"vertical-align: inherit;\">A\u0161menys \u2013<\/span><\/span><\/strong><span style=\"vertical-align: inherit;\"><span style=\"vertical-align: inherit;\"> \u00a0molibdeno-vanad\u017eio plienas\u00a0<\/span><\/span><\/p>\n<p><strong><span style=\"vertical-align: inherit;\"><span style=\"vertical-align: inherit;\">Kietumas \u2013<\/span><\/span><\/strong><span style=\"vertical-align: inherit;\"><span style=\"vertical-align: inherit;\"> \u00a058 HRC +\/- 1<\/span><\/span><\/p>\n<p><strong><span style=\"vertical-align: inherit;\"><span style=\"vertical-align: inherit;\">Visas ilgis &#8211;<\/span><\/span><\/strong><span style=\"vertical-align: inherit;\"><span style=\"vertical-align: inherit;\"> 200 mm<\/span><\/span><\/p>\n<p><strong><span style=\"vertical-align: inherit;\"><span style=\"vertical-align: inherit;\">A\u0161men\u0173 ilgis\u00a0<\/span><\/span><\/strong><span style=\"vertical-align: inherit;\"><span style=\"vertical-align: inherit;\"> &#8211; 80 mm<\/span><\/span><\/p>\n<p><strong><span style=\"vertical-align: inherit;\"><span style=\"vertical-align: inherit;\">Rankena \u2013<\/span><\/span><\/strong><span style=\"vertical-align: inherit;\"><span style=\"vertical-align: inherit;\"> \u00a0magnolijos mediena sutvirtinta ner\u016bdijan\u010dio plieno \u017eiedu.<\/span><\/span><\/p>\n<p><strong><span style=\"vertical-align: inherit;\"><span style=\"vertical-align: inherit;\">Svoris &#8211;<\/span><\/span><\/strong><span style=\"vertical-align: inherit;\"><span style=\"vertical-align: inherit;\"> \u00a0apie 50 g<\/span><\/span><\/p>","protected":false},"excerpt":{"rendered":"<p><span style=\"vertical-align: inherit;\"><span style=\"vertical-align: inherit;\">Suncraft peili\u0173 serija su ekonomi\u0161ku ir paprastai japoni\u0161ku stiliumi. <\/span><span style=\"vertical-align: inherit;\">Tiesus ir lygus ner\u016bdijan\u010dio plieno a\u0161menys buvo gr\u016bdinti iki 58 HRC. <\/span><span style=\"vertical-align: inherit;\">Gra\u017ei apvali rankena i\u0161 magnolijos medienos nurodo Tekan\u010dios saul\u0117s \u0161alies tradicij\u0105.<\/span><\/span><\/p>","protected":false},"featured_media":8413,"template":"","meta":[],"product_brand":[],"product_cat":[119],"product_tag":[121],"class_list":{"0":"post-8412","1":"product","2":"type-product","3":"status-publish","4":"has-post-thumbnail","6":"product_cat-peiliai","7":"product_tag-suncraft","9":"first","10":"instock","11":"taxable","12":"shipping-taxable","13":"purchasable","14":"product-type-simple"},"yoast_head":"<!-- This site is optimized with the Yoast SEO plugin v27.3 - https:\/\/yoast.com\/product\/yoast-seo-wordpress\/ -->\n<title>Suncraft SENZO JAPANESE Paring peilis 80mm WA-01 - Cookking.online<\/title>\n<meta name=\"description\" content=\"Suncraft SENZO JAPANESE Paring peilis 80mm WA-01 Auk\u0161\u010diausios kokyb\u0117s \u012franga gaminimui, kepimui ant groteli\u0173 ir r\u016bkymui lauke.\" \/>\n<meta name=\"robots\" content=\"index, follow, max-snippet:-1, max-image-preview:large, max-video-preview:-1\" \/>\n<link rel=\"canonical\" href=\"https:\/\/cookking.online\/en\/katalogas\/peiliai\/suncraft-senzo-japanese-paring-peilis-80mm-wa-01\/\" \/>\n<meta property=\"og:locale\" content=\"en_US\" \/>\n<meta property=\"og:type\" content=\"article\" \/>\n<meta property=\"og:title\" content=\"Suncraft SENZO JAPANESE Paring peilis 80mm WA-01 - Cookking.online\" \/>\n<meta property=\"og:description\" content=\"Suncraft SENZO JAPANESE Paring peilis 80mm WA-01 Auk\u0161\u010diausios kokyb\u0117s \u012franga gaminimui, kepimui ant groteli\u0173 ir r\u016bkymui lauke.\" \/>\n<meta property=\"og:url\" content=\"https:\/\/cookking.online\/en\/katalogas\/peiliai\/suncraft-senzo-japanese-paring-peilis-80mm-wa-01\/\" \/>\n<meta property=\"og:site_name\" content=\"Cookking.online\" \/>\n<meta property=\"og:image\" content=\"https:\/\/cookking.online\/wp-content\/uploads\/2024\/01\/3685_2.webp\" \/>\n\t<meta property=\"og:image:width\" content=\"1000\" \/>\n\t<meta property=\"og:image:height\" content=\"1000\" \/>\n\t<meta property=\"og:image:type\" content=\"image\/webp\" \/>\n<meta name=\"twitter:card\" content=\"summary_large_image\" \/>\n<meta name=\"twitter:label1\" content=\"Est. reading time\" \/>\n\t<meta name=\"twitter:data1\" content=\"2 minutes\" \/>\n<script type=\"application\/ld+json\" class=\"yoast-schema-graph\">{\"@context\":\"https:\\\/\\\/schema.org\",\"@graph\":[{\"@type\":\"WebPage\",\"@id\":\"https:\\\/\\\/cookking.online\\\/katalogas\\\/peiliai\\\/suncraft-senzo-japanese-paring-peilis-80mm-wa-01\\\/\",\"url\":\"https:\\\/\\\/cookking.online\\\/katalogas\\\/peiliai\\\/suncraft-senzo-japanese-paring-peilis-80mm-wa-01\\\/\",\"name\":\"Suncraft SENZO JAPANESE Paring peilis 80mm WA-01 - Cookking.online\",\"isPartOf\":{\"@id\":\"https:\\\/\\\/cookking.online\\\/#website\"},\"primaryImageOfPage\":{\"@id\":\"https:\\\/\\\/cookking.online\\\/katalogas\\\/peiliai\\\/suncraft-senzo-japanese-paring-peilis-80mm-wa-01\\\/#primaryimage\"},\"image\":{\"@id\":\"https:\\\/\\\/cookking.online\\\/katalogas\\\/peiliai\\\/suncraft-senzo-japanese-paring-peilis-80mm-wa-01\\\/#primaryimage\"},\"thumbnailUrl\":\"https:\\\/\\\/cookking.online\\\/wp-content\\\/uploads\\\/2024\\\/01\\\/3685_2.webp\",\"datePublished\":\"2026-03-10T09:37:11+00:00\",\"description\":\"Suncraft SENZO JAPANESE Paring peilis 80mm WA-01 Auk\u0161\u010diausios kokyb\u0117s \u012franga gaminimui, kepimui ant groteli\u0173 ir r\u016bkymui lauke.\",\"breadcrumb\":{\"@id\":\"https:\\\/\\\/cookking.online\\\/katalogas\\\/peiliai\\\/suncraft-senzo-japanese-paring-peilis-80mm-wa-01\\\/#breadcrumb\"},\"inLanguage\":\"en-US\",\"potentialAction\":[{\"@type\":\"ReadAction\",\"target\":[\"https:\\\/\\\/cookking.online\\\/katalogas\\\/peiliai\\\/suncraft-senzo-japanese-paring-peilis-80mm-wa-01\\\/\"]}]},{\"@type\":\"ImageObject\",\"inLanguage\":\"en-US\",\"@id\":\"https:\\\/\\\/cookking.online\\\/katalogas\\\/peiliai\\\/suncraft-senzo-japanese-paring-peilis-80mm-wa-01\\\/#primaryimage\",\"url\":\"https:\\\/\\\/cookking.online\\\/wp-content\\\/uploads\\\/2024\\\/01\\\/3685_2.webp\",\"contentUrl\":\"https:\\\/\\\/cookking.online\\\/wp-content\\\/uploads\\\/2024\\\/01\\\/3685_2.webp\",\"width\":1000,\"height\":1000,\"caption\":\"Suncraft SENZO JAPANESE Paring peilis 80mm WA-01\"},{\"@type\":\"BreadcrumbList\",\"@id\":\"https:\\\/\\\/cookking.online\\\/katalogas\\\/peiliai\\\/suncraft-senzo-japanese-paring-peilis-80mm-wa-01\\\/#breadcrumb\",\"itemListElement\":[{\"@type\":\"ListItem\",\"position\":1,\"name\":\"Prad\u017eia\",\"item\":\"https:\\\/\\\/cookking.online\\\/\"},{\"@type\":\"ListItem\",\"position\":2,\"name\":\"Parduotuv\u0117\",\"item\":\"https:\\\/\\\/cookking.online\\\/parduotuve\\\/\"},{\"@type\":\"ListItem\",\"position\":3,\"name\":\"Suncraft SENZO JAPANESE Paring peilis 80mm WA-01\"}]},{\"@type\":\"WebSite\",\"@id\":\"https:\\\/\\\/cookking.online\\\/#website\",\"url\":\"https:\\\/\\\/cookking.online\\\/\",\"name\":\"Cookking.online\",\"description\":\"\",\"publisher\":{\"@id\":\"https:\\\/\\\/cookking.online\\\/#organization\"},\"potentialAction\":[{\"@type\":\"SearchAction\",\"target\":{\"@type\":\"EntryPoint\",\"urlTemplate\":\"https:\\\/\\\/cookking.online\\\/?s={search_term_string}\"},\"query-input\":{\"@type\":\"PropertyValueSpecification\",\"valueRequired\":true,\"valueName\":\"search_term_string\"}}],\"inLanguage\":\"en-US\"},{\"@type\":\"Organization\",\"@id\":\"https:\\\/\\\/cookking.online\\\/#organization\",\"name\":\"Cookking.online\",\"url\":\"https:\\\/\\\/cookking.online\\\/\",\"logo\":{\"@type\":\"ImageObject\",\"inLanguage\":\"en-US\",\"@id\":\"https:\\\/\\\/cookking.online\\\/#\\\/schema\\\/logo\\\/image\\\/\",\"url\":\"https:\\\/\\\/cookking.online\\\/wp-content\\\/uploads\\\/2021\\\/11\\\/Logo.png\",\"contentUrl\":\"https:\\\/\\\/cookking.online\\\/wp-content\\\/uploads\\\/2021\\\/11\\\/Logo.png\",\"width\":291,\"height\":100,\"caption\":\"Cookking.online\"},\"image\":{\"@id\":\"https:\\\/\\\/cookking.online\\\/#\\\/schema\\\/logo\\\/image\\\/\"}}]}<\/script>\n<!-- \/ Yoast SEO plugin. -->","yoast_head_json":{"title":"Suncraft SENZO JAPANESE Paring peilis 80mm WA-01 - Cookking.online","description":"Suncraft SENZO JAPANESE Paring peilis 80mm WA-01 Auk\u0161\u010diausios kokyb\u0117s \u012franga gaminimui, kepimui ant groteli\u0173 ir r\u016bkymui lauke.","robots":{"index":"index","follow":"follow","max-snippet":"max-snippet:-1","max-image-preview":"max-image-preview:large","max-video-preview":"max-video-preview:-1"},"canonical":"https:\/\/cookking.online\/en\/katalogas\/peiliai\/suncraft-senzo-japanese-paring-peilis-80mm-wa-01\/","og_locale":"en_US","og_type":"article","og_title":"Suncraft SENZO JAPANESE Paring peilis 80mm WA-01 - Cookking.online","og_description":"Suncraft SENZO JAPANESE Paring peilis 80mm WA-01 Auk\u0161\u010diausios kokyb\u0117s \u012franga gaminimui, kepimui ant groteli\u0173 ir r\u016bkymui lauke.","og_url":"https:\/\/cookking.online\/en\/katalogas\/peiliai\/suncraft-senzo-japanese-paring-peilis-80mm-wa-01\/","og_site_name":"Cookking.online","og_image":[{"width":1000,"height":1000,"url":"https:\/\/cookking.online\/wp-content\/uploads\/2024\/01\/3685_2.webp","type":"image\/webp"}],"twitter_card":"summary_large_image","twitter_misc":{"Est. reading time":"2 minutes"},"schema":{"@context":"https:\/\/schema.org","@graph":[{"@type":"WebPage","@id":"https:\/\/cookking.online\/katalogas\/peiliai\/suncraft-senzo-japanese-paring-peilis-80mm-wa-01\/","url":"https:\/\/cookking.online\/katalogas\/peiliai\/suncraft-senzo-japanese-paring-peilis-80mm-wa-01\/","name":"Suncraft SENZO JAPANESE Paring peilis 80mm WA-01 - Cookking.online","isPartOf":{"@id":"https:\/\/cookking.online\/#website"},"primaryImageOfPage":{"@id":"https:\/\/cookking.online\/katalogas\/peiliai\/suncraft-senzo-japanese-paring-peilis-80mm-wa-01\/#primaryimage"},"image":{"@id":"https:\/\/cookking.online\/katalogas\/peiliai\/suncraft-senzo-japanese-paring-peilis-80mm-wa-01\/#primaryimage"},"thumbnailUrl":"https:\/\/cookking.online\/wp-content\/uploads\/2024\/01\/3685_2.webp","datePublished":"2026-03-10T09:37:11+00:00","description":"Suncraft SENZO JAPANESE Paring peilis 80mm WA-01 Auk\u0161\u010diausios kokyb\u0117s \u012franga gaminimui, kepimui ant groteli\u0173 ir r\u016bkymui lauke.","breadcrumb":{"@id":"https:\/\/cookking.online\/katalogas\/peiliai\/suncraft-senzo-japanese-paring-peilis-80mm-wa-01\/#breadcrumb"},"inLanguage":"en-US","potentialAction":[{"@type":"ReadAction","target":["https:\/\/cookking.online\/katalogas\/peiliai\/suncraft-senzo-japanese-paring-peilis-80mm-wa-01\/"]}]},{"@type":"ImageObject","inLanguage":"en-US","@id":"https:\/\/cookking.online\/katalogas\/peiliai\/suncraft-senzo-japanese-paring-peilis-80mm-wa-01\/#primaryimage","url":"https:\/\/cookking.online\/wp-content\/uploads\/2024\/01\/3685_2.webp","contentUrl":"https:\/\/cookking.online\/wp-content\/uploads\/2024\/01\/3685_2.webp","width":1000,"height":1000,"caption":"Suncraft SENZO JAPANESE Paring peilis 80mm WA-01"},{"@type":"BreadcrumbList","@id":"https:\/\/cookking.online\/katalogas\/peiliai\/suncraft-senzo-japanese-paring-peilis-80mm-wa-01\/#breadcrumb","itemListElement":[{"@type":"ListItem","position":1,"name":"Prad\u017eia","item":"https:\/\/cookking.online\/"},{"@type":"ListItem","position":2,"name":"Parduotuv\u0117","item":"https:\/\/cookking.online\/parduotuve\/"},{"@type":"ListItem","position":3,"name":"Suncraft SENZO JAPANESE Paring peilis 80mm WA-01"}]},{"@type":"WebSite","@id":"https:\/\/cookking.online\/#website","url":"https:\/\/cookking.online\/","name":"Cookking.online","description":"","publisher":{"@id":"https:\/\/cookking.online\/#organization"},"potentialAction":[{"@type":"SearchAction","target":{"@type":"EntryPoint","urlTemplate":"https:\/\/cookking.online\/?s={search_term_string}"},"query-input":{"@type":"PropertyValueSpecification","valueRequired":true,"valueName":"search_term_string"}}],"inLanguage":"en-US"},{"@type":"Organization","@id":"https:\/\/cookking.online\/#organization","name":"Cookking.online","url":"https:\/\/cookking.online\/","logo":{"@type":"ImageObject","inLanguage":"en-US","@id":"https:\/\/cookking.online\/#\/schema\/logo\/image\/","url":"https:\/\/cookking.online\/wp-content\/uploads\/2021\/11\/Logo.png","contentUrl":"https:\/\/cookking.online\/wp-content\/uploads\/2021\/11\/Logo.png","width":291,"height":100,"caption":"Cookking.online"},"image":{"@id":"https:\/\/cookking.online\/#\/schema\/logo\/image\/"}}]}},"_links":{"self":[{"href":"https:\/\/cookking.online\/en\/wp-json\/wp\/v2\/product\/8412","targetHints":{"allow":["GET"]}}],"collection":[{"href":"https:\/\/cookking.online\/en\/wp-json\/wp\/v2\/product"}],"about":[{"href":"https:\/\/cookking.online\/en\/wp-json\/wp\/v2\/types\/product"}],"wp:featuredmedia":[{"embeddable":true,"href":"https:\/\/cookking.online\/en\/wp-json\/wp\/v2\/media\/8413"}],"wp:attachment":[{"href":"https:\/\/cookking.online\/en\/wp-json\/wp\/v2\/media?parent=8412"}],"wp:term":[{"taxonomy":"product_brand","embeddable":true,"href":"https:\/\/cookking.online\/en\/wp-json\/wp\/v2\/product_brand?post=8412"},{"taxonomy":"product_cat","embeddable":true,"href":"https:\/\/cookking.online\/en\/wp-json\/wp\/v2\/product_cat?post=8412"},{"taxonomy":"product_tag","embeddable":true,"href":"https:\/\/cookking.online\/en\/wp-json\/wp\/v2\/product_tag?post=8412"}],"curies":[{"name":"wp","href":"https:\/\/api.w.org\/{rel}","templated":true}]}}