{"id":8451,"date":"2026-03-10T12:37:12","date_gmt":"2026-03-10T09:37:12","guid":{"rendered":"https:\/\/cookking.online\/?post_type=product&#038;p=8451"},"modified":"2026-03-10T12:37:12","modified_gmt":"2026-03-10T09:37:12","slug":"vandens-akmuo-galandimui-suncraft-gradation-280-1000","status":"publish","type":"product","link":"https:\/\/cookking.online\/en\/katalogas\/peiliai\/vandens-akmuo-galandimui-suncraft-gradation-280-1000\/","title":{"rendered":"Vandens akmuo galandimui Suncraft gradation 280\/1000"},"content":{"rendered":"<p>Vandens akmuo galandimui Suncraft gradation 280\/1000<\/p>\n<p style=\"margin-left: 0px; margin-right: 0px; text-align: justify;\"><span style=\"vertical-align: inherit;\"><span style=\"vertical-align: inherit;\">Dvipusis, auk\u0161tos kokyb\u0117s sintetinis peili\u0173 galandimo akmuo su 280 ir 1000 gr\u016bd\u0173, skirtas naudojimui namuose. <\/span><span style=\"vertical-align: inherit;\">Akmuo turi neslystant\u012f plastikin\u012f pagrind\u0105, kuris neleid\u017eia jam jud\u0117ti galandimo metu.<\/span><\/span><\/p>\n<p style=\"margin-left: 0px; margin-right: 0px; text-align: justify;\"><span style=\"vertical-align: inherit;\"><span style=\"vertical-align: inherit;\">Prie\u0161 naudodami akmen\u012f pamirkykite kelet\u0105 minu\u010di\u0173. <\/span><span style=\"vertical-align: inherit;\">Galandimo metu akmuo turi likti \u0161lapias.<\/span><\/span>\n<\/p>\n<p style=\"margin-left: 0px; margin-right: 0px; text-align: justify;\"><strong><span style=\"vertical-align: inherit;\"><span style=\"vertical-align: inherit;\">Akmens matmenys:<\/span><\/span><\/strong><\/p>\n<p style=\"margin-left: 0px; margin-right: 0px; text-align: justify;\"><span style=\"vertical-align: inherit;\"><span style=\"vertical-align: inherit;\">Ilgis: 179 mm<\/span><\/span><\/p>\n<p style=\"margin-left: 0px; margin-right: 0px; text-align: justify;\"><span style=\"vertical-align: inherit;\"><span style=\"vertical-align: inherit;\">Plotis: 50 mm<\/span><\/span><\/p>\n<p style=\"margin-left: 0px; margin-right: 0px; text-align: justify;\"><span style=\"vertical-align: inherit;\"><span style=\"vertical-align: inherit;\">Auk\u0161tis: 25 mm<\/span><\/span><\/p>\n<p><strong><span style=\"vertical-align: inherit;\"><span style=\"vertical-align: inherit;\">Gradacijos pasirinkimas:<\/span><\/span><\/strong><\/p>\n<ul style=\"margin-left: 0px; margin-right: 0px;\">\n<li><span style=\"vertical-align: inherit;\"><span style=\"vertical-align: inherit;\">#220 &#8211; #600, kai peilis yra labai bukas arba jo pjovimo briauna pa\u017eeista, nuskilusi<\/span><\/span><\/li>\n<li><span style=\"vertical-align: inherit;\"><span style=\"vertical-align: inherit;\">#800 &#8211; #1200 reguliariai pagal\u0105sti, \u0161iek tiek bukiems peiliams<\/span><\/span><\/li>\n<li><span style=\"vertical-align: inherit;\"><span style=\"vertical-align: inherit;\">#1500 &#8211; #6000 galutiniam i\u0161lyginimui ir poliravimui<\/span><\/span><\/li>\n<\/ul>","protected":false},"excerpt":{"rendered":"<p><span style=\"vertical-align: inherit;\"><span style=\"vertical-align: inherit;\">Suncraft vandens akmuo. <\/span><span style=\"vertical-align: inherit;\">Skirta a\u0161triems japoni\u0161kiems peiliams. <\/span><span style=\"vertical-align: inherit;\">Rekomenduoja Japonijos kalimo meistrai ir peili\u0173 gamintojai.<\/span><\/span><\/p>","protected":false},"featured_media":8452,"template":"","meta":[],"product_brand":[],"product_cat":[119],"product_tag":[121],"class_list":{"0":"post-8451","1":"product","2":"type-product","3":"status-publish","4":"has-post-thumbnail","6":"product_cat-peiliai","7":"product_tag-suncraft","9":"first","10":"instock","11":"taxable","12":"shipping-taxable","13":"purchasable","14":"product-type-simple"},"yoast_head":"<!-- This site is optimized with the Yoast SEO plugin v27.4 - https:\/\/yoast.com\/product\/yoast-seo-wordpress\/ -->\n<title>Vandens akmuo galandimui Suncraft gradation 280\/1000 - Cookking.online<\/title>\n<meta name=\"description\" content=\"Vandens akmuo galandimui Suncraft gradation 280\/1000 Auk\u0161\u010diausios kokyb\u0117s \u012franga gaminimui, kepimui ant groteli\u0173 ir r\u016bkymui lauke.\" \/>\n<meta name=\"robots\" content=\"index, follow, max-snippet:-1, max-image-preview:large, max-video-preview:-1\" \/>\n<link rel=\"canonical\" href=\"https:\/\/cookking.online\/en\/katalogas\/peiliai\/vandens-akmuo-galandimui-suncraft-gradation-280-1000\/\" \/>\n<meta property=\"og:locale\" content=\"en_US\" \/>\n<meta property=\"og:type\" content=\"article\" \/>\n<meta property=\"og:title\" content=\"Vandens akmuo galandimui Suncraft gradation 280\/1000 - Cookking.online\" \/>\n<meta property=\"og:description\" content=\"Vandens akmuo galandimui Suncraft gradation 280\/1000 Auk\u0161\u010diausios kokyb\u0117s \u012franga gaminimui, kepimui ant groteli\u0173 ir r\u016bkymui lauke.\" \/>\n<meta property=\"og:url\" content=\"https:\/\/cookking.online\/en\/katalogas\/peiliai\/vandens-akmuo-galandimui-suncraft-gradation-280-1000\/\" \/>\n<meta property=\"og:site_name\" content=\"Cookking.online\" \/>\n<meta property=\"og:image\" content=\"https:\/\/cookking.online\/wp-content\/uploads\/2024\/01\/3701_3.webp\" \/>\n\t<meta property=\"og:image:width\" content=\"1200\" \/>\n\t<meta property=\"og:image:height\" content=\"1200\" \/>\n\t<meta property=\"og:image:type\" content=\"image\/webp\" \/>\n<meta name=\"twitter:card\" content=\"summary_large_image\" \/>\n<meta name=\"twitter:label1\" content=\"Est. reading time\" \/>\n\t<meta name=\"twitter:data1\" content=\"1 minute\" \/>\n<script type=\"application\/ld+json\" class=\"yoast-schema-graph\">{\"@context\":\"https:\\\/\\\/schema.org\",\"@graph\":[{\"@type\":\"WebPage\",\"@id\":\"https:\\\/\\\/cookking.online\\\/katalogas\\\/peiliai\\\/vandens-akmuo-galandimui-suncraft-gradation-280-1000\\\/\",\"url\":\"https:\\\/\\\/cookking.online\\\/katalogas\\\/peiliai\\\/vandens-akmuo-galandimui-suncraft-gradation-280-1000\\\/\",\"name\":\"Vandens akmuo galandimui Suncraft gradation 280\\\/1000 - Cookking.online\",\"isPartOf\":{\"@id\":\"https:\\\/\\\/cookking.online\\\/#website\"},\"primaryImageOfPage\":{\"@id\":\"https:\\\/\\\/cookking.online\\\/katalogas\\\/peiliai\\\/vandens-akmuo-galandimui-suncraft-gradation-280-1000\\\/#primaryimage\"},\"image\":{\"@id\":\"https:\\\/\\\/cookking.online\\\/katalogas\\\/peiliai\\\/vandens-akmuo-galandimui-suncraft-gradation-280-1000\\\/#primaryimage\"},\"thumbnailUrl\":\"https:\\\/\\\/cookking.online\\\/wp-content\\\/uploads\\\/2024\\\/01\\\/3701_3.webp\",\"datePublished\":\"2026-03-10T09:37:12+00:00\",\"description\":\"Vandens akmuo galandimui Suncraft gradation 280\\\/1000 Auk\u0161\u010diausios kokyb\u0117s \u012franga gaminimui, kepimui ant groteli\u0173 ir r\u016bkymui lauke.\",\"breadcrumb\":{\"@id\":\"https:\\\/\\\/cookking.online\\\/katalogas\\\/peiliai\\\/vandens-akmuo-galandimui-suncraft-gradation-280-1000\\\/#breadcrumb\"},\"inLanguage\":\"en-US\",\"potentialAction\":[{\"@type\":\"ReadAction\",\"target\":[\"https:\\\/\\\/cookking.online\\\/katalogas\\\/peiliai\\\/vandens-akmuo-galandimui-suncraft-gradation-280-1000\\\/\"]}]},{\"@type\":\"ImageObject\",\"inLanguage\":\"en-US\",\"@id\":\"https:\\\/\\\/cookking.online\\\/katalogas\\\/peiliai\\\/vandens-akmuo-galandimui-suncraft-gradation-280-1000\\\/#primaryimage\",\"url\":\"https:\\\/\\\/cookking.online\\\/wp-content\\\/uploads\\\/2024\\\/01\\\/3701_3.webp\",\"contentUrl\":\"https:\\\/\\\/cookking.online\\\/wp-content\\\/uploads\\\/2024\\\/01\\\/3701_3.webp\",\"width\":1200,\"height\":1200},{\"@type\":\"BreadcrumbList\",\"@id\":\"https:\\\/\\\/cookking.online\\\/katalogas\\\/peiliai\\\/vandens-akmuo-galandimui-suncraft-gradation-280-1000\\\/#breadcrumb\",\"itemListElement\":[{\"@type\":\"ListItem\",\"position\":1,\"name\":\"Prad\u017eia\",\"item\":\"https:\\\/\\\/cookking.online\\\/\"},{\"@type\":\"ListItem\",\"position\":2,\"name\":\"Parduotuv\u0117\",\"item\":\"https:\\\/\\\/cookking.online\\\/parduotuve\\\/\"},{\"@type\":\"ListItem\",\"position\":3,\"name\":\"Vandens akmuo galandimui Suncraft gradation 280\\\/1000\"}]},{\"@type\":\"WebSite\",\"@id\":\"https:\\\/\\\/cookking.online\\\/#website\",\"url\":\"https:\\\/\\\/cookking.online\\\/\",\"name\":\"Cookking.online\",\"description\":\"\",\"publisher\":{\"@id\":\"https:\\\/\\\/cookking.online\\\/#organization\"},\"potentialAction\":[{\"@type\":\"SearchAction\",\"target\":{\"@type\":\"EntryPoint\",\"urlTemplate\":\"https:\\\/\\\/cookking.online\\\/?s={search_term_string}\"},\"query-input\":{\"@type\":\"PropertyValueSpecification\",\"valueRequired\":true,\"valueName\":\"search_term_string\"}}],\"inLanguage\":\"en-US\"},{\"@type\":\"Organization\",\"@id\":\"https:\\\/\\\/cookking.online\\\/#organization\",\"name\":\"Cookking.online\",\"url\":\"https:\\\/\\\/cookking.online\\\/\",\"logo\":{\"@type\":\"ImageObject\",\"inLanguage\":\"en-US\",\"@id\":\"https:\\\/\\\/cookking.online\\\/#\\\/schema\\\/logo\\\/image\\\/\",\"url\":\"https:\\\/\\\/cookking.online\\\/wp-content\\\/uploads\\\/2021\\\/11\\\/Logo.png\",\"contentUrl\":\"https:\\\/\\\/cookking.online\\\/wp-content\\\/uploads\\\/2021\\\/11\\\/Logo.png\",\"width\":291,\"height\":100,\"caption\":\"Cookking.online\"},\"image\":{\"@id\":\"https:\\\/\\\/cookking.online\\\/#\\\/schema\\\/logo\\\/image\\\/\"}}]}<\/script>\n<!-- \/ Yoast SEO plugin. -->","yoast_head_json":{"title":"Vandens akmuo galandimui Suncraft gradation 280\/1000 - Cookking.online","description":"Vandens akmuo galandimui Suncraft gradation 280\/1000 Auk\u0161\u010diausios kokyb\u0117s \u012franga gaminimui, kepimui ant groteli\u0173 ir r\u016bkymui lauke.","robots":{"index":"index","follow":"follow","max-snippet":"max-snippet:-1","max-image-preview":"max-image-preview:large","max-video-preview":"max-video-preview:-1"},"canonical":"https:\/\/cookking.online\/en\/katalogas\/peiliai\/vandens-akmuo-galandimui-suncraft-gradation-280-1000\/","og_locale":"en_US","og_type":"article","og_title":"Vandens akmuo galandimui Suncraft gradation 280\/1000 - Cookking.online","og_description":"Vandens akmuo galandimui Suncraft gradation 280\/1000 Auk\u0161\u010diausios kokyb\u0117s \u012franga gaminimui, kepimui ant groteli\u0173 ir r\u016bkymui lauke.","og_url":"https:\/\/cookking.online\/en\/katalogas\/peiliai\/vandens-akmuo-galandimui-suncraft-gradation-280-1000\/","og_site_name":"Cookking.online","og_image":[{"width":1200,"height":1200,"url":"https:\/\/cookking.online\/wp-content\/uploads\/2024\/01\/3701_3.webp","type":"image\/webp"}],"twitter_card":"summary_large_image","twitter_misc":{"Est. reading time":"1 minute"},"schema":{"@context":"https:\/\/schema.org","@graph":[{"@type":"WebPage","@id":"https:\/\/cookking.online\/katalogas\/peiliai\/vandens-akmuo-galandimui-suncraft-gradation-280-1000\/","url":"https:\/\/cookking.online\/katalogas\/peiliai\/vandens-akmuo-galandimui-suncraft-gradation-280-1000\/","name":"Vandens akmuo galandimui Suncraft gradation 280\/1000 - Cookking.online","isPartOf":{"@id":"https:\/\/cookking.online\/#website"},"primaryImageOfPage":{"@id":"https:\/\/cookking.online\/katalogas\/peiliai\/vandens-akmuo-galandimui-suncraft-gradation-280-1000\/#primaryimage"},"image":{"@id":"https:\/\/cookking.online\/katalogas\/peiliai\/vandens-akmuo-galandimui-suncraft-gradation-280-1000\/#primaryimage"},"thumbnailUrl":"https:\/\/cookking.online\/wp-content\/uploads\/2024\/01\/3701_3.webp","datePublished":"2026-03-10T09:37:12+00:00","description":"Vandens akmuo galandimui Suncraft gradation 280\/1000 Auk\u0161\u010diausios kokyb\u0117s \u012franga gaminimui, kepimui ant groteli\u0173 ir r\u016bkymui lauke.","breadcrumb":{"@id":"https:\/\/cookking.online\/katalogas\/peiliai\/vandens-akmuo-galandimui-suncraft-gradation-280-1000\/#breadcrumb"},"inLanguage":"en-US","potentialAction":[{"@type":"ReadAction","target":["https:\/\/cookking.online\/katalogas\/peiliai\/vandens-akmuo-galandimui-suncraft-gradation-280-1000\/"]}]},{"@type":"ImageObject","inLanguage":"en-US","@id":"https:\/\/cookking.online\/katalogas\/peiliai\/vandens-akmuo-galandimui-suncraft-gradation-280-1000\/#primaryimage","url":"https:\/\/cookking.online\/wp-content\/uploads\/2024\/01\/3701_3.webp","contentUrl":"https:\/\/cookking.online\/wp-content\/uploads\/2024\/01\/3701_3.webp","width":1200,"height":1200},{"@type":"BreadcrumbList","@id":"https:\/\/cookking.online\/katalogas\/peiliai\/vandens-akmuo-galandimui-suncraft-gradation-280-1000\/#breadcrumb","itemListElement":[{"@type":"ListItem","position":1,"name":"Prad\u017eia","item":"https:\/\/cookking.online\/"},{"@type":"ListItem","position":2,"name":"Parduotuv\u0117","item":"https:\/\/cookking.online\/parduotuve\/"},{"@type":"ListItem","position":3,"name":"Vandens akmuo galandimui Suncraft gradation 280\/1000"}]},{"@type":"WebSite","@id":"https:\/\/cookking.online\/#website","url":"https:\/\/cookking.online\/","name":"Cookking.online","description":"","publisher":{"@id":"https:\/\/cookking.online\/#organization"},"potentialAction":[{"@type":"SearchAction","target":{"@type":"EntryPoint","urlTemplate":"https:\/\/cookking.online\/?s={search_term_string}"},"query-input":{"@type":"PropertyValueSpecification","valueRequired":true,"valueName":"search_term_string"}}],"inLanguage":"en-US"},{"@type":"Organization","@id":"https:\/\/cookking.online\/#organization","name":"Cookking.online","url":"https:\/\/cookking.online\/","logo":{"@type":"ImageObject","inLanguage":"en-US","@id":"https:\/\/cookking.online\/#\/schema\/logo\/image\/","url":"https:\/\/cookking.online\/wp-content\/uploads\/2021\/11\/Logo.png","contentUrl":"https:\/\/cookking.online\/wp-content\/uploads\/2021\/11\/Logo.png","width":291,"height":100,"caption":"Cookking.online"},"image":{"@id":"https:\/\/cookking.online\/#\/schema\/logo\/image\/"}}]}},"_links":{"self":[{"href":"https:\/\/cookking.online\/en\/wp-json\/wp\/v2\/product\/8451","targetHints":{"allow":["GET"]}}],"collection":[{"href":"https:\/\/cookking.online\/en\/wp-json\/wp\/v2\/product"}],"about":[{"href":"https:\/\/cookking.online\/en\/wp-json\/wp\/v2\/types\/product"}],"wp:featuredmedia":[{"embeddable":true,"href":"https:\/\/cookking.online\/en\/wp-json\/wp\/v2\/media\/8452"}],"wp:attachment":[{"href":"https:\/\/cookking.online\/en\/wp-json\/wp\/v2\/media?parent=8451"}],"wp:term":[{"taxonomy":"product_brand","embeddable":true,"href":"https:\/\/cookking.online\/en\/wp-json\/wp\/v2\/product_brand?post=8451"},{"taxonomy":"product_cat","embeddable":true,"href":"https:\/\/cookking.online\/en\/wp-json\/wp\/v2\/product_cat?post=8451"},{"taxonomy":"product_tag","embeddable":true,"href":"https:\/\/cookking.online\/en\/wp-json\/wp\/v2\/product_tag?post=8451"}],"curies":[{"name":"wp","href":"https:\/\/api.w.org\/{rel}","templated":true}]}}