{"id":8463,"date":"2026-03-10T12:37:12","date_gmt":"2026-03-10T09:37:12","guid":{"rendered":"https:\/\/cookking.online\/?post_type=product&#038;p=8463"},"modified":"2026-03-10T12:37:12","modified_gmt":"2026-03-10T09:37:12","slug":"king-g-45-vandens-akmuo-galandimui-220-su-pagrindu","status":"publish","type":"product","link":"https:\/\/cookking.online\/en\/katalogas\/peiliai\/king-g-45-vandens-akmuo-galandimui-220-su-pagrindu\/","title":{"rendered":"King G-45 vandens akmuo galandimui 220 su pagrindu"},"content":{"rendered":"<h4 style=\"text-align: justify;\">King G-45 vandens akmuo galandimui 220 su pagrindu<\/h4>\n<h2><span style=\"vertical-align: inherit;\"><span style=\"vertical-align: inherit;\">Japoni\u0161kas King Deluxe G-45B galandimo akmuo su 220 gr\u016bd\u0173<\/span><\/span><\/h2>\n<p><span style=\"vertical-align: inherit;\"><span style=\"vertical-align: inherit;\">Akmenys yra geriausias b\u016bdas \u0161lifuoti, pagal\u0105sti ir poliruoti pjovimo briaun\u0105. \u0160\u012f metod\u0105 taiko ir Japonijos peili\u0173 gamyklos.<\/span><\/span><\/p>\n<p><span style=\"vertical-align: inherit;\"><span style=\"vertical-align: inherit;\">Galandimo akmuo\u00a0 <\/span><\/span><strong><span style=\"vertical-align: inherit;\"><span style=\"vertical-align: inherit;\">King Deluxe G-45B 220<\/span><\/span><\/strong><span style=\"vertical-align: inherit;\"><span style=\"vertical-align: inherit;\"> \u00a0yra plok\u0161\u010dias, sta\u010diakampis akmuo, kurio matmenys yra\u00a0 <\/span><\/span><strong><span style=\"vertical-align: inherit;\"><span style=\"vertical-align: inherit;\">176x52x15 mm<\/span><\/span><\/strong><span style=\"vertical-align: inherit;\"><span style=\"vertical-align: inherit;\"> \u00a0, o gradacija (gr\u016bdeli\u0173 ir abrazyvini\u0173 daleli\u0173 skai\u010dius cm2)\u00a0 <\/span><\/span><strong><span style=\"vertical-align: inherit;\"><span style=\"vertical-align: inherit;\">yra 220<\/span><\/span><\/strong><span style=\"vertical-align: inherit;\"><span style=\"vertical-align: inherit;\"> . Ma\u017ea gradacija leid\u017eia greitai pataisyti pa\u017eeist\u0105 pjovimo briaun\u0105 arba i\u0161lyginti ir i\u0161 prad\u017ei\u0173 pagal\u0105sti blogai apleistus peilius. Akmuo buvo pad\u0117tas ant plastikinio pagrindo su gumin\u0117mis, neslid\u017eiomis kojel\u0117mis.<\/span><\/span><\/p>\n<p><strong><span style=\"vertical-align: inherit;\"><span style=\"vertical-align: inherit;\">King yra prek\u0117s \u017eenklas, priklausantis <\/span><\/span><\/strong><strong><span style=\"vertical-align: inherit;\"><span style=\"vertical-align: inherit;\">MATSUNAGA STONE CO., LTD,\u00a0<\/span><\/span><\/strong><span style=\"vertical-align: inherit;\"><span style=\"vertical-align: inherit;\"> \u00a0\u012fkurtai 1948 m\u00a0 . <\/span><span style=\"vertical-align: inherit;\">kuri specializuojasi \u012fvairi\u0173 r\u016b\u0161i\u0173 abrazyvini\u0173 med\u017eiag\u0173 gamyboje, \u012fskaitant akmenis peiliams galandinti. Auk\u0161ta si\u016blom\u0173 gamini\u0173 kokyb\u0117 daro King stones atpa\u017e\u012fstamus ir labai vertinamus visame pasaulyje<\/span><\/span><\/p>\n<p>&nbsp;<\/p>\n<h2><span style=\"vertical-align: inherit;\"><span style=\"vertical-align: inherit;\">Peilio galandimas:<\/span><\/span><\/h2>\n<ol>\n<li><strong><span style=\"vertical-align: inherit;\"><span style=\"vertical-align: inherit;\">Gradacijos pasirinkimas<\/span><\/span><\/strong>\n<ul>\n<li><span style=\"vertical-align: inherit;\"><span style=\"vertical-align: inherit;\">#220 &#8211; #600, kai peilis yra labai bukas arba jo pjovimo briauna pa\u017eeista, nuskilusi<\/span><\/span><\/li>\n<li><span style=\"vertical-align: inherit;\"><span style=\"vertical-align: inherit;\">#800 &#8211; #1200 reguliariai pagal\u0105sti, \u0161iek tiek bukiems peiliams<\/span><\/span><\/li>\n<li><span style=\"vertical-align: inherit;\"><span style=\"vertical-align: inherit;\">#1500 &#8211; #6000 galutiniam i\u0161lyginimui ir poliravimui<\/span><\/span><\/li>\n<\/ul>\n<\/li>\n<li><strong><span style=\"vertical-align: inherit;\"><span style=\"vertical-align: inherit;\">Galandimas<\/span><\/span><\/strong><span style=\"vertical-align: inherit;\"><span style=\"vertical-align: inherit;\">1. Prie\u0161 naudojim\u0105 akmen\u012f reikia pamirkyti vandenyje kelet\u0105 minu\u010di\u0173. Galandant akmuo turi b\u016bti vis\u0105 laik\u0105 \u0161lapias.<\/span><\/span><img loading=\"lazy\" decoding=\"async\" class=\"f-right\" src=\"https:\/\/omc.net.pl\/data\/include\/cms\/cms_graphics\/trivia_hotto01.jpg\" width=\"99\" height=\"59\" border=\"0\" \/>\n<p><span style=\"vertical-align: inherit;\"><span style=\"vertical-align: inherit;\">2. Tvirtai pad\u0117kite akmen\u012f ant stalvir\u0161io. Po akmeniu galite pad\u0117ti dr\u0117gn\u0105 skudur\u0117l\u012f ar popierin\u012f rank\u0161luost\u012f, kad jis nejud\u0117t\u0173. Peil\u012f reikia pad\u0117ti akmeniui 15-20 laipsni\u0173 kampu.<\/span><\/span><\/p>\n<p><img loading=\"lazy\" decoding=\"async\" class=\"f-right\" src=\"https:\/\/omc.net.pl\/data\/include\/cms\/cms_graphics\/trivia_hotto02.jpg\" width=\"248\" height=\"106\" border=\"0\" \/><\/p>\n<p><span style=\"vertical-align: inherit;\"><span style=\"vertical-align: inherit;\">3.\u00a0 <\/span><\/span><strong><span style=\"vertical-align: inherit;\"><span style=\"vertical-align: inherit;\">Priklausomai nuo a\u0161men\u0173 tipo:<\/span><\/span><\/strong><\/p>\n<p><span style=\"vertical-align: inherit;\"><span style=\"vertical-align: inherit;\">&#8211; peilis pagal\u0105stas i\u0161 vienos pus\u0117s &#8211; turi b\u016bti pagal\u0105stas 90% i\u0161 vienos pus\u0117s ir 10% i\u0161 kitos <\/span><\/span><br \/>\n<span style=\"vertical-align: inherit;\"><span style=\"vertical-align: inherit;\">&#8211; peilis pagal\u0105stas i\u0161 abiej\u0173 pusi\u0173 &#8211; turi b\u016bti pagal\u0105stas vienodai i\u0161 abiej\u0173 pusi\u0173<\/span><\/span><\/p>\n<p><img loading=\"lazy\" decoding=\"async\" class=\"f-right\" src=\"https:\/\/omc.net.pl\/data\/include\/cms\/cms_graphics\/trivia_hotto03.jpg\" width=\"109\" height=\"98\" border=\"0\" \/><\/p>\n<p><span style=\"vertical-align: inherit;\"><span style=\"vertical-align: inherit;\">4. Po galandimo pa\u0161alinkite visas pjovimo briaunas. Nor\u0117dami tai padaryti, pad\u0117kite peil\u012f statmenai akmeniui ir, i\u0161laikydami \u0161\u012f kamp\u0105, \u0161velniai perkelkite j\u012f per vis\u0105 pjovimo briaun\u0105, vien\u0105 kart\u0105 vienoje, o paskui kitoje a\u0161men\u0173 pus\u0117je.<\/span><\/span><\/p>\n<p><img loading=\"lazy\" decoding=\"async\" class=\"f-right\" src=\"https:\/\/omc.net.pl\/data\/include\/cms\/cms_graphics\/trivia_hotto04.jpg\" width=\"125\" height=\"90\" border=\"0\" \/><\/li>\n<li><strong><span style=\"vertical-align: inherit;\"><span style=\"vertical-align: inherit;\">Prie\u017ei\u016bra<\/span><\/span><\/strong><span style=\"vertical-align: inherit;\"><span style=\"vertical-align: inherit;\">Po naudojimo akmen\u012f reikia kruop\u0161\u010diai nuplauti ir i\u0161d\u017eiovinti. Laikui b\u0117gant pavir\u0161iuje gali atsirasti \u012fdubim\u0173, tod\u0117l jas reikia i\u0161lyginti, pvz., naudojant special\u0173 i\u0161lyginimo akmen\u012f.<\/span><\/span><\/li>\n<\/ol>","protected":false},"excerpt":{"rendered":"<p><span style=\"vertical-align: inherit;\"><span style=\"vertical-align: inherit;\">Keraminis akmuo i\u0161 japon\u0173 prek\u0117s \u017eenklo King. Speciali konstrukcija leid\u017eia pagal\u0105sti geriausius japoni\u0161kus peilius. Akmuo yra su plastikiniu stovu. Auk\u0161\u010diausios kokyb\u0117s akmuo.<\/span><\/span><\/p>","protected":false},"featured_media":8464,"template":"","meta":[],"product_brand":[],"product_cat":[119],"product_tag":[],"class_list":{"0":"post-8463","1":"product","2":"type-product","3":"status-publish","4":"has-post-thumbnail","6":"product_cat-peiliai","8":"first","9":"instock","10":"sale","11":"taxable","12":"shipping-taxable","13":"purchasable","14":"product-type-simple"},"yoast_head":"<!-- This site is optimized with the Yoast SEO plugin v27.3 - https:\/\/yoast.com\/product\/yoast-seo-wordpress\/ -->\n<title>King G-45 vandens akmuo galandimui 220 su pagrindu - Cookking.online<\/title>\n<meta name=\"description\" content=\"King G-45 vandens akmuo galandimui 220 su pagrindu Auk\u0161\u010diausios kokyb\u0117s \u012franga gaminimui, kepimui ant groteli\u0173 ir r\u016bkymui lauke.\" \/>\n<meta name=\"robots\" content=\"index, follow, max-snippet:-1, max-image-preview:large, max-video-preview:-1\" \/>\n<link rel=\"canonical\" href=\"https:\/\/cookking.online\/en\/katalogas\/peiliai\/king-g-45-vandens-akmuo-galandimui-220-su-pagrindu\/\" \/>\n<meta property=\"og:locale\" content=\"en_US\" \/>\n<meta property=\"og:type\" content=\"article\" \/>\n<meta property=\"og:title\" content=\"King G-45 vandens akmuo galandimui 220 su pagrindu - Cookking.online\" \/>\n<meta property=\"og:description\" content=\"King G-45 vandens akmuo galandimui 220 su pagrindu Auk\u0161\u010diausios kokyb\u0117s \u012franga gaminimui, kepimui ant groteli\u0173 ir r\u016bkymui lauke.\" \/>\n<meta property=\"og:url\" content=\"https:\/\/cookking.online\/en\/katalogas\/peiliai\/king-g-45-vandens-akmuo-galandimui-220-su-pagrindu\/\" \/>\n<meta property=\"og:site_name\" content=\"Cookking.online\" \/>\n<meta property=\"og:image\" content=\"https:\/\/cookking.online\/wp-content\/uploads\/2024\/01\/3704_3.webp\" \/>\n\t<meta property=\"og:image:width\" content=\"1200\" \/>\n\t<meta property=\"og:image:height\" content=\"1200\" \/>\n\t<meta property=\"og:image:type\" content=\"image\/webp\" \/>\n<meta name=\"twitter:card\" content=\"summary_large_image\" \/>\n<meta name=\"twitter:label1\" content=\"Est. reading time\" \/>\n\t<meta name=\"twitter:data1\" content=\"3 minutes\" \/>\n<script type=\"application\/ld+json\" class=\"yoast-schema-graph\">{\"@context\":\"https:\\\/\\\/schema.org\",\"@graph\":[{\"@type\":\"WebPage\",\"@id\":\"https:\\\/\\\/cookking.online\\\/katalogas\\\/peiliai\\\/king-g-45-vandens-akmuo-galandimui-220-su-pagrindu\\\/\",\"url\":\"https:\\\/\\\/cookking.online\\\/katalogas\\\/peiliai\\\/king-g-45-vandens-akmuo-galandimui-220-su-pagrindu\\\/\",\"name\":\"King G-45 vandens akmuo galandimui 220 su pagrindu - Cookking.online\",\"isPartOf\":{\"@id\":\"https:\\\/\\\/cookking.online\\\/#website\"},\"primaryImageOfPage\":{\"@id\":\"https:\\\/\\\/cookking.online\\\/katalogas\\\/peiliai\\\/king-g-45-vandens-akmuo-galandimui-220-su-pagrindu\\\/#primaryimage\"},\"image\":{\"@id\":\"https:\\\/\\\/cookking.online\\\/katalogas\\\/peiliai\\\/king-g-45-vandens-akmuo-galandimui-220-su-pagrindu\\\/#primaryimage\"},\"thumbnailUrl\":\"https:\\\/\\\/cookking.online\\\/wp-content\\\/uploads\\\/2024\\\/01\\\/3704_3.webp\",\"datePublished\":\"2026-03-10T09:37:12+00:00\",\"description\":\"King G-45 vandens akmuo galandimui 220 su pagrindu Auk\u0161\u010diausios kokyb\u0117s \u012franga gaminimui, kepimui ant groteli\u0173 ir r\u016bkymui lauke.\",\"breadcrumb\":{\"@id\":\"https:\\\/\\\/cookking.online\\\/katalogas\\\/peiliai\\\/king-g-45-vandens-akmuo-galandimui-220-su-pagrindu\\\/#breadcrumb\"},\"inLanguage\":\"en-US\",\"potentialAction\":[{\"@type\":\"ReadAction\",\"target\":[\"https:\\\/\\\/cookking.online\\\/katalogas\\\/peiliai\\\/king-g-45-vandens-akmuo-galandimui-220-su-pagrindu\\\/\"]}]},{\"@type\":\"ImageObject\",\"inLanguage\":\"en-US\",\"@id\":\"https:\\\/\\\/cookking.online\\\/katalogas\\\/peiliai\\\/king-g-45-vandens-akmuo-galandimui-220-su-pagrindu\\\/#primaryimage\",\"url\":\"https:\\\/\\\/cookking.online\\\/wp-content\\\/uploads\\\/2024\\\/01\\\/3704_3.webp\",\"contentUrl\":\"https:\\\/\\\/cookking.online\\\/wp-content\\\/uploads\\\/2024\\\/01\\\/3704_3.webp\",\"width\":1200,\"height\":1200,\"caption\":\"King G-45 vandens akmuo galandimui 220 su pagrindu\"},{\"@type\":\"BreadcrumbList\",\"@id\":\"https:\\\/\\\/cookking.online\\\/katalogas\\\/peiliai\\\/king-g-45-vandens-akmuo-galandimui-220-su-pagrindu\\\/#breadcrumb\",\"itemListElement\":[{\"@type\":\"ListItem\",\"position\":1,\"name\":\"Prad\u017eia\",\"item\":\"https:\\\/\\\/cookking.online\\\/\"},{\"@type\":\"ListItem\",\"position\":2,\"name\":\"Parduotuv\u0117\",\"item\":\"https:\\\/\\\/cookking.online\\\/parduotuve\\\/\"},{\"@type\":\"ListItem\",\"position\":3,\"name\":\"King G-45 vandens akmuo galandimui 220 su pagrindu\"}]},{\"@type\":\"WebSite\",\"@id\":\"https:\\\/\\\/cookking.online\\\/#website\",\"url\":\"https:\\\/\\\/cookking.online\\\/\",\"name\":\"Cookking.online\",\"description\":\"\",\"publisher\":{\"@id\":\"https:\\\/\\\/cookking.online\\\/#organization\"},\"potentialAction\":[{\"@type\":\"SearchAction\",\"target\":{\"@type\":\"EntryPoint\",\"urlTemplate\":\"https:\\\/\\\/cookking.online\\\/?s={search_term_string}\"},\"query-input\":{\"@type\":\"PropertyValueSpecification\",\"valueRequired\":true,\"valueName\":\"search_term_string\"}}],\"inLanguage\":\"en-US\"},{\"@type\":\"Organization\",\"@id\":\"https:\\\/\\\/cookking.online\\\/#organization\",\"name\":\"Cookking.online\",\"url\":\"https:\\\/\\\/cookking.online\\\/\",\"logo\":{\"@type\":\"ImageObject\",\"inLanguage\":\"en-US\",\"@id\":\"https:\\\/\\\/cookking.online\\\/#\\\/schema\\\/logo\\\/image\\\/\",\"url\":\"https:\\\/\\\/cookking.online\\\/wp-content\\\/uploads\\\/2021\\\/11\\\/Logo.png\",\"contentUrl\":\"https:\\\/\\\/cookking.online\\\/wp-content\\\/uploads\\\/2021\\\/11\\\/Logo.png\",\"width\":291,\"height\":100,\"caption\":\"Cookking.online\"},\"image\":{\"@id\":\"https:\\\/\\\/cookking.online\\\/#\\\/schema\\\/logo\\\/image\\\/\"}}]}<\/script>\n<!-- \/ Yoast SEO plugin. -->","yoast_head_json":{"title":"King G-45 vandens akmuo galandimui 220 su pagrindu - Cookking.online","description":"King G-45 vandens akmuo galandimui 220 su pagrindu Auk\u0161\u010diausios kokyb\u0117s \u012franga gaminimui, kepimui ant groteli\u0173 ir r\u016bkymui lauke.","robots":{"index":"index","follow":"follow","max-snippet":"max-snippet:-1","max-image-preview":"max-image-preview:large","max-video-preview":"max-video-preview:-1"},"canonical":"https:\/\/cookking.online\/en\/katalogas\/peiliai\/king-g-45-vandens-akmuo-galandimui-220-su-pagrindu\/","og_locale":"en_US","og_type":"article","og_title":"King G-45 vandens akmuo galandimui 220 su pagrindu - Cookking.online","og_description":"King G-45 vandens akmuo galandimui 220 su pagrindu Auk\u0161\u010diausios kokyb\u0117s \u012franga gaminimui, kepimui ant groteli\u0173 ir r\u016bkymui lauke.","og_url":"https:\/\/cookking.online\/en\/katalogas\/peiliai\/king-g-45-vandens-akmuo-galandimui-220-su-pagrindu\/","og_site_name":"Cookking.online","og_image":[{"width":1200,"height":1200,"url":"https:\/\/cookking.online\/wp-content\/uploads\/2024\/01\/3704_3.webp","type":"image\/webp"}],"twitter_card":"summary_large_image","twitter_misc":{"Est. reading time":"3 minutes"},"schema":{"@context":"https:\/\/schema.org","@graph":[{"@type":"WebPage","@id":"https:\/\/cookking.online\/katalogas\/peiliai\/king-g-45-vandens-akmuo-galandimui-220-su-pagrindu\/","url":"https:\/\/cookking.online\/katalogas\/peiliai\/king-g-45-vandens-akmuo-galandimui-220-su-pagrindu\/","name":"King G-45 vandens akmuo galandimui 220 su pagrindu - Cookking.online","isPartOf":{"@id":"https:\/\/cookking.online\/#website"},"primaryImageOfPage":{"@id":"https:\/\/cookking.online\/katalogas\/peiliai\/king-g-45-vandens-akmuo-galandimui-220-su-pagrindu\/#primaryimage"},"image":{"@id":"https:\/\/cookking.online\/katalogas\/peiliai\/king-g-45-vandens-akmuo-galandimui-220-su-pagrindu\/#primaryimage"},"thumbnailUrl":"https:\/\/cookking.online\/wp-content\/uploads\/2024\/01\/3704_3.webp","datePublished":"2026-03-10T09:37:12+00:00","description":"King G-45 vandens akmuo galandimui 220 su pagrindu Auk\u0161\u010diausios kokyb\u0117s \u012franga gaminimui, kepimui ant groteli\u0173 ir r\u016bkymui lauke.","breadcrumb":{"@id":"https:\/\/cookking.online\/katalogas\/peiliai\/king-g-45-vandens-akmuo-galandimui-220-su-pagrindu\/#breadcrumb"},"inLanguage":"en-US","potentialAction":[{"@type":"ReadAction","target":["https:\/\/cookking.online\/katalogas\/peiliai\/king-g-45-vandens-akmuo-galandimui-220-su-pagrindu\/"]}]},{"@type":"ImageObject","inLanguage":"en-US","@id":"https:\/\/cookking.online\/katalogas\/peiliai\/king-g-45-vandens-akmuo-galandimui-220-su-pagrindu\/#primaryimage","url":"https:\/\/cookking.online\/wp-content\/uploads\/2024\/01\/3704_3.webp","contentUrl":"https:\/\/cookking.online\/wp-content\/uploads\/2024\/01\/3704_3.webp","width":1200,"height":1200,"caption":"King G-45 vandens akmuo galandimui 220 su pagrindu"},{"@type":"BreadcrumbList","@id":"https:\/\/cookking.online\/katalogas\/peiliai\/king-g-45-vandens-akmuo-galandimui-220-su-pagrindu\/#breadcrumb","itemListElement":[{"@type":"ListItem","position":1,"name":"Prad\u017eia","item":"https:\/\/cookking.online\/"},{"@type":"ListItem","position":2,"name":"Parduotuv\u0117","item":"https:\/\/cookking.online\/parduotuve\/"},{"@type":"ListItem","position":3,"name":"King G-45 vandens akmuo galandimui 220 su pagrindu"}]},{"@type":"WebSite","@id":"https:\/\/cookking.online\/#website","url":"https:\/\/cookking.online\/","name":"Cookking.online","description":"","publisher":{"@id":"https:\/\/cookking.online\/#organization"},"potentialAction":[{"@type":"SearchAction","target":{"@type":"EntryPoint","urlTemplate":"https:\/\/cookking.online\/?s={search_term_string}"},"query-input":{"@type":"PropertyValueSpecification","valueRequired":true,"valueName":"search_term_string"}}],"inLanguage":"en-US"},{"@type":"Organization","@id":"https:\/\/cookking.online\/#organization","name":"Cookking.online","url":"https:\/\/cookking.online\/","logo":{"@type":"ImageObject","inLanguage":"en-US","@id":"https:\/\/cookking.online\/#\/schema\/logo\/image\/","url":"https:\/\/cookking.online\/wp-content\/uploads\/2021\/11\/Logo.png","contentUrl":"https:\/\/cookking.online\/wp-content\/uploads\/2021\/11\/Logo.png","width":291,"height":100,"caption":"Cookking.online"},"image":{"@id":"https:\/\/cookking.online\/#\/schema\/logo\/image\/"}}]}},"_links":{"self":[{"href":"https:\/\/cookking.online\/en\/wp-json\/wp\/v2\/product\/8463","targetHints":{"allow":["GET"]}}],"collection":[{"href":"https:\/\/cookking.online\/en\/wp-json\/wp\/v2\/product"}],"about":[{"href":"https:\/\/cookking.online\/en\/wp-json\/wp\/v2\/types\/product"}],"wp:featuredmedia":[{"embeddable":true,"href":"https:\/\/cookking.online\/en\/wp-json\/wp\/v2\/media\/8464"}],"wp:attachment":[{"href":"https:\/\/cookking.online\/en\/wp-json\/wp\/v2\/media?parent=8463"}],"wp:term":[{"taxonomy":"product_brand","embeddable":true,"href":"https:\/\/cookking.online\/en\/wp-json\/wp\/v2\/product_brand?post=8463"},{"taxonomy":"product_cat","embeddable":true,"href":"https:\/\/cookking.online\/en\/wp-json\/wp\/v2\/product_cat?post=8463"},{"taxonomy":"product_tag","embeddable":true,"href":"https:\/\/cookking.online\/en\/wp-json\/wp\/v2\/product_tag?post=8463"}],"curies":[{"name":"wp","href":"https:\/\/api.w.org\/{rel}","templated":true}]}}