{"id":8646,"date":"2026-03-10T12:37:14","date_gmt":"2026-03-10T09:37:14","guid":{"rendered":"https:\/\/cookking.online\/?post_type=product&#038;p=8646"},"modified":"2026-03-10T12:37:14","modified_gmt":"2026-03-10T09:37:14","slug":"suncraft-yk-800-virtuvinis-peilis-kiniskas-kirvis-175mm-yk-800","status":"publish","type":"product","link":"https:\/\/cookking.online\/en\/katalogas\/peiliai\/suncraft-yk-800-virtuvinis-peilis-kiniskas-kirvis-175mm-yk-800\/","title":{"rendered":"Suncraft YK-800 virtuvinis peilis kini\u0161kas kirvis 175mm YK-800"},"content":{"rendered":"<h4>Suncraft YK-800 virtuvinis peilis kini\u0161kas kirvis 175mm YK-800<\/h4>\n<p><strong><span style=\"vertical-align: inherit;\"><span style=\"vertical-align: inherit;\">Kini\u0161kas kirvis\u00a0 <\/span><\/span><\/strong><strong><span style=\"vertical-align: inherit;\"><span style=\"vertical-align: inherit;\">\u2013 tai peilis <\/span><\/span><\/strong><strong><span style=\"vertical-align: inherit;\"><span style=\"vertical-align: inherit;\">, kuris<\/span><\/span><\/strong><span style=\"vertical-align: inherit;\"><span style=\"vertical-align: inherit;\"> \u00a0kasdien Azijos virtuv\u0117je naudojamas \u012fvairiems produktams pjaustyti ir tarnauja kaip\u00a0 <\/span><\/span><strong><span style=\"vertical-align: inherit;\"><span style=\"vertical-align: inherit;\">\u0161efo<\/span><\/span><\/strong><span style=\"vertical-align: inherit;\"><span style=\"vertical-align: inherit;\"> peilis . <\/span><span style=\"vertical-align: inherit;\">\u0160is peilis turi tvirtus ir gana plonus a\u0161menis, tod\u0117l juo negalima pjaustyti kaul\u0173 ar \u0161aldyt\u0173 maisto produkt\u0173. <\/span><span style=\"vertical-align: inherit;\">Kini\u0161kas kirvis yra platus a\u0161trus peilis ir puikus \u012frankis atliekant tokias u\u017eduotis kaip pjaustyti dar\u017eoves, dalyti pauk\u0161tien\u0105 porcijomis, pjaustyti \u017eali\u0105 m\u0117s\u0105 arba trai\u0161kyti \u010desnak\u0105 ar imbier\u0105.<\/span><\/span><\/p>\n<table>\n<tbody>\n<tr>\n<td><strong><span style=\"vertical-align: inherit;\"><span style=\"vertical-align: inherit;\">Plieno tipas:<\/span><\/span><\/strong><\/td>\n<td><span style=\"vertical-align: inherit;\"><span style=\"vertical-align: inherit;\">420J2<\/span><\/span><\/td>\n<\/tr>\n<tr>\n<td><strong><span style=\"vertical-align: inherit;\"><span style=\"vertical-align: inherit;\">HRC:<\/span><\/span><\/strong><\/td>\n<td><span style=\"vertical-align: inherit;\"><span style=\"vertical-align: inherit;\">49 \u00b11<\/span><\/span><\/td>\n<\/tr>\n<tr>\n<td><strong><span style=\"vertical-align: inherit;\"><span style=\"vertical-align: inherit;\">Rankenos med\u017eiaga:\u00a0<\/span><\/span><\/strong><\/td>\n<td><span style=\"vertical-align: inherit;\"><span style=\"vertical-align: inherit;\">raudonmed\u017eio<\/span><\/span><\/td>\n<\/tr>\n<tr>\n<td><strong><span style=\"vertical-align: inherit;\"><span style=\"vertical-align: inherit;\">Galandimo b\u016bdas:<\/span><\/span><\/strong><\/td>\n<td><span style=\"vertical-align: inherit;\"><span style=\"vertical-align: inherit;\">dvi\u0161alis<\/span><\/span><\/td>\n<\/tr>\n<tr>\n<td><strong><span style=\"vertical-align: inherit;\"><span style=\"vertical-align: inherit;\">Matmenys:<\/span><\/span><\/strong><\/td>\n<td><img decoding=\"async\" src=\"https:\/\/omc.net.pl\/data\/include\/cms\/upload\/knife_dimensions_cr_negative2.jpg\" \/><\/td>\n<\/tr>\n<tr>\n<td><strong><span style=\"vertical-align: inherit;\"><span style=\"vertical-align: inherit;\">Visas ilgis (A):<\/span><\/span><\/strong><\/td>\n<td><span style=\"vertical-align: inherit;\"><span style=\"vertical-align: inherit;\">284 mm<\/span><\/span><\/td>\n<\/tr>\n<tr>\n<td><strong><span style=\"vertical-align: inherit;\"><span style=\"vertical-align: inherit;\">A\u0161men\u0173 ilgis (B):<\/span><\/span><\/strong><\/td>\n<td><span style=\"vertical-align: inherit;\"><span style=\"vertical-align: inherit;\">175 mm<\/span><\/span><\/td>\n<\/tr>\n<tr>\n<td><strong><span style=\"vertical-align: inherit;\"><span style=\"vertical-align: inherit;\">Plotis (C):<\/span><\/span><\/strong><\/td>\n<td><span style=\"vertical-align: inherit;\"><span style=\"vertical-align: inherit;\">83 mm<\/span><\/span><\/td>\n<\/tr>\n<tr>\n<td><strong><span style=\"vertical-align: inherit;\"><span style=\"vertical-align: inherit;\">Storis (D):<\/span><\/span><\/strong><\/td>\n<td><span style=\"vertical-align: inherit;\"><span style=\"vertical-align: inherit;\">2,0 mm<\/span><\/span><\/td>\n<\/tr>\n<tr>\n<td><strong><span style=\"vertical-align: inherit;\"><span style=\"vertical-align: inherit;\">Svarstykl\u0117s:<\/span><\/span><\/strong><\/td>\n<td><span style=\"vertical-align: inherit;\"><span style=\"vertical-align: inherit;\">290 g<\/span><\/span><\/td>\n<\/tr>\n<\/tbody>\n<\/table>","protected":false},"excerpt":{"rendered":"<p><span style=\"vertical-align: inherit;\"><span style=\"vertical-align: inherit;\">Suncraft virtuvinis peilis, vadinamas kini\u0161ku kirviu ir Europos \u0161efo peilio atitikmuo. <\/span><span style=\"vertical-align: inherit;\">B\u016bdingas platus peiliukas leid\u017eia patogiai susmulkinti ir pjaustyti net storiausius gaminius.<\/span><\/span><\/p>","protected":false},"featured_media":8647,"template":"","meta":[],"product_brand":[],"product_cat":[119],"product_tag":[],"class_list":{"0":"post-8646","1":"product","2":"type-product","3":"status-publish","4":"has-post-thumbnail","6":"product_cat-peiliai","8":"first","9":"instock","10":"taxable","11":"shipping-taxable","12":"purchasable","13":"product-type-simple"},"yoast_head":"<!-- This site is optimized with the Yoast SEO plugin v27.4 - https:\/\/yoast.com\/product\/yoast-seo-wordpress\/ -->\n<title>Suncraft YK-800 virtuvinis peilis kini\u0161kas kirvis 175mm YK-800 - Cookking.online<\/title>\n<meta name=\"description\" content=\"Suncraft YK-800 virtuvinis peilis kini\u0161kas kirvis 175mm YK-800 Auk\u0161\u010diausios kokyb\u0117s \u012franga gaminimui, kepimui ant groteli\u0173 ir r\u016bkymui lauke.\" \/>\n<meta name=\"robots\" content=\"index, follow, max-snippet:-1, max-image-preview:large, max-video-preview:-1\" \/>\n<link rel=\"canonical\" href=\"https:\/\/cookking.online\/en\/katalogas\/peiliai\/suncraft-yk-800-virtuvinis-peilis-kiniskas-kirvis-175mm-yk-800\/\" \/>\n<meta property=\"og:locale\" content=\"en_US\" \/>\n<meta property=\"og:type\" content=\"article\" \/>\n<meta property=\"og:title\" content=\"Suncraft YK-800 virtuvinis peilis kini\u0161kas kirvis 175mm YK-800 - Cookking.online\" \/>\n<meta property=\"og:description\" content=\"Suncraft YK-800 virtuvinis peilis kini\u0161kas kirvis 175mm YK-800 Auk\u0161\u010diausios kokyb\u0117s \u012franga gaminimui, kepimui ant groteli\u0173 ir r\u016bkymui lauke.\" \/>\n<meta property=\"og:url\" content=\"https:\/\/cookking.online\/en\/katalogas\/peiliai\/suncraft-yk-800-virtuvinis-peilis-kiniskas-kirvis-175mm-yk-800\/\" \/>\n<meta property=\"og:site_name\" content=\"Cookking.online\" \/>\n<meta property=\"og:image\" content=\"https:\/\/cookking.online\/wp-content\/uploads\/2024\/01\/4977_1.webp\" \/>\n\t<meta property=\"og:image:width\" content=\"1177\" \/>\n\t<meta property=\"og:image:height\" content=\"1012\" \/>\n\t<meta property=\"og:image:type\" content=\"image\/webp\" \/>\n<meta name=\"twitter:card\" content=\"summary_large_image\" \/>\n<meta name=\"twitter:label1\" content=\"Est. reading time\" \/>\n\t<meta name=\"twitter:data1\" content=\"1 minute\" \/>\n<script type=\"application\/ld+json\" class=\"yoast-schema-graph\">{\"@context\":\"https:\\\/\\\/schema.org\",\"@graph\":[{\"@type\":\"WebPage\",\"@id\":\"https:\\\/\\\/cookking.online\\\/katalogas\\\/peiliai\\\/suncraft-yk-800-virtuvinis-peilis-kiniskas-kirvis-175mm-yk-800\\\/\",\"url\":\"https:\\\/\\\/cookking.online\\\/katalogas\\\/peiliai\\\/suncraft-yk-800-virtuvinis-peilis-kiniskas-kirvis-175mm-yk-800\\\/\",\"name\":\"Suncraft YK-800 virtuvinis peilis kini\u0161kas kirvis 175mm YK-800 - Cookking.online\",\"isPartOf\":{\"@id\":\"https:\\\/\\\/cookking.online\\\/#website\"},\"primaryImageOfPage\":{\"@id\":\"https:\\\/\\\/cookking.online\\\/katalogas\\\/peiliai\\\/suncraft-yk-800-virtuvinis-peilis-kiniskas-kirvis-175mm-yk-800\\\/#primaryimage\"},\"image\":{\"@id\":\"https:\\\/\\\/cookking.online\\\/katalogas\\\/peiliai\\\/suncraft-yk-800-virtuvinis-peilis-kiniskas-kirvis-175mm-yk-800\\\/#primaryimage\"},\"thumbnailUrl\":\"https:\\\/\\\/cookking.online\\\/wp-content\\\/uploads\\\/2024\\\/01\\\/4977_1.webp\",\"datePublished\":\"2026-03-10T09:37:14+00:00\",\"description\":\"Suncraft YK-800 virtuvinis peilis kini\u0161kas kirvis 175mm YK-800 Auk\u0161\u010diausios kokyb\u0117s \u012franga gaminimui, kepimui ant groteli\u0173 ir r\u016bkymui lauke.\",\"breadcrumb\":{\"@id\":\"https:\\\/\\\/cookking.online\\\/katalogas\\\/peiliai\\\/suncraft-yk-800-virtuvinis-peilis-kiniskas-kirvis-175mm-yk-800\\\/#breadcrumb\"},\"inLanguage\":\"en-US\",\"potentialAction\":[{\"@type\":\"ReadAction\",\"target\":[\"https:\\\/\\\/cookking.online\\\/katalogas\\\/peiliai\\\/suncraft-yk-800-virtuvinis-peilis-kiniskas-kirvis-175mm-yk-800\\\/\"]}]},{\"@type\":\"ImageObject\",\"inLanguage\":\"en-US\",\"@id\":\"https:\\\/\\\/cookking.online\\\/katalogas\\\/peiliai\\\/suncraft-yk-800-virtuvinis-peilis-kiniskas-kirvis-175mm-yk-800\\\/#primaryimage\",\"url\":\"https:\\\/\\\/cookking.online\\\/wp-content\\\/uploads\\\/2024\\\/01\\\/4977_1.webp\",\"contentUrl\":\"https:\\\/\\\/cookking.online\\\/wp-content\\\/uploads\\\/2024\\\/01\\\/4977_1.webp\",\"width\":1177,\"height\":1012,\"caption\":\"Suncraft YK-800 virtuvinis peilis kini\u0161kas kirvis 175mm YK-800\"},{\"@type\":\"BreadcrumbList\",\"@id\":\"https:\\\/\\\/cookking.online\\\/katalogas\\\/peiliai\\\/suncraft-yk-800-virtuvinis-peilis-kiniskas-kirvis-175mm-yk-800\\\/#breadcrumb\",\"itemListElement\":[{\"@type\":\"ListItem\",\"position\":1,\"name\":\"Prad\u017eia\",\"item\":\"https:\\\/\\\/cookking.online\\\/\"},{\"@type\":\"ListItem\",\"position\":2,\"name\":\"Parduotuv\u0117\",\"item\":\"https:\\\/\\\/cookking.online\\\/parduotuve\\\/\"},{\"@type\":\"ListItem\",\"position\":3,\"name\":\"Suncraft YK-800 virtuvinis peilis kini\u0161kas kirvis 175mm YK-800\"}]},{\"@type\":\"WebSite\",\"@id\":\"https:\\\/\\\/cookking.online\\\/#website\",\"url\":\"https:\\\/\\\/cookking.online\\\/\",\"name\":\"Cookking.online\",\"description\":\"\",\"publisher\":{\"@id\":\"https:\\\/\\\/cookking.online\\\/#organization\"},\"potentialAction\":[{\"@type\":\"SearchAction\",\"target\":{\"@type\":\"EntryPoint\",\"urlTemplate\":\"https:\\\/\\\/cookking.online\\\/?s={search_term_string}\"},\"query-input\":{\"@type\":\"PropertyValueSpecification\",\"valueRequired\":true,\"valueName\":\"search_term_string\"}}],\"inLanguage\":\"en-US\"},{\"@type\":\"Organization\",\"@id\":\"https:\\\/\\\/cookking.online\\\/#organization\",\"name\":\"Cookking.online\",\"url\":\"https:\\\/\\\/cookking.online\\\/\",\"logo\":{\"@type\":\"ImageObject\",\"inLanguage\":\"en-US\",\"@id\":\"https:\\\/\\\/cookking.online\\\/#\\\/schema\\\/logo\\\/image\\\/\",\"url\":\"https:\\\/\\\/cookking.online\\\/wp-content\\\/uploads\\\/2021\\\/11\\\/Logo.png\",\"contentUrl\":\"https:\\\/\\\/cookking.online\\\/wp-content\\\/uploads\\\/2021\\\/11\\\/Logo.png\",\"width\":291,\"height\":100,\"caption\":\"Cookking.online\"},\"image\":{\"@id\":\"https:\\\/\\\/cookking.online\\\/#\\\/schema\\\/logo\\\/image\\\/\"}}]}<\/script>\n<!-- \/ Yoast SEO plugin. -->","yoast_head_json":{"title":"Suncraft YK-800 virtuvinis peilis kini\u0161kas kirvis 175mm YK-800 - Cookking.online","description":"Suncraft YK-800 virtuvinis peilis kini\u0161kas kirvis 175mm YK-800 Auk\u0161\u010diausios kokyb\u0117s \u012franga gaminimui, kepimui ant groteli\u0173 ir r\u016bkymui lauke.","robots":{"index":"index","follow":"follow","max-snippet":"max-snippet:-1","max-image-preview":"max-image-preview:large","max-video-preview":"max-video-preview:-1"},"canonical":"https:\/\/cookking.online\/en\/katalogas\/peiliai\/suncraft-yk-800-virtuvinis-peilis-kiniskas-kirvis-175mm-yk-800\/","og_locale":"en_US","og_type":"article","og_title":"Suncraft YK-800 virtuvinis peilis kini\u0161kas kirvis 175mm YK-800 - Cookking.online","og_description":"Suncraft YK-800 virtuvinis peilis kini\u0161kas kirvis 175mm YK-800 Auk\u0161\u010diausios kokyb\u0117s \u012franga gaminimui, kepimui ant groteli\u0173 ir r\u016bkymui lauke.","og_url":"https:\/\/cookking.online\/en\/katalogas\/peiliai\/suncraft-yk-800-virtuvinis-peilis-kiniskas-kirvis-175mm-yk-800\/","og_site_name":"Cookking.online","og_image":[{"width":1177,"height":1012,"url":"https:\/\/cookking.online\/wp-content\/uploads\/2024\/01\/4977_1.webp","type":"image\/webp"}],"twitter_card":"summary_large_image","twitter_misc":{"Est. reading time":"1 minute"},"schema":{"@context":"https:\/\/schema.org","@graph":[{"@type":"WebPage","@id":"https:\/\/cookking.online\/katalogas\/peiliai\/suncraft-yk-800-virtuvinis-peilis-kiniskas-kirvis-175mm-yk-800\/","url":"https:\/\/cookking.online\/katalogas\/peiliai\/suncraft-yk-800-virtuvinis-peilis-kiniskas-kirvis-175mm-yk-800\/","name":"Suncraft YK-800 virtuvinis peilis kini\u0161kas kirvis 175mm YK-800 - Cookking.online","isPartOf":{"@id":"https:\/\/cookking.online\/#website"},"primaryImageOfPage":{"@id":"https:\/\/cookking.online\/katalogas\/peiliai\/suncraft-yk-800-virtuvinis-peilis-kiniskas-kirvis-175mm-yk-800\/#primaryimage"},"image":{"@id":"https:\/\/cookking.online\/katalogas\/peiliai\/suncraft-yk-800-virtuvinis-peilis-kiniskas-kirvis-175mm-yk-800\/#primaryimage"},"thumbnailUrl":"https:\/\/cookking.online\/wp-content\/uploads\/2024\/01\/4977_1.webp","datePublished":"2026-03-10T09:37:14+00:00","description":"Suncraft YK-800 virtuvinis peilis kini\u0161kas kirvis 175mm YK-800 Auk\u0161\u010diausios kokyb\u0117s \u012franga gaminimui, kepimui ant groteli\u0173 ir r\u016bkymui lauke.","breadcrumb":{"@id":"https:\/\/cookking.online\/katalogas\/peiliai\/suncraft-yk-800-virtuvinis-peilis-kiniskas-kirvis-175mm-yk-800\/#breadcrumb"},"inLanguage":"en-US","potentialAction":[{"@type":"ReadAction","target":["https:\/\/cookking.online\/katalogas\/peiliai\/suncraft-yk-800-virtuvinis-peilis-kiniskas-kirvis-175mm-yk-800\/"]}]},{"@type":"ImageObject","inLanguage":"en-US","@id":"https:\/\/cookking.online\/katalogas\/peiliai\/suncraft-yk-800-virtuvinis-peilis-kiniskas-kirvis-175mm-yk-800\/#primaryimage","url":"https:\/\/cookking.online\/wp-content\/uploads\/2024\/01\/4977_1.webp","contentUrl":"https:\/\/cookking.online\/wp-content\/uploads\/2024\/01\/4977_1.webp","width":1177,"height":1012,"caption":"Suncraft YK-800 virtuvinis peilis kini\u0161kas kirvis 175mm YK-800"},{"@type":"BreadcrumbList","@id":"https:\/\/cookking.online\/katalogas\/peiliai\/suncraft-yk-800-virtuvinis-peilis-kiniskas-kirvis-175mm-yk-800\/#breadcrumb","itemListElement":[{"@type":"ListItem","position":1,"name":"Prad\u017eia","item":"https:\/\/cookking.online\/"},{"@type":"ListItem","position":2,"name":"Parduotuv\u0117","item":"https:\/\/cookking.online\/parduotuve\/"},{"@type":"ListItem","position":3,"name":"Suncraft YK-800 virtuvinis peilis kini\u0161kas kirvis 175mm YK-800"}]},{"@type":"WebSite","@id":"https:\/\/cookking.online\/#website","url":"https:\/\/cookking.online\/","name":"Cookking.online","description":"","publisher":{"@id":"https:\/\/cookking.online\/#organization"},"potentialAction":[{"@type":"SearchAction","target":{"@type":"EntryPoint","urlTemplate":"https:\/\/cookking.online\/?s={search_term_string}"},"query-input":{"@type":"PropertyValueSpecification","valueRequired":true,"valueName":"search_term_string"}}],"inLanguage":"en-US"},{"@type":"Organization","@id":"https:\/\/cookking.online\/#organization","name":"Cookking.online","url":"https:\/\/cookking.online\/","logo":{"@type":"ImageObject","inLanguage":"en-US","@id":"https:\/\/cookking.online\/#\/schema\/logo\/image\/","url":"https:\/\/cookking.online\/wp-content\/uploads\/2021\/11\/Logo.png","contentUrl":"https:\/\/cookking.online\/wp-content\/uploads\/2021\/11\/Logo.png","width":291,"height":100,"caption":"Cookking.online"},"image":{"@id":"https:\/\/cookking.online\/#\/schema\/logo\/image\/"}}]}},"_links":{"self":[{"href":"https:\/\/cookking.online\/en\/wp-json\/wp\/v2\/product\/8646","targetHints":{"allow":["GET"]}}],"collection":[{"href":"https:\/\/cookking.online\/en\/wp-json\/wp\/v2\/product"}],"about":[{"href":"https:\/\/cookking.online\/en\/wp-json\/wp\/v2\/types\/product"}],"wp:featuredmedia":[{"embeddable":true,"href":"https:\/\/cookking.online\/en\/wp-json\/wp\/v2\/media\/8647"}],"wp:attachment":[{"href":"https:\/\/cookking.online\/en\/wp-json\/wp\/v2\/media?parent=8646"}],"wp:term":[{"taxonomy":"product_brand","embeddable":true,"href":"https:\/\/cookking.online\/en\/wp-json\/wp\/v2\/product_brand?post=8646"},{"taxonomy":"product_cat","embeddable":true,"href":"https:\/\/cookking.online\/en\/wp-json\/wp\/v2\/product_cat?post=8646"},{"taxonomy":"product_tag","embeddable":true,"href":"https:\/\/cookking.online\/en\/wp-json\/wp\/v2\/product_tag?post=8646"}],"curies":[{"name":"wp","href":"https:\/\/api.w.org\/{rel}","templated":true}]}}