{"id":8657,"date":"2026-03-10T12:37:15","date_gmt":"2026-03-10T09:37:15","guid":{"rendered":"https:\/\/cookking.online\/?post_type=product&#038;p=8657"},"modified":"2026-03-10T12:37:15","modified_gmt":"2026-03-10T09:37:15","slug":"suncraft-elegancia-paring-peilis-100mm-ksk-04","status":"publish","type":"product","link":"https:\/\/cookking.online\/en\/katalogas\/peiliai\/suncraft-elegancia-paring-peilis-100mm-ksk-04\/","title":{"rendered":"Suncraft ELEGANCIA Paring peilis 100mm KSK-04"},"content":{"rendered":"<h4>Suncraft ELEGANCIA Paring peilis 100mm KSK-04<\/h4>\n<p><span style=\"vertical-align: inherit;\"><span style=\"vertical-align: inherit;\">Pjovimas \u2013 tai lupimo peilis, bet ir smulkmen\u0173 bei kiek sud\u0117tingesni\u0173 darb\u0173 specialistas, praver\u010dia ten, kur reikia trumpo, a\u0161traus a\u0161men\u0173.\u00a0<\/span><\/span><\/p>\n<p><strong><span style=\"vertical-align: inherit;\"><span style=\"vertical-align: inherit;\">Likimas:<\/span><\/span><\/strong><\/p>\n<ul>\n<li><span style=\"vertical-align: inherit;\"><span style=\"vertical-align: inherit;\">smulkinimas<\/span><\/span><\/li>\n<li><span style=\"vertical-align: inherit;\"><span style=\"vertical-align: inherit;\">lupimasis<\/span><\/span><\/li>\n<li><span style=\"vertical-align: inherit;\"><span style=\"vertical-align: inherit;\">gr\u0119\u017eimas<\/span><\/span><\/li>\n<li><span style=\"vertical-align: inherit;\"><span style=\"vertical-align: inherit;\">pa\u0161alinti akis nuo bulvi\u0173<\/span><\/span><\/li>\n<\/ul>\n<p style=\"text-align: justify;\"><strong><span style=\"vertical-align: inherit;\"><span style=\"vertical-align: inherit;\">Puiki\u0173 ELEGANCIA\u00a0<\/span><\/span><\/strong><span style=\"vertical-align: inherit;\"><span style=\"vertical-align: inherit;\"> serijos virtuvini\u0173 peili\u0173 kolekcija\u00a0 <\/span><span style=\"vertical-align: inherit;\">\u2013 tai absoliutus gro\u017eis ir elegancija kartu su bekompromisiniu, geriausiu peili\u0173 gamybai skirtu plienu &#8211;\u00a0 <\/span><\/span><strong><span style=\"vertical-align: inherit;\"><span style=\"vertical-align: inherit;\">SG2 POWDER STEEL<\/span><\/span><\/strong><span style=\"vertical-align: inherit;\"><span style=\"vertical-align: inherit;\"> . <\/span><span style=\"vertical-align: inherit;\">Nema\u017eas a\u0161men\u0173 plotis ir ypatingas, \u0161velnus rankenos i\u0161linkimas sukuria didel\u0119 erdv\u0119 po peilio rankena, kurios d\u0117ka net ir itin dideles rankas turintis \u017emogus gal\u0117s laisvai valdyti \u012frank\u012f dirbdamas virtuv\u0117je.<\/span><\/span><\/p>\n<p style=\"text-align: justify;\"><strong><span style=\"vertical-align: inherit;\"><span style=\"vertical-align: inherit;\">ELEGANCIA<\/span><\/span><\/strong><span style=\"vertical-align: inherit;\"><span style=\"vertical-align: inherit;\"> serijos peiliai\u00a0 <\/span><span style=\"vertical-align: inherit;\">\u00a0yra pagaminti i\u0161 auk\u0161\u010diausios kokyb\u0117s japoni\u0161k\u0173 med\u017eiag\u0173:\u00a0 <\/span><\/span><strong><span style=\"vertical-align: inherit;\"><span style=\"vertical-align: inherit;\">SG2<\/span><\/span><\/strong><span style=\"vertical-align: inherit;\"><span style=\"vertical-align: inherit;\"> miltelinio plieno \u00a0* kartu su graikinio rie\u0161uto\u00a0 <\/span><span style=\"vertical-align: inherit;\">spalvos <\/span><\/span><strong><span style=\"vertical-align: inherit;\"><span style=\"vertical-align: inherit;\">Pakkawood **. <\/span><\/span><\/strong><strong><span style=\"vertical-align: inherit;\"><span style=\"vertical-align: inherit;\">ELEGANCIA<\/span><\/span><\/strong><span style=\"vertical-align: inherit;\"><span style=\"vertical-align: inherit;\"> peili\u0173\u00a0 i\u0161skirtinumas <\/span><span style=\"vertical-align: inherit;\">\u00a0pilnai atsiskleid\u017eia naudojant \u2013 rankena laikui b\u0117gant keisis ir prisitaikys prie vartotojo rankos, o \u017ealvarinis peilio pagrindas pasidengs tauria patina.<\/span><\/span><\/p>\n<p style=\"text-align: justify;\"><strong><span style=\"vertical-align: inherit;\"><span style=\"vertical-align: inherit;\">ELEGANCIA<\/span><\/span><\/strong><span style=\"vertical-align: inherit;\"><span style=\"vertical-align: inherit;\"> linij\u0105 sudaro\u00a0 <\/span><span style=\"vertical-align: inherit;\">\u00a0: Chef &#8211; \u0161efo peilis, Petty &#8211; universalus peiliukas, kuris yra ma\u017eesn\u0117 \u0161efo peilio versija, Slicer &#8211; pjaustymo ir porcij\u0173 pjaustymo peilis ir Paring &#8211; lupimo peilis.<\/span><\/span><\/p>\n<p style=\"text-align: justify;\"><span style=\"vertical-align: inherit;\"><span style=\"vertical-align: inherit;\">* <\/span><\/span><strong><span style=\"vertical-align: inherit;\"><span style=\"vertical-align: inherit;\">SG2 (Super Gold #2) miltelinis plienas,<\/span><\/span><\/strong><span style=\"vertical-align: inherit;\"><span style=\"vertical-align: inherit;\"> \u00a0pasi\u017eymintis dideliu atsparumu korozijai,\u00a0 <\/span><\/span><strong><span style=\"vertical-align: inherit;\"><span style=\"vertical-align: inherit;\">liaudi\u0161kai vadinamas ner\u016bdijan\u010diu plienu <\/span><\/span><em><span style=\"vertical-align: inherit;\"><span style=\"vertical-align: inherit;\">,<\/span><\/span><\/em><\/strong><span style=\"vertical-align: inherit;\"><span style=\"vertical-align: inherit;\"> \u00a0\u00a0yra viena geriausi\u0173 med\u017eiag\u0173 peiliams gaminti. <\/span><span style=\"vertical-align: inherit;\">Jis sukuriamas sud\u0117tingo proceso metu, kai itin smulkios plieno nanodalel\u0117s sujungiamos, kaitinamos ir suformuojamos \u012f norim\u0105 form\u0105. <\/span><span style=\"vertical-align: inherit;\">Tai gamybos b\u016bdas visi\u0161kai kitoks nei \u201etradicinis\u201c lydymas ir leid\u017eia gauti daug geresni\u0173 eksploatacini\u0173 parametr\u0173, o a\u0161men\u0173 atveju \u2013 didesn\u012f nei vidutin\u012f atsparum\u0105 blukimui.<\/span><\/span><\/p>\n<p style=\"text-align: justify;\"><strong><span style=\"vertical-align: inherit;\"><span style=\"vertical-align: inherit;\">**Pakkawood<\/span><\/span><\/strong><span style=\"vertical-align: inherit;\"><span style=\"vertical-align: inherit;\"> \u00a0yra laminuota ber\u017eo arba klevo mediena, impregnuota derva. <\/span><span style=\"vertical-align: inherit;\">Jis pasi\u017eymi labai dideliu atsparumu kar\u0161\u010diui ir dr\u0117gmei ir buvo sukurtas specialiai peili\u0173 rankenoms.\u00a0<\/span><\/span><\/p>\n<h4><span style=\"vertical-align: inherit;\"><span style=\"vertical-align: inherit;\">Suncraft ELEGANCIA Paring peilis 100mm KSK-04 Techniniai duomenys:<\/span><\/span><\/h4>\n<p><strong><span style=\"vertical-align: inherit;\"><span style=\"vertical-align: inherit;\">A\u0161menys \u2013<\/span><\/span><\/strong><span style=\"vertical-align: inherit;\"><span style=\"vertical-align: inherit;\"> \u00a0SG2 miltelinis plienas (Super Gold #2)<\/span><\/span><\/p>\n<p><strong><span style=\"vertical-align: inherit;\"><span style=\"vertical-align: inherit;\">Kietumas \u2013<\/span><\/span><\/strong><span style=\"vertical-align: inherit;\"><span style=\"vertical-align: inherit;\"> \u00a063 HRC +\/- 1<\/span><\/span><\/p>\n<p><strong><span style=\"vertical-align: inherit;\"><span style=\"vertical-align: inherit;\">Visas ilgis &#8211;<\/span><\/span><\/strong><span style=\"vertical-align: inherit;\"><span style=\"vertical-align: inherit;\"> \u00a0208 mm<\/span><\/span><\/p>\n<p><strong><span style=\"vertical-align: inherit;\"><span style=\"vertical-align: inherit;\">A\u0161men\u0173 ilgis\u00a0<\/span><\/span><\/strong><span style=\"vertical-align: inherit;\"><span style=\"vertical-align: inherit;\"> &#8211; 100 mm<\/span><\/span><\/p>\n<p><strong><span style=\"vertical-align: inherit;\"><span style=\"vertical-align: inherit;\">Rankena \u2013<\/span><\/span><\/strong><span style=\"vertical-align: inherit;\"><span style=\"vertical-align: inherit;\"> \u00a0graikinis rie\u0161utmedis\u00a0<\/span><\/span><\/p>\n<p><strong><span style=\"vertical-align: inherit;\"><span style=\"vertical-align: inherit;\">Svoris &#8211;<\/span><\/span><\/strong><span style=\"vertical-align: inherit;\"><span style=\"vertical-align: inherit;\"> \u00a0apie 84 g<\/span><\/span><\/p>","protected":false},"excerpt":{"rendered":"<p><span style=\"vertical-align: inherit;\"><span style=\"vertical-align: inherit;\">Ikonin\u0117 Suncraft peili\u0173 serija, nukalta i\u0161 3 sluoksni\u0173 plieno. <\/span><span style=\"vertical-align: inherit;\">A\u0161men\u0173 \u0161erdis pagaminta i\u0161 SG2 miltelinio plieno, kurio auk\u0161tas kietumas \u2013 62 HRC. <\/span><span style=\"vertical-align: inherit;\">Gra\u017ei ir charakteringa graikinio rie\u0161uto spalvos pakkamed\u017eio rankena, ergonomi\u0161ka, puikiai telpa rankoje.<\/span><\/span><\/p>","protected":false},"featured_media":8658,"template":"","meta":[],"product_brand":[],"product_cat":[119],"product_tag":[121],"class_list":{"0":"post-8657","1":"product","2":"type-product","3":"status-publish","4":"has-post-thumbnail","6":"product_cat-peiliai","7":"product_tag-suncraft","9":"first","10":"outofstock","11":"taxable","12":"shipping-taxable","13":"purchasable","14":"product-type-simple"},"yoast_head":"<!-- This site is optimized with the Yoast SEO plugin v27.3 - https:\/\/yoast.com\/product\/yoast-seo-wordpress\/ -->\n<title>Suncraft ELEGANCIA Paring peilis 100mm KSK-04 - Cookking.online<\/title>\n<meta name=\"description\" content=\"Suncraft ELEGANCIA Paring peilis 100mm KSK-04 Auk\u0161\u010diausios kokyb\u0117s \u012franga gaminimui, kepimui ant groteli\u0173 ir r\u016bkymui lauke.\" \/>\n<meta name=\"robots\" content=\"index, follow, max-snippet:-1, max-image-preview:large, max-video-preview:-1\" \/>\n<link rel=\"canonical\" href=\"https:\/\/cookking.online\/en\/katalogas\/peiliai\/suncraft-elegancia-paring-peilis-100mm-ksk-04\/\" \/>\n<meta property=\"og:locale\" content=\"en_US\" \/>\n<meta property=\"og:type\" content=\"article\" \/>\n<meta property=\"og:title\" content=\"Suncraft ELEGANCIA Paring peilis 100mm KSK-04 - Cookking.online\" \/>\n<meta property=\"og:description\" content=\"Suncraft ELEGANCIA Paring peilis 100mm KSK-04 Auk\u0161\u010diausios kokyb\u0117s \u012franga gaminimui, kepimui ant groteli\u0173 ir r\u016bkymui lauke.\" \/>\n<meta property=\"og:url\" content=\"https:\/\/cookking.online\/en\/katalogas\/peiliai\/suncraft-elegancia-paring-peilis-100mm-ksk-04\/\" \/>\n<meta property=\"og:site_name\" content=\"Cookking.online\" \/>\n<meta property=\"og:image\" content=\"https:\/\/cookking.online\/wp-content\/uploads\/2024\/01\/4979_4.webp\" \/>\n\t<meta property=\"og:image:width\" content=\"1600\" \/>\n\t<meta property=\"og:image:height\" content=\"1600\" \/>\n\t<meta property=\"og:image:type\" content=\"image\/webp\" \/>\n<meta name=\"twitter:card\" content=\"summary_large_image\" \/>\n<meta name=\"twitter:label1\" content=\"Est. reading time\" \/>\n\t<meta name=\"twitter:data1\" content=\"2 minutes\" \/>\n<script type=\"application\/ld+json\" class=\"yoast-schema-graph\">{\"@context\":\"https:\\\/\\\/schema.org\",\"@graph\":[{\"@type\":\"WebPage\",\"@id\":\"https:\\\/\\\/cookking.online\\\/katalogas\\\/peiliai\\\/suncraft-elegancia-paring-peilis-100mm-ksk-04\\\/\",\"url\":\"https:\\\/\\\/cookking.online\\\/katalogas\\\/peiliai\\\/suncraft-elegancia-paring-peilis-100mm-ksk-04\\\/\",\"name\":\"Suncraft ELEGANCIA Paring peilis 100mm KSK-04 - Cookking.online\",\"isPartOf\":{\"@id\":\"https:\\\/\\\/cookking.online\\\/#website\"},\"primaryImageOfPage\":{\"@id\":\"https:\\\/\\\/cookking.online\\\/katalogas\\\/peiliai\\\/suncraft-elegancia-paring-peilis-100mm-ksk-04\\\/#primaryimage\"},\"image\":{\"@id\":\"https:\\\/\\\/cookking.online\\\/katalogas\\\/peiliai\\\/suncraft-elegancia-paring-peilis-100mm-ksk-04\\\/#primaryimage\"},\"thumbnailUrl\":\"https:\\\/\\\/cookking.online\\\/wp-content\\\/uploads\\\/2024\\\/01\\\/4979_4.webp\",\"datePublished\":\"2026-03-10T09:37:15+00:00\",\"description\":\"Suncraft ELEGANCIA Paring peilis 100mm KSK-04 Auk\u0161\u010diausios kokyb\u0117s \u012franga gaminimui, kepimui ant groteli\u0173 ir r\u016bkymui lauke.\",\"breadcrumb\":{\"@id\":\"https:\\\/\\\/cookking.online\\\/katalogas\\\/peiliai\\\/suncraft-elegancia-paring-peilis-100mm-ksk-04\\\/#breadcrumb\"},\"inLanguage\":\"en-US\",\"potentialAction\":[{\"@type\":\"ReadAction\",\"target\":[\"https:\\\/\\\/cookking.online\\\/katalogas\\\/peiliai\\\/suncraft-elegancia-paring-peilis-100mm-ksk-04\\\/\"]}]},{\"@type\":\"ImageObject\",\"inLanguage\":\"en-US\",\"@id\":\"https:\\\/\\\/cookking.online\\\/katalogas\\\/peiliai\\\/suncraft-elegancia-paring-peilis-100mm-ksk-04\\\/#primaryimage\",\"url\":\"https:\\\/\\\/cookking.online\\\/wp-content\\\/uploads\\\/2024\\\/01\\\/4979_4.webp\",\"contentUrl\":\"https:\\\/\\\/cookking.online\\\/wp-content\\\/uploads\\\/2024\\\/01\\\/4979_4.webp\",\"width\":1600,\"height\":1600,\"caption\":\"Suncraft ELEGANCIA Paring peilis 100mm KSK-04\"},{\"@type\":\"BreadcrumbList\",\"@id\":\"https:\\\/\\\/cookking.online\\\/katalogas\\\/peiliai\\\/suncraft-elegancia-paring-peilis-100mm-ksk-04\\\/#breadcrumb\",\"itemListElement\":[{\"@type\":\"ListItem\",\"position\":1,\"name\":\"Prad\u017eia\",\"item\":\"https:\\\/\\\/cookking.online\\\/\"},{\"@type\":\"ListItem\",\"position\":2,\"name\":\"Parduotuv\u0117\",\"item\":\"https:\\\/\\\/cookking.online\\\/parduotuve\\\/\"},{\"@type\":\"ListItem\",\"position\":3,\"name\":\"Suncraft ELEGANCIA Paring peilis 100mm KSK-04\"}]},{\"@type\":\"WebSite\",\"@id\":\"https:\\\/\\\/cookking.online\\\/#website\",\"url\":\"https:\\\/\\\/cookking.online\\\/\",\"name\":\"Cookking.online\",\"description\":\"\",\"publisher\":{\"@id\":\"https:\\\/\\\/cookking.online\\\/#organization\"},\"potentialAction\":[{\"@type\":\"SearchAction\",\"target\":{\"@type\":\"EntryPoint\",\"urlTemplate\":\"https:\\\/\\\/cookking.online\\\/?s={search_term_string}\"},\"query-input\":{\"@type\":\"PropertyValueSpecification\",\"valueRequired\":true,\"valueName\":\"search_term_string\"}}],\"inLanguage\":\"en-US\"},{\"@type\":\"Organization\",\"@id\":\"https:\\\/\\\/cookking.online\\\/#organization\",\"name\":\"Cookking.online\",\"url\":\"https:\\\/\\\/cookking.online\\\/\",\"logo\":{\"@type\":\"ImageObject\",\"inLanguage\":\"en-US\",\"@id\":\"https:\\\/\\\/cookking.online\\\/#\\\/schema\\\/logo\\\/image\\\/\",\"url\":\"https:\\\/\\\/cookking.online\\\/wp-content\\\/uploads\\\/2021\\\/11\\\/Logo.png\",\"contentUrl\":\"https:\\\/\\\/cookking.online\\\/wp-content\\\/uploads\\\/2021\\\/11\\\/Logo.png\",\"width\":291,\"height\":100,\"caption\":\"Cookking.online\"},\"image\":{\"@id\":\"https:\\\/\\\/cookking.online\\\/#\\\/schema\\\/logo\\\/image\\\/\"}}]}<\/script>\n<!-- \/ Yoast SEO plugin. -->","yoast_head_json":{"title":"Suncraft ELEGANCIA Paring peilis 100mm KSK-04 - Cookking.online","description":"Suncraft ELEGANCIA Paring peilis 100mm KSK-04 Auk\u0161\u010diausios kokyb\u0117s \u012franga gaminimui, kepimui ant groteli\u0173 ir r\u016bkymui lauke.","robots":{"index":"index","follow":"follow","max-snippet":"max-snippet:-1","max-image-preview":"max-image-preview:large","max-video-preview":"max-video-preview:-1"},"canonical":"https:\/\/cookking.online\/en\/katalogas\/peiliai\/suncraft-elegancia-paring-peilis-100mm-ksk-04\/","og_locale":"en_US","og_type":"article","og_title":"Suncraft ELEGANCIA Paring peilis 100mm KSK-04 - Cookking.online","og_description":"Suncraft ELEGANCIA Paring peilis 100mm KSK-04 Auk\u0161\u010diausios kokyb\u0117s \u012franga gaminimui, kepimui ant groteli\u0173 ir r\u016bkymui lauke.","og_url":"https:\/\/cookking.online\/en\/katalogas\/peiliai\/suncraft-elegancia-paring-peilis-100mm-ksk-04\/","og_site_name":"Cookking.online","og_image":[{"width":1600,"height":1600,"url":"https:\/\/cookking.online\/wp-content\/uploads\/2024\/01\/4979_4.webp","type":"image\/webp"}],"twitter_card":"summary_large_image","twitter_misc":{"Est. reading time":"2 minutes"},"schema":{"@context":"https:\/\/schema.org","@graph":[{"@type":"WebPage","@id":"https:\/\/cookking.online\/katalogas\/peiliai\/suncraft-elegancia-paring-peilis-100mm-ksk-04\/","url":"https:\/\/cookking.online\/katalogas\/peiliai\/suncraft-elegancia-paring-peilis-100mm-ksk-04\/","name":"Suncraft ELEGANCIA Paring peilis 100mm KSK-04 - Cookking.online","isPartOf":{"@id":"https:\/\/cookking.online\/#website"},"primaryImageOfPage":{"@id":"https:\/\/cookking.online\/katalogas\/peiliai\/suncraft-elegancia-paring-peilis-100mm-ksk-04\/#primaryimage"},"image":{"@id":"https:\/\/cookking.online\/katalogas\/peiliai\/suncraft-elegancia-paring-peilis-100mm-ksk-04\/#primaryimage"},"thumbnailUrl":"https:\/\/cookking.online\/wp-content\/uploads\/2024\/01\/4979_4.webp","datePublished":"2026-03-10T09:37:15+00:00","description":"Suncraft ELEGANCIA Paring peilis 100mm KSK-04 Auk\u0161\u010diausios kokyb\u0117s \u012franga gaminimui, kepimui ant groteli\u0173 ir r\u016bkymui lauke.","breadcrumb":{"@id":"https:\/\/cookking.online\/katalogas\/peiliai\/suncraft-elegancia-paring-peilis-100mm-ksk-04\/#breadcrumb"},"inLanguage":"en-US","potentialAction":[{"@type":"ReadAction","target":["https:\/\/cookking.online\/katalogas\/peiliai\/suncraft-elegancia-paring-peilis-100mm-ksk-04\/"]}]},{"@type":"ImageObject","inLanguage":"en-US","@id":"https:\/\/cookking.online\/katalogas\/peiliai\/suncraft-elegancia-paring-peilis-100mm-ksk-04\/#primaryimage","url":"https:\/\/cookking.online\/wp-content\/uploads\/2024\/01\/4979_4.webp","contentUrl":"https:\/\/cookking.online\/wp-content\/uploads\/2024\/01\/4979_4.webp","width":1600,"height":1600,"caption":"Suncraft ELEGANCIA Paring peilis 100mm KSK-04"},{"@type":"BreadcrumbList","@id":"https:\/\/cookking.online\/katalogas\/peiliai\/suncraft-elegancia-paring-peilis-100mm-ksk-04\/#breadcrumb","itemListElement":[{"@type":"ListItem","position":1,"name":"Prad\u017eia","item":"https:\/\/cookking.online\/"},{"@type":"ListItem","position":2,"name":"Parduotuv\u0117","item":"https:\/\/cookking.online\/parduotuve\/"},{"@type":"ListItem","position":3,"name":"Suncraft ELEGANCIA Paring peilis 100mm KSK-04"}]},{"@type":"WebSite","@id":"https:\/\/cookking.online\/#website","url":"https:\/\/cookking.online\/","name":"Cookking.online","description":"","publisher":{"@id":"https:\/\/cookking.online\/#organization"},"potentialAction":[{"@type":"SearchAction","target":{"@type":"EntryPoint","urlTemplate":"https:\/\/cookking.online\/?s={search_term_string}"},"query-input":{"@type":"PropertyValueSpecification","valueRequired":true,"valueName":"search_term_string"}}],"inLanguage":"en-US"},{"@type":"Organization","@id":"https:\/\/cookking.online\/#organization","name":"Cookking.online","url":"https:\/\/cookking.online\/","logo":{"@type":"ImageObject","inLanguage":"en-US","@id":"https:\/\/cookking.online\/#\/schema\/logo\/image\/","url":"https:\/\/cookking.online\/wp-content\/uploads\/2021\/11\/Logo.png","contentUrl":"https:\/\/cookking.online\/wp-content\/uploads\/2021\/11\/Logo.png","width":291,"height":100,"caption":"Cookking.online"},"image":{"@id":"https:\/\/cookking.online\/#\/schema\/logo\/image\/"}}]}},"_links":{"self":[{"href":"https:\/\/cookking.online\/en\/wp-json\/wp\/v2\/product\/8657","targetHints":{"allow":["GET"]}}],"collection":[{"href":"https:\/\/cookking.online\/en\/wp-json\/wp\/v2\/product"}],"about":[{"href":"https:\/\/cookking.online\/en\/wp-json\/wp\/v2\/types\/product"}],"wp:featuredmedia":[{"embeddable":true,"href":"https:\/\/cookking.online\/en\/wp-json\/wp\/v2\/media\/8658"}],"wp:attachment":[{"href":"https:\/\/cookking.online\/en\/wp-json\/wp\/v2\/media?parent=8657"}],"wp:term":[{"taxonomy":"product_brand","embeddable":true,"href":"https:\/\/cookking.online\/en\/wp-json\/wp\/v2\/product_brand?post=8657"},{"taxonomy":"product_cat","embeddable":true,"href":"https:\/\/cookking.online\/en\/wp-json\/wp\/v2\/product_cat?post=8657"},{"taxonomy":"product_tag","embeddable":true,"href":"https:\/\/cookking.online\/en\/wp-json\/wp\/v2\/product_tag?post=8657"}],"curies":[{"name":"wp","href":"https:\/\/api.w.org\/{rel}","templated":true}]}}