{"id":9493,"date":"2026-03-10T12:37:46","date_gmt":"2026-03-10T09:37:46","guid":{"rendered":"https:\/\/cookking.online\/?post_type=product&#038;p=9493"},"modified":"2026-03-10T12:37:46","modified_gmt":"2026-03-10T09:37:46","slug":"suncraft-mu-bambuko-peiliu-rinkinys-dovanu-dezuteje-mu_0403","status":"publish","type":"product","link":"https:\/\/cookking.online\/en\/katalogas\/peiliai\/suncraft-mu-bambuko-peiliu-rinkinys-dovanu-dezuteje-mu_0403\/","title":{"rendered":"Suncraft MU bambuko peili\u0173 rinkinys dovan\u0173 d\u0117\u017eut\u0117je MU_0403"},"content":{"rendered":"<p>Suncraft MU bambuko peili\u0173 rinkinys dovan\u0173 d\u0117\u017eut\u0117je MU_0403<\/p>\n<p><strong><span style=\"vertical-align: inherit;\"><span style=\"vertical-align: inherit;\">2 Suncraft MU Bamboo peili\u0173 rinkinys dekoratyvin\u0117je kartonin\u0117je d\u0117\u017eut\u0117je<\/span><\/span><\/strong><br \/>\n<span style=\"vertical-align: inherit;\">Rinkin\u012f sudaro du reikalingi peiliai. <\/span><span style=\"vertical-align: inherit;\">Yra vir\u0117jo peilis, kurio ilgis yra 200 mm, o japoni\u0161kas atitikmuo yra Santoku peilis, kurio a\u0161men\u0173 ilgis yra 167 mm. <\/span><span style=\"vertical-align: inherit;\">Santoku \u2013 daugiafunkcis japoni\u0161ko stiliaus peilis, Vakaruose populiaraus \u0161efo peilio atitikmuo. <\/span><span style=\"vertical-align: inherit;\">Jo pavadinimas rei\u0161kia \u201etrys doryb\u0117s\u201c arba galb\u016bt \u201etrys doryb\u0117s\u201c. <\/span><span style=\"vertical-align: inherit;\">Yra prie\u017eastis \u2013 \u0161is peilis puikiai tinka m\u0117sai, \u017euviai ir dar\u017eov\u0117ms pjaustyti. <\/span><span style=\"vertical-align: inherit;\">Papildomas komplekto elementas \u2013 eleganti\u0161ka ir i\u0161skirtin\u0117 kartonin\u0117 pakuot\u0117, puikiai tinkanti dovanai.<\/span><\/p>\n<div class=\"heading-text margin-small\">\n<div class=\"text\">\n<p>\u00a0<strong><span style=\"vertical-align: inherit;\"><span style=\"vertical-align: inherit;\">MU BAMBOO<\/span><\/span><\/strong><span style=\"vertical-align: inherit;\"><span style=\"vertical-align: inherit;\"> peili\u0173 kolekcij\u0105\u00a0 <\/span><span style=\"vertical-align: inherit;\">\u00a0suk\u016br\u0117 ital\u0173 dizaineri\u0173 duetas: Nunzia Paola Carallo ir Jacopo Romano Grandis, dizaino pasaulyje veikiantis su prek\u0117s \u017eenklu Carallo-Grandis. <\/span><span style=\"vertical-align: inherit;\">\u0160iuos peilius labai rekomenduoja Pietro Leemann, \u0161efas ir puikaus Milano restorano Joia savininkas.<\/span><\/span><\/p>\n<\/div>\n<\/div>\n<div class=\"margin-small-bottom\">\n<div class=\"heading-text margin-small heading-collapsible\">\n<div class=\"text\">\n<p><strong><span style=\"vertical-align: inherit;\"><span style=\"vertical-align: inherit;\">MU BAMBOO<\/span><\/span><\/strong><span style=\"vertical-align: inherit;\"><span style=\"vertical-align: inherit;\"> peiliams gaminti\u00a0 <\/span><span style=\"vertical-align: inherit;\">\u00a0naudojamas\u00a0 auk\u0161\u010diausios kokyb\u0117s japoni\u0161kas molibdeno-vanad\u017eio plienas, gr\u016bdintas iki <\/span><\/span><strong><span style=\"vertical-align: inherit;\"><span style=\"vertical-align: inherit;\">58-59 HRC\u00a0 . <\/span><\/span><\/strong><span style=\"vertical-align: inherit;\"><span style=\"vertical-align: inherit;\">J\u0173 rankenos pagamintos i\u0161 tradici\u0161kai japoni\u0161ko bambuko, karbonizuoto d\u0117l stiprumo. <\/span><span style=\"vertical-align: inherit;\">\u0160ios med\u017eiagos panaudojimas rankenos gamybai yra savoti\u0161ka duokl\u0117, kuri\u0105 dizaineriai atiduoda Japonijos gamtai \u2013 juk Tekan\u010dios saul\u0117s \u0161alyje bambukas yra \u012fprastas.\u00a0<\/span><\/span><\/p>\n<p><span style=\"vertical-align: inherit;\"><span style=\"vertical-align: inherit;\">MU serija buvo sukurta veikiant \u0161iuolaikinei sintez\u0117s virtuvei, tod\u0117l Carallo-Grandis ap\u0117m\u0117 ir Europos virtuvei b\u016bdingus peilius, ir klasikinius japoni\u0161kus peilius, tokius kaip Santoku ar Sashimi. <\/span><span style=\"vertical-align: inherit;\">Visa kolekcija yra puikus itali\u0161ko dizaino ir japoni\u0161kos kokyb\u0117s derinys.<\/span><\/span><\/p>\n<\/div>\n<h4>Suncraft MU bambuko peili\u0173 rinkinys dovan\u0173 d\u0117\u017eut\u0117je MU_0403<\/h4>\n<\/div>\n<\/div>\n<p><strong><span style=\"vertical-align: inherit;\"><span style=\"vertical-align: inherit;\">Techniniai duomenys:<\/span><\/span><\/strong><\/p>\n<p><strong><span style=\"vertical-align: inherit;\"><span style=\"vertical-align: inherit;\">A\u0161menys \u2013<\/span><\/span><\/strong><span style=\"vertical-align: inherit;\"><span style=\"vertical-align: inherit;\"> \u00a0molibdeno-vanad\u017eio plienas<\/span><\/span><\/p>\n<p><strong><span style=\"vertical-align: inherit;\"><span style=\"vertical-align: inherit;\">Kietumas \u2013<\/span><\/span><\/strong><span style=\"vertical-align: inherit;\"><span style=\"vertical-align: inherit;\"> \u00a058 HRC +\/- 1<\/span><\/span><\/p>\n<p><strong><span style=\"vertical-align: inherit;\"><span style=\"vertical-align: inherit;\">Visas ilgis &#8211;<\/span><\/span><\/strong><span style=\"vertical-align: inherit;\"><span style=\"vertical-align: inherit;\">\u00a0 <span style=\"vertical-align: inherit;\">Chef <\/span>330 mm; <\/span><span style=\"vertical-align: inherit;\">Santoku 300 mm<\/span><\/span><\/p>\n<p><strong><span style=\"vertical-align: inherit;\"><span style=\"vertical-align: inherit;\">A\u0161men\u0173 ilgis\u00a0<\/span><\/span><\/strong><span style=\"vertical-align: inherit;\"><span style=\"vertical-align: inherit;\"> &#8211; Chef 200 mm; <\/span><span style=\"vertical-align: inherit;\">Santoku 167 mm<\/span><\/span><\/p>\n<p><strong><span style=\"vertical-align: inherit;\"><span style=\"vertical-align: inherit;\">Rankena \u2013<\/span><\/span><\/strong><span style=\"vertical-align: inherit;\"><span style=\"vertical-align: inherit;\"> \u00a0karbonizuotas japoni\u0161kas bambukas<\/span><\/span><\/p>\n<p><strong><span style=\"vertical-align: inherit;\"><span style=\"vertical-align: inherit;\">Svoris &#8211;<\/span><\/span><\/strong><span style=\"vertical-align: inherit;\"><span style=\"vertical-align: inherit;\"> \u00a0<span style=\"vertical-align: inherit;\">Chef <\/span>170 g; <\/span><span style=\"vertical-align: inherit;\">Santoku 160 g<\/span><\/span><\/p>\n<p>&nbsp;<\/p>","protected":false},"excerpt":{"rendered":"<p><span style=\"vertical-align: inherit;\"><span style=\"vertical-align: inherit;\">\u0160iuolaikin\u0117 Suncraft peili\u0173 serija. <\/span><span style=\"vertical-align: inherit;\">Gra\u017eus, minimalistinis garsi\u0173 ital\u0173 dizaineri\u0173 sukurtas dizainas, kurio pagrindas \u2013 molibdeno-vanad\u017eio plieno a\u0161menys ir bambukin\u0117 rankena. <\/span><span style=\"vertical-align: inherit;\">\u0160varus ir minimaliai dekoruotas peiliukas, kurio kietumas 58 HRC.<\/span><\/span><\/p>","protected":false},"featured_media":9494,"template":"","meta":[],"product_brand":[],"product_cat":[119],"product_tag":[121],"class_list":{"0":"post-9493","1":"product","2":"type-product","3":"status-publish","4":"has-post-thumbnail","6":"product_cat-peiliai","7":"product_tag-suncraft","9":"first","10":"instock","11":"taxable","12":"shipping-taxable","13":"purchasable","14":"product-type-simple"},"yoast_head":"<!-- This site is optimized with the Yoast SEO plugin v27.3 - https:\/\/yoast.com\/product\/yoast-seo-wordpress\/ -->\n<title>Suncraft MU bambuko peili\u0173 rinkinys dovan\u0173 d\u0117\u017eut\u0117je MU_0403 - Cookking.online<\/title>\n<meta name=\"description\" content=\"Suncraft MU bambuko peili\u0173 rinkinys dovan\u0173 d\u0117\u017eut\u0117je MU_0403 Auk\u0161\u010diausios kokyb\u0117s \u012franga gaminimui, kepimui ant groteli\u0173 ir r\u016bkymui lauke.\" \/>\n<meta name=\"robots\" content=\"index, follow, max-snippet:-1, max-image-preview:large, max-video-preview:-1\" \/>\n<link rel=\"canonical\" href=\"https:\/\/cookking.online\/en\/katalogas\/peiliai\/suncraft-mu-bambuko-peiliu-rinkinys-dovanu-dezuteje-mu_0403\/\" \/>\n<meta property=\"og:locale\" content=\"en_US\" \/>\n<meta property=\"og:type\" content=\"article\" \/>\n<meta property=\"og:title\" content=\"Suncraft MU bambuko peili\u0173 rinkinys dovan\u0173 d\u0117\u017eut\u0117je MU_0403 - Cookking.online\" \/>\n<meta property=\"og:description\" content=\"Suncraft MU bambuko peili\u0173 rinkinys dovan\u0173 d\u0117\u017eut\u0117je MU_0403 Auk\u0161\u010diausios kokyb\u0117s \u012franga gaminimui, kepimui ant groteli\u0173 ir r\u016bkymui lauke.\" \/>\n<meta property=\"og:url\" content=\"https:\/\/cookking.online\/en\/katalogas\/peiliai\/suncraft-mu-bambuko-peiliu-rinkinys-dovanu-dezuteje-mu_0403\/\" \/>\n<meta property=\"og:site_name\" content=\"Cookking.online\" \/>\n<meta property=\"og:image\" content=\"https:\/\/cookking.online\/wp-content\/uploads\/2024\/01\/10195_7.webp\" \/>\n\t<meta property=\"og:image:width\" content=\"1600\" \/>\n\t<meta property=\"og:image:height\" content=\"1067\" \/>\n\t<meta property=\"og:image:type\" content=\"image\/webp\" \/>\n<meta name=\"twitter:card\" content=\"summary_large_image\" \/>\n<meta name=\"twitter:label1\" content=\"Est. reading time\" \/>\n\t<meta name=\"twitter:data1\" content=\"2 minutes\" \/>\n<script type=\"application\/ld+json\" class=\"yoast-schema-graph\">{\"@context\":\"https:\\\/\\\/schema.org\",\"@graph\":[{\"@type\":\"WebPage\",\"@id\":\"https:\\\/\\\/cookking.online\\\/katalogas\\\/peiliai\\\/suncraft-mu-bambuko-peiliu-rinkinys-dovanu-dezuteje-mu_0403\\\/\",\"url\":\"https:\\\/\\\/cookking.online\\\/katalogas\\\/peiliai\\\/suncraft-mu-bambuko-peiliu-rinkinys-dovanu-dezuteje-mu_0403\\\/\",\"name\":\"Suncraft MU bambuko peili\u0173 rinkinys dovan\u0173 d\u0117\u017eut\u0117je MU_0403 - Cookking.online\",\"isPartOf\":{\"@id\":\"https:\\\/\\\/cookking.online\\\/#website\"},\"primaryImageOfPage\":{\"@id\":\"https:\\\/\\\/cookking.online\\\/katalogas\\\/peiliai\\\/suncraft-mu-bambuko-peiliu-rinkinys-dovanu-dezuteje-mu_0403\\\/#primaryimage\"},\"image\":{\"@id\":\"https:\\\/\\\/cookking.online\\\/katalogas\\\/peiliai\\\/suncraft-mu-bambuko-peiliu-rinkinys-dovanu-dezuteje-mu_0403\\\/#primaryimage\"},\"thumbnailUrl\":\"https:\\\/\\\/cookking.online\\\/wp-content\\\/uploads\\\/2024\\\/01\\\/10195_7.webp\",\"datePublished\":\"2026-03-10T09:37:46+00:00\",\"description\":\"Suncraft MU bambuko peili\u0173 rinkinys dovan\u0173 d\u0117\u017eut\u0117je MU_0403 Auk\u0161\u010diausios kokyb\u0117s \u012franga gaminimui, kepimui ant groteli\u0173 ir r\u016bkymui lauke.\",\"breadcrumb\":{\"@id\":\"https:\\\/\\\/cookking.online\\\/katalogas\\\/peiliai\\\/suncraft-mu-bambuko-peiliu-rinkinys-dovanu-dezuteje-mu_0403\\\/#breadcrumb\"},\"inLanguage\":\"en-US\",\"potentialAction\":[{\"@type\":\"ReadAction\",\"target\":[\"https:\\\/\\\/cookking.online\\\/katalogas\\\/peiliai\\\/suncraft-mu-bambuko-peiliu-rinkinys-dovanu-dezuteje-mu_0403\\\/\"]}]},{\"@type\":\"ImageObject\",\"inLanguage\":\"en-US\",\"@id\":\"https:\\\/\\\/cookking.online\\\/katalogas\\\/peiliai\\\/suncraft-mu-bambuko-peiliu-rinkinys-dovanu-dezuteje-mu_0403\\\/#primaryimage\",\"url\":\"https:\\\/\\\/cookking.online\\\/wp-content\\\/uploads\\\/2024\\\/01\\\/10195_7.webp\",\"contentUrl\":\"https:\\\/\\\/cookking.online\\\/wp-content\\\/uploads\\\/2024\\\/01\\\/10195_7.webp\",\"width\":1600,\"height\":1067,\"caption\":\"Suncraft MU bambuko peili\u0173 rinkinys dovan\u0173 d\u0117\u017eut\u0117je MU_0403\"},{\"@type\":\"BreadcrumbList\",\"@id\":\"https:\\\/\\\/cookking.online\\\/katalogas\\\/peiliai\\\/suncraft-mu-bambuko-peiliu-rinkinys-dovanu-dezuteje-mu_0403\\\/#breadcrumb\",\"itemListElement\":[{\"@type\":\"ListItem\",\"position\":1,\"name\":\"Prad\u017eia\",\"item\":\"https:\\\/\\\/cookking.online\\\/\"},{\"@type\":\"ListItem\",\"position\":2,\"name\":\"Parduotuv\u0117\",\"item\":\"https:\\\/\\\/cookking.online\\\/parduotuve\\\/\"},{\"@type\":\"ListItem\",\"position\":3,\"name\":\"Suncraft MU bambuko peili\u0173 rinkinys dovan\u0173 d\u0117\u017eut\u0117je MU_0403\"}]},{\"@type\":\"WebSite\",\"@id\":\"https:\\\/\\\/cookking.online\\\/#website\",\"url\":\"https:\\\/\\\/cookking.online\\\/\",\"name\":\"Cookking.online\",\"description\":\"\",\"publisher\":{\"@id\":\"https:\\\/\\\/cookking.online\\\/#organization\"},\"potentialAction\":[{\"@type\":\"SearchAction\",\"target\":{\"@type\":\"EntryPoint\",\"urlTemplate\":\"https:\\\/\\\/cookking.online\\\/?s={search_term_string}\"},\"query-input\":{\"@type\":\"PropertyValueSpecification\",\"valueRequired\":true,\"valueName\":\"search_term_string\"}}],\"inLanguage\":\"en-US\"},{\"@type\":\"Organization\",\"@id\":\"https:\\\/\\\/cookking.online\\\/#organization\",\"name\":\"Cookking.online\",\"url\":\"https:\\\/\\\/cookking.online\\\/\",\"logo\":{\"@type\":\"ImageObject\",\"inLanguage\":\"en-US\",\"@id\":\"https:\\\/\\\/cookking.online\\\/#\\\/schema\\\/logo\\\/image\\\/\",\"url\":\"https:\\\/\\\/cookking.online\\\/wp-content\\\/uploads\\\/2021\\\/11\\\/Logo.png\",\"contentUrl\":\"https:\\\/\\\/cookking.online\\\/wp-content\\\/uploads\\\/2021\\\/11\\\/Logo.png\",\"width\":291,\"height\":100,\"caption\":\"Cookking.online\"},\"image\":{\"@id\":\"https:\\\/\\\/cookking.online\\\/#\\\/schema\\\/logo\\\/image\\\/\"}}]}<\/script>\n<!-- \/ Yoast SEO plugin. -->","yoast_head_json":{"title":"Suncraft MU bambuko peili\u0173 rinkinys dovan\u0173 d\u0117\u017eut\u0117je MU_0403 - Cookking.online","description":"Suncraft MU bambuko peili\u0173 rinkinys dovan\u0173 d\u0117\u017eut\u0117je MU_0403 Auk\u0161\u010diausios kokyb\u0117s \u012franga gaminimui, kepimui ant groteli\u0173 ir r\u016bkymui lauke.","robots":{"index":"index","follow":"follow","max-snippet":"max-snippet:-1","max-image-preview":"max-image-preview:large","max-video-preview":"max-video-preview:-1"},"canonical":"https:\/\/cookking.online\/en\/katalogas\/peiliai\/suncraft-mu-bambuko-peiliu-rinkinys-dovanu-dezuteje-mu_0403\/","og_locale":"en_US","og_type":"article","og_title":"Suncraft MU bambuko peili\u0173 rinkinys dovan\u0173 d\u0117\u017eut\u0117je MU_0403 - Cookking.online","og_description":"Suncraft MU bambuko peili\u0173 rinkinys dovan\u0173 d\u0117\u017eut\u0117je MU_0403 Auk\u0161\u010diausios kokyb\u0117s \u012franga gaminimui, kepimui ant groteli\u0173 ir r\u016bkymui lauke.","og_url":"https:\/\/cookking.online\/en\/katalogas\/peiliai\/suncraft-mu-bambuko-peiliu-rinkinys-dovanu-dezuteje-mu_0403\/","og_site_name":"Cookking.online","og_image":[{"width":1600,"height":1067,"url":"https:\/\/cookking.online\/wp-content\/uploads\/2024\/01\/10195_7.webp","type":"image\/webp"}],"twitter_card":"summary_large_image","twitter_misc":{"Est. reading time":"2 minutes"},"schema":{"@context":"https:\/\/schema.org","@graph":[{"@type":"WebPage","@id":"https:\/\/cookking.online\/katalogas\/peiliai\/suncraft-mu-bambuko-peiliu-rinkinys-dovanu-dezuteje-mu_0403\/","url":"https:\/\/cookking.online\/katalogas\/peiliai\/suncraft-mu-bambuko-peiliu-rinkinys-dovanu-dezuteje-mu_0403\/","name":"Suncraft MU bambuko peili\u0173 rinkinys dovan\u0173 d\u0117\u017eut\u0117je MU_0403 - Cookking.online","isPartOf":{"@id":"https:\/\/cookking.online\/#website"},"primaryImageOfPage":{"@id":"https:\/\/cookking.online\/katalogas\/peiliai\/suncraft-mu-bambuko-peiliu-rinkinys-dovanu-dezuteje-mu_0403\/#primaryimage"},"image":{"@id":"https:\/\/cookking.online\/katalogas\/peiliai\/suncraft-mu-bambuko-peiliu-rinkinys-dovanu-dezuteje-mu_0403\/#primaryimage"},"thumbnailUrl":"https:\/\/cookking.online\/wp-content\/uploads\/2024\/01\/10195_7.webp","datePublished":"2026-03-10T09:37:46+00:00","description":"Suncraft MU bambuko peili\u0173 rinkinys dovan\u0173 d\u0117\u017eut\u0117je MU_0403 Auk\u0161\u010diausios kokyb\u0117s \u012franga gaminimui, kepimui ant groteli\u0173 ir r\u016bkymui lauke.","breadcrumb":{"@id":"https:\/\/cookking.online\/katalogas\/peiliai\/suncraft-mu-bambuko-peiliu-rinkinys-dovanu-dezuteje-mu_0403\/#breadcrumb"},"inLanguage":"en-US","potentialAction":[{"@type":"ReadAction","target":["https:\/\/cookking.online\/katalogas\/peiliai\/suncraft-mu-bambuko-peiliu-rinkinys-dovanu-dezuteje-mu_0403\/"]}]},{"@type":"ImageObject","inLanguage":"en-US","@id":"https:\/\/cookking.online\/katalogas\/peiliai\/suncraft-mu-bambuko-peiliu-rinkinys-dovanu-dezuteje-mu_0403\/#primaryimage","url":"https:\/\/cookking.online\/wp-content\/uploads\/2024\/01\/10195_7.webp","contentUrl":"https:\/\/cookking.online\/wp-content\/uploads\/2024\/01\/10195_7.webp","width":1600,"height":1067,"caption":"Suncraft MU bambuko peili\u0173 rinkinys dovan\u0173 d\u0117\u017eut\u0117je MU_0403"},{"@type":"BreadcrumbList","@id":"https:\/\/cookking.online\/katalogas\/peiliai\/suncraft-mu-bambuko-peiliu-rinkinys-dovanu-dezuteje-mu_0403\/#breadcrumb","itemListElement":[{"@type":"ListItem","position":1,"name":"Prad\u017eia","item":"https:\/\/cookking.online\/"},{"@type":"ListItem","position":2,"name":"Parduotuv\u0117","item":"https:\/\/cookking.online\/parduotuve\/"},{"@type":"ListItem","position":3,"name":"Suncraft MU bambuko peili\u0173 rinkinys dovan\u0173 d\u0117\u017eut\u0117je MU_0403"}]},{"@type":"WebSite","@id":"https:\/\/cookking.online\/#website","url":"https:\/\/cookking.online\/","name":"Cookking.online","description":"","publisher":{"@id":"https:\/\/cookking.online\/#organization"},"potentialAction":[{"@type":"SearchAction","target":{"@type":"EntryPoint","urlTemplate":"https:\/\/cookking.online\/?s={search_term_string}"},"query-input":{"@type":"PropertyValueSpecification","valueRequired":true,"valueName":"search_term_string"}}],"inLanguage":"en-US"},{"@type":"Organization","@id":"https:\/\/cookking.online\/#organization","name":"Cookking.online","url":"https:\/\/cookking.online\/","logo":{"@type":"ImageObject","inLanguage":"en-US","@id":"https:\/\/cookking.online\/#\/schema\/logo\/image\/","url":"https:\/\/cookking.online\/wp-content\/uploads\/2021\/11\/Logo.png","contentUrl":"https:\/\/cookking.online\/wp-content\/uploads\/2021\/11\/Logo.png","width":291,"height":100,"caption":"Cookking.online"},"image":{"@id":"https:\/\/cookking.online\/#\/schema\/logo\/image\/"}}]}},"_links":{"self":[{"href":"https:\/\/cookking.online\/en\/wp-json\/wp\/v2\/product\/9493","targetHints":{"allow":["GET"]}}],"collection":[{"href":"https:\/\/cookking.online\/en\/wp-json\/wp\/v2\/product"}],"about":[{"href":"https:\/\/cookking.online\/en\/wp-json\/wp\/v2\/types\/product"}],"wp:featuredmedia":[{"embeddable":true,"href":"https:\/\/cookking.online\/en\/wp-json\/wp\/v2\/media\/9494"}],"wp:attachment":[{"href":"https:\/\/cookking.online\/en\/wp-json\/wp\/v2\/media?parent=9493"}],"wp:term":[{"taxonomy":"product_brand","embeddable":true,"href":"https:\/\/cookking.online\/en\/wp-json\/wp\/v2\/product_brand?post=9493"},{"taxonomy":"product_cat","embeddable":true,"href":"https:\/\/cookking.online\/en\/wp-json\/wp\/v2\/product_cat?post=9493"},{"taxonomy":"product_tag","embeddable":true,"href":"https:\/\/cookking.online\/en\/wp-json\/wp\/v2\/product_tag?post=9493"}],"curies":[{"name":"wp","href":"https:\/\/api.w.org\/{rel}","templated":true}]}}