{"id":9660,"date":"2026-03-10T12:39:33","date_gmt":"2026-03-10T09:39:33","guid":{"rendered":"https:\/\/cookking.online\/?post_type=product&#038;p=9660"},"modified":"2026-03-10T12:39:33","modified_gmt":"2026-03-10T09:39:33","slug":"masahiro-msc-110_525556_bb-peiliu-rinkinys","status":"publish","type":"product","link":"https:\/\/cookking.online\/en\/katalogas\/peiliai\/masahiro-msc-110_525556_bb-peiliu-rinkinys\/","title":{"rendered":"Masahiro MSC 110_525556_BB peili\u0173 rinkinys"},"content":{"rendered":"<h4>Masahiro MSC 110_525556_BB peili\u0173 rinkinys<\/h4>\n<p>Masahiro rinkinys dekoratyvin\u0117je pakuot\u0117je, kuri\u0105 sudaro MSC Chef 180 mm, MSC Bunka 160 mm ir MSC Paring 120 mm peiliai. \u0160is peili\u0173 rinkinys yra pats minimumas, kuris tur\u0117t\u0173 b\u016bti kiekvienoje virtuv\u0117je, o papildomai supakuotas \u012f gra\u017ei\u0105 d\u0117\u017eut\u0119 yra puikus dovan\u0173 rinkinys.<\/p>\n<p>Vir\u0117jo peilis \u2013 vienas da\u017eniausiai renkam\u0173 virtuvini\u0173 peili\u0173 tiek profesionali\u0173 \u0161ef\u0173, tiek maisto gaminimo entuziast\u0173. B\u016bdinga i\u0161 pranc\u016bz\u0173 virtuv\u0117s kilusi peilio forma naudojama daugeliui virtuv\u0117s u\u017eduo\u010di\u0173, o pavadinimas \u0161efo peilis pabr\u0117\u017eia tai, kad tai yra nepamainomas \u012frankis kiekvienam vir\u0117jui. Peilis yra labai lengvas, o rankena saugiai telpa tiek ma\u017eose, tiek didel\u0117se rankose. D\u0117l tobulos a\u0161men\u0173 ir rankenos pusiausvyros jis leid\u017eia atlikti ritming\u0105, labai efektyv\u0173, si\u016bbuojant\u012f judes\u012f pavir\u0161iumi pjaustant ar smulkinant \u012fvairius gaminius.<\/p>\n<p>Bunka yra universalus peilis, puikiai tinkantis tipin\u0117ms virtuv\u0117s u\u017eduotims. Jis turi plat\u0173 profil\u012f, \u0161iek tiek suapvalint\u0105 pilv\u0105 ir plok\u0161\u010di\u0105 a\u0161men\u0173 nugar\u0105. I\u0161skirtinis, apverstas tanto profilis suteikia a\u0161menims gudr\u0173 ir subtil\u0173 smaigal\u012f bei unikali\u0105 ir ak\u012f traukian\u010di\u0105 estetik\u0105. \u0160is tradicinis japoni\u0161kas peilis gali s\u0117kmingai pakeisti \u0161efo ar santoku peil\u012f.<\/p>\n<p>Tre\u010diasis rinkinio peilis yra MSC Paring 120 mm. Tai universalus peilis, primenantis ma\u017eesn\u0119 \u0161efo peilio versij\u0105. Jo universalus panaudojimas, tinkantis visur, kur \u0161efo peilis per didelis, gali b\u016bti s\u0117kmingai naudojamas dar\u017eov\u0117ms ir vaisiams lupti.<\/p>\n<p>Masahiro MSC peiliai skirti nam\u0173 vartotojams. \u010cia nerasite daug specializuot\u0173 \u012fvairi\u0173 form\u0173 peili\u0173. Rasime reikalingus ir da\u017eniausiai naudojamus peilius darbui nam\u0173 virtuv\u0117je: \u0161efo peil\u012f, Santoku peil\u012f ir nedidel\u012f universal\u0173 peil\u012f. Pasi\u016bloje taip pat yra tradicinis japoni\u0161kas peilis dar\u017eov\u0117ms pjaustyti \u2013 nakiri.<\/p>\n<p>MBS-26 plienas, kuris buvo naudojamas \u0161ios serijos peiliams gaminti, yra unikalus anglies (0,85-1,00%), chromo (13-15%) ir molibdeno, mangano ir vanad\u017eio lydinys. \u0160i med\u017eiaga turi savo unikalias savybes d\u0117l specialaus terminio apdorojimo. Trij\u0173 etap\u0173 proceso, susidedan\u010dio i\u0161 gr\u016bdinimo, au\u0161inimo labai \u017eemoje temperat\u016broje ir gr\u016bdinimo iki 58-59 HRC kietumo, paslapt\u012f \u017eino tik \u012fmon\u0117s savininkas \u2013 Hattori \u0161eima. Tokiu b\u016bdu gaut\u0105 plien\u0105 galima pagal\u0105sti iki nereg\u0117to a\u0161trumo, o auk\u0161to pjovimo briaunos agresyvumo i\u0161laikymas labai ilg\u0105 laik\u0105 yra b\u016bdinga Masahiro peili\u0173 savyb\u0117, pripa\u017einta viso pasaulio vartotoj\u0173. MBS-26 priklauso vadinam\u0173j\u0173 grupei ner\u016bdijantis plienas, nereaguoja su spalvos ar kvapo pasikeitimu s\u0105lytyje su r\u016bg\u0161tiniais produktais. I\u0161laikyti peilius, pagamintus i\u0161 \u0161io lydinio, nepriekai\u0161ting\u0105, blizgant\u012f, n\u0117ra problema. Pakanka paprasto plovimo drungname vandenyje su ind\u0173 plovikliu. Tik nepamir\u0161kite po plovimo peilio sausai nu\u0161luostyti.<\/p>\n<p>Rankena, pagaminta i\u0161 pakkamed\u017eio, buvo puikiai profiliuota ir apdailinta, tod\u0117l laikomas peilis atrodo kaip nat\u016bralus rankos prat\u0119simas, tod\u0117l dirbti lengva ir labai malonu.<\/p>\n<p>Plieno tipas: MBS-26<br \/>\nHRC: 58-59<br \/>\nRankenos med\u017eiaga: Pakkawood<br \/>\nGalandimo b\u016bdas: dvipusis, asimetrinis 80\/20<br \/>\nMatmenys:<br \/>\nBendras ilgis (A): \u0160efas: 303 mm; Paring: 228 mm; Bunka: 275 mm<br \/>\nA\u0161men\u0173 ilgis (B): \u0160efas: 182 mm; Paring: 121 mm; Bunka: 160 mm<br \/>\nPlotis (C): \u0160efas: 44 mm; Paring: 28 mm; Bunka: 46 mm<br \/>\nStoris (D): \u0160efas: 1,8 mm; Paring: 1,6 mm; Bunka: 1,8 mm<br \/>\nSvoris: \u0160efas: 109 g; Paring: 53 g, Bunka: 109 g<\/p>\n<h4>Masahiro MSC 110_525556_BB peili\u0173 rinkinys Naudinga informacija:<\/h4>\n<p>Visi Masahiro peiliai yra itin a\u0161tr\u016bs, tod\u0117l rekomenduojame juos naudoti atsargiai.<br \/>\nMasahiro peiliais negalima pjaustyti \u0161aldyt\u0173 produkt\u0173 (i\u0161skyrus \u0161iam tikslui skirtas serijas).<br \/>\nNenaudokite peili\u0173 kitiems tikslams nei maistui.<br \/>\nPjovimui naudokite medines arba plastikines pjaustymo lenteles.<br \/>\nNeplaukite peili\u0173 indaplov\u0117se, nes jie pa\u017eeid\u017eia pjovimo briaun\u0105.<br \/>\nNuplaukite peil\u012f \u0161iltame vandenyje su ind\u0173 plovikliu.<br \/>\nPo plovimo nuvalykite peil\u012f sausai.<\/p>","protected":false},"excerpt":{"rendered":"<p>Masahiro peili\u0173 serija su gra\u017eia europieti\u0161ko stiliaus rankena, pagaminta i\u0161 magnolijos arba pakka medienos. Puikiai tinka maisto gaminimo entuziastams, bet gali b\u016bti naudojamas ir profesionalioje virtuv\u0117je. Patentuotas plienas, gr\u016bdintas iki 58 HRC, lengvai pjauna visus gaminius.<\/p>","protected":false},"featured_media":9661,"template":"","meta":[],"product_brand":[],"product_cat":[119],"product_tag":[120],"class_list":{"0":"post-9660","1":"product","2":"type-product","3":"status-publish","4":"has-post-thumbnail","6":"product_cat-peiliai","7":"product_tag-masahiro","9":"first","10":"instock","11":"taxable","12":"shipping-taxable","13":"purchasable","14":"product-type-simple"},"yoast_head":"<!-- This site is optimized with the Yoast SEO plugin v27.4 - https:\/\/yoast.com\/product\/yoast-seo-wordpress\/ -->\n<title>Masahiro MSC 110_525556_BB peili\u0173 rinkinys - Cookking.online<\/title>\n<meta name=\"description\" content=\"Masahiro MSC 110_525556_BB peili\u0173 rinkinys Auk\u0161\u010diausios kokyb\u0117s \u012franga gaminimui, kepimui ant groteli\u0173 ir r\u016bkymui lauke.\" \/>\n<meta name=\"robots\" content=\"index, follow, max-snippet:-1, max-image-preview:large, max-video-preview:-1\" \/>\n<link rel=\"canonical\" href=\"https:\/\/cookking.online\/en\/katalogas\/peiliai\/masahiro-msc-110_525556_bb-peiliu-rinkinys\/\" \/>\n<meta property=\"og:locale\" content=\"en_US\" \/>\n<meta property=\"og:type\" content=\"article\" \/>\n<meta property=\"og:title\" content=\"Masahiro MSC 110_525556_BB peili\u0173 rinkinys - Cookking.online\" \/>\n<meta property=\"og:description\" content=\"Masahiro MSC 110_525556_BB peili\u0173 rinkinys Auk\u0161\u010diausios kokyb\u0117s \u012franga gaminimui, kepimui ant groteli\u0173 ir r\u016bkymui lauke.\" \/>\n<meta property=\"og:url\" content=\"https:\/\/cookking.online\/en\/katalogas\/peiliai\/masahiro-msc-110_525556_bb-peiliu-rinkinys\/\" \/>\n<meta property=\"og:site_name\" content=\"Cookking.online\" \/>\n<meta property=\"og:image\" content=\"https:\/\/cookking.online\/wp-content\/uploads\/2024\/01\/10219_9.webp\" \/>\n\t<meta property=\"og:image:width\" content=\"1600\" \/>\n\t<meta property=\"og:image:height\" content=\"1067\" \/>\n\t<meta property=\"og:image:type\" content=\"image\/webp\" \/>\n<meta name=\"twitter:card\" content=\"summary_large_image\" \/>\n<meta name=\"twitter:label1\" content=\"Est. reading time\" \/>\n\t<meta name=\"twitter:data1\" content=\"4 minutes\" \/>\n<script type=\"application\/ld+json\" class=\"yoast-schema-graph\">{\"@context\":\"https:\\\/\\\/schema.org\",\"@graph\":[{\"@type\":\"WebPage\",\"@id\":\"https:\\\/\\\/cookking.online\\\/katalogas\\\/peiliai\\\/masahiro-msc-110_525556_bb-peiliu-rinkinys\\\/\",\"url\":\"https:\\\/\\\/cookking.online\\\/katalogas\\\/peiliai\\\/masahiro-msc-110_525556_bb-peiliu-rinkinys\\\/\",\"name\":\"Masahiro MSC 110_525556_BB peili\u0173 rinkinys - Cookking.online\",\"isPartOf\":{\"@id\":\"https:\\\/\\\/cookking.online\\\/#website\"},\"primaryImageOfPage\":{\"@id\":\"https:\\\/\\\/cookking.online\\\/katalogas\\\/peiliai\\\/masahiro-msc-110_525556_bb-peiliu-rinkinys\\\/#primaryimage\"},\"image\":{\"@id\":\"https:\\\/\\\/cookking.online\\\/katalogas\\\/peiliai\\\/masahiro-msc-110_525556_bb-peiliu-rinkinys\\\/#primaryimage\"},\"thumbnailUrl\":\"https:\\\/\\\/cookking.online\\\/wp-content\\\/uploads\\\/2024\\\/01\\\/10219_9.webp\",\"datePublished\":\"2026-03-10T09:39:33+00:00\",\"description\":\"Masahiro MSC 110_525556_BB peili\u0173 rinkinys Auk\u0161\u010diausios kokyb\u0117s \u012franga gaminimui, kepimui ant groteli\u0173 ir r\u016bkymui lauke.\",\"breadcrumb\":{\"@id\":\"https:\\\/\\\/cookking.online\\\/katalogas\\\/peiliai\\\/masahiro-msc-110_525556_bb-peiliu-rinkinys\\\/#breadcrumb\"},\"inLanguage\":\"en-US\",\"potentialAction\":[{\"@type\":\"ReadAction\",\"target\":[\"https:\\\/\\\/cookking.online\\\/katalogas\\\/peiliai\\\/masahiro-msc-110_525556_bb-peiliu-rinkinys\\\/\"]}]},{\"@type\":\"ImageObject\",\"inLanguage\":\"en-US\",\"@id\":\"https:\\\/\\\/cookking.online\\\/katalogas\\\/peiliai\\\/masahiro-msc-110_525556_bb-peiliu-rinkinys\\\/#primaryimage\",\"url\":\"https:\\\/\\\/cookking.online\\\/wp-content\\\/uploads\\\/2024\\\/01\\\/10219_9.webp\",\"contentUrl\":\"https:\\\/\\\/cookking.online\\\/wp-content\\\/uploads\\\/2024\\\/01\\\/10219_9.webp\",\"width\":1600,\"height\":1067,\"caption\":\"Masahiro MSC 110_525556_BB peili\u0173 rinkinys\"},{\"@type\":\"BreadcrumbList\",\"@id\":\"https:\\\/\\\/cookking.online\\\/katalogas\\\/peiliai\\\/masahiro-msc-110_525556_bb-peiliu-rinkinys\\\/#breadcrumb\",\"itemListElement\":[{\"@type\":\"ListItem\",\"position\":1,\"name\":\"Prad\u017eia\",\"item\":\"https:\\\/\\\/cookking.online\\\/\"},{\"@type\":\"ListItem\",\"position\":2,\"name\":\"Parduotuv\u0117\",\"item\":\"https:\\\/\\\/cookking.online\\\/parduotuve\\\/\"},{\"@type\":\"ListItem\",\"position\":3,\"name\":\"Masahiro MSC 110_525556_BB peili\u0173 rinkinys\"}]},{\"@type\":\"WebSite\",\"@id\":\"https:\\\/\\\/cookking.online\\\/#website\",\"url\":\"https:\\\/\\\/cookking.online\\\/\",\"name\":\"Cookking.online\",\"description\":\"\",\"publisher\":{\"@id\":\"https:\\\/\\\/cookking.online\\\/#organization\"},\"potentialAction\":[{\"@type\":\"SearchAction\",\"target\":{\"@type\":\"EntryPoint\",\"urlTemplate\":\"https:\\\/\\\/cookking.online\\\/?s={search_term_string}\"},\"query-input\":{\"@type\":\"PropertyValueSpecification\",\"valueRequired\":true,\"valueName\":\"search_term_string\"}}],\"inLanguage\":\"en-US\"},{\"@type\":\"Organization\",\"@id\":\"https:\\\/\\\/cookking.online\\\/#organization\",\"name\":\"Cookking.online\",\"url\":\"https:\\\/\\\/cookking.online\\\/\",\"logo\":{\"@type\":\"ImageObject\",\"inLanguage\":\"en-US\",\"@id\":\"https:\\\/\\\/cookking.online\\\/#\\\/schema\\\/logo\\\/image\\\/\",\"url\":\"https:\\\/\\\/cookking.online\\\/wp-content\\\/uploads\\\/2021\\\/11\\\/Logo.png\",\"contentUrl\":\"https:\\\/\\\/cookking.online\\\/wp-content\\\/uploads\\\/2021\\\/11\\\/Logo.png\",\"width\":291,\"height\":100,\"caption\":\"Cookking.online\"},\"image\":{\"@id\":\"https:\\\/\\\/cookking.online\\\/#\\\/schema\\\/logo\\\/image\\\/\"}}]}<\/script>\n<!-- \/ Yoast SEO plugin. -->","yoast_head_json":{"title":"Masahiro MSC 110_525556_BB peili\u0173 rinkinys - Cookking.online","description":"Masahiro MSC 110_525556_BB peili\u0173 rinkinys Auk\u0161\u010diausios kokyb\u0117s \u012franga gaminimui, kepimui ant groteli\u0173 ir r\u016bkymui lauke.","robots":{"index":"index","follow":"follow","max-snippet":"max-snippet:-1","max-image-preview":"max-image-preview:large","max-video-preview":"max-video-preview:-1"},"canonical":"https:\/\/cookking.online\/en\/katalogas\/peiliai\/masahiro-msc-110_525556_bb-peiliu-rinkinys\/","og_locale":"en_US","og_type":"article","og_title":"Masahiro MSC 110_525556_BB peili\u0173 rinkinys - Cookking.online","og_description":"Masahiro MSC 110_525556_BB peili\u0173 rinkinys Auk\u0161\u010diausios kokyb\u0117s \u012franga gaminimui, kepimui ant groteli\u0173 ir r\u016bkymui lauke.","og_url":"https:\/\/cookking.online\/en\/katalogas\/peiliai\/masahiro-msc-110_525556_bb-peiliu-rinkinys\/","og_site_name":"Cookking.online","og_image":[{"width":1600,"height":1067,"url":"https:\/\/cookking.online\/wp-content\/uploads\/2024\/01\/10219_9.webp","type":"image\/webp"}],"twitter_card":"summary_large_image","twitter_misc":{"Est. reading time":"4 minutes"},"schema":{"@context":"https:\/\/schema.org","@graph":[{"@type":"WebPage","@id":"https:\/\/cookking.online\/katalogas\/peiliai\/masahiro-msc-110_525556_bb-peiliu-rinkinys\/","url":"https:\/\/cookking.online\/katalogas\/peiliai\/masahiro-msc-110_525556_bb-peiliu-rinkinys\/","name":"Masahiro MSC 110_525556_BB peili\u0173 rinkinys - Cookking.online","isPartOf":{"@id":"https:\/\/cookking.online\/#website"},"primaryImageOfPage":{"@id":"https:\/\/cookking.online\/katalogas\/peiliai\/masahiro-msc-110_525556_bb-peiliu-rinkinys\/#primaryimage"},"image":{"@id":"https:\/\/cookking.online\/katalogas\/peiliai\/masahiro-msc-110_525556_bb-peiliu-rinkinys\/#primaryimage"},"thumbnailUrl":"https:\/\/cookking.online\/wp-content\/uploads\/2024\/01\/10219_9.webp","datePublished":"2026-03-10T09:39:33+00:00","description":"Masahiro MSC 110_525556_BB peili\u0173 rinkinys Auk\u0161\u010diausios kokyb\u0117s \u012franga gaminimui, kepimui ant groteli\u0173 ir r\u016bkymui lauke.","breadcrumb":{"@id":"https:\/\/cookking.online\/katalogas\/peiliai\/masahiro-msc-110_525556_bb-peiliu-rinkinys\/#breadcrumb"},"inLanguage":"en-US","potentialAction":[{"@type":"ReadAction","target":["https:\/\/cookking.online\/katalogas\/peiliai\/masahiro-msc-110_525556_bb-peiliu-rinkinys\/"]}]},{"@type":"ImageObject","inLanguage":"en-US","@id":"https:\/\/cookking.online\/katalogas\/peiliai\/masahiro-msc-110_525556_bb-peiliu-rinkinys\/#primaryimage","url":"https:\/\/cookking.online\/wp-content\/uploads\/2024\/01\/10219_9.webp","contentUrl":"https:\/\/cookking.online\/wp-content\/uploads\/2024\/01\/10219_9.webp","width":1600,"height":1067,"caption":"Masahiro MSC 110_525556_BB peili\u0173 rinkinys"},{"@type":"BreadcrumbList","@id":"https:\/\/cookking.online\/katalogas\/peiliai\/masahiro-msc-110_525556_bb-peiliu-rinkinys\/#breadcrumb","itemListElement":[{"@type":"ListItem","position":1,"name":"Prad\u017eia","item":"https:\/\/cookking.online\/"},{"@type":"ListItem","position":2,"name":"Parduotuv\u0117","item":"https:\/\/cookking.online\/parduotuve\/"},{"@type":"ListItem","position":3,"name":"Masahiro MSC 110_525556_BB peili\u0173 rinkinys"}]},{"@type":"WebSite","@id":"https:\/\/cookking.online\/#website","url":"https:\/\/cookking.online\/","name":"Cookking.online","description":"","publisher":{"@id":"https:\/\/cookking.online\/#organization"},"potentialAction":[{"@type":"SearchAction","target":{"@type":"EntryPoint","urlTemplate":"https:\/\/cookking.online\/?s={search_term_string}"},"query-input":{"@type":"PropertyValueSpecification","valueRequired":true,"valueName":"search_term_string"}}],"inLanguage":"en-US"},{"@type":"Organization","@id":"https:\/\/cookking.online\/#organization","name":"Cookking.online","url":"https:\/\/cookking.online\/","logo":{"@type":"ImageObject","inLanguage":"en-US","@id":"https:\/\/cookking.online\/#\/schema\/logo\/image\/","url":"https:\/\/cookking.online\/wp-content\/uploads\/2021\/11\/Logo.png","contentUrl":"https:\/\/cookking.online\/wp-content\/uploads\/2021\/11\/Logo.png","width":291,"height":100,"caption":"Cookking.online"},"image":{"@id":"https:\/\/cookking.online\/#\/schema\/logo\/image\/"}}]}},"_links":{"self":[{"href":"https:\/\/cookking.online\/en\/wp-json\/wp\/v2\/product\/9660","targetHints":{"allow":["GET"]}}],"collection":[{"href":"https:\/\/cookking.online\/en\/wp-json\/wp\/v2\/product"}],"about":[{"href":"https:\/\/cookking.online\/en\/wp-json\/wp\/v2\/types\/product"}],"wp:featuredmedia":[{"embeddable":true,"href":"https:\/\/cookking.online\/en\/wp-json\/wp\/v2\/media\/9661"}],"wp:attachment":[{"href":"https:\/\/cookking.online\/en\/wp-json\/wp\/v2\/media?parent=9660"}],"wp:term":[{"taxonomy":"product_brand","embeddable":true,"href":"https:\/\/cookking.online\/en\/wp-json\/wp\/v2\/product_brand?post=9660"},{"taxonomy":"product_cat","embeddable":true,"href":"https:\/\/cookking.online\/en\/wp-json\/wp\/v2\/product_cat?post=9660"},{"taxonomy":"product_tag","embeddable":true,"href":"https:\/\/cookking.online\/en\/wp-json\/wp\/v2\/product_tag?post=9660"}],"curies":[{"name":"wp","href":"https:\/\/api.w.org\/{rel}","templated":true}]}}