{"id":9744,"date":"2026-03-10T12:39:35","date_gmt":"2026-03-10T09:39:35","guid":{"rendered":"https:\/\/cookking.online\/?post_type=product&#038;p=9744"},"modified":"2026-03-10T12:39:35","modified_gmt":"2026-03-10T09:39:35","slug":"masahiro-mv-h-149_1123_bb-peiliu-rinkinys","status":"publish","type":"product","link":"https:\/\/cookking.online\/en\/katalogas\/peiliai\/masahiro-mv-h-149_1123_bb-peiliu-rinkinys\/","title":{"rendered":"Masahiro MV-H 149_1123_BB peili\u0173 rinkinys"},"content":{"rendered":"<h4>Masahiro MV-H 149_1123_BB peili\u0173 rinkinys<\/h4>\n<p><strong><span style=\"vertical-align: inherit;\"><span style=\"vertical-align: inherit;\">Masahiro<\/span><\/span><\/strong><span style=\"vertical-align: inherit;\"><span style=\"vertical-align: inherit;\"> rinkinys\u00a0 <\/span><span style=\"vertical-align: inherit;\">\u00a0dekoratyvin\u0117je pakuot\u0117je, kuri\u0105 sudaro\u00a0 <\/span><\/span><strong><span style=\"vertical-align: inherit;\"><span style=\"vertical-align: inherit;\">MV-H <\/span><\/span><\/strong>\u00a0<strong><span style=\"vertical-align: inherit;\"><span style=\"vertical-align: inherit;\">Chef 210mm<\/span><\/span><\/strong><span style=\"vertical-align: inherit;\"><span style=\"vertical-align: inherit;\"> \u00a0ir\u00a0 <strong>Santoku\u00a0<\/strong><\/span><\/span><strong><span style=\"vertical-align: inherit;\"><span style=\"vertical-align: inherit;\"><strong>\u00a0<\/strong>175mm<\/span><\/span><\/strong><span style=\"vertical-align: inherit;\"><span style=\"vertical-align: inherit;\"> serijos peiliai . <\/span><\/span><strong><span style=\"vertical-align: inherit;\"><span style=\"vertical-align: inherit;\">Vir\u0117jo<\/span><\/span><\/strong><span style=\"vertical-align: inherit;\"><span style=\"vertical-align: inherit;\"> peilis\u00a0 <\/span><span style=\"vertical-align: inherit;\">\u00a0yra populiariausias ir da\u017eniausiai naudojamas peilis darbui virtuv\u0117je, o ma\u017eesnis jo variantas \u2013\u00a0 <\/span><\/span><strong><span style=\"vertical-align: inherit;\"><span style=\"vertical-align: inherit;\">175 mm Utility\u00a0<\/span><\/span><\/strong><span style=\"vertical-align: inherit;\"><span style=\"vertical-align: inherit;\"> peilis \u2013 puikiai j\u012f papildo. <\/span><span style=\"vertical-align: inherit;\">Be to, viskas, supakuota \u012f gra\u017ei\u0105 d\u0117\u017eut\u0119, sukuria puik\u0173 dovan\u0173 rinkin\u012f. <\/span><\/span><\/p>\n<p><span style=\"vertical-align: inherit;\"><span style=\"vertical-align: inherit;\">B\u016bdinga\u00a0 <\/span><\/span><strong><span style=\"vertical-align: inherit;\"><span style=\"vertical-align: inherit;\">\u0161efo peilio<\/span><\/span><\/strong><span style=\"vertical-align: inherit;\"><span style=\"vertical-align: inherit;\"> forma , kilusi i\u0161 pranc\u016bz\u0173 virtuv\u0117s, naudojama daugeliui virtuv\u0117s u\u017eduo\u010di\u0173, o pavadinimas \u0161efo peilis pabr\u0117\u017eia tai, kad tai yra nepakei\u010diamas \u012frankis kiekvienam vir\u0117jui. <\/span><span style=\"vertical-align: inherit;\">Peilis yra labai lengvas, o rankena saugiai telpa tiek ma\u017eose, tiek didel\u0117se rankose. <\/span><span style=\"vertical-align: inherit;\">D\u0117l tobulos a\u0161men\u0173 ir rankenos pusiausvyros leid\u017eia atlikti ritming\u0105, labai efektyv\u0173, si\u016bbuojant\u012f judes\u012f pavir\u0161iumi pjaustant ar smulkinant \u012fvairius gaminius.<\/span><\/span><\/p>\n<p><span style=\"vertical-align: inherit;\"><span style=\"vertical-align: inherit;\">Santoku yra tradicinis japoni\u0161kas peilis, kuris da\u017enai vadinamas vakarieti\u0161ko \u0161efo peilio atitikmeniu. Japoni\u0161kas \u0161io labai populiaraus peilio pavadinimas rei\u0161kia \u201etrys doryb\u0117s\u201c arba \u201etrys doryb\u0117s\u201c. Tai rei\u0161kia, kad \u0161is peilis, savo i\u0161vaizda primenantis \u0161efo peilio ir kirtiklio derin\u012f, labai tinka pjaustymui, pjaustymui ir pjaustymui.\u00a0<\/span><\/span><\/p>\n<p><span style=\"vertical-align: inherit;\"> <strong><span style=\"vertical-align: inherit;\">MV-H <\/span><\/strong><\/span><span style=\"vertical-align: inherit;\"><span style=\"vertical-align: inherit;\">serija\u00a0 <\/span><span style=\"vertical-align: inherit;\">\u00a0buvo sukurta ir pagaminta Europos ir Amerikos klientams, kurie naudoja peilius kiek kitaip nei Japonijoje. <\/span><span style=\"vertical-align: inherit;\">Be pjaustymo, Vakaruose peiliai naudojami ir smulkinimui. <\/span><span style=\"vertical-align: inherit;\">Atsi\u017evelgiant \u012f \u0161ios technikos naudojim\u0105,\u00a0 <\/span><strong><span style=\"vertical-align: inherit;\">MV-H<\/span><\/strong><span style=\"vertical-align: inherit;\"> serijos peili\u0173 a\u0161menys \u00a0yra \u0161iek tiek storesni ir patvaresni sunkesniems darbams. <\/span><span style=\"vertical-align: inherit;\">\u0160ios linijos peiliai yra pagaminti i\u0161 VG-10 darinio, molibdeno-vanad\u017eio, daug anglies turin\u010dio ner\u016bdijan\u010dio plieno, vadinamo\u00a0 <\/span><strong><span style=\"vertical-align: inherit;\">MBS-26<\/span><\/strong><span style=\"vertical-align: inherit;\"> , kuris buvo kietinamas trimis etapais, kol pasiekia\u00a0 <\/span><strong><span style=\"vertical-align: inherit;\">58-59 HRC<\/span><\/strong><span style=\"vertical-align: inherit;\"> kietum\u0105 . <\/span><span style=\"vertical-align: inherit;\">Kiekvien\u0105 a\u0161men\u012f patobulino meistrai, turintys daugiau nei 30 met\u0173 patirt\u012f, tod\u0117l\u00a0 <\/span><strong><span style=\"vertical-align: inherit;\">Masahiro<\/span><\/strong><span style=\"vertical-align: inherit;\"> peiliai \u00a0yra ne\u012ftik\u0117tino a\u0161trumo.<\/span><\/span><\/p>\n<h4>Masahiro MV-H 149_1123_BB peili\u0173 rinkinys<\/h4>\n<p><span style=\"vertical-align: inherit;\"><span style=\"vertical-align: inherit;\">Higieni\u0161ka antibakterini\u0173 savybi\u0173 rankena pagaminta i\u0161 med\u017eiagos, vadinamos\u00a0 <\/span><\/span><strong><span style=\"vertical-align: inherit;\"><span style=\"vertical-align: inherit;\">poliacetaliu<\/span><\/span><\/strong><span style=\"vertical-align: inherit;\"><span style=\"vertical-align: inherit;\"> \u00a0(POM), kuri yra ypa\u010d patvari. <\/span><span style=\"vertical-align: inherit;\">Rankena tvirtinama trimis puikiai i\u0161d\u0117stytomis knied\u0117mis, o tarp jos ir a\u0161men\u0173 naudojamas papildomas metalinis sutvirtinimas. <\/span><\/span><\/p>\n<p><span style=\"vertical-align: inherit;\"><span style=\"vertical-align: inherit;\">\u0160ios serijos peiliai pagal\u0105sti i\u0161 dviej\u0173 pusi\u0173, ta\u010diau skirtingai nei dauguma Vakar\u0173 gamintoj\u0173,\u00a0 <\/span><\/span><strong><span style=\"vertical-align: inherit;\"><span style=\"vertical-align: inherit;\">Masahiro\u00a0<\/span><\/span><\/strong><span style=\"vertical-align: inherit;\"><span style=\"vertical-align: inherit;\"> juos pagal\u0105sta asimetri\u0161kai\u00a0 <\/span><\/span><strong><span style=\"vertical-align: inherit;\"><span style=\"vertical-align: inherit;\">80\/20<\/span><\/span><\/strong><span style=\"vertical-align: inherit;\"><span style=\"vertical-align: inherit;\"> . <\/span><span style=\"vertical-align: inherit;\">Tai rei\u0161kia, kad pjovimo briauna perkeliama \u012f vien\u0105 pus\u0119 peilio a\u0161yje. <\/span><span style=\"vertical-align: inherit;\">Asimetrinio galandimo prana\u0161umai yra pjovimo briauna, kuri yra iki 35% plonesn\u0117 nei simetri\u0161kas peiliukas, tod\u0117l jis yra daug a\u0161tresnis.<\/span><\/span><\/p>\n<p><strong><span style=\"vertical-align: inherit;\"><span style=\"vertical-align: inherit;\">Naudinga informacija:<\/span><\/span><\/strong><\/p>\n<div class=\"product-specification\">\n<ul>\n<li><span style=\"vertical-align: inherit;\"><span style=\"vertical-align: inherit;\">Visi Masahiro peiliai yra itin a\u0161tr\u016bs, tod\u0117l rekomenduojame juos naudoti atsargiai.<\/span><\/span><\/li>\n<li><span style=\"vertical-align: inherit;\"><span style=\"vertical-align: inherit;\">Masahiro peiliais negalima pjaustyti \u0161aldyt\u0173 produkt\u0173 (i\u0161skyrus \u0161iam tikslui skirtas serijas).<\/span><\/span><\/li>\n<li><span style=\"vertical-align: inherit;\"><span style=\"vertical-align: inherit;\">Nenaudokite peili\u0173 kitiems tikslams nei maistui.<\/span><\/span><\/li>\n<li><span style=\"vertical-align: inherit;\"><span style=\"vertical-align: inherit;\">Pjovimui naudokite medines arba plastikines pjaustymo lentas.<\/span><\/span><\/li>\n<li><span style=\"vertical-align: inherit;\"><span style=\"vertical-align: inherit;\">Neplaukite peili\u0173 indaplov\u0117se, nes jie pa\u017eeid\u017eia pjovimo briaun\u0105.<\/span><\/span><\/li>\n<li><span style=\"vertical-align: inherit;\"><span style=\"vertical-align: inherit;\">Nuplaukite peil\u012f \u0161iltame vandenyje su ind\u0173 plovikliu.<\/span><\/span><\/li>\n<li><span style=\"vertical-align: inherit;\"><span style=\"vertical-align: inherit;\">Po plovimo nuvalykite peil\u012f sausai.<\/span><\/span><\/li>\n<\/ul>\n<\/div>\n<p>&nbsp;<\/p>\n<table>\n<tbody>\n<tr>\n<td><strong><span style=\"vertical-align: inherit;\"><span style=\"vertical-align: inherit;\">Plieno tipas:<\/span><\/span><\/strong><\/td>\n<td><span style=\"vertical-align: inherit;\"><span style=\"vertical-align: inherit;\">MBS-26<\/span><\/span><\/td>\n<\/tr>\n<tr>\n<td><strong><span style=\"vertical-align: inherit;\"><span style=\"vertical-align: inherit;\">HRC:<\/span><\/span><\/strong><\/td>\n<td><span style=\"vertical-align: inherit;\"><span style=\"vertical-align: inherit;\">58-59<\/span><\/span><\/td>\n<\/tr>\n<tr>\n<td><strong><span style=\"vertical-align: inherit;\"><span style=\"vertical-align: inherit;\">Rankenos med\u017eiaga:\u00a0<\/span><\/span><\/strong><\/td>\n<td><span style=\"vertical-align: inherit;\"><span style=\"vertical-align: inherit;\">POM (poliacetalis)<\/span><\/span><\/td>\n<\/tr>\n<tr>\n<td><strong><span style=\"vertical-align: inherit;\"><span style=\"vertical-align: inherit;\">Galandimo b\u016bdas:<\/span><\/span><\/strong><\/td>\n<td><span style=\"vertical-align: inherit;\"><span style=\"vertical-align: inherit;\">dvipusis, asimetri\u0161kas 80\/20<\/span><\/span><\/td>\n<\/tr>\n<tr>\n<td><strong><span style=\"vertical-align: inherit;\"><span style=\"vertical-align: inherit;\">Matmenys:<\/span><\/span><\/strong><\/td>\n<td><img loading=\"lazy\" decoding=\"async\" src=\"https:\/\/omc.net.pl\/data\/include\/cms\/upload\/knife_dimensions_cr_negative2.jpg\" alt=\"\" width=\"441\" height=\"169\" border=\"0\" \/><\/td>\n<\/tr>\n<tr>\n<td><strong><span style=\"vertical-align: inherit;\"><span style=\"vertical-align: inherit;\">Visas ilgis (A):<\/span><\/span><\/strong><\/td>\n<td><span style=\"vertical-align: inherit;\"><span style=\"vertical-align: inherit;\"><strong><span style=\"vertical-align: inherit;\">Chef <\/span><\/strong>: 334 mm; <strong><span style=\"vertical-align: inherit;\">Utility <\/span><\/strong><\/span><span style=\"vertical-align: inherit;\">: 301 mm<\/span><\/span><\/td>\n<\/tr>\n<tr>\n<td><strong><span style=\"vertical-align: inherit;\"><span style=\"vertical-align: inherit;\">A\u0161men\u0173 ilgis (B):<\/span><\/span><\/strong><\/td>\n<td><span style=\"vertical-align: inherit;\"><span style=\"vertical-align: inherit;\"><strong><span style=\"vertical-align: inherit;\">Chef <\/span><\/strong>: 212 mm; <strong><span style=\"vertical-align: inherit;\">Utility <\/span><\/strong><\/span><span style=\"vertical-align: inherit;\">: 177 mm<\/span><\/span><\/td>\n<\/tr>\n<tr>\n<td><strong><span style=\"vertical-align: inherit;\"><span style=\"vertical-align: inherit;\">Plotis (C):<\/span><\/span><\/strong><\/td>\n<td><span style=\"vertical-align: inherit;\"><span style=\"vertical-align: inherit;\"><strong><span style=\"vertical-align: inherit;\">Chef <\/span><\/strong>: 46 mm; <strong><span style=\"vertical-align: inherit;\">Utility <\/span><\/strong><\/span><span style=\"vertical-align: inherit;\">: 45 mm<\/span><\/span><\/td>\n<\/tr>\n<tr>\n<td><strong><span style=\"vertical-align: inherit;\"><span style=\"vertical-align: inherit;\">Storis (D):<\/span><\/span><\/strong><\/td>\n<td><span style=\"vertical-align: inherit;\"><span style=\"vertical-align: inherit;\"><strong><span style=\"vertical-align: inherit;\">Chef <\/span><\/strong>: 2,0 mm; <strong><span style=\"vertical-align: inherit;\">Utility <\/span><\/strong><\/span><span style=\"vertical-align: inherit;\">: 2 mm<\/span><\/span><\/td>\n<\/tr>\n<tr>\n<td><strong><span style=\"vertical-align: inherit;\"><span style=\"vertical-align: inherit;\">Svoris:<\/span><\/span><\/strong><\/td>\n<td><span style=\"vertical-align: inherit;\"><span style=\"vertical-align: inherit;\"><strong><span style=\"vertical-align: inherit;\">Chef <\/span><\/strong>: 152 g; <strong><span style=\"vertical-align: inherit;\">Utility <\/span><\/strong><\/span><span style=\"vertical-align: inherit;\">: 148 g<\/span><\/span><\/td>\n<\/tr>\n<\/tbody>\n<\/table>","protected":false},"excerpt":{"rendered":"<p><span style=\"vertical-align: inherit;\"><span style=\"vertical-align: inherit;\">Masahiro peili\u0173 serija, pagaminta i\u0161 patentuoto MBS-26 plieno, gr\u016bdinto iki 59 HRC. <\/span><span style=\"vertical-align: inherit;\">Storesnis ir patvaresnis peiliukas, skirtas sunkiam darbui, pagal\u0105stas asimetri\u0161kai. <\/span><span style=\"vertical-align: inherit;\">Poliaktelio rankena su metaliniu atrama. <\/span><span style=\"vertical-align: inherit;\">Peiliai su padidintu atsparumu vandeniui.<\/span><\/span><\/p>","protected":false},"featured_media":9745,"template":"","meta":[],"product_brand":[],"product_cat":[119],"product_tag":[120],"class_list":{"0":"post-9744","1":"product","2":"type-product","3":"status-publish","4":"has-post-thumbnail","6":"product_cat-peiliai","7":"product_tag-masahiro","9":"first","10":"instock","11":"taxable","12":"shipping-taxable","13":"purchasable","14":"product-type-simple"},"yoast_head":"<!-- This site is optimized with the Yoast SEO plugin v27.3 - https:\/\/yoast.com\/product\/yoast-seo-wordpress\/ -->\n<title>Masahiro MV-H 149_1123_BB peili\u0173 rinkinys - Cookking.online<\/title>\n<meta name=\"description\" content=\"Masahiro MV-H 149_1123_BB peili\u0173 rinkinys Auk\u0161\u010diausios kokyb\u0117s \u012franga gaminimui, kepimui ant groteli\u0173 ir r\u016bkymui lauke. Lau\u017eaviet\u0117s, Trikojai griliui, KETAUS Puodai, Stovai malkoms\" \/>\n<meta name=\"robots\" content=\"index, follow, max-snippet:-1, max-image-preview:large, max-video-preview:-1\" \/>\n<link rel=\"canonical\" href=\"https:\/\/cookking.online\/en\/katalogas\/peiliai\/masahiro-mv-h-149_1123_bb-peiliu-rinkinys\/\" \/>\n<meta property=\"og:locale\" content=\"en_US\" \/>\n<meta property=\"og:type\" content=\"article\" \/>\n<meta property=\"og:title\" content=\"Masahiro MV-H 149_1123_BB peili\u0173 rinkinys - Cookking.online\" \/>\n<meta property=\"og:description\" content=\"Masahiro MV-H 149_1123_BB peili\u0173 rinkinys Auk\u0161\u010diausios kokyb\u0117s \u012franga gaminimui, kepimui ant groteli\u0173 ir r\u016bkymui lauke. Lau\u017eaviet\u0117s, Trikojai griliui, KETAUS Puodai, Stovai malkoms\" \/>\n<meta property=\"og:url\" content=\"https:\/\/cookking.online\/en\/katalogas\/peiliai\/masahiro-mv-h-149_1123_bb-peiliu-rinkinys\/\" \/>\n<meta property=\"og:site_name\" content=\"Cookking.online\" \/>\n<meta property=\"og:image\" content=\"https:\/\/cookking.online\/wp-content\/uploads\/2024\/01\/10232_6.webp\" \/>\n\t<meta property=\"og:image:width\" content=\"1600\" \/>\n\t<meta property=\"og:image:height\" content=\"1067\" \/>\n\t<meta property=\"og:image:type\" content=\"image\/webp\" \/>\n<meta name=\"twitter:card\" content=\"summary_large_image\" \/>\n<meta name=\"twitter:label1\" content=\"Est. reading time\" \/>\n\t<meta name=\"twitter:data1\" content=\"3 minutes\" \/>\n<script type=\"application\/ld+json\" class=\"yoast-schema-graph\">{\"@context\":\"https:\\\/\\\/schema.org\",\"@graph\":[{\"@type\":\"WebPage\",\"@id\":\"https:\\\/\\\/cookking.online\\\/katalogas\\\/peiliai\\\/masahiro-mv-h-149_1123_bb-peiliu-rinkinys\\\/\",\"url\":\"https:\\\/\\\/cookking.online\\\/katalogas\\\/peiliai\\\/masahiro-mv-h-149_1123_bb-peiliu-rinkinys\\\/\",\"name\":\"Masahiro MV-H 149_1123_BB peili\u0173 rinkinys - Cookking.online\",\"isPartOf\":{\"@id\":\"https:\\\/\\\/cookking.online\\\/#website\"},\"primaryImageOfPage\":{\"@id\":\"https:\\\/\\\/cookking.online\\\/katalogas\\\/peiliai\\\/masahiro-mv-h-149_1123_bb-peiliu-rinkinys\\\/#primaryimage\"},\"image\":{\"@id\":\"https:\\\/\\\/cookking.online\\\/katalogas\\\/peiliai\\\/masahiro-mv-h-149_1123_bb-peiliu-rinkinys\\\/#primaryimage\"},\"thumbnailUrl\":\"https:\\\/\\\/cookking.online\\\/wp-content\\\/uploads\\\/2024\\\/01\\\/10232_6.webp\",\"datePublished\":\"2026-03-10T09:39:35+00:00\",\"description\":\"Masahiro MV-H 149_1123_BB peili\u0173 rinkinys Auk\u0161\u010diausios kokyb\u0117s \u012franga gaminimui, kepimui ant groteli\u0173 ir r\u016bkymui lauke. Lau\u017eaviet\u0117s, Trikojai griliui, KETAUS Puodai, Stovai malkoms\",\"breadcrumb\":{\"@id\":\"https:\\\/\\\/cookking.online\\\/katalogas\\\/peiliai\\\/masahiro-mv-h-149_1123_bb-peiliu-rinkinys\\\/#breadcrumb\"},\"inLanguage\":\"en-US\",\"potentialAction\":[{\"@type\":\"ReadAction\",\"target\":[\"https:\\\/\\\/cookking.online\\\/katalogas\\\/peiliai\\\/masahiro-mv-h-149_1123_bb-peiliu-rinkinys\\\/\"]}]},{\"@type\":\"ImageObject\",\"inLanguage\":\"en-US\",\"@id\":\"https:\\\/\\\/cookking.online\\\/katalogas\\\/peiliai\\\/masahiro-mv-h-149_1123_bb-peiliu-rinkinys\\\/#primaryimage\",\"url\":\"https:\\\/\\\/cookking.online\\\/wp-content\\\/uploads\\\/2024\\\/01\\\/10232_6.webp\",\"contentUrl\":\"https:\\\/\\\/cookking.online\\\/wp-content\\\/uploads\\\/2024\\\/01\\\/10232_6.webp\",\"width\":1600,\"height\":1067,\"caption\":\"Masahiro MV-H 149_1123_BB peili\u0173 rinkinys\"},{\"@type\":\"BreadcrumbList\",\"@id\":\"https:\\\/\\\/cookking.online\\\/katalogas\\\/peiliai\\\/masahiro-mv-h-149_1123_bb-peiliu-rinkinys\\\/#breadcrumb\",\"itemListElement\":[{\"@type\":\"ListItem\",\"position\":1,\"name\":\"Prad\u017eia\",\"item\":\"https:\\\/\\\/cookking.online\\\/\"},{\"@type\":\"ListItem\",\"position\":2,\"name\":\"Parduotuv\u0117\",\"item\":\"https:\\\/\\\/cookking.online\\\/parduotuve\\\/\"},{\"@type\":\"ListItem\",\"position\":3,\"name\":\"Masahiro MV-H 149_1123_BB peili\u0173 rinkinys\"}]},{\"@type\":\"WebSite\",\"@id\":\"https:\\\/\\\/cookking.online\\\/#website\",\"url\":\"https:\\\/\\\/cookking.online\\\/\",\"name\":\"Cookking.online\",\"description\":\"\",\"publisher\":{\"@id\":\"https:\\\/\\\/cookking.online\\\/#organization\"},\"potentialAction\":[{\"@type\":\"SearchAction\",\"target\":{\"@type\":\"EntryPoint\",\"urlTemplate\":\"https:\\\/\\\/cookking.online\\\/?s={search_term_string}\"},\"query-input\":{\"@type\":\"PropertyValueSpecification\",\"valueRequired\":true,\"valueName\":\"search_term_string\"}}],\"inLanguage\":\"en-US\"},{\"@type\":\"Organization\",\"@id\":\"https:\\\/\\\/cookking.online\\\/#organization\",\"name\":\"Cookking.online\",\"url\":\"https:\\\/\\\/cookking.online\\\/\",\"logo\":{\"@type\":\"ImageObject\",\"inLanguage\":\"en-US\",\"@id\":\"https:\\\/\\\/cookking.online\\\/#\\\/schema\\\/logo\\\/image\\\/\",\"url\":\"https:\\\/\\\/cookking.online\\\/wp-content\\\/uploads\\\/2021\\\/11\\\/Logo.png\",\"contentUrl\":\"https:\\\/\\\/cookking.online\\\/wp-content\\\/uploads\\\/2021\\\/11\\\/Logo.png\",\"width\":291,\"height\":100,\"caption\":\"Cookking.online\"},\"image\":{\"@id\":\"https:\\\/\\\/cookking.online\\\/#\\\/schema\\\/logo\\\/image\\\/\"}}]}<\/script>\n<!-- \/ Yoast SEO plugin. -->","yoast_head_json":{"title":"Masahiro MV-H 149_1123_BB peili\u0173 rinkinys - Cookking.online","description":"Masahiro MV-H 149_1123_BB peili\u0173 rinkinys Auk\u0161\u010diausios kokyb\u0117s \u012franga gaminimui, kepimui ant groteli\u0173 ir r\u016bkymui lauke. Lau\u017eaviet\u0117s, Trikojai griliui, KETAUS Puodai, Stovai malkoms","robots":{"index":"index","follow":"follow","max-snippet":"max-snippet:-1","max-image-preview":"max-image-preview:large","max-video-preview":"max-video-preview:-1"},"canonical":"https:\/\/cookking.online\/en\/katalogas\/peiliai\/masahiro-mv-h-149_1123_bb-peiliu-rinkinys\/","og_locale":"en_US","og_type":"article","og_title":"Masahiro MV-H 149_1123_BB peili\u0173 rinkinys - Cookking.online","og_description":"Masahiro MV-H 149_1123_BB peili\u0173 rinkinys Auk\u0161\u010diausios kokyb\u0117s \u012franga gaminimui, kepimui ant groteli\u0173 ir r\u016bkymui lauke. Lau\u017eaviet\u0117s, Trikojai griliui, KETAUS Puodai, Stovai malkoms","og_url":"https:\/\/cookking.online\/en\/katalogas\/peiliai\/masahiro-mv-h-149_1123_bb-peiliu-rinkinys\/","og_site_name":"Cookking.online","og_image":[{"width":1600,"height":1067,"url":"https:\/\/cookking.online\/wp-content\/uploads\/2024\/01\/10232_6.webp","type":"image\/webp"}],"twitter_card":"summary_large_image","twitter_misc":{"Est. reading time":"3 minutes"},"schema":{"@context":"https:\/\/schema.org","@graph":[{"@type":"WebPage","@id":"https:\/\/cookking.online\/katalogas\/peiliai\/masahiro-mv-h-149_1123_bb-peiliu-rinkinys\/","url":"https:\/\/cookking.online\/katalogas\/peiliai\/masahiro-mv-h-149_1123_bb-peiliu-rinkinys\/","name":"Masahiro MV-H 149_1123_BB peili\u0173 rinkinys - Cookking.online","isPartOf":{"@id":"https:\/\/cookking.online\/#website"},"primaryImageOfPage":{"@id":"https:\/\/cookking.online\/katalogas\/peiliai\/masahiro-mv-h-149_1123_bb-peiliu-rinkinys\/#primaryimage"},"image":{"@id":"https:\/\/cookking.online\/katalogas\/peiliai\/masahiro-mv-h-149_1123_bb-peiliu-rinkinys\/#primaryimage"},"thumbnailUrl":"https:\/\/cookking.online\/wp-content\/uploads\/2024\/01\/10232_6.webp","datePublished":"2026-03-10T09:39:35+00:00","description":"Masahiro MV-H 149_1123_BB peili\u0173 rinkinys Auk\u0161\u010diausios kokyb\u0117s \u012franga gaminimui, kepimui ant groteli\u0173 ir r\u016bkymui lauke. Lau\u017eaviet\u0117s, Trikojai griliui, KETAUS Puodai, Stovai malkoms","breadcrumb":{"@id":"https:\/\/cookking.online\/katalogas\/peiliai\/masahiro-mv-h-149_1123_bb-peiliu-rinkinys\/#breadcrumb"},"inLanguage":"en-US","potentialAction":[{"@type":"ReadAction","target":["https:\/\/cookking.online\/katalogas\/peiliai\/masahiro-mv-h-149_1123_bb-peiliu-rinkinys\/"]}]},{"@type":"ImageObject","inLanguage":"en-US","@id":"https:\/\/cookking.online\/katalogas\/peiliai\/masahiro-mv-h-149_1123_bb-peiliu-rinkinys\/#primaryimage","url":"https:\/\/cookking.online\/wp-content\/uploads\/2024\/01\/10232_6.webp","contentUrl":"https:\/\/cookking.online\/wp-content\/uploads\/2024\/01\/10232_6.webp","width":1600,"height":1067,"caption":"Masahiro MV-H 149_1123_BB peili\u0173 rinkinys"},{"@type":"BreadcrumbList","@id":"https:\/\/cookking.online\/katalogas\/peiliai\/masahiro-mv-h-149_1123_bb-peiliu-rinkinys\/#breadcrumb","itemListElement":[{"@type":"ListItem","position":1,"name":"Prad\u017eia","item":"https:\/\/cookking.online\/"},{"@type":"ListItem","position":2,"name":"Parduotuv\u0117","item":"https:\/\/cookking.online\/parduotuve\/"},{"@type":"ListItem","position":3,"name":"Masahiro MV-H 149_1123_BB peili\u0173 rinkinys"}]},{"@type":"WebSite","@id":"https:\/\/cookking.online\/#website","url":"https:\/\/cookking.online\/","name":"Cookking.online","description":"","publisher":{"@id":"https:\/\/cookking.online\/#organization"},"potentialAction":[{"@type":"SearchAction","target":{"@type":"EntryPoint","urlTemplate":"https:\/\/cookking.online\/?s={search_term_string}"},"query-input":{"@type":"PropertyValueSpecification","valueRequired":true,"valueName":"search_term_string"}}],"inLanguage":"en-US"},{"@type":"Organization","@id":"https:\/\/cookking.online\/#organization","name":"Cookking.online","url":"https:\/\/cookking.online\/","logo":{"@type":"ImageObject","inLanguage":"en-US","@id":"https:\/\/cookking.online\/#\/schema\/logo\/image\/","url":"https:\/\/cookking.online\/wp-content\/uploads\/2021\/11\/Logo.png","contentUrl":"https:\/\/cookking.online\/wp-content\/uploads\/2021\/11\/Logo.png","width":291,"height":100,"caption":"Cookking.online"},"image":{"@id":"https:\/\/cookking.online\/#\/schema\/logo\/image\/"}}]}},"_links":{"self":[{"href":"https:\/\/cookking.online\/en\/wp-json\/wp\/v2\/product\/9744","targetHints":{"allow":["GET"]}}],"collection":[{"href":"https:\/\/cookking.online\/en\/wp-json\/wp\/v2\/product"}],"about":[{"href":"https:\/\/cookking.online\/en\/wp-json\/wp\/v2\/types\/product"}],"wp:featuredmedia":[{"embeddable":true,"href":"https:\/\/cookking.online\/en\/wp-json\/wp\/v2\/media\/9745"}],"wp:attachment":[{"href":"https:\/\/cookking.online\/en\/wp-json\/wp\/v2\/media?parent=9744"}],"wp:term":[{"taxonomy":"product_brand","embeddable":true,"href":"https:\/\/cookking.online\/en\/wp-json\/wp\/v2\/product_brand?post=9744"},{"taxonomy":"product_cat","embeddable":true,"href":"https:\/\/cookking.online\/en\/wp-json\/wp\/v2\/product_cat?post=9744"},{"taxonomy":"product_tag","embeddable":true,"href":"https:\/\/cookking.online\/en\/wp-json\/wp\/v2\/product_tag?post=9744"}],"curies":[{"name":"wp","href":"https:\/\/api.w.org\/{rel}","templated":true}]}}