{"id":9800,"date":"2026-03-10T12:39:36","date_gmt":"2026-03-10T09:39:36","guid":{"rendered":"https:\/\/cookking.online\/?post_type=product&#038;p=9800"},"modified":"2026-03-10T12:39:37","modified_gmt":"2026-03-10T09:39:37","slug":"masahiro-mv-s-136_110402_bb-peiliu-rinkinys","status":"publish","type":"product","link":"https:\/\/cookking.online\/en\/katalogas\/peiliai\/masahiro-mv-s-136_110402_bb-peiliu-rinkinys\/","title":{"rendered":"Masahiro MV-S 136_110402_BB peili\u0173 rinkinys"},"content":{"rendered":"<h4>Masahiro MV-S 136_110402_BB peili\u0173 rinkinys<\/h4>\n<p><strong><span style=\"vertical-align: inherit;\"><span style=\"vertical-align: inherit;\">Masahiro<\/span><\/span><\/strong><span style=\"vertical-align: inherit;\"><span style=\"vertical-align: inherit;\"> rinkinys\u00a0 <\/span><span style=\"vertical-align: inherit;\">\u00a0dekoratyvin\u0117je pakuot\u0117je, kuri\u0105 sudaro\u00a0 <\/span><\/span><strong><span style=\"vertical-align: inherit;\"><span style=\"vertical-align: inherit;\">MV-S serijos peiliai: Chef 210 mm<\/span><\/span><\/strong><span style=\"vertical-align: inherit;\"><span style=\"vertical-align: inherit;\"> \u00a0ir du universal\u016bs\u00a0 <\/span><\/span><strong><span style=\"vertical-align: inherit;\"><span style=\"vertical-align: inherit;\">Utility peiliai 150 mm ir 120 mm<\/span><\/span><\/strong><span style=\"vertical-align: inherit;\"><span style=\"vertical-align: inherit;\"> . <\/span><\/span><strong><span style=\"vertical-align: inherit;\"><span style=\"vertical-align: inherit;\">Vir\u0117jo<\/span><\/span><\/strong><span style=\"vertical-align: inherit;\"><span style=\"vertical-align: inherit;\"> peilis\u00a0 <\/span><span style=\"vertical-align: inherit;\">\u00a0yra populiariausias ir da\u017eniausiai naudojamas peilis darbui virtuv\u0117je ir da\u017eniausiai j\u012f papildo universal\u016bs peiliai, kurie yra ma\u017eesn\u0117 jo versija. <\/span><span style=\"vertical-align: inherit;\">Viskas supakuota gra\u017eioje d\u0117\u017eut\u0117je, sukuriant tobul\u0105 dovan\u0173 rinkin\u012f. <\/span><\/span><\/p>\n<p><span style=\"vertical-align: inherit;\"><span style=\"vertical-align: inherit;\">B\u016bdinga\u00a0 <\/span><\/span><strong><span style=\"vertical-align: inherit;\"><span style=\"vertical-align: inherit;\">\u0161efo<\/span><\/span><\/strong><span style=\"vertical-align: inherit;\"><span style=\"vertical-align: inherit;\"> peilio forma , kilusi i\u0161 pranc\u016bz\u0173 virtuv\u0117s, naudojama daugeliui virtuv\u0117s u\u017eduo\u010di\u0173, o pavadinimas \u0161efo peilis pabr\u0117\u017eia tai, kad tai yra nepakei\u010diamas \u012frankis kiekvienam vir\u0117jui. <\/span><span style=\"vertical-align: inherit;\">Peilis yra labai lengvas, o rankena saugiai telpa tiek ma\u017eose, tiek didel\u0117se rankose. <\/span><span style=\"vertical-align: inherit;\">D\u0117l tobulos a\u0161men\u0173 ir rankenos pusiausvyros leid\u017eia atlikti ritming\u0105, labai efektyv\u0173, si\u016bbuojant\u012f judes\u012f pavir\u0161iumi pjaustant ar smulkinant \u012fvairius gaminius.<\/span><\/span><br \/>\n<strong><span style=\"vertical-align: inherit;\"><span style=\"vertical-align: inherit;\">Utility<\/span><\/span><\/strong><span style=\"vertical-align: inherit;\"><span style=\"vertical-align: inherit;\"> \u00a0yra universalus peilis, kuris yra ma\u017eesn\u0117 vir\u0117jo peilio versija. <\/span><span style=\"vertical-align: inherit;\">D\u0117l universalaus naudojimo, tinka visur, kur \u0161efo peilis yra per didelis, tod\u0117l jis yra nepakei\u010diamas virtuv\u0117s \u012frangos elementas. <\/span><span style=\"vertical-align: inherit;\">Ma\u017eesn\u0117 \u0161io peilio versija taip pat gali b\u016bti s\u0117kmingai naudojama lupimui.<\/span><\/span><br \/>\n<strong><span style=\"vertical-align: inherit;\"><span style=\"vertical-align: inherit;\">MV-S<\/span><\/span><\/strong><span style=\"vertical-align: inherit;\"><span style=\"vertical-align: inherit;\"> serijos peiliai\u00a0 <\/span><span style=\"vertical-align: inherit;\">\u00a0yra pagaminti i\u0161 molibdeno-vanad\u017eio, daug anglies turin\u010dio ner\u016bdijan\u010dio plieno, vadinamo\u00a0 <\/span><\/span><strong><span style=\"vertical-align: inherit;\"><span style=\"vertical-align: inherit;\">MBS-26<\/span><\/span><\/strong><span style=\"vertical-align: inherit;\"><span style=\"vertical-align: inherit;\"> , kuris buvo kietinamas trimis etapais, kol pasiekia\u00a0 <\/span><\/span><strong><span style=\"vertical-align: inherit;\"><span style=\"vertical-align: inherit;\">58-59 HRC<\/span><\/span><\/strong><span style=\"vertical-align: inherit;\"><span style=\"vertical-align: inherit;\"> kietum\u0105 . <\/span><span style=\"vertical-align: inherit;\">Kiekvien\u0105 a\u0161men\u012f patobulino meistrai, turintys daugiau nei 30 met\u0173 patirt\u012f, tod\u0117l\u00a0 <\/span><\/span><strong><span style=\"vertical-align: inherit;\"><span style=\"vertical-align: inherit;\">Masahiro<\/span><\/span><\/strong><span style=\"vertical-align: inherit;\"><span style=\"vertical-align: inherit;\"> peiliai \u00a0yra ne\u012ftik\u0117tino a\u0161trumo.<\/span><\/span><\/p>\n<p><span style=\"vertical-align: inherit;\"><span style=\"vertical-align: inherit;\">B\u016bdinga rankena, pagaminta i\u0161 auk\u0161tos kokyb\u0117s ner\u016bdijan\u010dio plieno, pasi\u017eymi antibakterin\u0117mis savyb\u0117mis ir yra labai lengvai valoma. <\/span><span style=\"vertical-align: inherit;\">Specialios rankenos perforacijos daro ranken\u0105 itin saugi\u0105 ir u\u017etikrina puik\u0173 a\u0161men\u0173 valdym\u0105. <\/span><span style=\"vertical-align: inherit;\">Integruota rankena su a\u0161menimis yra labai tvirta ir patvari strukt\u016bra, kuri turi nuostabi\u0105 i\u0161vaizd\u0105.<\/span><\/span><\/p>\n<p><span style=\"vertical-align: inherit;\"><span style=\"vertical-align: inherit;\">\u0160ios serijos peiliai pagal\u0105sti i\u0161 dviej\u0173 pusi\u0173, ta\u010diau skirtingai nei dauguma Vakar\u0173 gamintoj\u0173,\u00a0 <\/span><\/span><strong><span style=\"vertical-align: inherit;\"><span style=\"vertical-align: inherit;\">Masahiro<\/span><\/span><\/strong><span style=\"vertical-align: inherit;\"><span style=\"vertical-align: inherit;\"> \u00a0juos pagal\u0105sta asimetri\u0161kai\u00a0 <\/span><\/span><strong><span style=\"vertical-align: inherit;\"><span style=\"vertical-align: inherit;\">80\/20<\/span><\/span><\/strong><span style=\"vertical-align: inherit;\"><span style=\"vertical-align: inherit;\"> . <\/span><span style=\"vertical-align: inherit;\">Tai rei\u0161kia, kad pjovimo briauna perkeliama \u012f vien\u0105 pus\u0119 peilio a\u0161yje. <\/span><span style=\"vertical-align: inherit;\">Asimetrinio galandimo prana\u0161umai apima pjovimo briaun\u0105, kuri yra iki 35 % plonesn\u0117, palyginti su simetriniu peiliuku, tod\u0117l jis yra daug a\u0161tresnis.<\/span><\/span><\/p>\n<p><strong><span style=\"vertical-align: inherit;\"><span style=\"vertical-align: inherit;\">Naudinga informacija:<\/span><\/span><\/strong><\/p>\n<div class=\"product-specification\">\n<ul>\n<li><span style=\"vertical-align: inherit;\"><span style=\"vertical-align: inherit;\">Visi Masahiro peiliai yra itin a\u0161tr\u016bs, tod\u0117l rekomenduojame juos naudoti atsargiai.<\/span><\/span><\/li>\n<li><span style=\"vertical-align: inherit;\"><span style=\"vertical-align: inherit;\">Masahiro peiliais negalima pjaustyti \u0161aldyt\u0173 produkt\u0173 (i\u0161skyrus \u0161iam tikslui skirtas serijas).<\/span><\/span><\/li>\n<li><span style=\"vertical-align: inherit;\"><span style=\"vertical-align: inherit;\">Nenaudokite peili\u0173 kitiems tikslams nei maistui.<\/span><\/span><\/li>\n<li><span style=\"vertical-align: inherit;\"><span style=\"vertical-align: inherit;\">Pjovimui naudokite medines arba plastikines pjaustymo lentas.<\/span><\/span><\/li>\n<li><span style=\"vertical-align: inherit;\"><span style=\"vertical-align: inherit;\">Neplaukite peili\u0173 indaplov\u0117se, nes jie pa\u017eeid\u017eia pjovimo briaun\u0105.<\/span><\/span><\/li>\n<li><span style=\"vertical-align: inherit;\"><span style=\"vertical-align: inherit;\">Nuplaukite peil\u012f \u0161iltame vandenyje su ind\u0173 plovikliu.<\/span><\/span><\/li>\n<li><span style=\"vertical-align: inherit;\"><span style=\"vertical-align: inherit;\">Po plovimo nuvalykite peil\u012f sausai.<\/span><\/span><\/li>\n<\/ul>\n<\/div>\n<p>&nbsp;<\/p>\n<h4>Masahiro MV-S 136_110402_BB peili\u0173 rinkinys<\/h4>\n<table>\n<tbody>\n<tr>\n<td><strong><span style=\"vertical-align: inherit;\"><span style=\"vertical-align: inherit;\">Plieno tipas:<\/span><\/span><\/strong><\/td>\n<td><span style=\"vertical-align: inherit;\"><span style=\"vertical-align: inherit;\">MBS-26<\/span><\/span><\/td>\n<\/tr>\n<tr>\n<td><strong><span style=\"vertical-align: inherit;\"><span style=\"vertical-align: inherit;\">HRC:<\/span><\/span><\/strong><\/td>\n<td><span style=\"vertical-align: inherit;\"><span style=\"vertical-align: inherit;\">58-59<\/span><\/span><\/td>\n<\/tr>\n<tr>\n<td><strong><span style=\"vertical-align: inherit;\"><span style=\"vertical-align: inherit;\">Rankenos med\u017eiaga:\u00a0<\/span><\/span><\/strong><\/td>\n<td><span style=\"vertical-align: inherit;\"><span style=\"vertical-align: inherit;\">Ner\u016bdijantis plienas<\/span><\/span><\/td>\n<\/tr>\n<tr>\n<td><strong><span style=\"vertical-align: inherit;\"><span style=\"vertical-align: inherit;\">Galandimo b\u016bdas:<\/span><\/span><\/strong><\/td>\n<td><span style=\"vertical-align: inherit;\"><span style=\"vertical-align: inherit;\">dvipusis, asimetri\u0161kas 80\/20<\/span><\/span><\/td>\n<\/tr>\n<tr>\n<td><strong><span style=\"vertical-align: inherit;\"><span style=\"vertical-align: inherit;\">Matmenys:<\/span><\/span><\/strong><\/td>\n<td><img loading=\"lazy\" decoding=\"async\" src=\"https:\/\/omc.net.pl\/data\/include\/cms\/upload\/knife_dimensions_cr_negative2.jpg\" alt=\"\" width=\"441\" height=\"169\" border=\"0\" \/><\/td>\n<\/tr>\n<tr>\n<td><strong><span style=\"vertical-align: inherit;\"><span style=\"vertical-align: inherit;\">Visas ilgis (A):<\/span><\/span><\/strong><\/td>\n<td><span style=\"vertical-align: inherit;\"><span style=\"vertical-align: inherit;\"><strong><span style=\"vertical-align: inherit;\">Chef <\/span><\/strong>: 335 mm; <strong><span style=\"vertical-align: inherit;\">Utility <\/span><\/strong><\/span><span style=\"vertical-align: inherit;\">150: 270 mm; <strong><span style=\"vertical-align: inherit;\">Utility <\/span><\/strong><\/span><span style=\"vertical-align: inherit;\">120: 236 mm<\/span><\/span><\/td>\n<\/tr>\n<tr>\n<td><strong><span style=\"vertical-align: inherit;\"><span style=\"vertical-align: inherit;\">A\u0161men\u0173 ilgis (B):<\/span><\/span><\/strong><\/td>\n<td><span style=\"vertical-align: inherit;\"><span style=\"vertical-align: inherit;\"><strong><span style=\"vertical-align: inherit;\">Chef <\/span><\/strong>: 212 mm; <strong><span style=\"vertical-align: inherit;\">Utility <\/span><\/strong><\/span><span style=\"vertical-align: inherit;\">150: 155 mm; <strong><span style=\"vertical-align: inherit;\">Utility <\/span><\/strong><\/span><span style=\"vertical-align: inherit;\">120: 123 mm<\/span><\/span><\/td>\n<\/tr>\n<tr>\n<td><strong><span style=\"vertical-align: inherit;\"><span style=\"vertical-align: inherit;\">Plotis (C):<\/span><\/span><\/strong><\/td>\n<td><span style=\"vertical-align: inherit;\"><span style=\"vertical-align: inherit;\"><strong><span style=\"vertical-align: inherit;\">Chef <\/span><\/strong>: 46 mm; <strong><span style=\"vertical-align: inherit;\">Utility <\/span><\/strong><\/span><span style=\"vertical-align: inherit;\">150: 31 mm; <strong><span style=\"vertical-align: inherit;\">Utility <\/span><\/strong><\/span><span style=\"vertical-align: inherit;\">120: 27 mm<\/span><\/span><\/td>\n<\/tr>\n<tr>\n<td><strong><span style=\"vertical-align: inherit;\"><span style=\"vertical-align: inherit;\">Storis (D):<\/span><\/span><\/strong><\/td>\n<td><span style=\"vertical-align: inherit;\"><span style=\"vertical-align: inherit;\"><strong><span style=\"vertical-align: inherit;\">Chef <\/span><\/strong>: 2,0 mm; <strong><span style=\"vertical-align: inherit;\">Utility <\/span><\/strong><\/span><span style=\"vertical-align: inherit;\">150: 1,8 mm; <strong><span style=\"vertical-align: inherit;\">Utility <\/span><\/strong><\/span><span style=\"vertical-align: inherit;\">120: 1,8 mm<\/span><\/span><\/td>\n<\/tr>\n<tr>\n<td><strong><span style=\"vertical-align: inherit;\"><span style=\"vertical-align: inherit;\">Svoris:<\/span><\/span><\/strong><\/td>\n<td><span style=\"vertical-align: inherit;\"><span style=\"vertical-align: inherit;\"><strong><span style=\"vertical-align: inherit;\">Chef <\/span><\/strong>: 160 g; <strong><span style=\"vertical-align: inherit;\">Utility <\/span><\/strong><\/span><span style=\"vertical-align: inherit;\">150: 91 g; <strong><span style=\"vertical-align: inherit;\">Utility <\/span><\/strong><\/span><span style=\"vertical-align: inherit;\">120: 78 g<\/span><\/span><\/td>\n<\/tr>\n<\/tbody>\n<\/table>","protected":false},"excerpt":{"rendered":"<p>Masahiro peili\u0173 serija, pagaminta i\u0161 patentuoto MBS-26 plieno, gr\u016bdinto iki 59 HRC. Europieti\u0161ko stiliaus metalin\u0117 rankena, puikiai prigludusi prie a\u0161men\u0173 ir traukianti ak\u012f. Labai lengva plauti ir palaikyti \u0161var\u0105. Asimetri\u0161kai pagal\u0105sti peiliai.<\/p>","protected":false},"featured_media":9801,"template":"","meta":[],"product_brand":[],"product_cat":[119],"product_tag":[120],"class_list":{"0":"post-9800","1":"product","2":"type-product","3":"status-publish","4":"has-post-thumbnail","6":"product_cat-peiliai","7":"product_tag-masahiro","9":"first","10":"instock","11":"taxable","12":"shipping-taxable","13":"purchasable","14":"product-type-simple"},"yoast_head":"<!-- This site is optimized with the Yoast SEO plugin v27.3 - https:\/\/yoast.com\/product\/yoast-seo-wordpress\/ -->\n<title>Masahiro MV-S 136_110402_BB peili\u0173 rinkinys - Cookking.online<\/title>\n<meta name=\"description\" content=\"Masahiro MV-S 136_110402_BB peili\u0173 rinkinys Auk\u0161\u010diausios kokyb\u0117s \u012franga gaminimui, kepimui ant groteli\u0173 ir r\u016bkymui lauke.\" \/>\n<meta name=\"robots\" content=\"index, follow, max-snippet:-1, max-image-preview:large, max-video-preview:-1\" \/>\n<link rel=\"canonical\" href=\"https:\/\/cookking.online\/en\/katalogas\/peiliai\/masahiro-mv-s-136_110402_bb-peiliu-rinkinys\/\" \/>\n<meta property=\"og:locale\" content=\"en_US\" \/>\n<meta property=\"og:type\" content=\"article\" \/>\n<meta property=\"og:title\" content=\"Masahiro MV-S 136_110402_BB peili\u0173 rinkinys - Cookking.online\" \/>\n<meta property=\"og:description\" content=\"Masahiro MV-S 136_110402_BB peili\u0173 rinkinys Auk\u0161\u010diausios kokyb\u0117s \u012franga gaminimui, kepimui ant groteli\u0173 ir r\u016bkymui lauke.\" \/>\n<meta property=\"og:url\" content=\"https:\/\/cookking.online\/en\/katalogas\/peiliai\/masahiro-mv-s-136_110402_bb-peiliu-rinkinys\/\" \/>\n<meta property=\"og:site_name\" content=\"Cookking.online\" \/>\n<meta property=\"article:modified_time\" content=\"2026-03-10T09:39:37+00:00\" \/>\n<meta property=\"og:image\" content=\"https:\/\/cookking.online\/wp-content\/uploads\/2024\/01\/10240_10.webp\" \/>\n\t<meta property=\"og:image:width\" content=\"1600\" \/>\n\t<meta property=\"og:image:height\" content=\"1067\" \/>\n\t<meta property=\"og:image:type\" content=\"image\/webp\" \/>\n<meta name=\"twitter:card\" content=\"summary_large_image\" \/>\n<meta name=\"twitter:label1\" content=\"Est. reading time\" \/>\n\t<meta name=\"twitter:data1\" content=\"3 minutes\" \/>\n<script type=\"application\/ld+json\" class=\"yoast-schema-graph\">{\"@context\":\"https:\\\/\\\/schema.org\",\"@graph\":[{\"@type\":\"WebPage\",\"@id\":\"https:\\\/\\\/cookking.online\\\/katalogas\\\/peiliai\\\/masahiro-mv-s-136_110402_bb-peiliu-rinkinys\\\/\",\"url\":\"https:\\\/\\\/cookking.online\\\/katalogas\\\/peiliai\\\/masahiro-mv-s-136_110402_bb-peiliu-rinkinys\\\/\",\"name\":\"Masahiro MV-S 136_110402_BB peili\u0173 rinkinys - Cookking.online\",\"isPartOf\":{\"@id\":\"https:\\\/\\\/cookking.online\\\/#website\"},\"primaryImageOfPage\":{\"@id\":\"https:\\\/\\\/cookking.online\\\/katalogas\\\/peiliai\\\/masahiro-mv-s-136_110402_bb-peiliu-rinkinys\\\/#primaryimage\"},\"image\":{\"@id\":\"https:\\\/\\\/cookking.online\\\/katalogas\\\/peiliai\\\/masahiro-mv-s-136_110402_bb-peiliu-rinkinys\\\/#primaryimage\"},\"thumbnailUrl\":\"https:\\\/\\\/cookking.online\\\/wp-content\\\/uploads\\\/2024\\\/01\\\/10240_10.webp\",\"datePublished\":\"2026-03-10T09:39:36+00:00\",\"dateModified\":\"2026-03-10T09:39:37+00:00\",\"description\":\"Masahiro MV-S 136_110402_BB peili\u0173 rinkinys Auk\u0161\u010diausios kokyb\u0117s \u012franga gaminimui, kepimui ant groteli\u0173 ir r\u016bkymui lauke.\",\"breadcrumb\":{\"@id\":\"https:\\\/\\\/cookking.online\\\/katalogas\\\/peiliai\\\/masahiro-mv-s-136_110402_bb-peiliu-rinkinys\\\/#breadcrumb\"},\"inLanguage\":\"en-US\",\"potentialAction\":[{\"@type\":\"ReadAction\",\"target\":[\"https:\\\/\\\/cookking.online\\\/katalogas\\\/peiliai\\\/masahiro-mv-s-136_110402_bb-peiliu-rinkinys\\\/\"]}]},{\"@type\":\"ImageObject\",\"inLanguage\":\"en-US\",\"@id\":\"https:\\\/\\\/cookking.online\\\/katalogas\\\/peiliai\\\/masahiro-mv-s-136_110402_bb-peiliu-rinkinys\\\/#primaryimage\",\"url\":\"https:\\\/\\\/cookking.online\\\/wp-content\\\/uploads\\\/2024\\\/01\\\/10240_10.webp\",\"contentUrl\":\"https:\\\/\\\/cookking.online\\\/wp-content\\\/uploads\\\/2024\\\/01\\\/10240_10.webp\",\"width\":1600,\"height\":1067,\"caption\":\"Masahiro MV-S 136_110402_BB peili\u0173 rinkinys\"},{\"@type\":\"BreadcrumbList\",\"@id\":\"https:\\\/\\\/cookking.online\\\/katalogas\\\/peiliai\\\/masahiro-mv-s-136_110402_bb-peiliu-rinkinys\\\/#breadcrumb\",\"itemListElement\":[{\"@type\":\"ListItem\",\"position\":1,\"name\":\"Prad\u017eia\",\"item\":\"https:\\\/\\\/cookking.online\\\/\"},{\"@type\":\"ListItem\",\"position\":2,\"name\":\"Parduotuv\u0117\",\"item\":\"https:\\\/\\\/cookking.online\\\/parduotuve\\\/\"},{\"@type\":\"ListItem\",\"position\":3,\"name\":\"Masahiro MV-S 136_110402_BB peili\u0173 rinkinys\"}]},{\"@type\":\"WebSite\",\"@id\":\"https:\\\/\\\/cookking.online\\\/#website\",\"url\":\"https:\\\/\\\/cookking.online\\\/\",\"name\":\"Cookking.online\",\"description\":\"\",\"publisher\":{\"@id\":\"https:\\\/\\\/cookking.online\\\/#organization\"},\"potentialAction\":[{\"@type\":\"SearchAction\",\"target\":{\"@type\":\"EntryPoint\",\"urlTemplate\":\"https:\\\/\\\/cookking.online\\\/?s={search_term_string}\"},\"query-input\":{\"@type\":\"PropertyValueSpecification\",\"valueRequired\":true,\"valueName\":\"search_term_string\"}}],\"inLanguage\":\"en-US\"},{\"@type\":\"Organization\",\"@id\":\"https:\\\/\\\/cookking.online\\\/#organization\",\"name\":\"Cookking.online\",\"url\":\"https:\\\/\\\/cookking.online\\\/\",\"logo\":{\"@type\":\"ImageObject\",\"inLanguage\":\"en-US\",\"@id\":\"https:\\\/\\\/cookking.online\\\/#\\\/schema\\\/logo\\\/image\\\/\",\"url\":\"https:\\\/\\\/cookking.online\\\/wp-content\\\/uploads\\\/2021\\\/11\\\/Logo.png\",\"contentUrl\":\"https:\\\/\\\/cookking.online\\\/wp-content\\\/uploads\\\/2021\\\/11\\\/Logo.png\",\"width\":291,\"height\":100,\"caption\":\"Cookking.online\"},\"image\":{\"@id\":\"https:\\\/\\\/cookking.online\\\/#\\\/schema\\\/logo\\\/image\\\/\"}}]}<\/script>\n<!-- \/ Yoast SEO plugin. -->","yoast_head_json":{"title":"Masahiro MV-S 136_110402_BB peili\u0173 rinkinys - Cookking.online","description":"Masahiro MV-S 136_110402_BB peili\u0173 rinkinys Auk\u0161\u010diausios kokyb\u0117s \u012franga gaminimui, kepimui ant groteli\u0173 ir r\u016bkymui lauke.","robots":{"index":"index","follow":"follow","max-snippet":"max-snippet:-1","max-image-preview":"max-image-preview:large","max-video-preview":"max-video-preview:-1"},"canonical":"https:\/\/cookking.online\/en\/katalogas\/peiliai\/masahiro-mv-s-136_110402_bb-peiliu-rinkinys\/","og_locale":"en_US","og_type":"article","og_title":"Masahiro MV-S 136_110402_BB peili\u0173 rinkinys - Cookking.online","og_description":"Masahiro MV-S 136_110402_BB peili\u0173 rinkinys Auk\u0161\u010diausios kokyb\u0117s \u012franga gaminimui, kepimui ant groteli\u0173 ir r\u016bkymui lauke.","og_url":"https:\/\/cookking.online\/en\/katalogas\/peiliai\/masahiro-mv-s-136_110402_bb-peiliu-rinkinys\/","og_site_name":"Cookking.online","article_modified_time":"2026-03-10T09:39:37+00:00","og_image":[{"width":1600,"height":1067,"url":"https:\/\/cookking.online\/wp-content\/uploads\/2024\/01\/10240_10.webp","type":"image\/webp"}],"twitter_card":"summary_large_image","twitter_misc":{"Est. reading time":"3 minutes"},"schema":{"@context":"https:\/\/schema.org","@graph":[{"@type":"WebPage","@id":"https:\/\/cookking.online\/katalogas\/peiliai\/masahiro-mv-s-136_110402_bb-peiliu-rinkinys\/","url":"https:\/\/cookking.online\/katalogas\/peiliai\/masahiro-mv-s-136_110402_bb-peiliu-rinkinys\/","name":"Masahiro MV-S 136_110402_BB peili\u0173 rinkinys - Cookking.online","isPartOf":{"@id":"https:\/\/cookking.online\/#website"},"primaryImageOfPage":{"@id":"https:\/\/cookking.online\/katalogas\/peiliai\/masahiro-mv-s-136_110402_bb-peiliu-rinkinys\/#primaryimage"},"image":{"@id":"https:\/\/cookking.online\/katalogas\/peiliai\/masahiro-mv-s-136_110402_bb-peiliu-rinkinys\/#primaryimage"},"thumbnailUrl":"https:\/\/cookking.online\/wp-content\/uploads\/2024\/01\/10240_10.webp","datePublished":"2026-03-10T09:39:36+00:00","dateModified":"2026-03-10T09:39:37+00:00","description":"Masahiro MV-S 136_110402_BB peili\u0173 rinkinys Auk\u0161\u010diausios kokyb\u0117s \u012franga gaminimui, kepimui ant groteli\u0173 ir r\u016bkymui lauke.","breadcrumb":{"@id":"https:\/\/cookking.online\/katalogas\/peiliai\/masahiro-mv-s-136_110402_bb-peiliu-rinkinys\/#breadcrumb"},"inLanguage":"en-US","potentialAction":[{"@type":"ReadAction","target":["https:\/\/cookking.online\/katalogas\/peiliai\/masahiro-mv-s-136_110402_bb-peiliu-rinkinys\/"]}]},{"@type":"ImageObject","inLanguage":"en-US","@id":"https:\/\/cookking.online\/katalogas\/peiliai\/masahiro-mv-s-136_110402_bb-peiliu-rinkinys\/#primaryimage","url":"https:\/\/cookking.online\/wp-content\/uploads\/2024\/01\/10240_10.webp","contentUrl":"https:\/\/cookking.online\/wp-content\/uploads\/2024\/01\/10240_10.webp","width":1600,"height":1067,"caption":"Masahiro MV-S 136_110402_BB peili\u0173 rinkinys"},{"@type":"BreadcrumbList","@id":"https:\/\/cookking.online\/katalogas\/peiliai\/masahiro-mv-s-136_110402_bb-peiliu-rinkinys\/#breadcrumb","itemListElement":[{"@type":"ListItem","position":1,"name":"Prad\u017eia","item":"https:\/\/cookking.online\/"},{"@type":"ListItem","position":2,"name":"Parduotuv\u0117","item":"https:\/\/cookking.online\/parduotuve\/"},{"@type":"ListItem","position":3,"name":"Masahiro MV-S 136_110402_BB peili\u0173 rinkinys"}]},{"@type":"WebSite","@id":"https:\/\/cookking.online\/#website","url":"https:\/\/cookking.online\/","name":"Cookking.online","description":"","publisher":{"@id":"https:\/\/cookking.online\/#organization"},"potentialAction":[{"@type":"SearchAction","target":{"@type":"EntryPoint","urlTemplate":"https:\/\/cookking.online\/?s={search_term_string}"},"query-input":{"@type":"PropertyValueSpecification","valueRequired":true,"valueName":"search_term_string"}}],"inLanguage":"en-US"},{"@type":"Organization","@id":"https:\/\/cookking.online\/#organization","name":"Cookking.online","url":"https:\/\/cookking.online\/","logo":{"@type":"ImageObject","inLanguage":"en-US","@id":"https:\/\/cookking.online\/#\/schema\/logo\/image\/","url":"https:\/\/cookking.online\/wp-content\/uploads\/2021\/11\/Logo.png","contentUrl":"https:\/\/cookking.online\/wp-content\/uploads\/2021\/11\/Logo.png","width":291,"height":100,"caption":"Cookking.online"},"image":{"@id":"https:\/\/cookking.online\/#\/schema\/logo\/image\/"}}]}},"_links":{"self":[{"href":"https:\/\/cookking.online\/en\/wp-json\/wp\/v2\/product\/9800","targetHints":{"allow":["GET"]}}],"collection":[{"href":"https:\/\/cookking.online\/en\/wp-json\/wp\/v2\/product"}],"about":[{"href":"https:\/\/cookking.online\/en\/wp-json\/wp\/v2\/types\/product"}],"wp:featuredmedia":[{"embeddable":true,"href":"https:\/\/cookking.online\/en\/wp-json\/wp\/v2\/media\/9801"}],"wp:attachment":[{"href":"https:\/\/cookking.online\/en\/wp-json\/wp\/v2\/media?parent=9800"}],"wp:term":[{"taxonomy":"product_brand","embeddable":true,"href":"https:\/\/cookking.online\/en\/wp-json\/wp\/v2\/product_brand?post=9800"},{"taxonomy":"product_cat","embeddable":true,"href":"https:\/\/cookking.online\/en\/wp-json\/wp\/v2\/product_cat?post=9800"},{"taxonomy":"product_tag","embeddable":true,"href":"https:\/\/cookking.online\/en\/wp-json\/wp\/v2\/product_tag?post=9800"}],"curies":[{"name":"wp","href":"https:\/\/api.w.org\/{rel}","templated":true}]}}