{"id":9807,"date":"2026-03-10T12:39:37","date_gmt":"2026-03-10T09:39:37","guid":{"rendered":"https:\/\/cookking.online\/?post_type=product&#038;p=9807"},"modified":"2026-03-10T12:39:37","modified_gmt":"2026-03-10T09:39:37","slug":"masahiro-mv-s-136_112302_bb-peiliu-rinkinys","status":"publish","type":"product","link":"https:\/\/cookking.online\/en\/katalogas\/peiliai\/masahiro-mv-s-136_112302_bb-peiliu-rinkinys\/","title":{"rendered":"Masahiro MV-S 136_112302_BB peili\u0173 rinkinys"},"content":{"rendered":"<h4>Masahiro MV-S 136_112302_BB peili\u0173 rinkinys<\/h4>\n<p>Masahiro rinkinys dekoratyvin\u0117je pakuot\u0117je, kuri\u0105 sudaro MV-S serijos peiliai: Chef 210 mm, Santoku 175 mm ir Utility 120 mm. Vir\u0117jo peilis ir Santoku \u2013 du populiariausi ir da\u017eniausiai naudojami virtuv\u0117s \u012frankiai, o komplekt\u0105 papildo universalus Utility peilis smulkesniems gaminiams apdoroti. Viskas supakuota gra\u017eioje d\u0117\u017eut\u0117je, sukuriant tobul\u0105 dovan\u0173 rinkin\u012f.<\/p>\n<p>B\u016bdinga \u0161efo peilio forma, kilusi i\u0161 pranc\u016bz\u0173 virtuv\u0117s, naudojama daugeliui virtuv\u0117s u\u017eduo\u010di\u0173, o pavadinimas \u0161efo peilis pabr\u0117\u017eia tai, kad tai yra nepamainomas \u012frankis kiekvienam vir\u0117jui. Peilis yra labai lengvas, o rankena saugiai telpa tiek ma\u017eose, tiek didel\u0117se rankose. D\u0117l tobulos a\u0161men\u0173 ir rankenos pusiausvyros leid\u017eia atlikti ritming\u0105, labai efektyv\u0173, si\u016bbuojant\u012f judes\u012f pavir\u0161iumi pjaustant ar smulkinant \u012fvairius gaminius.<\/p>\n<p>Santoku yra tradicinis japoni\u0161kas peilis, kuris da\u017enai vadinamas vakarieti\u0161ko \u0161efo peilio atitikmeniu. Japoni\u0161kas \u0161io labai populiaraus peilio pavadinimas rei\u0161kia \u201etrys doryb\u0117s\u201c arba \u201etrys doryb\u0117s\u201c. Tai rei\u0161kia, kad \u0161is peilis, savo i\u0161vaizda primenantis \u0161efo peilio ir kirtiklio derin\u012f, labai tinka pjaustymui, pjaustymui ir pjaustymui.<\/p>\n<p>Utility yra universalus peilis, kuris yra ma\u017eesn\u0117 vir\u0117jo peilio versija. D\u0117l universalaus naudojimo, tinka visur, kur \u0161efo peilis yra per didelis, tod\u0117l jis yra nepakei\u010diamas virtuv\u0117s \u012frangos elementas. Ma\u017eesn\u0117 \u0161io peilio versija taip pat gali b\u016bti s\u0117kmingai naudojama lupimui.<\/p>\n<p>MV-S serijos peiliai yra pagaminti i\u0161 molibdeno-vanad\u017eio, daug anglies turin\u010dio ner\u016bdijan\u010dio plieno, vadinamo MBS-26, kuris buvo kietinamas trimis etapais, kol pasiekia 58-59 HRC kietum\u0105. Kiekvien\u0105 a\u0161men\u012f patobulino meistrai, turintys daugiau nei 30 met\u0173 patirt\u012f, tod\u0117l Masahiro peiliai yra ne\u012ftik\u0117tino a\u0161trumo.<\/p>\n<p>B\u016bdinga rankena, pagaminta i\u0161 auk\u0161tos kokyb\u0117s ner\u016bdijan\u010dio plieno, pasi\u017eymi antibakterin\u0117mis savyb\u0117mis ir yra labai lengvai valoma. Specialios rankenos perforacijos daro ranken\u0105 itin saugi\u0105 ir u\u017etikrina puik\u0173 a\u0161men\u0173 valdym\u0105. Integruota rankena su a\u0161menimis yra labai tvirta ir patvari strukt\u016bra, kuri turi nuostabi\u0105 i\u0161vaizd\u0105.<\/p>\n<p>\u0160ios serijos peiliai pagal\u0105sti i\u0161 abiej\u0173 pusi\u0173, ta\u010diau skirtingai nei dauguma Vakar\u0173 gamintoj\u0173, Masahiro juos pagal\u0105sta asimetri\u0161kai 80\/20. Tai rei\u0161kia, kad pjovimo briauna perkeliama \u012f vien\u0105 pus\u0119 peilio a\u0161yje. Asimetrinio galandimo prana\u0161umai yra pjovimo briauna, kuri yra iki 35% plonesn\u0117 nei simetri\u0161kas peiliukas, tod\u0117l jis yra daug a\u0161tresnis.<\/p>\n<h4>Masahiro MV-S 136_112302_BB peili\u0173 rinkinys<\/h4>\n<p>Plieno tipas: MBS-26<br \/>\nHRC: 58-59<br \/>\nRankenos med\u017eiaga: ner\u016bdijantis plienas<br \/>\nGalandimo b\u016bdas: dvipusis, asimetrinis 80\/20<br \/>\nMatmenys:<br \/>\nBendras ilgis (A): Chef : 335 mm; Santoku: 300 mm; Utility: 236 mm<br \/>\nA\u0161men\u0173 ilgis (B): Chef : 212 mm; Santoku: 176 mm; Utility: 123 mm<br \/>\nPlotis (C): Chef : 46 mm; Santoku: 46 mm; Utility: 27 mm<br \/>\nStoris (D): Chef : 2,0 mm; Santoku: 2,0 mm; Utility1,8 mm<br \/>\nSvoris: Chef : 160 g; Santoku: 172 g; Utility78 g<\/p>\n<p>Naudinga informacija:<br \/>\nVisi Masahiro peiliai yra itin a\u0161tr\u016bs, tod\u0117l rekomenduojame juos naudoti atsargiai.<br \/>\nMasahiro peiliais negalima pjaustyti \u0161aldyt\u0173 produkt\u0173 (i\u0161skyrus \u0161iam tikslui skirtas serijas).<br \/>\nNenaudokite peili\u0173 kitiems tikslams nei maistui.<br \/>\nPjovimui naudokite medines arba plastikines pjaustymo lentas.<br \/>\nNeplaukite peili\u0173 indaplov\u0117se, nes jie pa\u017eeid\u017eia pjovimo briaun\u0105.<br \/>\nNuplaukite peil\u012f \u0161iltame vandenyje su ind\u0173 plovikliu.<br \/>\nPo plovimo nuvalykite peil\u012f sausai.<\/p>","protected":false},"excerpt":{"rendered":"<p>Masahiro peili\u0173 serija, pagaminta i\u0161 patentuoto MBS-26 plieno, gr\u016bdinto iki 59 HRC. Europieti\u0161ko stiliaus metalin\u0117 rankena, puikiai prigludusi prie a\u0161men\u0173 ir traukianti ak\u012f. Labai lengva plauti ir palaikyti \u0161var\u0105. Asimetri\u0161kai pagal\u0105sti peiliai.<\/p>","protected":false},"featured_media":9808,"template":"","meta":[],"product_brand":[],"product_cat":[119],"product_tag":[120],"class_list":{"0":"post-9807","1":"product","2":"type-product","3":"status-publish","4":"has-post-thumbnail","6":"product_cat-peiliai","7":"product_tag-masahiro","9":"first","10":"instock","11":"taxable","12":"shipping-taxable","13":"purchasable","14":"product-type-simple"},"yoast_head":"<!-- This site is optimized with the Yoast SEO plugin v27.3 - https:\/\/yoast.com\/product\/yoast-seo-wordpress\/ -->\n<title>Masahiro MV-S 136_112302_BB peili\u0173 rinkinys - Cookking.online<\/title>\n<meta name=\"description\" content=\"Masahiro MV-S 136_112302_BB peili\u0173 rinkinys Auk\u0161\u010diausios kokyb\u0117s \u012franga gaminimui, kepimui ant groteli\u0173 ir r\u016bkymui lauke.\" \/>\n<meta name=\"robots\" content=\"index, follow, max-snippet:-1, max-image-preview:large, max-video-preview:-1\" \/>\n<link rel=\"canonical\" href=\"https:\/\/cookking.online\/en\/katalogas\/peiliai\/masahiro-mv-s-136_112302_bb-peiliu-rinkinys\/\" \/>\n<meta property=\"og:locale\" content=\"en_US\" \/>\n<meta property=\"og:type\" content=\"article\" \/>\n<meta property=\"og:title\" content=\"Masahiro MV-S 136_112302_BB peili\u0173 rinkinys - Cookking.online\" \/>\n<meta property=\"og:description\" content=\"Masahiro MV-S 136_112302_BB peili\u0173 rinkinys Auk\u0161\u010diausios kokyb\u0117s \u012franga gaminimui, kepimui ant groteli\u0173 ir r\u016bkymui lauke.\" \/>\n<meta property=\"og:url\" content=\"https:\/\/cookking.online\/en\/katalogas\/peiliai\/masahiro-mv-s-136_112302_bb-peiliu-rinkinys\/\" \/>\n<meta property=\"og:site_name\" content=\"Cookking.online\" \/>\n<meta property=\"og:image\" content=\"https:\/\/cookking.online\/wp-content\/uploads\/2024\/01\/10241_10.webp\" \/>\n\t<meta property=\"og:image:width\" content=\"1600\" \/>\n\t<meta property=\"og:image:height\" content=\"1067\" \/>\n\t<meta property=\"og:image:type\" content=\"image\/webp\" \/>\n<meta name=\"twitter:card\" content=\"summary_large_image\" \/>\n<meta name=\"twitter:label1\" content=\"Est. reading time\" \/>\n\t<meta name=\"twitter:data1\" content=\"3 minutes\" \/>\n<script type=\"application\/ld+json\" class=\"yoast-schema-graph\">{\"@context\":\"https:\\\/\\\/schema.org\",\"@graph\":[{\"@type\":\"WebPage\",\"@id\":\"https:\\\/\\\/cookking.online\\\/katalogas\\\/peiliai\\\/masahiro-mv-s-136_112302_bb-peiliu-rinkinys\\\/\",\"url\":\"https:\\\/\\\/cookking.online\\\/katalogas\\\/peiliai\\\/masahiro-mv-s-136_112302_bb-peiliu-rinkinys\\\/\",\"name\":\"Masahiro MV-S 136_112302_BB peili\u0173 rinkinys - Cookking.online\",\"isPartOf\":{\"@id\":\"https:\\\/\\\/cookking.online\\\/#website\"},\"primaryImageOfPage\":{\"@id\":\"https:\\\/\\\/cookking.online\\\/katalogas\\\/peiliai\\\/masahiro-mv-s-136_112302_bb-peiliu-rinkinys\\\/#primaryimage\"},\"image\":{\"@id\":\"https:\\\/\\\/cookking.online\\\/katalogas\\\/peiliai\\\/masahiro-mv-s-136_112302_bb-peiliu-rinkinys\\\/#primaryimage\"},\"thumbnailUrl\":\"https:\\\/\\\/cookking.online\\\/wp-content\\\/uploads\\\/2024\\\/01\\\/10241_10.webp\",\"datePublished\":\"2026-03-10T09:39:37+00:00\",\"description\":\"Masahiro MV-S 136_112302_BB peili\u0173 rinkinys Auk\u0161\u010diausios kokyb\u0117s \u012franga gaminimui, kepimui ant groteli\u0173 ir r\u016bkymui lauke.\",\"breadcrumb\":{\"@id\":\"https:\\\/\\\/cookking.online\\\/katalogas\\\/peiliai\\\/masahiro-mv-s-136_112302_bb-peiliu-rinkinys\\\/#breadcrumb\"},\"inLanguage\":\"en-US\",\"potentialAction\":[{\"@type\":\"ReadAction\",\"target\":[\"https:\\\/\\\/cookking.online\\\/katalogas\\\/peiliai\\\/masahiro-mv-s-136_112302_bb-peiliu-rinkinys\\\/\"]}]},{\"@type\":\"ImageObject\",\"inLanguage\":\"en-US\",\"@id\":\"https:\\\/\\\/cookking.online\\\/katalogas\\\/peiliai\\\/masahiro-mv-s-136_112302_bb-peiliu-rinkinys\\\/#primaryimage\",\"url\":\"https:\\\/\\\/cookking.online\\\/wp-content\\\/uploads\\\/2024\\\/01\\\/10241_10.webp\",\"contentUrl\":\"https:\\\/\\\/cookking.online\\\/wp-content\\\/uploads\\\/2024\\\/01\\\/10241_10.webp\",\"width\":1600,\"height\":1067,\"caption\":\"Masahiro MV-S 136_112302_BB peili\u0173 rinkinys\"},{\"@type\":\"BreadcrumbList\",\"@id\":\"https:\\\/\\\/cookking.online\\\/katalogas\\\/peiliai\\\/masahiro-mv-s-136_112302_bb-peiliu-rinkinys\\\/#breadcrumb\",\"itemListElement\":[{\"@type\":\"ListItem\",\"position\":1,\"name\":\"Prad\u017eia\",\"item\":\"https:\\\/\\\/cookking.online\\\/\"},{\"@type\":\"ListItem\",\"position\":2,\"name\":\"Parduotuv\u0117\",\"item\":\"https:\\\/\\\/cookking.online\\\/parduotuve\\\/\"},{\"@type\":\"ListItem\",\"position\":3,\"name\":\"Masahiro MV-S 136_112302_BB peili\u0173 rinkinys\"}]},{\"@type\":\"WebSite\",\"@id\":\"https:\\\/\\\/cookking.online\\\/#website\",\"url\":\"https:\\\/\\\/cookking.online\\\/\",\"name\":\"Cookking.online\",\"description\":\"\",\"publisher\":{\"@id\":\"https:\\\/\\\/cookking.online\\\/#organization\"},\"potentialAction\":[{\"@type\":\"SearchAction\",\"target\":{\"@type\":\"EntryPoint\",\"urlTemplate\":\"https:\\\/\\\/cookking.online\\\/?s={search_term_string}\"},\"query-input\":{\"@type\":\"PropertyValueSpecification\",\"valueRequired\":true,\"valueName\":\"search_term_string\"}}],\"inLanguage\":\"en-US\"},{\"@type\":\"Organization\",\"@id\":\"https:\\\/\\\/cookking.online\\\/#organization\",\"name\":\"Cookking.online\",\"url\":\"https:\\\/\\\/cookking.online\\\/\",\"logo\":{\"@type\":\"ImageObject\",\"inLanguage\":\"en-US\",\"@id\":\"https:\\\/\\\/cookking.online\\\/#\\\/schema\\\/logo\\\/image\\\/\",\"url\":\"https:\\\/\\\/cookking.online\\\/wp-content\\\/uploads\\\/2021\\\/11\\\/Logo.png\",\"contentUrl\":\"https:\\\/\\\/cookking.online\\\/wp-content\\\/uploads\\\/2021\\\/11\\\/Logo.png\",\"width\":291,\"height\":100,\"caption\":\"Cookking.online\"},\"image\":{\"@id\":\"https:\\\/\\\/cookking.online\\\/#\\\/schema\\\/logo\\\/image\\\/\"}}]}<\/script>\n<!-- \/ Yoast SEO plugin. -->","yoast_head_json":{"title":"Masahiro MV-S 136_112302_BB peili\u0173 rinkinys - Cookking.online","description":"Masahiro MV-S 136_112302_BB peili\u0173 rinkinys Auk\u0161\u010diausios kokyb\u0117s \u012franga gaminimui, kepimui ant groteli\u0173 ir r\u016bkymui lauke.","robots":{"index":"index","follow":"follow","max-snippet":"max-snippet:-1","max-image-preview":"max-image-preview:large","max-video-preview":"max-video-preview:-1"},"canonical":"https:\/\/cookking.online\/en\/katalogas\/peiliai\/masahiro-mv-s-136_112302_bb-peiliu-rinkinys\/","og_locale":"en_US","og_type":"article","og_title":"Masahiro MV-S 136_112302_BB peili\u0173 rinkinys - Cookking.online","og_description":"Masahiro MV-S 136_112302_BB peili\u0173 rinkinys Auk\u0161\u010diausios kokyb\u0117s \u012franga gaminimui, kepimui ant groteli\u0173 ir r\u016bkymui lauke.","og_url":"https:\/\/cookking.online\/en\/katalogas\/peiliai\/masahiro-mv-s-136_112302_bb-peiliu-rinkinys\/","og_site_name":"Cookking.online","og_image":[{"width":1600,"height":1067,"url":"https:\/\/cookking.online\/wp-content\/uploads\/2024\/01\/10241_10.webp","type":"image\/webp"}],"twitter_card":"summary_large_image","twitter_misc":{"Est. reading time":"3 minutes"},"schema":{"@context":"https:\/\/schema.org","@graph":[{"@type":"WebPage","@id":"https:\/\/cookking.online\/katalogas\/peiliai\/masahiro-mv-s-136_112302_bb-peiliu-rinkinys\/","url":"https:\/\/cookking.online\/katalogas\/peiliai\/masahiro-mv-s-136_112302_bb-peiliu-rinkinys\/","name":"Masahiro MV-S 136_112302_BB peili\u0173 rinkinys - Cookking.online","isPartOf":{"@id":"https:\/\/cookking.online\/#website"},"primaryImageOfPage":{"@id":"https:\/\/cookking.online\/katalogas\/peiliai\/masahiro-mv-s-136_112302_bb-peiliu-rinkinys\/#primaryimage"},"image":{"@id":"https:\/\/cookking.online\/katalogas\/peiliai\/masahiro-mv-s-136_112302_bb-peiliu-rinkinys\/#primaryimage"},"thumbnailUrl":"https:\/\/cookking.online\/wp-content\/uploads\/2024\/01\/10241_10.webp","datePublished":"2026-03-10T09:39:37+00:00","description":"Masahiro MV-S 136_112302_BB peili\u0173 rinkinys Auk\u0161\u010diausios kokyb\u0117s \u012franga gaminimui, kepimui ant groteli\u0173 ir r\u016bkymui lauke.","breadcrumb":{"@id":"https:\/\/cookking.online\/katalogas\/peiliai\/masahiro-mv-s-136_112302_bb-peiliu-rinkinys\/#breadcrumb"},"inLanguage":"en-US","potentialAction":[{"@type":"ReadAction","target":["https:\/\/cookking.online\/katalogas\/peiliai\/masahiro-mv-s-136_112302_bb-peiliu-rinkinys\/"]}]},{"@type":"ImageObject","inLanguage":"en-US","@id":"https:\/\/cookking.online\/katalogas\/peiliai\/masahiro-mv-s-136_112302_bb-peiliu-rinkinys\/#primaryimage","url":"https:\/\/cookking.online\/wp-content\/uploads\/2024\/01\/10241_10.webp","contentUrl":"https:\/\/cookking.online\/wp-content\/uploads\/2024\/01\/10241_10.webp","width":1600,"height":1067,"caption":"Masahiro MV-S 136_112302_BB peili\u0173 rinkinys"},{"@type":"BreadcrumbList","@id":"https:\/\/cookking.online\/katalogas\/peiliai\/masahiro-mv-s-136_112302_bb-peiliu-rinkinys\/#breadcrumb","itemListElement":[{"@type":"ListItem","position":1,"name":"Prad\u017eia","item":"https:\/\/cookking.online\/"},{"@type":"ListItem","position":2,"name":"Parduotuv\u0117","item":"https:\/\/cookking.online\/parduotuve\/"},{"@type":"ListItem","position":3,"name":"Masahiro MV-S 136_112302_BB peili\u0173 rinkinys"}]},{"@type":"WebSite","@id":"https:\/\/cookking.online\/#website","url":"https:\/\/cookking.online\/","name":"Cookking.online","description":"","publisher":{"@id":"https:\/\/cookking.online\/#organization"},"potentialAction":[{"@type":"SearchAction","target":{"@type":"EntryPoint","urlTemplate":"https:\/\/cookking.online\/?s={search_term_string}"},"query-input":{"@type":"PropertyValueSpecification","valueRequired":true,"valueName":"search_term_string"}}],"inLanguage":"en-US"},{"@type":"Organization","@id":"https:\/\/cookking.online\/#organization","name":"Cookking.online","url":"https:\/\/cookking.online\/","logo":{"@type":"ImageObject","inLanguage":"en-US","@id":"https:\/\/cookking.online\/#\/schema\/logo\/image\/","url":"https:\/\/cookking.online\/wp-content\/uploads\/2021\/11\/Logo.png","contentUrl":"https:\/\/cookking.online\/wp-content\/uploads\/2021\/11\/Logo.png","width":291,"height":100,"caption":"Cookking.online"},"image":{"@id":"https:\/\/cookking.online\/#\/schema\/logo\/image\/"}}]}},"_links":{"self":[{"href":"https:\/\/cookking.online\/en\/wp-json\/wp\/v2\/product\/9807","targetHints":{"allow":["GET"]}}],"collection":[{"href":"https:\/\/cookking.online\/en\/wp-json\/wp\/v2\/product"}],"about":[{"href":"https:\/\/cookking.online\/en\/wp-json\/wp\/v2\/types\/product"}],"wp:featuredmedia":[{"embeddable":true,"href":"https:\/\/cookking.online\/en\/wp-json\/wp\/v2\/media\/9808"}],"wp:attachment":[{"href":"https:\/\/cookking.online\/en\/wp-json\/wp\/v2\/media?parent=9807"}],"wp:term":[{"taxonomy":"product_brand","embeddable":true,"href":"https:\/\/cookking.online\/en\/wp-json\/wp\/v2\/product_brand?post=9807"},{"taxonomy":"product_cat","embeddable":true,"href":"https:\/\/cookking.online\/en\/wp-json\/wp\/v2\/product_cat?post=9807"},{"taxonomy":"product_tag","embeddable":true,"href":"https:\/\/cookking.online\/en\/wp-json\/wp\/v2\/product_tag?post=9807"}],"curies":[{"name":"wp","href":"https:\/\/api.w.org\/{rel}","templated":true}]}}