{"id":9886,"date":"2026-03-10T12:39:39","date_gmt":"2026-03-10T09:39:39","guid":{"rendered":"https:\/\/cookking.online\/?post_type=product&#038;p=9886"},"modified":"2026-03-10T12:39:39","modified_gmt":"2026-03-10T09:39:39","slug":"suncraft-senzo-entree-peiliu-rinkinys-dovanu-dezuteje-en_030201","status":"publish","type":"product","link":"https:\/\/cookking.online\/en\/katalogas\/peiliai\/suncraft-senzo-entree-peiliu-rinkinys-dovanu-dezuteje-en_030201\/","title":{"rendered":"Suncraft SENZO ENTREE peili\u0173 rinkinys dovan\u0173 d\u0117\u017eut\u0117je EN_030201"},"content":{"rendered":"<p>Suncraft SENZO ENTREE peili\u0173 rinkinys dovan\u0173 d\u0117\u017eut\u0117je EN_030201<\/p>\n<p><strong><span style=\"vertical-align: inherit;\"><span style=\"vertical-align: inherit;\">3 Suncraft SENZO ENTREE peili\u0173 rinkinys dekoratyvin\u0117je kartonin\u0117je d\u0117\u017eut\u0117je<\/span><\/span><\/strong><\/p>\n<p><span style=\"vertical-align: inherit;\"><span style=\"vertical-align: inherit;\">Rinkin\u012f sudaro trys b\u016btini peiliai. <\/span><span style=\"vertical-align: inherit;\">Tod\u0117l yra\u00a0 <\/span><\/span><strong><span style=\"vertical-align: inherit;\"><span style=\"vertical-align: inherit;\">\u0161efo<\/span><\/span><\/strong><span style=\"vertical-align: inherit;\"><span style=\"vertical-align: inherit;\"> peilis \u00a0, kurio ilgis yra 200 mm, ir jo japoni\u0161kas atitikmuo yra\u00a0 <\/span><\/span><strong><span style=\"vertical-align: inherit;\"><span style=\"vertical-align: inherit;\">Santoku<\/span><\/span><\/strong><span style=\"vertical-align: inherit;\"><span style=\"vertical-align: inherit;\"> peilis \u00a0, kurio a\u0161men\u0173 ilgis yra 167 mm. <\/span><span style=\"vertical-align: inherit;\">Santoku \u2013 daugiafunkcis japoni\u0161ko stiliaus peilis, Vakaruose populiaraus \u0161efo peilio atitikmuo. <\/span><span style=\"vertical-align: inherit;\">Jo pavadinimas rei\u0161kia \u201etrys doryb\u0117s\u201c arba galb\u016bt \u201etrys doryb\u0117s\u201c. <\/span><span style=\"vertical-align: inherit;\">Yra prie\u017eastis \u2013 \u0161is peilis puikiai tinka m\u0117sai, \u017euviai ir dar\u017eov\u0117ms pjaustyti. <\/span><span style=\"vertical-align: inherit;\">Rinkin\u012f papildo\u00a0 <\/span><\/span><strong><span style=\"vertical-align: inherit;\"><span style=\"vertical-align: inherit;\">smulkus<\/span><\/span><\/strong><span style=\"vertical-align: inherit;\"><span style=\"vertical-align: inherit;\"> peilis \u00a0, kurio a\u0161men\u0173 ilgis 120 mm. <\/span><span style=\"vertical-align: inherit;\">Petty yra universalus peiliukas, kuris yra ma\u017eesn\u0117 \u0161efo peilio versija. <\/span><span style=\"vertical-align: inherit;\">Jis naudojamas \u012fvairiai, tod\u0117l yra labai populiarus tarp kulinarinio meno entuziast\u0173. <\/span><span style=\"vertical-align: inherit;\">Papildomas komplekto elementas \u2013 eleganti\u0161ka ir i\u0161skirtin\u0117 kartonin\u0117 pakuot\u0117, puikiai tinkanti dovanai.<\/span><\/span><\/p>\n<p><strong><span style=\"vertical-align: inherit;\"><span style=\"vertical-align: inherit;\">SENZO ENTREE yra <\/span><\/span><\/strong><strong><span style=\"vertical-align: inherit;\"><span style=\"vertical-align: inherit;\">SUNCRAFT<\/span><\/span><\/strong><span style=\"vertical-align: inherit;\"><span style=\"vertical-align: inherit;\"> gamini\u0173 serijos \u00a0pradin\u0117 linija\u00a0 <\/span><span style=\"vertical-align: inherit;\">. <\/span><span style=\"vertical-align: inherit;\">\u0160ios serijos peili\u0173 a\u0161menys pagaminti i\u0161 plakiruoto 3 sluoksni\u0173\u00a0 <\/span><\/span><strong><span style=\"vertical-align: inherit;\"><span style=\"vertical-align: inherit;\">AUS-8<\/span><\/span><\/strong><span style=\"vertical-align: inherit;\"><span style=\"vertical-align: inherit;\"> plieno . <\/span><span style=\"vertical-align: inherit;\">Tai plienas, pana\u0161us \u012f 440 serij\u0105, ir jo kietumui padidinti yra prid\u0117ta vanad\u017eio. <\/span><span style=\"vertical-align: inherit;\">\u0160is plienas priklauso ner\u016bdijan\u010diam plienui, t. y. plienams su padidintu atsparumu korozijai.<\/span><\/span><\/p>\n<p><strong><span style=\"vertical-align: inherit;\"><span style=\"vertical-align: inherit;\">SENZO ENTREE<\/span><\/span><\/strong><span style=\"vertical-align: inherit;\"><span style=\"vertical-align: inherit;\"> linijos a\u0161menys\u00a0 <\/span><span style=\"vertical-align: inherit;\">\u00a0turi piln\u0105 \u012fdubim\u0105, \u012fterpti \u012f peilio ranken\u0105 su 3 knied\u0117mis. <\/span><span style=\"vertical-align: inherit;\">D\u0117l to \u012frankio rankena yra saugi ir puikiai subalansuota, pjaunant, kapojant ir \u0161lifuojant produktus j\u0117ga, kuri puikiai atitinka vir\u0117jo rankos spaudim\u0105. <\/span><\/span><strong><span style=\"vertical-align: inherit;\"><span style=\"vertical-align: inherit;\">Centrinis kai\u0161tis pagamintas mozaikos<\/span><\/span><\/strong><span style=\"vertical-align: inherit;\"><span style=\"vertical-align: inherit;\"> pavidalu\u00a0 <\/span><span style=\"vertical-align: inherit;\">\u00a0, kuris padidina peilio estetin\u0119 vert\u0119 ir neabejotinai patraukia d\u0117mes\u012f.<\/span><\/span><\/p>\n<p><span style=\"vertical-align: inherit;\"><span style=\"vertical-align: inherit;\">\u0160ios serijos gamini\u0173 rankenos pagamintos i\u0161\u00a0 <\/span><\/span><strong><span style=\"vertical-align: inherit;\"><span style=\"vertical-align: inherit;\">Pakkawood<\/span><\/span><\/strong><span style=\"vertical-align: inherit;\"><span style=\"vertical-align: inherit;\"> * juodos spalvos. <\/span><span style=\"vertical-align: inherit;\">Specialus profiliavimas prie peilio pagrindo leid\u017eia laisvai ir saugiai suimti. <\/span><span style=\"vertical-align: inherit;\">Tai taip pat b\u016bdingas \u0161ios linijos bruo\u017eas, suteikiantis peiliams subtil\u0173, japoni\u0161k\u0105 ir skland\u0173 charakter\u012f.<\/span><\/span><\/p>\n<p><strong><span style=\"vertical-align: inherit;\"><span style=\"vertical-align: inherit;\">*Pakkawood<\/span><\/span><\/strong><span style=\"vertical-align: inherit;\"><span style=\"vertical-align: inherit;\"> \u00a0\u2013 tai laminuota ber\u017eo arba klevo mediena, impregnuota derva. <\/span><span style=\"vertical-align: inherit;\">Jis pasi\u017eymi labai dideliu atsparumu kar\u0161\u010diui ir dr\u0117gmei ir buvo sukurtas specialiai peili\u0173 rankenoms.<\/span><\/span><\/p>\n<h4>Suncraft SENZO ENTREE peili\u0173 rinkinys dovan\u0173 d\u0117\u017eut\u0117je EN_030201<\/h4>\n<p><span style=\"vertical-align: inherit;\"><span style=\"vertical-align: inherit;\">Techniniai duomenys:<\/span><\/span><\/p>\n<p><strong><span style=\"vertical-align: inherit;\"><span style=\"vertical-align: inherit;\">A\u0161menys &#8211;<\/span><\/span><\/strong><span style=\"vertical-align: inherit;\"><span style=\"vertical-align: inherit;\"> \u00a0AUS-8 plieno<\/span><\/span><\/p>\n<p><strong><span style=\"vertical-align: inherit;\"><span style=\"vertical-align: inherit;\">Visas ilgis &#8211;<\/span><\/span><\/strong><span style=\"vertical-align: inherit;\"><span style=\"vertical-align: inherit;\">\u00a0 <span style=\"vertical-align: inherit;\">Chef <\/span>320 mm; <\/span><span style=\"vertical-align: inherit;\">Santoku 290 mm; Petty\u00a0<\/span><span style=\"vertical-align: inherit;\">230 mm<\/span><\/span><\/p>\n<p><strong><span style=\"vertical-align: inherit;\"><span style=\"vertical-align: inherit;\">A\u0161men\u0173 ilgis\u00a0<\/span><\/span><\/strong><span style=\"vertical-align: inherit;\"><span style=\"vertical-align: inherit;\"> &#8211; Chef 200 mm; <\/span><span style=\"vertical-align: inherit;\">Santoku 167 mm; Petty\u00a0<\/span><span style=\"vertical-align: inherit;\">120 mm<\/span><\/span><\/p>\n<p><strong><span style=\"vertical-align: inherit;\"><span style=\"vertical-align: inherit;\">Rankena &#8211;<\/span><\/span><\/strong><span style=\"vertical-align: inherit;\"><span style=\"vertical-align: inherit;\"> \u00a0juoda pakkawood<\/span><\/span><\/p>\n<p><strong><span style=\"vertical-align: inherit;\"><span style=\"vertical-align: inherit;\">Svoris &#8211;<\/span><\/span><\/strong><span style=\"vertical-align: inherit;\"><span style=\"vertical-align: inherit;\">\u00a0 <span style=\"vertical-align: inherit;\">Chef <\/span>\u00a0150 g; <\/span><span style=\"vertical-align: inherit;\">Santoku apie 150 g; Petty\u00a0<\/span><span style=\"vertical-align: inherit;\">apie 85<\/span><\/span><\/p>","protected":false},"excerpt":{"rendered":"<p><span style=\"vertical-align: inherit;\"><span style=\"vertical-align: inherit;\">Tradicinio europieti\u0161ko dizaino Suncraft peili\u0173 serija. <\/span><span style=\"vertical-align: inherit;\">D\u0117mes\u012f patraukia linija ant a\u0161men\u0173, vadinama Katana-Edge, pagaminta i\u0161 3 kaltinio plieno sluoksni\u0173. <\/span><span style=\"vertical-align: inherit;\">Gra\u017eus dekoratyvinis mozaikinis smeigtukas buvo \u012fd\u0117tas juodos Pakkawood rankenos centre.<\/span><\/span><\/p>","protected":false},"featured_media":9887,"template":"","meta":[],"product_brand":[],"product_cat":[119],"product_tag":[121],"class_list":{"0":"post-9886","1":"product","2":"type-product","3":"status-publish","4":"has-post-thumbnail","6":"product_cat-peiliai","7":"product_tag-suncraft","9":"first","10":"instock","11":"taxable","12":"shipping-taxable","13":"purchasable","14":"product-type-simple"},"yoast_head":"<!-- This site is optimized with the Yoast SEO plugin v27.3 - https:\/\/yoast.com\/product\/yoast-seo-wordpress\/ -->\n<title>Suncraft SENZO ENTREE peili\u0173 rinkinys dovan\u0173 d\u0117\u017eut\u0117je EN_030201 - Cookking.online<\/title>\n<meta name=\"description\" content=\"Suncraft SENZO ENTREE peili\u0173 rinkinys dovan\u0173 d\u0117\u017eut\u0117je EN_030201 Auk\u0161\u010diausios kokyb\u0117s \u012franga gaminimui, kepimui ant groteli\u0173 ir r\u016bkymui lauke.\" \/>\n<meta name=\"robots\" content=\"index, follow, max-snippet:-1, max-image-preview:large, max-video-preview:-1\" \/>\n<link rel=\"canonical\" href=\"https:\/\/cookking.online\/en\/katalogas\/peiliai\/suncraft-senzo-entree-peiliu-rinkinys-dovanu-dezuteje-en_030201\/\" \/>\n<meta property=\"og:locale\" content=\"en_US\" \/>\n<meta property=\"og:type\" content=\"article\" \/>\n<meta property=\"og:title\" content=\"Suncraft SENZO ENTREE peili\u0173 rinkinys dovan\u0173 d\u0117\u017eut\u0117je EN_030201 - Cookking.online\" \/>\n<meta property=\"og:description\" content=\"Suncraft SENZO ENTREE peili\u0173 rinkinys dovan\u0173 d\u0117\u017eut\u0117je EN_030201 Auk\u0161\u010diausios kokyb\u0117s \u012franga gaminimui, kepimui ant groteli\u0173 ir r\u016bkymui lauke.\" \/>\n<meta property=\"og:url\" content=\"https:\/\/cookking.online\/en\/katalogas\/peiliai\/suncraft-senzo-entree-peiliu-rinkinys-dovanu-dezuteje-en_030201\/\" \/>\n<meta property=\"og:site_name\" content=\"Cookking.online\" \/>\n<meta property=\"og:image\" content=\"https:\/\/cookking.online\/wp-content\/uploads\/2024\/01\/10768_3.webp\" \/>\n\t<meta property=\"og:image:width\" content=\"1600\" \/>\n\t<meta property=\"og:image:height\" content=\"1067\" \/>\n\t<meta property=\"og:image:type\" content=\"image\/webp\" \/>\n<meta name=\"twitter:card\" content=\"summary_large_image\" \/>\n<meta name=\"twitter:label1\" content=\"Est. reading time\" \/>\n\t<meta name=\"twitter:data1\" content=\"2 minutes\" \/>\n<script type=\"application\/ld+json\" class=\"yoast-schema-graph\">{\"@context\":\"https:\\\/\\\/schema.org\",\"@graph\":[{\"@type\":\"WebPage\",\"@id\":\"https:\\\/\\\/cookking.online\\\/katalogas\\\/peiliai\\\/suncraft-senzo-entree-peiliu-rinkinys-dovanu-dezuteje-en_030201\\\/\",\"url\":\"https:\\\/\\\/cookking.online\\\/katalogas\\\/peiliai\\\/suncraft-senzo-entree-peiliu-rinkinys-dovanu-dezuteje-en_030201\\\/\",\"name\":\"Suncraft SENZO ENTREE peili\u0173 rinkinys dovan\u0173 d\u0117\u017eut\u0117je EN_030201 - Cookking.online\",\"isPartOf\":{\"@id\":\"https:\\\/\\\/cookking.online\\\/#website\"},\"primaryImageOfPage\":{\"@id\":\"https:\\\/\\\/cookking.online\\\/katalogas\\\/peiliai\\\/suncraft-senzo-entree-peiliu-rinkinys-dovanu-dezuteje-en_030201\\\/#primaryimage\"},\"image\":{\"@id\":\"https:\\\/\\\/cookking.online\\\/katalogas\\\/peiliai\\\/suncraft-senzo-entree-peiliu-rinkinys-dovanu-dezuteje-en_030201\\\/#primaryimage\"},\"thumbnailUrl\":\"https:\\\/\\\/cookking.online\\\/wp-content\\\/uploads\\\/2024\\\/01\\\/10768_3.webp\",\"datePublished\":\"2026-03-10T09:39:39+00:00\",\"description\":\"Suncraft SENZO ENTREE peili\u0173 rinkinys dovan\u0173 d\u0117\u017eut\u0117je EN_030201 Auk\u0161\u010diausios kokyb\u0117s \u012franga gaminimui, kepimui ant groteli\u0173 ir r\u016bkymui lauke.\",\"breadcrumb\":{\"@id\":\"https:\\\/\\\/cookking.online\\\/katalogas\\\/peiliai\\\/suncraft-senzo-entree-peiliu-rinkinys-dovanu-dezuteje-en_030201\\\/#breadcrumb\"},\"inLanguage\":\"en-US\",\"potentialAction\":[{\"@type\":\"ReadAction\",\"target\":[\"https:\\\/\\\/cookking.online\\\/katalogas\\\/peiliai\\\/suncraft-senzo-entree-peiliu-rinkinys-dovanu-dezuteje-en_030201\\\/\"]}]},{\"@type\":\"ImageObject\",\"inLanguage\":\"en-US\",\"@id\":\"https:\\\/\\\/cookking.online\\\/katalogas\\\/peiliai\\\/suncraft-senzo-entree-peiliu-rinkinys-dovanu-dezuteje-en_030201\\\/#primaryimage\",\"url\":\"https:\\\/\\\/cookking.online\\\/wp-content\\\/uploads\\\/2024\\\/01\\\/10768_3.webp\",\"contentUrl\":\"https:\\\/\\\/cookking.online\\\/wp-content\\\/uploads\\\/2024\\\/01\\\/10768_3.webp\",\"width\":1600,\"height\":1067,\"caption\":\"Suncraft SENZO ENTREE peili\u0173 rinkinys dovan\u0173 d\u0117\u017eut\u0117je EN_030201\"},{\"@type\":\"BreadcrumbList\",\"@id\":\"https:\\\/\\\/cookking.online\\\/katalogas\\\/peiliai\\\/suncraft-senzo-entree-peiliu-rinkinys-dovanu-dezuteje-en_030201\\\/#breadcrumb\",\"itemListElement\":[{\"@type\":\"ListItem\",\"position\":1,\"name\":\"Prad\u017eia\",\"item\":\"https:\\\/\\\/cookking.online\\\/\"},{\"@type\":\"ListItem\",\"position\":2,\"name\":\"Parduotuv\u0117\",\"item\":\"https:\\\/\\\/cookking.online\\\/parduotuve\\\/\"},{\"@type\":\"ListItem\",\"position\":3,\"name\":\"Suncraft SENZO ENTREE peili\u0173 rinkinys dovan\u0173 d\u0117\u017eut\u0117je EN_030201\"}]},{\"@type\":\"WebSite\",\"@id\":\"https:\\\/\\\/cookking.online\\\/#website\",\"url\":\"https:\\\/\\\/cookking.online\\\/\",\"name\":\"Cookking.online\",\"description\":\"\",\"publisher\":{\"@id\":\"https:\\\/\\\/cookking.online\\\/#organization\"},\"potentialAction\":[{\"@type\":\"SearchAction\",\"target\":{\"@type\":\"EntryPoint\",\"urlTemplate\":\"https:\\\/\\\/cookking.online\\\/?s={search_term_string}\"},\"query-input\":{\"@type\":\"PropertyValueSpecification\",\"valueRequired\":true,\"valueName\":\"search_term_string\"}}],\"inLanguage\":\"en-US\"},{\"@type\":\"Organization\",\"@id\":\"https:\\\/\\\/cookking.online\\\/#organization\",\"name\":\"Cookking.online\",\"url\":\"https:\\\/\\\/cookking.online\\\/\",\"logo\":{\"@type\":\"ImageObject\",\"inLanguage\":\"en-US\",\"@id\":\"https:\\\/\\\/cookking.online\\\/#\\\/schema\\\/logo\\\/image\\\/\",\"url\":\"https:\\\/\\\/cookking.online\\\/wp-content\\\/uploads\\\/2021\\\/11\\\/Logo.png\",\"contentUrl\":\"https:\\\/\\\/cookking.online\\\/wp-content\\\/uploads\\\/2021\\\/11\\\/Logo.png\",\"width\":291,\"height\":100,\"caption\":\"Cookking.online\"},\"image\":{\"@id\":\"https:\\\/\\\/cookking.online\\\/#\\\/schema\\\/logo\\\/image\\\/\"}}]}<\/script>\n<!-- \/ Yoast SEO plugin. -->","yoast_head_json":{"title":"Suncraft SENZO ENTREE peili\u0173 rinkinys dovan\u0173 d\u0117\u017eut\u0117je EN_030201 - Cookking.online","description":"Suncraft SENZO ENTREE peili\u0173 rinkinys dovan\u0173 d\u0117\u017eut\u0117je EN_030201 Auk\u0161\u010diausios kokyb\u0117s \u012franga gaminimui, kepimui ant groteli\u0173 ir r\u016bkymui lauke.","robots":{"index":"index","follow":"follow","max-snippet":"max-snippet:-1","max-image-preview":"max-image-preview:large","max-video-preview":"max-video-preview:-1"},"canonical":"https:\/\/cookking.online\/en\/katalogas\/peiliai\/suncraft-senzo-entree-peiliu-rinkinys-dovanu-dezuteje-en_030201\/","og_locale":"en_US","og_type":"article","og_title":"Suncraft SENZO ENTREE peili\u0173 rinkinys dovan\u0173 d\u0117\u017eut\u0117je EN_030201 - Cookking.online","og_description":"Suncraft SENZO ENTREE peili\u0173 rinkinys dovan\u0173 d\u0117\u017eut\u0117je EN_030201 Auk\u0161\u010diausios kokyb\u0117s \u012franga gaminimui, kepimui ant groteli\u0173 ir r\u016bkymui lauke.","og_url":"https:\/\/cookking.online\/en\/katalogas\/peiliai\/suncraft-senzo-entree-peiliu-rinkinys-dovanu-dezuteje-en_030201\/","og_site_name":"Cookking.online","og_image":[{"width":1600,"height":1067,"url":"https:\/\/cookking.online\/wp-content\/uploads\/2024\/01\/10768_3.webp","type":"image\/webp"}],"twitter_card":"summary_large_image","twitter_misc":{"Est. reading time":"2 minutes"},"schema":{"@context":"https:\/\/schema.org","@graph":[{"@type":"WebPage","@id":"https:\/\/cookking.online\/katalogas\/peiliai\/suncraft-senzo-entree-peiliu-rinkinys-dovanu-dezuteje-en_030201\/","url":"https:\/\/cookking.online\/katalogas\/peiliai\/suncraft-senzo-entree-peiliu-rinkinys-dovanu-dezuteje-en_030201\/","name":"Suncraft SENZO ENTREE peili\u0173 rinkinys dovan\u0173 d\u0117\u017eut\u0117je EN_030201 - Cookking.online","isPartOf":{"@id":"https:\/\/cookking.online\/#website"},"primaryImageOfPage":{"@id":"https:\/\/cookking.online\/katalogas\/peiliai\/suncraft-senzo-entree-peiliu-rinkinys-dovanu-dezuteje-en_030201\/#primaryimage"},"image":{"@id":"https:\/\/cookking.online\/katalogas\/peiliai\/suncraft-senzo-entree-peiliu-rinkinys-dovanu-dezuteje-en_030201\/#primaryimage"},"thumbnailUrl":"https:\/\/cookking.online\/wp-content\/uploads\/2024\/01\/10768_3.webp","datePublished":"2026-03-10T09:39:39+00:00","description":"Suncraft SENZO ENTREE peili\u0173 rinkinys dovan\u0173 d\u0117\u017eut\u0117je EN_030201 Auk\u0161\u010diausios kokyb\u0117s \u012franga gaminimui, kepimui ant groteli\u0173 ir r\u016bkymui lauke.","breadcrumb":{"@id":"https:\/\/cookking.online\/katalogas\/peiliai\/suncraft-senzo-entree-peiliu-rinkinys-dovanu-dezuteje-en_030201\/#breadcrumb"},"inLanguage":"en-US","potentialAction":[{"@type":"ReadAction","target":["https:\/\/cookking.online\/katalogas\/peiliai\/suncraft-senzo-entree-peiliu-rinkinys-dovanu-dezuteje-en_030201\/"]}]},{"@type":"ImageObject","inLanguage":"en-US","@id":"https:\/\/cookking.online\/katalogas\/peiliai\/suncraft-senzo-entree-peiliu-rinkinys-dovanu-dezuteje-en_030201\/#primaryimage","url":"https:\/\/cookking.online\/wp-content\/uploads\/2024\/01\/10768_3.webp","contentUrl":"https:\/\/cookking.online\/wp-content\/uploads\/2024\/01\/10768_3.webp","width":1600,"height":1067,"caption":"Suncraft SENZO ENTREE peili\u0173 rinkinys dovan\u0173 d\u0117\u017eut\u0117je EN_030201"},{"@type":"BreadcrumbList","@id":"https:\/\/cookking.online\/katalogas\/peiliai\/suncraft-senzo-entree-peiliu-rinkinys-dovanu-dezuteje-en_030201\/#breadcrumb","itemListElement":[{"@type":"ListItem","position":1,"name":"Prad\u017eia","item":"https:\/\/cookking.online\/"},{"@type":"ListItem","position":2,"name":"Parduotuv\u0117","item":"https:\/\/cookking.online\/parduotuve\/"},{"@type":"ListItem","position":3,"name":"Suncraft SENZO ENTREE peili\u0173 rinkinys dovan\u0173 d\u0117\u017eut\u0117je EN_030201"}]},{"@type":"WebSite","@id":"https:\/\/cookking.online\/#website","url":"https:\/\/cookking.online\/","name":"Cookking.online","description":"","publisher":{"@id":"https:\/\/cookking.online\/#organization"},"potentialAction":[{"@type":"SearchAction","target":{"@type":"EntryPoint","urlTemplate":"https:\/\/cookking.online\/?s={search_term_string}"},"query-input":{"@type":"PropertyValueSpecification","valueRequired":true,"valueName":"search_term_string"}}],"inLanguage":"en-US"},{"@type":"Organization","@id":"https:\/\/cookking.online\/#organization","name":"Cookking.online","url":"https:\/\/cookking.online\/","logo":{"@type":"ImageObject","inLanguage":"en-US","@id":"https:\/\/cookking.online\/#\/schema\/logo\/image\/","url":"https:\/\/cookking.online\/wp-content\/uploads\/2021\/11\/Logo.png","contentUrl":"https:\/\/cookking.online\/wp-content\/uploads\/2021\/11\/Logo.png","width":291,"height":100,"caption":"Cookking.online"},"image":{"@id":"https:\/\/cookking.online\/#\/schema\/logo\/image\/"}}]}},"_links":{"self":[{"href":"https:\/\/cookking.online\/en\/wp-json\/wp\/v2\/product\/9886","targetHints":{"allow":["GET"]}}],"collection":[{"href":"https:\/\/cookking.online\/en\/wp-json\/wp\/v2\/product"}],"about":[{"href":"https:\/\/cookking.online\/en\/wp-json\/wp\/v2\/types\/product"}],"wp:featuredmedia":[{"embeddable":true,"href":"https:\/\/cookking.online\/en\/wp-json\/wp\/v2\/media\/9887"}],"wp:attachment":[{"href":"https:\/\/cookking.online\/en\/wp-json\/wp\/v2\/media?parent=9886"}],"wp:term":[{"taxonomy":"product_brand","embeddable":true,"href":"https:\/\/cookking.online\/en\/wp-json\/wp\/v2\/product_brand?post=9886"},{"taxonomy":"product_cat","embeddable":true,"href":"https:\/\/cookking.online\/en\/wp-json\/wp\/v2\/product_cat?post=9886"},{"taxonomy":"product_tag","embeddable":true,"href":"https:\/\/cookking.online\/en\/wp-json\/wp\/v2\/product_tag?post=9886"}],"curies":[{"name":"wp","href":"https:\/\/api.w.org\/{rel}","templated":true}]}}