{"id":9946,"date":"2026-03-10T12:39:40","date_gmt":"2026-03-10T09:39:40","guid":{"rendered":"https:\/\/cookking.online\/?post_type=product&#038;p=9946"},"modified":"2026-03-10T12:39:40","modified_gmt":"2026-03-10T09:39:40","slug":"masahiro-bwh-santoku-wave-edge-peilis-165-mm","status":"publish","type":"product","link":"https:\/\/cookking.online\/en\/katalogas\/peiliai\/masahiro-bwh-santoku-wave-edge-peilis-165-mm\/","title":{"rendered":"Masahiro BWH Santoku Wave Edge peilis 165 mm"},"content":{"rendered":"<div class=\"text\">\n<h4>Masahiro BWH Santoku Wave Edge peilis 165 mm [14039]<\/h4>\n<p>Masahiro BWH Santoku Wave Edge peilis 165 mm Vienas \u012fdomiausi\u0173 \u0161io peilio dalyk\u0173 yra dantytas kra\u0161tas, kuris kartu su asimetri\u0161ku dvipusiu galandimu i\u0161laiko a\u0161menis paruo\u0161t\u0105 darbui labai ilg\u0105 laik\u0105. Kra\u0161to dantukai daro daug didesn\u012f spaudim\u0105 pjaunamam gaminiui, o pjovimo judesys leid\u017eia pjauti be problem\u0173. \u0160io tipo sprendimas yra pla\u010diai naudojamas. Tai ypa\u010d gerai tinka gaminiams, kuri\u0173 vidus yra mink\u0161tas, o i\u0161or\u0117 \u2013 kietas, pavyzd\u017eiui, prinokusiais pomidorais, citrusiniais vaisiais ir duona. Peilis su tokia gele\u017ete patiks vartotojams, ie\u0161kantiems \u012frankio, kuriam nereikia reguliaraus galandimo.<\/p>\n<p>BWH yra MV-H linijos peili\u0173 serija. Taip pat buvo naudojamas molibdeno-vanad\u017eio, daug anglies turintis, ner\u016bdijantis plienas MBS-26, kuris buvo kietinamas trimis etapais, kol pasiek\u0117 58-59 HRC kietum\u0105. Kiekvien\u0105 a\u0161men\u012f i\u0161tobulino meistrai, turintys daugiau nei 30 met\u0173 patirt\u012f, tod\u0117l Masahiro peiliai yra ne\u012ftik\u0117tino, neprilygstamo a\u0161trumo.<\/p>\n<p>Rankena pagaminta i\u0161 med\u017eio, vadinamo Black Pakkawood, kurios daugyb\u0117 sluoksni\u0173 auk\u0161tu sl\u0117giu ir auk\u0161toje temperat\u016broje buvo supresuoti \u012f vientis\u0105, labai patvari\u0105, dr\u0117gmei ir vandeniui atspari\u0105 med\u017eiag\u0105. Medin\u0117 rankena su antibakterine danga yra taip pat lengvai pri\u017ei\u016brima kaip plastikin\u0117 ir tvirtinama trimis puikiai i\u0161d\u0117stytomis ir poliruotomis knied\u0117mis.<\/p>\n<p>\u0160ios serijos peiliai pagal\u0105sti i\u0161 abiej\u0173 pusi\u0173, ta\u010diau skirtingai nei dauguma Vakar\u0173 gamintoj\u0173, Masahiro juos pagal\u0105sta asimetri\u0161kai 80\/20. Tai rei\u0161kia, kad pjovimo briauna perkeliama \u012f vien\u0105 i\u0161 kra\u0161t\u0173 peilio a\u0161yje. Asimetrinio galandimo prana\u0161umai yra pjovimo briauna, kuri yra iki 35% plonesn\u0117, palyginti su simetri\u0161ku peiliu, tod\u0117l jis yra daug a\u0161tresnis.<\/p>\n<table>\n<tbody>\n<tr>\n<td><strong>Plieno tipas:\u00a0<\/strong><\/p>\n<p><strong>\u00a0dvipusis, asimetri\u0161kas 80\/20, dantytas kra\u0161tas<\/strong><\/td>\n<td><strong>MBS-26<\/strong><\/td>\n<\/tr>\n<tr>\n<td><strong>HRC:<\/strong><\/td>\n<td><strong>58-59<\/strong><\/td>\n<\/tr>\n<tr>\n<td><strong>Rankenos med\u017eiaga:\u00a0<\/strong><\/td>\n<td><strong>juodas pakako mediena<\/strong><\/td>\n<\/tr>\n<tr>\n<td><strong>Galandimo b\u016bdas:<\/strong><\/td>\n<td><strong>dvipusis, asimetri\u0161kas 80\/20, dantytas kra\u0161tas<\/strong><\/td>\n<\/tr>\n<tr>\n<td>Matmenys:<\/td>\n<td><img decoding=\"async\" class=\"grayscale grayscale-off\" src=\"https:\/\/masahiro.pl\/upload\/1\/knife_dimensions_cr_negative2.jpg\" alt=\"\" border=\"0\" \/><\/td>\n<\/tr>\n<tr>\n<td><strong>Visas ilgis (A):<br \/>\n<\/strong><\/td>\n<td>294 mm<\/td>\n<\/tr>\n<tr>\n<td><strong>A\u0161men\u0173 ilgis (B):<\/strong><\/td>\n<td>165 mm<\/td>\n<\/tr>\n<tr>\n<td><strong>Plotis (C):<\/strong><\/td>\n<td>45 mm<\/td>\n<\/tr>\n<tr>\n<td><strong>Storis (D):<\/strong><\/td>\n<td>2.0 mm<\/td>\n<\/tr>\n<tr>\n<td><strong>Svoris:<\/strong><\/td>\n<td>156 g<\/td>\n<\/tr>\n<\/tbody>\n<\/table>\n<p>Naudinga informacija:<\/p>\n<ul>\n<li>Visi Masahiro peiliai yra itin a\u0161tr\u016bs, tod\u0117l rekomenduojame juos naudoti atsargiai.<\/li>\n<li>Masahiro peiliais negalima pjaustyti \u0161aldyt\u0173 produkt\u0173 (i\u0161skyrus \u0161iam tikslui skirtas serijas).<\/li>\n<li>Nenaudokite peili\u0173 kitiems tikslams nei maistui.<\/li>\n<li>Pjovimui naudokite medines arba plastikines pjaustymo lenteles.<\/li>\n<li>Peili\u0173 negalima plauti indaplov\u0117se, nes tai pa\u017eeid\u017eia pjovimo briaun\u0105.<\/li>\n<li>Nuplaukite peil\u012f \u0161iltame vandenyje su trupu\u010diu ind\u0173 ploviklio.<\/li>\n<li>Po plovimo nuvalykite peil\u012f sausai.<\/li>\n<\/ul>\n<p style=\"text-align: justify;\">\n<\/div>\n<p style=\"text-align: justify;\"><iframe loading=\"lazy\" src=\"\/\/www.youtube.com\/embed\/fnls6-z75Tk?rel=0\" width=\"640\" height=\"360\" frameborder=\"0\"><\/iframe><\/p>\n","protected":false},"excerpt":{"rendered":"<p>Masahiro peili\u0173 serija, pagaminta i\u0161 patentuoto MBS-26 plieno, gr\u016bdinto iki 59 HRC. Asimetri\u0161kai pagal\u0105sti itin agresyv\u016bs peiliai. Juoda Pakka medin\u0117 europieti\u0161ko stiliaus rankena. Platus pasirinkimas: nuo \u0161efo peili\u0173 iki specializuot\u0173 dro\u017eybos peiliuk\u0173.<\/p>","protected":false},"featured_media":9947,"template":"","meta":[],"product_brand":[],"product_cat":[119],"product_tag":[120],"class_list":{"0":"post-9946","1":"product","2":"type-product","3":"status-publish","4":"has-post-thumbnail","6":"product_cat-peiliai","7":"product_tag-masahiro","9":"first","10":"instock","11":"taxable","12":"shipping-taxable","13":"purchasable","14":"product-type-simple"},"yoast_head":"<!-- This site is optimized with the Yoast SEO plugin v27.3 - https:\/\/yoast.com\/product\/yoast-seo-wordpress\/ -->\n<title>Masahiro BWH Santoku Wave Edge peilis 165 mm - Cookking.online<\/title>\n<meta name=\"description\" content=\"Masahiro BWH Santoku Wave Edge peilis 165 mm Auk\u0161\u010diausios kokyb\u0117s \u012franga gaminimui, kepimui ant groteli\u0173 ir r\u016bkymui lauke.\" \/>\n<meta name=\"robots\" content=\"index, follow, max-snippet:-1, max-image-preview:large, max-video-preview:-1\" \/>\n<link rel=\"canonical\" href=\"https:\/\/cookking.online\/en\/katalogas\/peiliai\/masahiro-bwh-santoku-wave-edge-peilis-165-mm\/\" \/>\n<meta property=\"og:locale\" content=\"en_US\" \/>\n<meta property=\"og:type\" content=\"article\" \/>\n<meta property=\"og:title\" content=\"Masahiro BWH Santoku Wave Edge peilis 165 mm - Cookking.online\" \/>\n<meta property=\"og:description\" content=\"Masahiro BWH Santoku Wave Edge peilis 165 mm Auk\u0161\u010diausios kokyb\u0117s \u012franga gaminimui, kepimui ant groteli\u0173 ir r\u016bkymui lauke.\" \/>\n<meta property=\"og:url\" content=\"https:\/\/cookking.online\/en\/katalogas\/peiliai\/masahiro-bwh-santoku-wave-edge-peilis-165-mm\/\" \/>\n<meta property=\"og:site_name\" content=\"Cookking.online\" \/>\n<meta property=\"og:image\" content=\"https:\/\/cookking.online\/wp-content\/uploads\/2024\/01\/10802_11.webp\" \/>\n\t<meta property=\"og:image:width\" content=\"1280\" \/>\n\t<meta property=\"og:image:height\" content=\"1280\" \/>\n\t<meta property=\"og:image:type\" content=\"image\/webp\" \/>\n<meta name=\"twitter:card\" content=\"summary_large_image\" \/>\n<meta name=\"twitter:label1\" content=\"Est. reading time\" \/>\n\t<meta name=\"twitter:data1\" content=\"3 minutes\" \/>\n<script type=\"application\/ld+json\" class=\"yoast-schema-graph\">{\"@context\":\"https:\\\/\\\/schema.org\",\"@graph\":[{\"@type\":\"WebPage\",\"@id\":\"https:\\\/\\\/cookking.online\\\/katalogas\\\/peiliai\\\/masahiro-bwh-santoku-wave-edge-peilis-165-mm\\\/\",\"url\":\"https:\\\/\\\/cookking.online\\\/katalogas\\\/peiliai\\\/masahiro-bwh-santoku-wave-edge-peilis-165-mm\\\/\",\"name\":\"Masahiro BWH Santoku Wave Edge peilis 165 mm - Cookking.online\",\"isPartOf\":{\"@id\":\"https:\\\/\\\/cookking.online\\\/#website\"},\"primaryImageOfPage\":{\"@id\":\"https:\\\/\\\/cookking.online\\\/katalogas\\\/peiliai\\\/masahiro-bwh-santoku-wave-edge-peilis-165-mm\\\/#primaryimage\"},\"image\":{\"@id\":\"https:\\\/\\\/cookking.online\\\/katalogas\\\/peiliai\\\/masahiro-bwh-santoku-wave-edge-peilis-165-mm\\\/#primaryimage\"},\"thumbnailUrl\":\"https:\\\/\\\/cookking.online\\\/wp-content\\\/uploads\\\/2024\\\/01\\\/10802_11.webp\",\"datePublished\":\"2026-03-10T09:39:40+00:00\",\"description\":\"Masahiro BWH Santoku Wave Edge peilis 165 mm Auk\u0161\u010diausios kokyb\u0117s \u012franga gaminimui, kepimui ant groteli\u0173 ir r\u016bkymui lauke.\",\"breadcrumb\":{\"@id\":\"https:\\\/\\\/cookking.online\\\/katalogas\\\/peiliai\\\/masahiro-bwh-santoku-wave-edge-peilis-165-mm\\\/#breadcrumb\"},\"inLanguage\":\"en-US\",\"potentialAction\":[{\"@type\":\"ReadAction\",\"target\":[\"https:\\\/\\\/cookking.online\\\/katalogas\\\/peiliai\\\/masahiro-bwh-santoku-wave-edge-peilis-165-mm\\\/\"]}]},{\"@type\":\"ImageObject\",\"inLanguage\":\"en-US\",\"@id\":\"https:\\\/\\\/cookking.online\\\/katalogas\\\/peiliai\\\/masahiro-bwh-santoku-wave-edge-peilis-165-mm\\\/#primaryimage\",\"url\":\"https:\\\/\\\/cookking.online\\\/wp-content\\\/uploads\\\/2024\\\/01\\\/10802_11.webp\",\"contentUrl\":\"https:\\\/\\\/cookking.online\\\/wp-content\\\/uploads\\\/2024\\\/01\\\/10802_11.webp\",\"width\":1280,\"height\":1280,\"caption\":\"Masahiro BWH Santoku Wave Edge peilis 165 mm\"},{\"@type\":\"BreadcrumbList\",\"@id\":\"https:\\\/\\\/cookking.online\\\/katalogas\\\/peiliai\\\/masahiro-bwh-santoku-wave-edge-peilis-165-mm\\\/#breadcrumb\",\"itemListElement\":[{\"@type\":\"ListItem\",\"position\":1,\"name\":\"Prad\u017eia\",\"item\":\"https:\\\/\\\/cookking.online\\\/\"},{\"@type\":\"ListItem\",\"position\":2,\"name\":\"Parduotuv\u0117\",\"item\":\"https:\\\/\\\/cookking.online\\\/parduotuve\\\/\"},{\"@type\":\"ListItem\",\"position\":3,\"name\":\"Masahiro BWH Santoku Wave Edge peilis 165 mm\"}]},{\"@type\":\"WebSite\",\"@id\":\"https:\\\/\\\/cookking.online\\\/#website\",\"url\":\"https:\\\/\\\/cookking.online\\\/\",\"name\":\"Cookking.online\",\"description\":\"\",\"publisher\":{\"@id\":\"https:\\\/\\\/cookking.online\\\/#organization\"},\"potentialAction\":[{\"@type\":\"SearchAction\",\"target\":{\"@type\":\"EntryPoint\",\"urlTemplate\":\"https:\\\/\\\/cookking.online\\\/?s={search_term_string}\"},\"query-input\":{\"@type\":\"PropertyValueSpecification\",\"valueRequired\":true,\"valueName\":\"search_term_string\"}}],\"inLanguage\":\"en-US\"},{\"@type\":\"Organization\",\"@id\":\"https:\\\/\\\/cookking.online\\\/#organization\",\"name\":\"Cookking.online\",\"url\":\"https:\\\/\\\/cookking.online\\\/\",\"logo\":{\"@type\":\"ImageObject\",\"inLanguage\":\"en-US\",\"@id\":\"https:\\\/\\\/cookking.online\\\/#\\\/schema\\\/logo\\\/image\\\/\",\"url\":\"https:\\\/\\\/cookking.online\\\/wp-content\\\/uploads\\\/2021\\\/11\\\/Logo.png\",\"contentUrl\":\"https:\\\/\\\/cookking.online\\\/wp-content\\\/uploads\\\/2021\\\/11\\\/Logo.png\",\"width\":291,\"height\":100,\"caption\":\"Cookking.online\"},\"image\":{\"@id\":\"https:\\\/\\\/cookking.online\\\/#\\\/schema\\\/logo\\\/image\\\/\"}}]}<\/script>\n<!-- \/ Yoast SEO plugin. -->","yoast_head_json":{"title":"Masahiro BWH Santoku Wave Edge peilis 165 mm - Cookking.online","description":"Masahiro BWH Santoku Wave Edge peilis 165 mm Auk\u0161\u010diausios kokyb\u0117s \u012franga gaminimui, kepimui ant groteli\u0173 ir r\u016bkymui lauke.","robots":{"index":"index","follow":"follow","max-snippet":"max-snippet:-1","max-image-preview":"max-image-preview:large","max-video-preview":"max-video-preview:-1"},"canonical":"https:\/\/cookking.online\/en\/katalogas\/peiliai\/masahiro-bwh-santoku-wave-edge-peilis-165-mm\/","og_locale":"en_US","og_type":"article","og_title":"Masahiro BWH Santoku Wave Edge peilis 165 mm - Cookking.online","og_description":"Masahiro BWH Santoku Wave Edge peilis 165 mm Auk\u0161\u010diausios kokyb\u0117s \u012franga gaminimui, kepimui ant groteli\u0173 ir r\u016bkymui lauke.","og_url":"https:\/\/cookking.online\/en\/katalogas\/peiliai\/masahiro-bwh-santoku-wave-edge-peilis-165-mm\/","og_site_name":"Cookking.online","og_image":[{"width":1280,"height":1280,"url":"https:\/\/cookking.online\/wp-content\/uploads\/2024\/01\/10802_11.webp","type":"image\/webp"}],"twitter_card":"summary_large_image","twitter_misc":{"Est. reading time":"3 minutes"},"schema":{"@context":"https:\/\/schema.org","@graph":[{"@type":"WebPage","@id":"https:\/\/cookking.online\/katalogas\/peiliai\/masahiro-bwh-santoku-wave-edge-peilis-165-mm\/","url":"https:\/\/cookking.online\/katalogas\/peiliai\/masahiro-bwh-santoku-wave-edge-peilis-165-mm\/","name":"Masahiro BWH Santoku Wave Edge peilis 165 mm - Cookking.online","isPartOf":{"@id":"https:\/\/cookking.online\/#website"},"primaryImageOfPage":{"@id":"https:\/\/cookking.online\/katalogas\/peiliai\/masahiro-bwh-santoku-wave-edge-peilis-165-mm\/#primaryimage"},"image":{"@id":"https:\/\/cookking.online\/katalogas\/peiliai\/masahiro-bwh-santoku-wave-edge-peilis-165-mm\/#primaryimage"},"thumbnailUrl":"https:\/\/cookking.online\/wp-content\/uploads\/2024\/01\/10802_11.webp","datePublished":"2026-03-10T09:39:40+00:00","description":"Masahiro BWH Santoku Wave Edge peilis 165 mm Auk\u0161\u010diausios kokyb\u0117s \u012franga gaminimui, kepimui ant groteli\u0173 ir r\u016bkymui lauke.","breadcrumb":{"@id":"https:\/\/cookking.online\/katalogas\/peiliai\/masahiro-bwh-santoku-wave-edge-peilis-165-mm\/#breadcrumb"},"inLanguage":"en-US","potentialAction":[{"@type":"ReadAction","target":["https:\/\/cookking.online\/katalogas\/peiliai\/masahiro-bwh-santoku-wave-edge-peilis-165-mm\/"]}]},{"@type":"ImageObject","inLanguage":"en-US","@id":"https:\/\/cookking.online\/katalogas\/peiliai\/masahiro-bwh-santoku-wave-edge-peilis-165-mm\/#primaryimage","url":"https:\/\/cookking.online\/wp-content\/uploads\/2024\/01\/10802_11.webp","contentUrl":"https:\/\/cookking.online\/wp-content\/uploads\/2024\/01\/10802_11.webp","width":1280,"height":1280,"caption":"Masahiro BWH Santoku Wave Edge peilis 165 mm"},{"@type":"BreadcrumbList","@id":"https:\/\/cookking.online\/katalogas\/peiliai\/masahiro-bwh-santoku-wave-edge-peilis-165-mm\/#breadcrumb","itemListElement":[{"@type":"ListItem","position":1,"name":"Prad\u017eia","item":"https:\/\/cookking.online\/"},{"@type":"ListItem","position":2,"name":"Parduotuv\u0117","item":"https:\/\/cookking.online\/parduotuve\/"},{"@type":"ListItem","position":3,"name":"Masahiro BWH Santoku Wave Edge peilis 165 mm"}]},{"@type":"WebSite","@id":"https:\/\/cookking.online\/#website","url":"https:\/\/cookking.online\/","name":"Cookking.online","description":"","publisher":{"@id":"https:\/\/cookking.online\/#organization"},"potentialAction":[{"@type":"SearchAction","target":{"@type":"EntryPoint","urlTemplate":"https:\/\/cookking.online\/?s={search_term_string}"},"query-input":{"@type":"PropertyValueSpecification","valueRequired":true,"valueName":"search_term_string"}}],"inLanguage":"en-US"},{"@type":"Organization","@id":"https:\/\/cookking.online\/#organization","name":"Cookking.online","url":"https:\/\/cookking.online\/","logo":{"@type":"ImageObject","inLanguage":"en-US","@id":"https:\/\/cookking.online\/#\/schema\/logo\/image\/","url":"https:\/\/cookking.online\/wp-content\/uploads\/2021\/11\/Logo.png","contentUrl":"https:\/\/cookking.online\/wp-content\/uploads\/2021\/11\/Logo.png","width":291,"height":100,"caption":"Cookking.online"},"image":{"@id":"https:\/\/cookking.online\/#\/schema\/logo\/image\/"}}]}},"_links":{"self":[{"href":"https:\/\/cookking.online\/en\/wp-json\/wp\/v2\/product\/9946","targetHints":{"allow":["GET"]}}],"collection":[{"href":"https:\/\/cookking.online\/en\/wp-json\/wp\/v2\/product"}],"about":[{"href":"https:\/\/cookking.online\/en\/wp-json\/wp\/v2\/types\/product"}],"wp:featuredmedia":[{"embeddable":true,"href":"https:\/\/cookking.online\/en\/wp-json\/wp\/v2\/media\/9947"}],"wp:attachment":[{"href":"https:\/\/cookking.online\/en\/wp-json\/wp\/v2\/media?parent=9946"}],"wp:term":[{"taxonomy":"product_brand","embeddable":true,"href":"https:\/\/cookking.online\/en\/wp-json\/wp\/v2\/product_brand?post=9946"},{"taxonomy":"product_cat","embeddable":true,"href":"https:\/\/cookking.online\/en\/wp-json\/wp\/v2\/product_cat?post=9946"},{"taxonomy":"product_tag","embeddable":true,"href":"https:\/\/cookking.online\/en\/wp-json\/wp\/v2\/product_tag?post=9946"}],"curies":[{"name":"wp","href":"https:\/\/api.w.org\/{rel}","templated":true}]}}